{"id":1118,"date":"2024-10-19T02:17:54","date_gmt":"2024-10-19T02:17:54","guid":{"rendered":"https:\/\/cloudsupplyvapes.com\/?post_type=product&#038;p=1118"},"modified":"2024-11-26T08:59:16","modified_gmt":"2024-11-26T08:59:16","slug":"-37","status":"publish","type":"product","link":"https:\/\/cloudsupplyvapes.com\/it\/product\/rm-legend-5200-puff-disposable-wholesale\/","title":{"rendered":"R&amp;M LEGEND+ 5200 Puff Vape usa e getta all'ingrosso Vape leggero e di lunga durata"},"content":{"rendered":"<p><strong>Caratteristiche :<\/strong><\/p>\n<p>1. Bobina a rete di nuovissima tecnologia con 1,0\u03a9, vapore pi\u00f9 fluido e pi\u00f9 grande, per creare il gusto pi\u00f9 puro.<\/p>\n<p>2. Batteria ricaricabile, non c'\u00e8 bisogno di preoccuparsi che la batteria si esaurisca presto.<\/p>\n<p>3. Ricaricabile e dotato di 12,5ml importato E-liquido, riempire in qualsiasi momento e mantenere e liquido fresco. E si pu\u00f2 riempire pi\u00f9 e liquido se 12.5ml uso fuori.<\/p>\n<p>4. Modanatura unica con serbatoio dell'olio visivo, forma classica di box mod, prezzo economico ma sensazione di lusso.<\/p>\n<p>Meglio di meglio. R&amp;M BOX MAX, il vostro dispositivo di svapo di nuova generazione.<\/p>\n<p>&nbsp;<\/p>\n<p><strong>Elenco dei sapori:<\/strong><\/p>\n<p>1.Ghiaccio blu raz<\/p>\n<p>2.Ghiaccio lussureggiante<\/p>\n<p>3.Energia di esplosione<\/p>\n<p>4.Pioggia di neon<\/p>\n<p>5.Ghiaccio al lampone e alla fragola<\/p>\n<p>6.Anguria alla fragola<\/p>\n<p>7.Gioiello di menta<\/p>\n<p>8.Vaniglia fresca<\/p>\n<p>9.Mirtillo alla menta<\/p>\n<p>10.Pugno tropicale<\/p>\n<p>11. Pina colada ghiacciata<\/p>\n<p>12.Mela frullata<\/p>\n<p><a href=\"https:\/\/i0.wp.com\/shop.vape.hk\/wp-content\/uploads\/2022\/11\/changjingtu1.jpg?ssl=1\" target=\"_blank\" rel=\"noopener\"><img data-recalc-dims=\"1\" loading=\"lazy\" decoding=\"async\" class=\"alignnone size-full wp-image-115565\" src=\"https:\/\/i0.wp.com\/shop.vape.hk\/wp-content\/uploads\/2022\/11\/changjingtu1.jpg?resize=800%2C800&#038;ssl=1\" alt=\"R&amp;M LEGEND+ 5200 Puff usa e getta | all&#039;ingrosso\" width=\"800\" height=\"800\" title=\"\"><\/a><\/p>","protected":false},"excerpt":{"rendered":"<p>R&amp;M LEGEND+ 5200 Puff Disposable Vape Wholesale combina una struttura leggera, una batteria di lunga durata e una produzione di vapore costante per un vaping affidabile e portatile.<\/p>","protected":false},"featured_media":1226,"comment_status":"open","ping_status":"closed","template":"","meta":[],"product_brand":[],"product_cat":[22],"product_tag":[],"class_list":{"0":"post-1118","1":"product","2":"type-product","3":"status-publish","4":"has-post-thumbnail","6":"product_cat-disposable-vape-sticks","8":"first","9":"instock","10":"shipping-taxable","11":"purchasable","12":"product-type-simple"},"jetpack_sharing_enabled":true,"tiered_pricing_type":"fixed","tiered_pricing_fixed_rules":{"1000":12,"5000":11,"10000":9,"30000":7},"tiered_pricing_product_settings":{"layout":"default","base_unit_name":{"singular":null,"plural":null},"default_variation":null},"tiered_pricing_minimum_quantity":100,"tiered_pricing_roles_data":[],"tiered_pricing_percentage_rules":[],"tiered_pricing_maximum_quantity":null,"tiered_pricing_quantity_step":null,"_links":{"self":[{"href":"https:\/\/cloudsupplyvapes.com\/it\/wp-json\/wp\/v2\/product\/1118","targetHints":{"allow":["GET"]}}],"collection":[{"href":"https:\/\/cloudsupplyvapes.com\/it\/wp-json\/wp\/v2\/product"}],"about":[{"href":"https:\/\/cloudsupplyvapes.com\/it\/wp-json\/wp\/v2\/types\/product"}],"replies":[{"embeddable":true,"href":"https:\/\/cloudsupplyvapes.com\/it\/wp-json\/wp\/v2\/comments?post=1118"}],"wp:featuredmedia":[{"embeddable":true,"href":"https:\/\/cloudsupplyvapes.com\/it\/wp-json\/wp\/v2\/media\/1226"}],"wp:attachment":[{"href":"https:\/\/cloudsupplyvapes.com\/it\/wp-json\/wp\/v2\/media?parent=1118"}],"wp:term":[{"taxonomy":"product_brand","embeddable":true,"href":"https:\/\/cloudsupplyvapes.com\/it\/wp-json\/wp\/v2\/product_brand?post=1118"},{"taxonomy":"product_cat","embeddable":true,"href":"https:\/\/cloudsupplyvapes.com\/it\/wp-json\/wp\/v2\/product_cat?post=1118"},{"taxonomy":"product_tag","embeddable":true,"href":"https:\/\/cloudsupplyvapes.com\/it\/wp-json\/wp\/v2\/product_tag?post=1118"}],"curies":[{"name":"wp","href":"https:\/\/api.w.org\/{rel}","templated":true}]}}