{"id":1124,"date":"2024-10-19T02:17:55","date_gmt":"2024-10-19T02:17:55","guid":{"rendered":"https:\/\/cloudsupplyvapes.com\/?post_type=product&#038;p=1124"},"modified":"2024-11-26T08:45:23","modified_gmt":"2024-11-26T08:45:23","slug":"-40","status":"publish","type":"product","link":"https:\/\/cloudsupplyvapes.com\/it\/product\/miou-7000-puffs-disposable-vape-wholesale\/","title":{"rendered":"MIOU 7000 boccate di vapore monouso all'ingrosso Vape ad alta capacit\u00e0 di lunga durata"},"content":{"rendered":"<p>MIOU 7000 \u00e8 una svapata ricaricabile monouso dal design elegante e dal sapore ricco. Con una batteria integrata da 650 mAh ad alta capacit\u00e0, 15 ml di capacit\u00e0 di olio e-liquid, 7000 puff e un design della bobina a rete, offre un'esperienza di fumo pi\u00f9 deliziosa.<\/p>\n<p>&nbsp;<\/p>\n<h2>MIOU 7000 Vape monouso Specifiche:<\/h2>\n<p>Marchio: MIOU<\/p>\n<p>Puff: sono disponibili 7000 puff per dispositivo.<\/p>\n<p>Nicotina: 5%<\/p>\n<p>Capacit\u00e0 del succo elettronico: 15ML<\/p>\n<p>Porta di ricarica: Tipo C<\/p>\n<p>Resistenza: 0,6\u03a9 Bobina a rete<\/p>\n<p>&nbsp;<\/p>\n<h2>I sapori<\/h2>\n<p>Cola<\/p>\n<p>Pesca succosa<\/p>\n<p>Mango Uva<\/p>\n<p>Mango e pesca<\/p>\n<p>Mela pesca<\/p>\n<p>Bevanda energetica<\/p>\n<p>Mango alla fragola<\/p>\n<p>Anguria alla fragola<\/p>\n<p>Ghiaccio di taro<\/p>\n<p>Ghiaccio all'anguria<\/p>\n<p>&nbsp;<\/p>\n<h2>Imballaggio e peso<\/h2>\n<p>0,07KG\/PCS, singolo con piccolo pacchetto, 10 pezzi in una scatola media.<\/p>\n<p>200PCS in cartone master, 14KG.<\/p>\n<p><a href=\"https:\/\/i0.wp.com\/www.disposablevapeswholesale.com\/wp-content\/uploads\/2022\/10\/MIOU-7000-Puffs-Disposable-Vape-Wholesale.jpg?ssl=1\" target=\"_blank\" rel=\"noopener\"><img data-recalc-dims=\"1\" loading=\"lazy\" decoding=\"async\" class=\"alignnone size-full wp-image-5290\" title=\"MIOU 7000 boccate di vapore monouso all&#039;ingrosso\" src=\"https:\/\/i0.wp.com\/www.disposablevapeswholesale.com\/wp-content\/uploads\/2022\/10\/MIOU-7000-Puffs-Disposable-Vape-Wholesale.jpg?resize=800%2C800&#038;ssl=1\" alt=\"MIOU 7000 boccate di vapore monouso all&#039;ingrosso\" width=\"800\" height=\"800\" \/><\/a> <a href=\"https:\/\/i0.wp.com\/www.disposablevapeswholesale.com\/wp-content\/uploads\/2022\/10\/MIOU-7000-Puffs-Disposable-Vape-Wholesale-Package.jpg?ssl=1\" target=\"_blank\" rel=\"noopener\"><img data-recalc-dims=\"1\" loading=\"lazy\" decoding=\"async\" class=\"alignnone size-full wp-image-5281\" title=\"MIOU 7000 boccate di vapore monouso Pacchetto all&#039;ingrosso\" src=\"https:\/\/i0.wp.com\/www.disposablevapeswholesale.com\/wp-content\/uploads\/2022\/10\/MIOU-7000-Puffs-Disposable-Vape-Wholesale-Package.jpg?resize=800%2C800&#038;ssl=1\" alt=\"MIOU 7000 boccate di vapore monouso Pacchetto all&#039;ingrosso\" width=\"800\" height=\"800\" \/><\/a> <a href=\"https:\/\/i0.wp.com\/www.disposablevapeswholesale.com\/wp-content\/uploads\/2022\/10\/MIOU-7000-Puffs-Disposable-Vape-Wholesale-Flavors.jpg?ssl=1\" target=\"_blank\" rel=\"noopener\"><img data-recalc-dims=\"1\" loading=\"lazy\" decoding=\"async\" class=\"alignnone size-full wp-image-5276\" title=\"MIOU 7000 boccate di vapore monouso all&#039;ingrosso sapori\" src=\"https:\/\/i0.wp.com\/www.disposablevapeswholesale.com\/wp-content\/uploads\/2022\/10\/MIOU-7000-Puffs-Disposable-Vape-Wholesale-Flavors.jpg?resize=800%2C800&#038;ssl=1\" alt=\"MIOU 7000 boccate di vapore monouso all&#039;ingrosso sapori\" width=\"800\" height=\"800\" \/><\/a> <a href=\"https:\/\/i0.wp.com\/www.disposablevapeswholesale.com\/wp-content\/uploads\/2022\/10\/MIOU-7000-Puffs-Disposable-Vape-Wholesale-Peach-Apple-Flavors.jpg?ssl=1\" target=\"_blank\" rel=\"noopener\"><img data-recalc-dims=\"1\" loading=\"lazy\" decoding=\"async\" class=\"alignnone size-full wp-image-5282\" title=\"MIOU 7000 boccate di vapore monouso all&#039;ingrosso sapori di pesca e mela\" src=\"https:\/\/i0.wp.com\/www.disposablevapeswholesale.com\/wp-content\/uploads\/2022\/10\/MIOU-7000-Puffs-Disposable-Vape-Wholesale-Peach-Apple-Flavors.jpg?resize=800%2C800&#038;ssl=1\" alt=\"MIOU 7000 boccate di vapore monouso all&#039;ingrosso sapori di pesca e mela\" width=\"800\" height=\"800\" \/><\/a> <a href=\"https:\/\/i0.wp.com\/www.disposablevapeswholesale.com\/wp-content\/uploads\/2022\/10\/MIOU-7000-Puffs-Disposable-Vape-Wholesale-Peach-Apple-Package.jpg?ssl=1\" target=\"_blank\" rel=\"noopener\"><img data-recalc-dims=\"1\" loading=\"lazy\" decoding=\"async\" class=\"alignnone size-full wp-image-5283\" title=\"MIOU 7000 boccate di vapore monouso all&#039;ingrosso Pacchetto mela pesca\" src=\"https:\/\/i0.wp.com\/www.disposablevapeswholesale.com\/wp-content\/uploads\/2022\/10\/MIOU-7000-Puffs-Disposable-Vape-Wholesale-Peach-Apple-Package.jpg?resize=800%2C800&#038;ssl=1\" alt=\"MIOU 7000 boccate di vapore monouso all&#039;ingrosso Pacchetto mela pesca\" width=\"800\" height=\"800\" \/><\/a> <a href=\"https:\/\/i0.wp.com\/www.disposablevapeswholesale.com\/wp-content\/uploads\/2022\/10\/MIOU-7000-Puffs-Disposable-Vape-Wholesale-Watermelon-Ice.jpg?ssl=1\" target=\"_blank\" rel=\"noopener\"><img data-recalc-dims=\"1\" loading=\"lazy\" decoding=\"async\" class=\"alignnone size-full wp-image-5289\" title=\"MIOU 7000 boccate di vapore monouso all&#039;ingrosso di ghiaccio all&#039;anguria\" src=\"https:\/\/i0.wp.com\/www.disposablevapeswholesale.com\/wp-content\/uploads\/2022\/10\/MIOU-7000-Puffs-Disposable-Vape-Wholesale-Watermelon-Ice.jpg?resize=800%2C800&#038;ssl=1\" alt=\"MIOU 7000 boccate di vapore monouso all&#039;ingrosso di ghiaccio all&#039;anguria\" width=\"800\" height=\"800\" \/><\/a> <a href=\"https:\/\/i0.wp.com\/www.disposablevapeswholesale.com\/wp-content\/uploads\/2022\/10\/MIOU-7000-Puffs-Disposable-Vape-Wholesale-Taro-Ice.jpg?ssl=1\" target=\"_blank\" rel=\"noopener\"><img data-recalc-dims=\"1\" loading=\"lazy\" decoding=\"async\" class=\"alignnone size-full wp-image-5288\" title=\"MIOU 7000 boccate di vapore monouso all&#039;ingrosso Taro Ice\" src=\"https:\/\/i0.wp.com\/www.disposablevapeswholesale.com\/wp-content\/uploads\/2022\/10\/MIOU-7000-Puffs-Disposable-Vape-Wholesale-Taro-Ice.jpg?resize=800%2C800&#038;ssl=1\" alt=\"MIOU 7000 boccate di vapore monouso all&#039;ingrosso Taro Ice\" width=\"800\" height=\"800\" \/><\/a> <a href=\"https:\/\/i0.wp.com\/www.disposablevapeswholesale.com\/wp-content\/uploads\/2022\/10\/MIOU-7000-Puffs-Disposable-Vape-Wholesale-Strawberry-Watermelon.jpg?ssl=1\" target=\"_blank\" rel=\"noopener\"><img data-recalc-dims=\"1\" loading=\"lazy\" decoding=\"async\" class=\"alignnone size-full wp-image-5287\" title=\"MIOU 7000 boccate di vapore usa e getta all&#039;ingrosso di fragola e anguria\" src=\"https:\/\/i0.wp.com\/www.disposablevapeswholesale.com\/wp-content\/uploads\/2022\/10\/MIOU-7000-Puffs-Disposable-Vape-Wholesale-Strawberry-Watermelon.jpg?resize=800%2C800&#038;ssl=1\" alt=\"MIOU 7000 boccate di vapore usa e getta all&#039;ingrosso di fragola e anguria\" width=\"800\" height=\"800\" \/><\/a> <a href=\"https:\/\/i0.wp.com\/www.disposablevapeswholesale.com\/wp-content\/uploads\/2022\/10\/MIOU-7000-Puffs-Disposable-Vape-Wholesale-Strawberry-Mango.jpg?ssl=1\" target=\"_blank\" rel=\"noopener\"><img data-recalc-dims=\"1\" loading=\"lazy\" decoding=\"async\" class=\"alignnone size-full wp-image-5286\" title=\"MIOU 7000 boccate di vapore monouso all&#039;ingrosso Fragola Mango\" src=\"https:\/\/i0.wp.com\/www.disposablevapeswholesale.com\/wp-content\/uploads\/2022\/10\/MIOU-7000-Puffs-Disposable-Vape-Wholesale-Strawberry-Mango.jpg?resize=800%2C800&#038;ssl=1\" alt=\"MIOU 7000 boccate di vapore monouso all&#039;ingrosso Fragola Mango\" width=\"800\" height=\"800\" \/><\/a> <a href=\"https:\/\/i0.wp.com\/www.disposablevapeswholesale.com\/wp-content\/uploads\/2022\/10\/MIOU-7000-Puffs-Disposable-Vape-Wholesale-Power-Drink.jpg?ssl=1\" target=\"_blank\" rel=\"noopener\"><img data-recalc-dims=\"1\" loading=\"lazy\" decoding=\"async\" class=\"alignnone size-full wp-image-5285\" title=\"MIOU 7000 boccate di vapore monouso bevanda energetica all&#039;ingrosso\" src=\"https:\/\/i0.wp.com\/www.disposablevapeswholesale.com\/wp-content\/uploads\/2022\/10\/MIOU-7000-Puffs-Disposable-Vape-Wholesale-Power-Drink.jpg?resize=800%2C800&#038;ssl=1\" alt=\"MIOU 7000 boccate di vapore monouso bevanda energetica all&#039;ingrosso\" width=\"800\" height=\"800\" \/><\/a> <a href=\"https:\/\/i0.wp.com\/www.disposablevapeswholesale.com\/wp-content\/uploads\/2022\/10\/MIOU-7000-Puffs-Disposable-Vape-Wholesale-Peach-Apple.jpg?ssl=1\" target=\"_blank\" rel=\"noopener\"><img data-recalc-dims=\"1\" loading=\"lazy\" decoding=\"async\" class=\"alignnone size-full wp-image-5284\" title=\"MIOU 7000 boccate di vapore monouso all&#039;ingrosso Pesca Mela\" src=\"https:\/\/i0.wp.com\/www.disposablevapeswholesale.com\/wp-content\/uploads\/2022\/10\/MIOU-7000-Puffs-Disposable-Vape-Wholesale-Peach-Apple.jpg?resize=800%2C800&#038;ssl=1\" alt=\"MIOU 7000 boccate di vapore monouso all&#039;ingrosso Pesca Mela\" width=\"800\" height=\"800\" \/><\/a> <a href=\"https:\/\/i0.wp.com\/www.disposablevapeswholesale.com\/wp-content\/uploads\/2022\/10\/MIOU-7000-Puffs-Disposable-Vape-Wholesale-Mango-Peach.jpg?ssl=1\" target=\"_blank\" rel=\"noopener\"><img data-recalc-dims=\"1\" loading=\"lazy\" decoding=\"async\" class=\"alignnone size-full wp-image-5280\" title=\"MIOU 7000 boccate di vapore monouso all&#039;ingrosso Mango Pesca\" src=\"https:\/\/i0.wp.com\/www.disposablevapeswholesale.com\/wp-content\/uploads\/2022\/10\/MIOU-7000-Puffs-Disposable-Vape-Wholesale-Mango-Peach.jpg?resize=800%2C800&#038;ssl=1\" alt=\"MIOU 7000 boccate di vapore monouso all&#039;ingrosso Mango Pesca\" width=\"800\" height=\"800\" \/><\/a> <a href=\"https:\/\/i0.wp.com\/www.disposablevapeswholesale.com\/wp-content\/uploads\/2022\/10\/MIOU-7000-Puffs-Disposable-Vape-Wholesale-Mango-Peach-Package.jpg?ssl=1\" target=\"_blank\" rel=\"noopener\"><img data-recalc-dims=\"1\" loading=\"lazy\" decoding=\"async\" class=\"alignnone size-full wp-image-5279\" title=\"MIOU 7000 boccate di vapore monouso all&#039;ingrosso Pacchetto Pesca Mango\" src=\"https:\/\/i0.wp.com\/www.disposablevapeswholesale.com\/wp-content\/uploads\/2022\/10\/MIOU-7000-Puffs-Disposable-Vape-Wholesale-Mango-Peach-Package.jpg?resize=800%2C800&#038;ssl=1\" alt=\"MIOU 7000 boccate di vapore monouso all&#039;ingrosso Pacchetto Pesca Mango\" width=\"800\" height=\"800\" \/><\/a> <a href=\"https:\/\/i0.wp.com\/www.disposablevapeswholesale.com\/wp-content\/uploads\/2022\/10\/MIOU-7000-Puffs-Disposable-Vape-Wholesale-Mango-Grape.jpg?ssl=1\" target=\"_blank\" rel=\"noopener\"><img data-recalc-dims=\"1\" loading=\"lazy\" decoding=\"async\" class=\"alignnone size-full wp-image-5278\" title=\"MIOU 7000 boccate di vapore monouso all&#039;ingrosso Mango Uva\" src=\"https:\/\/i0.wp.com\/www.disposablevapeswholesale.com\/wp-content\/uploads\/2022\/10\/MIOU-7000-Puffs-Disposable-Vape-Wholesale-Mango-Grape.jpg?resize=800%2C800&#038;ssl=1\" alt=\"MIOU 7000 boccate di vapore monouso all&#039;ingrosso Mango Uva\" width=\"800\" height=\"800\" \/><\/a> <a href=\"https:\/\/i0.wp.com\/www.disposablevapeswholesale.com\/wp-content\/uploads\/2022\/10\/MIOU-7000-Puffs-Disposable-Vape-Wholesale-Juicy-Peach.jpg?ssl=1\" target=\"_blank\" rel=\"noopener\"><img data-recalc-dims=\"1\" loading=\"lazy\" decoding=\"async\" class=\"alignnone size-full wp-image-5277\" title=\"MIOU 7000 boccate di vapore monouso all&#039;ingrosso Pesca succosa\" src=\"https:\/\/i0.wp.com\/www.disposablevapeswholesale.com\/wp-content\/uploads\/2022\/10\/MIOU-7000-Puffs-Disposable-Vape-Wholesale-Juicy-Peach.jpg?resize=800%2C800&#038;ssl=1\" alt=\"MIOU 7000 boccate di vapore monouso all&#039;ingrosso Pesca succosa\" width=\"800\" height=\"800\" \/><\/a> <a href=\"https:\/\/i0.wp.com\/www.disposablevapeswholesale.com\/wp-content\/uploads\/2022\/10\/MIOU-7000-Puffs-Disposable-Vape-Wholesale-Cola.jpg?ssl=1\" target=\"_blank\" rel=\"noopener\"><img data-recalc-dims=\"1\" loading=\"lazy\" decoding=\"async\" class=\"alignnone size-full wp-image-5275\" title=\"MIOU 7000 boccate di vapore monouso all&#039;ingrosso Cola\" src=\"https:\/\/i0.wp.com\/www.disposablevapeswholesale.com\/wp-content\/uploads\/2022\/10\/MIOU-7000-Puffs-Disposable-Vape-Wholesale-Cola.jpg?resize=800%2C800&#038;ssl=1\" alt=\"MIOU 7000 boccate di vapore monouso all&#039;ingrosso Cola\" width=\"800\" height=\"800\" \/><\/a><\/p>","protected":false},"excerpt":{"rendered":"<p>MIOU 7000 Puffs Disposable Vape Wholesale \u00e8 caratterizzato da una batteria ad alta capacit\u00e0 e lunga durata e da una produzione di vapore costante per sessioni di vaping prolungate e di qualit\u00e0.<\/p>","protected":false},"featured_media":1271,"comment_status":"closed","ping_status":"closed","template":"","meta":[],"product_brand":[],"product_cat":[22],"product_tag":[268,60,269,256],"class_list":{"0":"post-1124","1":"product","2":"type-product","3":"status-publish","4":"has-post-thumbnail","6":"product_cat-disposable-vape-sticks","7":"product_tag-7000-puffs","8":"product_tag-disposable-vapes","9":"product_tag-miou","10":"product_tag-wholesale","12":"first","13":"instock","14":"shipping-taxable","15":"purchasable","16":"product-type-simple"},"jetpack_sharing_enabled":true,"tiered_pricing_type":"fixed","tiered_pricing_fixed_rules":{"5000":8,"10000":7,"50000":6},"tiered_pricing_product_settings":{"layout":"default","base_unit_name":{"singular":null,"plural":null},"default_variation":null},"tiered_pricing_minimum_quantity":60,"tiered_pricing_roles_data":[],"tiered_pricing_percentage_rules":[],"tiered_pricing_maximum_quantity":null,"tiered_pricing_quantity_step":null,"_links":{"self":[{"href":"https:\/\/cloudsupplyvapes.com\/it\/wp-json\/wp\/v2\/product\/1124","targetHints":{"allow":["GET"]}}],"collection":[{"href":"https:\/\/cloudsupplyvapes.com\/it\/wp-json\/wp\/v2\/product"}],"about":[{"href":"https:\/\/cloudsupplyvapes.com\/it\/wp-json\/wp\/v2\/types\/product"}],"replies":[{"embeddable":true,"href":"https:\/\/cloudsupplyvapes.com\/it\/wp-json\/wp\/v2\/comments?post=1124"}],"wp:featuredmedia":[{"embeddable":true,"href":"https:\/\/cloudsupplyvapes.com\/it\/wp-json\/wp\/v2\/media\/1271"}],"wp:attachment":[{"href":"https:\/\/cloudsupplyvapes.com\/it\/wp-json\/wp\/v2\/media?parent=1124"}],"wp:term":[{"taxonomy":"product_brand","embeddable":true,"href":"https:\/\/cloudsupplyvapes.com\/it\/wp-json\/wp\/v2\/product_brand?post=1124"},{"taxonomy":"product_cat","embeddable":true,"href":"https:\/\/cloudsupplyvapes.com\/it\/wp-json\/wp\/v2\/product_cat?post=1124"},{"taxonomy":"product_tag","embeddable":true,"href":"https:\/\/cloudsupplyvapes.com\/it\/wp-json\/wp\/v2\/product_tag?post=1124"}],"curies":[{"name":"wp","href":"https:\/\/api.w.org\/{rel}","templated":true}]}}