{"id":1127,"date":"2024-10-19T02:17:55","date_gmt":"2024-10-19T02:17:55","guid":{"rendered":"https:\/\/cloudsupplyvapes.com\/?post_type=product&#038;p=1127"},"modified":"2024-11-26T08:48:11","modified_gmt":"2024-11-26T08:48:11","slug":"-43","status":"publish","type":"product","link":"https:\/\/cloudsupplyvapes.com\/it\/product\/rm-legend-10k-puffs-disposable-vape-wholesale\/","title":{"rendered":"R&amp;M LEGEND 10K soffi monouso Vape all'ingrosso Design durevole ad alta capacit\u00e0"},"content":{"rendered":"<p>R&amp;M LEGEND 10K \u00e8 una svapata monouso compatta, caratterizzata da un design a forma di bottiglia facile da tenere in mano. \u00c8 riempita con 20 ml di succo di svapo a base di sali di nicotina da 0 mg, 20 mg, 30 o 50 mg, per un'inalazione intensa e morbida.<\/p>\n<p>&nbsp;<\/p>\n<h2>DESCRIZIONE R&amp;M LEGEND 10K:<\/h2>\n<p>1.Grande capacit\u00e0, 20ml, 10000 soffi.<\/p>\n<p>2.Newest tecnologia bobina mesh, grande nuvola e buoni sapori.<\/p>\n<p>3. Modello ricaricabile con porta Type-C, di durata illimitata.<\/p>\n<p>4. Controllo del flusso d'aria regolabile e ruotabile, volume di svapo fai da te.<\/p>\n<p>5. Boccaglio morbido di grado alimentare, confortevole e antistress.<\/p>\n<p>6.Popular design, moda e fresco. .<\/p>\n<p>Assaggiatelo ora, liberate la vostra anima.<\/p>\n<p>&nbsp;<\/p>\n<h2>R&amp;M LEGEND 10K Disposable Vape Specifiche:<\/h2>\n<p>Marchio: R&amp;M<\/p>\n<p>Puff: sono disponibili 10000 puff per dispositivo.<\/p>\n<p>Nicotine:5% \/2%\/3%\/0%<\/p>\n<p>Capacit\u00e0 del succo elettronico: 20ML<\/p>\n<p>Batteria: 650mAh<\/p>\n<p>Porta di ricarica: Tipo C<\/p>\n<p>Resistenza: bobina a maglie da 1,0\u03a9<\/p>\n<p>&nbsp;<\/p>\n<h2>I sapori<\/h2>\n<p>Lampone Mirtillo Mora<\/p>\n<p>Uva Lampone Ribes nero<\/p>\n<p>Kiwi Pompelmo<\/p>\n<p>Lampone acido al mirtillo<\/p>\n<p>Ghiaccio d'uva<\/p>\n<p>Mirtillo su ghiaccio<\/p>\n<p>Anguria alla fragola<\/p>\n<p>Frutti Big Bang<\/p>\n<p>Orso gommoso<\/p>\n<p>Zucchero filato<\/p>\n<p>Ghiaccio a cono di neve<\/p>\n<p>Ghiaccio lussureggiante<\/p>\n<p>&nbsp;<\/p>\n<h2>Imballaggio e peso<\/h2>\n<p>0,1KG\/PCS, singolo con confezione piccola, 10 pezzi in scatola media.<\/p>\n<p>200PCS in cartone master, 20KG.<\/p>\n<p><a href=\"https:\/\/i0.wp.com\/www.disposablevapeswholesale.com\/wp-content\/uploads\/2022\/09\/RM-LEGEND-10K-Puffs-Disposable-Vape-Wholesale.jpg?ssl=1\" target=\"_blank\" rel=\"noopener\"><img data-recalc-dims=\"1\" loading=\"lazy\" decoding=\"async\" class=\"alignnone size-full wp-image-5178\" title=\"RM LEGEND 10K Puffs Vape usa e getta all&#039;ingrosso\" src=\"https:\/\/i0.wp.com\/www.disposablevapeswholesale.com\/wp-content\/uploads\/2022\/09\/RM-LEGEND-10K-Puffs-Disposable-Vape-Wholesale.jpg?resize=800%2C600&#038;ssl=1\" alt=\"RM LEGEND 10K Puffs Vape usa e getta all&#039;ingrosso\" width=\"800\" height=\"600\" \/><\/a> <a href=\"https:\/\/i0.wp.com\/www.disposablevapeswholesale.com\/wp-content\/uploads\/2022\/09\/RM-LEGEND-10K-Puffs-Disposable-Vape-Wholesale-Flavors.jpg?ssl=1\" target=\"_blank\" rel=\"noopener\"><img data-recalc-dims=\"1\" loading=\"lazy\" decoding=\"async\" class=\"alignnone size-full wp-image-5169\" title=\"RM LEGEND 10K Puffs Vape usa e getta Sapori all&#039;ingrosso\" src=\"https:\/\/i0.wp.com\/www.disposablevapeswholesale.com\/wp-content\/uploads\/2022\/09\/RM-LEGEND-10K-Puffs-Disposable-Vape-Wholesale-Flavors.jpg?resize=800%2C1085&#038;ssl=1\" alt=\"RM LEGEND 10K Puffs Vape usa e getta Sapori all&#039;ingrosso\" width=\"800\" height=\"1085\" \/><\/a> <a href=\"https:\/\/i0.wp.com\/www.disposablevapeswholesale.com\/wp-content\/uploads\/2022\/09\/RM-LEGEND-10K-Puffs-Disposable-Vape-Wholesale-3-Flavors.jpg?ssl=1\" target=\"_blank\" rel=\"noopener\"><img data-recalc-dims=\"1\" loading=\"lazy\" decoding=\"async\" class=\"alignnone size-full wp-image-5162\" title=\"RM LEGEND 10K Puffs Vape usa e getta all&#039;ingrosso 3 gusti\" src=\"https:\/\/i0.wp.com\/www.disposablevapeswholesale.com\/wp-content\/uploads\/2022\/09\/RM-LEGEND-10K-Puffs-Disposable-Vape-Wholesale-3-Flavors.jpg?resize=800%2C800&#038;ssl=1\" alt=\"RM LEGEND 10K Puffs Vape usa e getta all&#039;ingrosso 3 gusti\" width=\"800\" height=\"800\" \/><\/a> <a href=\"https:\/\/i0.wp.com\/www.disposablevapeswholesale.com\/wp-content\/uploads\/2022\/09\/RM-LEGEND-10K-Puffs-Disposable-Vape-Wholesale-All-Flavors.jpg?ssl=1\" target=\"_blank\" rel=\"noopener\"><img data-recalc-dims=\"1\" loading=\"lazy\" decoding=\"async\" class=\"alignnone size-full wp-image-5163\" title=\"RM LEGEND 10K Puffs Vape usa e getta all&#039;ingrosso Tutti i gusti\" src=\"https:\/\/i0.wp.com\/www.disposablevapeswholesale.com\/wp-content\/uploads\/2022\/09\/RM-LEGEND-10K-Puffs-Disposable-Vape-Wholesale-All-Flavors.jpg?resize=800%2C1200&#038;ssl=1\" alt=\"RM LEGEND 10K Puffs Vape usa e getta all&#039;ingrosso Tutti i gusti\" width=\"800\" height=\"1200\" \/><\/a> <a href=\"https:\/\/i0.wp.com\/www.disposablevapeswholesale.com\/wp-content\/uploads\/2022\/09\/RM-LEGEND-10K-Puffs-Disposable-Vape-Wholesale-Describe.jpg?ssl=1\" target=\"_blank\" rel=\"noopener\"><img data-recalc-dims=\"1\" loading=\"lazy\" decoding=\"async\" class=\"alignnone size-full wp-image-5168\" title=\"RM LEGEND 10K Puffs usa e getta Vape Wholesale Descrivere\" src=\"https:\/\/i0.wp.com\/www.disposablevapeswholesale.com\/wp-content\/uploads\/2022\/09\/RM-LEGEND-10K-Puffs-Disposable-Vape-Wholesale-Describe.jpg?resize=800%2C800&#038;ssl=1\" alt=\"RM LEGEND 10K Puffs usa e getta Vape Wholesale Descrivere\" width=\"800\" height=\"800\" \/><\/a> <a href=\"https:\/\/i0.wp.com\/www.disposablevapeswholesale.com\/wp-content\/uploads\/2022\/09\/RM-LEGEND-10K-Puffs-Disposable-Vape-Wholesale-Strawberry-Watermelon.jpg?ssl=1\" target=\"_blank\" rel=\"noopener\"><img data-recalc-dims=\"1\" loading=\"lazy\" decoding=\"async\" class=\"alignnone size-full wp-image-5177\" title=\"RM LEGEND 10K Puffs Vape monouso all&#039;ingrosso Fragola Anguria\" src=\"https:\/\/i0.wp.com\/www.disposablevapeswholesale.com\/wp-content\/uploads\/2022\/09\/RM-LEGEND-10K-Puffs-Disposable-Vape-Wholesale-Strawberry-Watermelon.jpg?resize=800%2C800&#038;ssl=1\" alt=\"RM LEGEND 10K Puffs Vape monouso all&#039;ingrosso Fragola Anguria\" width=\"800\" height=\"800\" \/><\/a> <a href=\"https:\/\/i0.wp.com\/www.disposablevapeswholesale.com\/wp-content\/uploads\/2022\/09\/RM-LEGEND-10K-Puffs-Disposable-Vape-Wholesale-Snow-Cone-Ice.jpg?ssl=1\" target=\"_blank\" rel=\"noopener\"><img data-recalc-dims=\"1\" loading=\"lazy\" decoding=\"async\" class=\"alignnone size-full wp-image-5176\" title=\"RM LEGEND 10K soffi monouso Vape all&#039;ingrosso Snow Cone Ice\" src=\"https:\/\/i0.wp.com\/www.disposablevapeswholesale.com\/wp-content\/uploads\/2022\/09\/RM-LEGEND-10K-Puffs-Disposable-Vape-Wholesale-Snow-Cone-Ice.jpg?resize=800%2C800&#038;ssl=1\" alt=\"RM LEGEND 10K soffi monouso Vape all&#039;ingrosso Snow Cone Ice\" width=\"800\" height=\"800\" \/><\/a> <a href=\"https:\/\/i0.wp.com\/www.disposablevapeswholesale.com\/wp-content\/uploads\/2022\/09\/RM-LEGEND-10K-Puffs-Disposable-Vape-Wholesale-Raspberry-Blueberry-Blackberry.jpg?ssl=1\" target=\"_blank\" rel=\"noopener\"><img data-recalc-dims=\"1\" loading=\"lazy\" decoding=\"async\" class=\"alignnone size-full wp-image-5175\" title=\"RM LEGEND 10K boccate monouso Vape all&#039;ingrosso Lampone Mirtillo Mora\" src=\"https:\/\/i0.wp.com\/www.disposablevapeswholesale.com\/wp-content\/uploads\/2022\/09\/RM-LEGEND-10K-Puffs-Disposable-Vape-Wholesale-Raspberry-Blueberry-Blackberry.jpg?resize=800%2C800&#038;ssl=1\" alt=\"RM LEGEND 10K boccate monouso Vape all&#039;ingrosso Lampone Mirtillo Mora\" width=\"800\" height=\"800\" \/><\/a> <a href=\"https:\/\/i0.wp.com\/www.disposablevapeswholesale.com\/wp-content\/uploads\/2022\/09\/RM-LEGEND-10K-Puffs-Disposable-Vape-Wholesale-Lush-Ice.jpg?ssl=1\" target=\"_blank\" rel=\"noopener\"><img data-recalc-dims=\"1\" loading=\"lazy\" decoding=\"async\" class=\"alignnone size-full wp-image-5174\" title=\"RM LEGEND 10K soffi monouso Vape all&#039;ingrosso Lush Ice\" src=\"https:\/\/i0.wp.com\/www.disposablevapeswholesale.com\/wp-content\/uploads\/2022\/09\/RM-LEGEND-10K-Puffs-Disposable-Vape-Wholesale-Lush-Ice.jpg?resize=800%2C800&#038;ssl=1\" alt=\"RM LEGEND 10K soffi monouso Vape all&#039;ingrosso Lush Ice\" width=\"800\" height=\"800\" \/><\/a> <a href=\"https:\/\/i0.wp.com\/www.disposablevapeswholesale.com\/wp-content\/uploads\/2022\/09\/RM-LEGEND-10K-Puffs-Disposable-Vape-Wholesale-Kiwi-Passionfruit.jpg?ssl=1\" target=\"_blank\" rel=\"noopener\"><img data-recalc-dims=\"1\" loading=\"lazy\" decoding=\"async\" class=\"alignnone size-full wp-image-5173\" title=\"RM LEGEND 10K boccate monouso Vape all&#039;ingrosso Kiwi Passionfruit\" src=\"https:\/\/i0.wp.com\/www.disposablevapeswholesale.com\/wp-content\/uploads\/2022\/09\/RM-LEGEND-10K-Puffs-Disposable-Vape-Wholesale-Kiwi-Passionfruit.jpg?resize=800%2C800&#038;ssl=1\" alt=\"RM LEGEND 10K boccate monouso Vape all&#039;ingrosso Kiwi Passionfruit\" width=\"800\" height=\"800\" \/><\/a> <a href=\"https:\/\/i0.wp.com\/www.disposablevapeswholesale.com\/wp-content\/uploads\/2022\/09\/RM-LEGEND-10K-Puffs-Disposable-Vape-Wholesale-Gummy-Bear.jpg?ssl=1\" target=\"_blank\" rel=\"noopener\"><img data-recalc-dims=\"1\" loading=\"lazy\" decoding=\"async\" class=\"alignnone size-full wp-image-5172\" title=\"RM LEGEND 10K Puffs Vape monouso all&#039;ingrosso Orso Gommoso\" src=\"https:\/\/i0.wp.com\/www.disposablevapeswholesale.com\/wp-content\/uploads\/2022\/09\/RM-LEGEND-10K-Puffs-Disposable-Vape-Wholesale-Gummy-Bear.jpg?resize=800%2C800&#038;ssl=1\" alt=\"RM LEGEND 10K Puffs Vape monouso all&#039;ingrosso Orso Gommoso\" width=\"800\" height=\"800\" \/><\/a> <a href=\"https:\/\/i0.wp.com\/www.disposablevapeswholesale.com\/wp-content\/uploads\/2022\/09\/RM-LEGEND-10K-Puffs-Disposable-Vape-Wholesale-Grape-Raspberry-Blackcurrant.jpg?ssl=1\" target=\"_blank\" rel=\"noopener\"><img data-recalc-dims=\"1\" loading=\"lazy\" decoding=\"async\" class=\"alignnone size-full wp-image-5171\" title=\"RM LEGEND 10K boccate monouso Vape all&#039;ingrosso uva lampone ribes nero\" src=\"https:\/\/i0.wp.com\/www.disposablevapeswholesale.com\/wp-content\/uploads\/2022\/09\/RM-LEGEND-10K-Puffs-Disposable-Vape-Wholesale-Grape-Raspberry-Blackcurrant.jpg?resize=800%2C800&#038;ssl=1\" alt=\"RM LEGEND 10K boccate monouso Vape all&#039;ingrosso uva lampone ribes nero\" width=\"800\" height=\"800\" \/><\/a> <a href=\"https:\/\/i0.wp.com\/www.disposablevapeswholesale.com\/wp-content\/uploads\/2022\/09\/RM-LEGEND-10K-Puffs-Disposable-Vape-Wholesale-Grape-Ice.jpg?ssl=1\" target=\"_blank\" rel=\"noopener\"><img data-recalc-dims=\"1\" loading=\"lazy\" decoding=\"async\" class=\"alignnone size-full wp-image-5170\" title=\"RM LEGEND 10K soffi monouso Vape all&#039;ingrosso Grape Ice\" src=\"https:\/\/i0.wp.com\/www.disposablevapeswholesale.com\/wp-content\/uploads\/2022\/09\/RM-LEGEND-10K-Puffs-Disposable-Vape-Wholesale-Grape-Ice.jpg?resize=800%2C800&#038;ssl=1\" alt=\"RM LEGEND 10K soffi monouso Vape all&#039;ingrosso Grape Ice\" width=\"800\" height=\"800\" \/><\/a> <a href=\"https:\/\/i0.wp.com\/www.disposablevapeswholesale.com\/wp-content\/uploads\/2022\/09\/RM-LEGEND-10K-Puffs-Disposable-Vape-Wholesale-Cotton-Candy.jpg?ssl=1\" target=\"_blank\" rel=\"noopener\"><img data-recalc-dims=\"1\" loading=\"lazy\" decoding=\"async\" class=\"alignnone size-full wp-image-5167\" title=\"RM LEGEND 10K soffi monouso Vape zucchero filato all&#039;ingrosso\" src=\"https:\/\/i0.wp.com\/www.disposablevapeswholesale.com\/wp-content\/uploads\/2022\/09\/RM-LEGEND-10K-Puffs-Disposable-Vape-Wholesale-Cotton-Candy.jpg?resize=800%2C800&#038;ssl=1\" alt=\"RM LEGEND 10K soffi monouso Vape zucchero filato all&#039;ingrosso\" width=\"800\" height=\"800\" \/><\/a> <a href=\"https:\/\/i0.wp.com\/www.disposablevapeswholesale.com\/wp-content\/uploads\/2022\/09\/RM-LEGEND-10K-Puffs-Disposable-Vape-Wholesale-Blueberry-Sour-Raspberry.jpg?ssl=1\" target=\"_blank\" rel=\"noopener\"><img data-recalc-dims=\"1\" loading=\"lazy\" decoding=\"async\" class=\"alignnone size-full wp-image-5166\" title=\"RM LEGEND 10K Bocconi Vape usa e getta all&#039;ingrosso Mirtillo Lampone Acido\" src=\"https:\/\/i0.wp.com\/www.disposablevapeswholesale.com\/wp-content\/uploads\/2022\/09\/RM-LEGEND-10K-Puffs-Disposable-Vape-Wholesale-Blueberry-Sour-Raspberry.jpg?resize=800%2C800&#038;ssl=1\" alt=\"RM LEGEND 10K Bocconi Vape usa e getta all&#039;ingrosso Mirtillo Lampone Acido\" width=\"800\" height=\"800\" \/><\/a> <a href=\"https:\/\/i0.wp.com\/www.disposablevapeswholesale.com\/wp-content\/uploads\/2022\/09\/RM-LEGEND-10K-Puffs-Disposable-Vape-Wholesale-Blueberry-Ice.jpg?ssl=1\" target=\"_blank\" rel=\"noopener\"><img data-recalc-dims=\"1\" loading=\"lazy\" decoding=\"async\" class=\"alignnone size-full wp-image-5165\" title=\"RM LEGEND 10K soffi monouso Vape all&#039;ingrosso Mirtillo Ghiaccio\" src=\"https:\/\/i0.wp.com\/www.disposablevapeswholesale.com\/wp-content\/uploads\/2022\/09\/RM-LEGEND-10K-Puffs-Disposable-Vape-Wholesale-Blueberry-Ice.jpg?resize=800%2C800&#038;ssl=1\" alt=\"RM LEGEND 10K soffi monouso Vape all&#039;ingrosso Mirtillo Ghiaccio\" width=\"800\" height=\"800\" \/><\/a> <a href=\"https:\/\/i0.wp.com\/www.disposablevapeswholesale.com\/wp-content\/uploads\/2022\/09\/RM-LEGEND-10K-Puffs-Disposable-Vape-Wholesale-Big-Bang-Fruits.jpg?ssl=1\" target=\"_blank\" rel=\"noopener\"><img data-recalc-dims=\"1\" loading=\"lazy\" decoding=\"async\" class=\"alignnone size-full wp-image-5164\" title=\"RM LEGEND 10K soffi monouso Vape Commercio all&#039;ingrosso Big Bang Fruits\" src=\"https:\/\/i0.wp.com\/www.disposablevapeswholesale.com\/wp-content\/uploads\/2022\/09\/RM-LEGEND-10K-Puffs-Disposable-Vape-Wholesale-Big-Bang-Fruits.jpg?resize=800%2C800&#038;ssl=1\" alt=\"RM LEGEND 10K soffi monouso Vape Commercio all&#039;ingrosso Big Bang Fruits\" width=\"800\" height=\"800\" \/><\/a><\/p>","protected":false},"excerpt":{"rendered":"<p>R&amp;M LEGEND 10K Puffs Disposable Vape Wholesale \u00e8 caratterizzato da un'elevata capacit\u00e0, una struttura resistente e un'emissione di vapore costante per esperienze di vaping di qualit\u00e0 e di lunga durata.<\/p>","protected":false},"featured_media":1300,"comment_status":"closed","ping_status":"closed","template":"","meta":[],"product_brand":[],"product_cat":[481,22],"product_tag":[274,60,275,256],"class_list":{"0":"post-1127","1":"product","2":"type-product","3":"status-publish","4":"has-post-thumbnail","6":"product_cat-bang","7":"product_cat-disposable-vape-sticks","8":"product_tag-10000-puffs","9":"product_tag-disposable-vapes","10":"product_tag-rm-legend","11":"product_tag-wholesale","13":"first","14":"instock","15":"shipping-taxable","16":"purchasable","17":"product-type-simple"},"jetpack_sharing_enabled":true,"tiered_pricing_type":"fixed","tiered_pricing_fixed_rules":{"5000":7,"10000":6,"50000":5},"tiered_pricing_product_settings":{"layout":"default","base_unit_name":{"singular":null,"plural":null},"default_variation":null},"tiered_pricing_minimum_quantity":60,"tiered_pricing_roles_data":[],"tiered_pricing_percentage_rules":[],"tiered_pricing_maximum_quantity":null,"tiered_pricing_quantity_step":null,"_links":{"self":[{"href":"https:\/\/cloudsupplyvapes.com\/it\/wp-json\/wp\/v2\/product\/1127","targetHints":{"allow":["GET"]}}],"collection":[{"href":"https:\/\/cloudsupplyvapes.com\/it\/wp-json\/wp\/v2\/product"}],"about":[{"href":"https:\/\/cloudsupplyvapes.com\/it\/wp-json\/wp\/v2\/types\/product"}],"replies":[{"embeddable":true,"href":"https:\/\/cloudsupplyvapes.com\/it\/wp-json\/wp\/v2\/comments?post=1127"}],"wp:featuredmedia":[{"embeddable":true,"href":"https:\/\/cloudsupplyvapes.com\/it\/wp-json\/wp\/v2\/media\/1300"}],"wp:attachment":[{"href":"https:\/\/cloudsupplyvapes.com\/it\/wp-json\/wp\/v2\/media?parent=1127"}],"wp:term":[{"taxonomy":"product_brand","embeddable":true,"href":"https:\/\/cloudsupplyvapes.com\/it\/wp-json\/wp\/v2\/product_brand?post=1127"},{"taxonomy":"product_cat","embeddable":true,"href":"https:\/\/cloudsupplyvapes.com\/it\/wp-json\/wp\/v2\/product_cat?post=1127"},{"taxonomy":"product_tag","embeddable":true,"href":"https:\/\/cloudsupplyvapes.com\/it\/wp-json\/wp\/v2\/product_tag?post=1127"}],"curies":[{"name":"wp","href":"https:\/\/api.w.org\/{rel}","templated":true}]}}