{"id":1128,"date":"2024-10-19T02:17:56","date_gmt":"2024-10-19T02:17:56","guid":{"rendered":"https:\/\/cloudsupplyvapes.com\/?post_type=product&#038;p=1128"},"modified":"2024-11-26T08:44:11","modified_gmt":"2024-11-26T08:44:11","slug":"-44","status":"publish","type":"product","link":"https:\/\/cloudsupplyvapes.com\/it\/product\/rm-box-max-8000-puffs-disposable-vape-wholesale\/","title":{"rendered":"R&amp;M BOX MAX 8000 Puffs usa e getta Vape all'ingrosso leggero e resistente"},"content":{"rendered":"<p>Il dispositivo monouso R&amp;M BOX MAX offre ai fumatori circa 8000 boccate ed \u00e8 dotato di una bobina a rete per un'esperienza di fumo pi\u00f9 saporita. Questo dispositivo usa e getta \u00e8 dotato di un e-juice a sali di nicotina 2%\/5%, di una batteria integrata ad alta capacit\u00e0 da 650 ml e di una capacit\u00e0 di 12,5 ml di olio e-liquid, con un'ampia gamma di gusti tra cui scegliere.<\/p>\n<p>&nbsp;<\/p>\n<h2>R&amp;M BOX MAX 8000 Vape monouso Specifiche:<\/h2>\n<p>Marchio: R&amp;M<\/p>\n<p>Puff: sono disponibili 8000 puff per dispositivo.<\/p>\n<p>Nicotina: 2%\/5%<\/p>\n<p>Capacit\u00e0 del succo elettronico: 12,5ML<\/p>\n<p>Batteria: 650mAh<\/p>\n<p>Porta di ricarica: Tipo C<\/p>\n<p>Resistenza: 0,5\u03a9 Bobina a rete<\/p>\n<p>&nbsp;<\/p>\n<h2>I sapori<\/h2>\n<p>Menta e mirtillo<\/p>\n<p>Ghiaccio blu Raz<\/p>\n<p>Pioggia di neon<\/p>\n<p>Ghiaccio al lampone e alla fragola<\/p>\n<p>Ghiaccio lussureggiante<\/p>\n<p>Pina Colada Ice<\/p>\n<p>Menta gioiello<\/p>\n<p>Punch tropicale<\/p>\n<p>Energia di esplosione<\/p>\n<p>Anguria alla fragola<\/p>\n<p>Vaniglia fresca<\/p>\n<p>Frullato di mele<\/p>\n<p>&nbsp;<\/p>\n<h2>Imballaggio e peso<\/h2>\n<p>0,097KG\/PCS, singolo con confezione piccola, 10 pezzi in scatola media.<\/p>\n<p>200PCS in cartone master, 19,4KG.<\/p>\n<p><a href=\"https:\/\/i0.wp.com\/www.disposablevapeswholesale.com\/wp-content\/uploads\/2022\/09\/RM-BOX-MAX-8000-Puffs-Disposable-Vape-Wholesale.jpg?ssl=1\" target=\"_blank\" rel=\"noopener\"><img data-recalc-dims=\"1\" loading=\"lazy\" decoding=\"async\" class=\"alignnone size-full wp-image-5147\" title=\"RM BOX MAX 8000 boccate di vapore monouso all&#039;ingrosso\" src=\"https:\/\/i0.wp.com\/www.disposablevapeswholesale.com\/wp-content\/uploads\/2022\/09\/RM-BOX-MAX-8000-Puffs-Disposable-Vape-Wholesale.jpg?resize=800%2C600&#038;ssl=1\" alt=\"RM BOX MAX 8000 boccate di vapore monouso all&#039;ingrosso\" width=\"800\" height=\"600\" \/><\/a> <a href=\"https:\/\/i0.wp.com\/www.disposablevapeswholesale.com\/wp-content\/uploads\/2022\/09\/RM-BOX-MAX-8000-Puffs-Disposable-Vape-Wholesale-Tropical-Punch.jpg?ssl=1\" target=\"_blank\" rel=\"noopener\"><img data-recalc-dims=\"1\" loading=\"lazy\" decoding=\"async\" class=\"alignnone size-full wp-image-5146\" title=\"RM BOX MAX 8000 boccate monouso Vape all&#039;ingrosso Tropical Punch\" src=\"https:\/\/i0.wp.com\/www.disposablevapeswholesale.com\/wp-content\/uploads\/2022\/09\/RM-BOX-MAX-8000-Puffs-Disposable-Vape-Wholesale-Tropical-Punch.jpg?resize=800%2C800&#038;ssl=1\" alt=\"RM BOX MAX 8000 boccate monouso Vape all&#039;ingrosso Tropical Punch\" width=\"800\" height=\"800\" \/><\/a> <a href=\"https:\/\/i0.wp.com\/www.disposablevapeswholesale.com\/wp-content\/uploads\/2022\/09\/RM-BOX-MAX-8000-Puffs-Disposable-Vape-Wholesale-Strawberry-Watermelon.jpg?ssl=1\" target=\"_blank\" rel=\"noopener\"><img data-recalc-dims=\"1\" loading=\"lazy\" decoding=\"async\" class=\"alignnone size-full wp-image-5145\" title=\"RM BOX MAX 8000 Bocconi Vape usa e getta all&#039;ingrosso Fragola Anguria\" src=\"https:\/\/i0.wp.com\/www.disposablevapeswholesale.com\/wp-content\/uploads\/2022\/09\/RM-BOX-MAX-8000-Puffs-Disposable-Vape-Wholesale-Strawberry-Watermelon.jpg?resize=800%2C800&#038;ssl=1\" alt=\"RM BOX MAX 8000 Bocconi Vape usa e getta all&#039;ingrosso Fragola Anguria\" width=\"800\" height=\"800\" \/><\/a> <a href=\"https:\/\/i0.wp.com\/www.disposablevapeswholesale.com\/wp-content\/uploads\/2022\/09\/RM-BOX-MAX-8000-Puffs-Disposable-Vape-Wholesale-Raspberry-Strawberry-Ice.jpg?ssl=1\" target=\"_blank\" rel=\"noopener\"><img data-recalc-dims=\"1\" loading=\"lazy\" decoding=\"async\" class=\"alignnone size-full wp-image-5144\" title=\"RM BOX MAX 8000 Bocconi Vape monouso all&#039;ingrosso Lampone Fragola Ghiaccio\" src=\"https:\/\/i0.wp.com\/www.disposablevapeswholesale.com\/wp-content\/uploads\/2022\/09\/RM-BOX-MAX-8000-Puffs-Disposable-Vape-Wholesale-Raspberry-Strawberry-Ice.jpg?resize=800%2C800&#038;ssl=1\" alt=\"RM BOX MAX 8000 Bocconi Vape monouso all&#039;ingrosso Lampone Fragola Ghiaccio\" width=\"800\" height=\"800\" \/><\/a> <a href=\"https:\/\/i0.wp.com\/www.disposablevapeswholesale.com\/wp-content\/uploads\/2022\/09\/RM-BOX-MAX-8000-Puffs-Disposable-Vape-Wholesale-Pina-Colada-Ice.jpg?ssl=1\" target=\"_blank\" rel=\"noopener\"><img data-recalc-dims=\"1\" loading=\"lazy\" decoding=\"async\" class=\"alignnone size-full wp-image-5143\" title=\"RM BOX MAX 8000 Bocconi Vape usa e getta all&#039;ingrosso Pina Colada Ice\" src=\"https:\/\/i0.wp.com\/www.disposablevapeswholesale.com\/wp-content\/uploads\/2022\/09\/RM-BOX-MAX-8000-Puffs-Disposable-Vape-Wholesale-Pina-Colada-Ice.jpg?resize=800%2C800&#038;ssl=1\" alt=\"RM BOX MAX 8000 Bocconi Vape usa e getta all&#039;ingrosso Pina Colada Ice\" width=\"800\" height=\"800\" \/><\/a> <a href=\"https:\/\/i0.wp.com\/www.disposablevapeswholesale.com\/wp-content\/uploads\/2022\/09\/RM-BOX-MAX-8000-Puffs-Disposable-Vape-Wholesale-Neon-Rain.jpg?ssl=1\" target=\"_blank\" rel=\"noopener\"><img data-recalc-dims=\"1\" loading=\"lazy\" decoding=\"async\" class=\"alignnone size-full wp-image-5142\" title=\"RM BOX MAX 8000 boccate di vapore usa e getta all&#039;ingrosso Pioggia Neon\" src=\"https:\/\/i0.wp.com\/www.disposablevapeswholesale.com\/wp-content\/uploads\/2022\/09\/RM-BOX-MAX-8000-Puffs-Disposable-Vape-Wholesale-Neon-Rain.jpg?resize=800%2C800&#038;ssl=1\" alt=\"RM BOX MAX 8000 boccate di vapore usa e getta all&#039;ingrosso Pioggia Neon\" width=\"800\" height=\"800\" \/><\/a> <a href=\"https:\/\/i0.wp.com\/www.disposablevapeswholesale.com\/wp-content\/uploads\/2022\/09\/RM-BOX-MAX-8000-Puffs-Disposable-Vape-Wholesale-Lush-Ice.jpg?ssl=1\" target=\"_blank\" rel=\"noopener\"><img data-recalc-dims=\"1\" loading=\"lazy\" decoding=\"async\" class=\"alignnone size-full wp-image-5141\" title=\"RM BOX MAX 8000 Bocconi Vape usa e getta all&#039;ingrosso Lush Ice\" src=\"https:\/\/i0.wp.com\/www.disposablevapeswholesale.com\/wp-content\/uploads\/2022\/09\/RM-BOX-MAX-8000-Puffs-Disposable-Vape-Wholesale-Lush-Ice.jpg?resize=800%2C800&#038;ssl=1\" alt=\"RM BOX MAX 8000 Bocconi Vape usa e getta all&#039;ingrosso Lush Ice\" width=\"800\" height=\"800\" \/><\/a> <a href=\"https:\/\/i0.wp.com\/www.disposablevapeswholesale.com\/wp-content\/uploads\/2022\/09\/RM-BOX-MAX-8000-Puffs-Disposable-Vape-Wholesale-Jewel-Mint.jpg?ssl=1\" target=\"_blank\" rel=\"noopener\"><img data-recalc-dims=\"1\" loading=\"lazy\" decoding=\"async\" class=\"alignnone size-full wp-image-5140\" title=\"RM BOX MAX 8000 boccate di vapore monouso all&#039;ingrosso Jewel Mint\" src=\"https:\/\/i0.wp.com\/www.disposablevapeswholesale.com\/wp-content\/uploads\/2022\/09\/RM-BOX-MAX-8000-Puffs-Disposable-Vape-Wholesale-Jewel-Mint.jpg?resize=800%2C800&#038;ssl=1\" alt=\"RM BOX MAX 8000 boccate di vapore monouso all&#039;ingrosso Jewel Mint\" width=\"800\" height=\"800\" \/><\/a> <a href=\"https:\/\/i0.wp.com\/www.disposablevapeswholesale.com\/wp-content\/uploads\/2022\/09\/RM-BOX-MAX-8000-Puffs-Disposable-Vape-Wholesale-Fresh-Vanilla.jpg?ssl=1\" target=\"_blank\" rel=\"noopener\"><img data-recalc-dims=\"1\" loading=\"lazy\" decoding=\"async\" class=\"alignnone size-full wp-image-5139\" title=\"RM BOX MAX 8000 Bocconi Vape usa e getta all&#039;ingrosso Vaniglia Fresca\" src=\"https:\/\/i0.wp.com\/www.disposablevapeswholesale.com\/wp-content\/uploads\/2022\/09\/RM-BOX-MAX-8000-Puffs-Disposable-Vape-Wholesale-Fresh-Vanilla.jpg?resize=800%2C800&#038;ssl=1\" alt=\"RM BOX MAX 8000 Bocconi Vape usa e getta all&#039;ingrosso Vaniglia Fresca\" width=\"800\" height=\"800\" \/><\/a> <a href=\"https:\/\/i0.wp.com\/www.disposablevapeswholesale.com\/wp-content\/uploads\/2022\/09\/RM-BOX-MAX-8000-Puffs-Disposable-Vape-Wholesale-Blueberry-Mint.jpg?ssl=1\" target=\"_blank\" rel=\"noopener\"><img data-recalc-dims=\"1\" loading=\"lazy\" decoding=\"async\" class=\"alignnone size-full wp-image-5138\" title=\"RM BOX MAX 8000 Bocconi Vape usa e getta all&#039;ingrosso Menta Mirtillo\" src=\"https:\/\/i0.wp.com\/www.disposablevapeswholesale.com\/wp-content\/uploads\/2022\/09\/RM-BOX-MAX-8000-Puffs-Disposable-Vape-Wholesale-Blueberry-Mint.jpg?resize=800%2C800&#038;ssl=1\" alt=\"RM BOX MAX 8000 Bocconi Vape usa e getta all&#039;ingrosso Menta Mirtillo\" width=\"800\" height=\"800\" \/><\/a> <a href=\"https:\/\/i0.wp.com\/www.disposablevapeswholesale.com\/wp-content\/uploads\/2022\/09\/RM-BOX-MAX-8000-Puffs-Disposable-Vape-Wholesale-Blue-Raz-Ice.jpg?ssl=1\" target=\"_blank\" rel=\"noopener\"><img data-recalc-dims=\"1\" loading=\"lazy\" decoding=\"async\" class=\"alignnone size-full wp-image-5137\" title=\"RM BOX MAX 8000 boccate di vapore monouso all&#039;ingrosso Blue Raz Ice\" src=\"https:\/\/i0.wp.com\/www.disposablevapeswholesale.com\/wp-content\/uploads\/2022\/09\/RM-BOX-MAX-8000-Puffs-Disposable-Vape-Wholesale-Blue-Raz-Ice.jpg?resize=800%2C800&#038;ssl=1\" alt=\"RM BOX MAX 8000 boccate di vapore monouso all&#039;ingrosso Blue Raz Ice\" width=\"800\" height=\"800\" \/><\/a> <a href=\"https:\/\/i0.wp.com\/www.disposablevapeswholesale.com\/wp-content\/uploads\/2022\/09\/RM-BOX-MAX-8000-Puffs-Disposable-Vape-Wholesale-Blast-Energy.jpg?ssl=1\" target=\"_blank\" rel=\"noopener\"><img data-recalc-dims=\"1\" loading=\"lazy\" decoding=\"async\" class=\"alignnone size-full wp-image-5136\" title=\"RM BOX MAX 8000 soffi monouso Vape all&#039;ingrosso Blast Energy\" src=\"https:\/\/i0.wp.com\/www.disposablevapeswholesale.com\/wp-content\/uploads\/2022\/09\/RM-BOX-MAX-8000-Puffs-Disposable-Vape-Wholesale-Blast-Energy.jpg?resize=800%2C800&#038;ssl=1\" alt=\"RM BOX MAX 8000 soffi monouso Vape all&#039;ingrosso Blast Energy\" width=\"800\" height=\"800\" \/><\/a> <a href=\"https:\/\/i0.wp.com\/www.disposablevapeswholesale.com\/wp-content\/uploads\/2022\/09\/RM-BOX-MAX-8000-Puffs-Disposable-Vape-Wholesale-Apple-Shake.jpg?ssl=1\" target=\"_blank\" rel=\"noopener\"><img data-recalc-dims=\"1\" loading=\"lazy\" decoding=\"async\" class=\"alignnone size-full wp-image-5135\" title=\"RM BOX MAX 8000 Bocconi Vape monouso all&#039;ingrosso Frullato di mele\" src=\"https:\/\/i0.wp.com\/www.disposablevapeswholesale.com\/wp-content\/uploads\/2022\/09\/RM-BOX-MAX-8000-Puffs-Disposable-Vape-Wholesale-Apple-Shake.jpg?resize=800%2C800&#038;ssl=1\" alt=\"RM BOX MAX 8000 Bocconi Vape monouso all&#039;ingrosso Frullato di mele\" width=\"800\" height=\"800\" \/><\/a><\/p>","protected":false},"excerpt":{"rendered":"<p>R&amp;M BOX MAX 8000 Puffs Disposable Vape Wholesale combina un design leggero, una struttura resistente e un'erogazione fluida del vapore per un vaping portatile e di lunga durata.<\/p>","protected":false},"featured_media":1310,"comment_status":"closed","ping_status":"closed","template":"","meta":[],"product_brand":[],"product_cat":[22],"product_tag":[272,60,276,256],"class_list":{"0":"post-1128","1":"product","2":"type-product","3":"status-publish","4":"has-post-thumbnail","6":"product_cat-disposable-vape-sticks","7":"product_tag-8000-puffs","8":"product_tag-disposable-vapes","9":"product_tag-rm-box-max","10":"product_tag-wholesale","12":"first","13":"instock","14":"shipping-taxable","15":"purchasable","16":"product-type-simple"},"jetpack_sharing_enabled":true,"tiered_pricing_type":"fixed","tiered_pricing_fixed_rules":{"5000":8,"10000":7,"50000":6},"tiered_pricing_product_settings":{"layout":"default","base_unit_name":{"singular":null,"plural":null},"default_variation":null},"tiered_pricing_minimum_quantity":60,"tiered_pricing_roles_data":[],"tiered_pricing_percentage_rules":[],"tiered_pricing_maximum_quantity":null,"tiered_pricing_quantity_step":null,"_links":{"self":[{"href":"https:\/\/cloudsupplyvapes.com\/it\/wp-json\/wp\/v2\/product\/1128","targetHints":{"allow":["GET"]}}],"collection":[{"href":"https:\/\/cloudsupplyvapes.com\/it\/wp-json\/wp\/v2\/product"}],"about":[{"href":"https:\/\/cloudsupplyvapes.com\/it\/wp-json\/wp\/v2\/types\/product"}],"replies":[{"embeddable":true,"href":"https:\/\/cloudsupplyvapes.com\/it\/wp-json\/wp\/v2\/comments?post=1128"}],"wp:featuredmedia":[{"embeddable":true,"href":"https:\/\/cloudsupplyvapes.com\/it\/wp-json\/wp\/v2\/media\/1310"}],"wp:attachment":[{"href":"https:\/\/cloudsupplyvapes.com\/it\/wp-json\/wp\/v2\/media?parent=1128"}],"wp:term":[{"taxonomy":"product_brand","embeddable":true,"href":"https:\/\/cloudsupplyvapes.com\/it\/wp-json\/wp\/v2\/product_brand?post=1128"},{"taxonomy":"product_cat","embeddable":true,"href":"https:\/\/cloudsupplyvapes.com\/it\/wp-json\/wp\/v2\/product_cat?post=1128"},{"taxonomy":"product_tag","embeddable":true,"href":"https:\/\/cloudsupplyvapes.com\/it\/wp-json\/wp\/v2\/product_tag?post=1128"}],"curies":[{"name":"wp","href":"https:\/\/api.w.org\/{rel}","templated":true}]}}