{"id":1194,"date":"2024-10-19T02:18:23","date_gmt":"2024-10-19T02:18:23","guid":{"rendered":"https:\/\/cloudsupplyvapes.com\/?post_type=product&#038;p=1194"},"modified":"2024-11-26T08:39:04","modified_gmt":"2024-11-26T08:39:04","slug":"vapeak-600-puffs-usa-e-getta-vape-allingrosso-2","status":"publish","type":"product","link":"https:\/\/cloudsupplyvapes.com\/it\/product\/vapeak-600-puffs-disposable-vape-wholesale\/","title":{"rendered":"VAPEAK 600 boccate di vapore monouso all'ingrosso Design compatto senza problemi"},"content":{"rendered":"<p>VAPEAK 600 \u00e8 un VAPE usa e getta dal design unico, con batteria integrata ad alta capacit\u00e0 da 500 mAh, capacit\u00e0 di 2 ml di olio e-liquid, in grado di svapare 600 boccate, liscio e facile da usare, con una variet\u00e0 di sapori tra cui scegliere.<\/p>\n<p>&nbsp;<\/p>\n<h2>VAPEAK 600 Disposable Vape Specifiche:<\/h2>\n<p>Marchio: VAPEAK<\/p>\n<p>Puff: sono disponibili 600 puff per dispositivo.<\/p>\n<p>Nicotina: 2%<\/p>\n<p>Capacit\u00e0 del succo elettronico: 2ML<\/p>\n<p>Batteria: 500mAh<\/p>\n<p>&nbsp;<\/p>\n<h2>I sapori<\/h2>\n<p>Limonata blu Razz<\/p>\n<p>Lampone acido al mirtillo<\/p>\n<p>Ghiaccio d'uva<\/p>\n<p>Ghiaccio al mango<\/p>\n<p>Bacche miste<\/p>\n<p>Ananas Pesca Mango<\/p>\n<p>Limonata rosa<\/p>\n<p>Gelato alla fragola<\/p>\n<p>Fragola Kiwi<\/p>\n<p>Ghiaccio all'anguria<\/p>\n<p><a href=\"https:\/\/i0.wp.com\/www.disposablevapeswholesale.com\/wp-content\/uploads\/2022\/08\/VAPEAK-600-Puffs-Disposable-Vape-Wholesale-Pineapple-Peach-Mango-Flavors.jpg?ssl=1\" target=\"_blank\" rel=\"noopener\"><img data-recalc-dims=\"1\" loading=\"lazy\" decoding=\"async\" class=\"alignnone size-full wp-image-4853\" title=\"VAPEAK 600 Puffs Vape monouso all&#039;ingrosso sapori ananas pesca mango\" src=\"https:\/\/i0.wp.com\/www.disposablevapeswholesale.com\/wp-content\/uploads\/2022\/08\/VAPEAK-600-Puffs-Disposable-Vape-Wholesale-Pineapple-Peach-Mango-Flavors.jpg?resize=800%2C448&#038;ssl=1\" alt=\"VAPEAK 600 Puffs Vape monouso all&#039;ingrosso sapori ananas pesca mango\" width=\"800\" height=\"448\" \/><\/a> <a href=\"https:\/\/i0.wp.com\/www.disposablevapeswholesale.com\/wp-content\/uploads\/2022\/08\/VAPEAK-600-Puffs-Disposable-Vape-Wholesale-Mixed-Berry-Flavors.jpg?ssl=1\" target=\"_blank\" rel=\"noopener\"><img data-recalc-dims=\"1\" loading=\"lazy\" decoding=\"async\" class=\"alignnone size-full wp-image-4851\" title=\"VAPEAK 600 Puff monouso Vape all&#039;ingrosso Sapori misti di bacche\" src=\"https:\/\/i0.wp.com\/www.disposablevapeswholesale.com\/wp-content\/uploads\/2022\/08\/VAPEAK-600-Puffs-Disposable-Vape-Wholesale-Mixed-Berry-Flavors.jpg?resize=800%2C451&#038;ssl=1\" alt=\"VAPEAK 600 Puff monouso Vape all&#039;ingrosso Sapori misti di bacche\" width=\"800\" height=\"451\" \/><\/a> <a href=\"https:\/\/i0.wp.com\/www.disposablevapeswholesale.com\/wp-content\/uploads\/2022\/08\/VAPEAK-600-Puffs-Disposable-Vape-Wholesale-Mango-Ice-Flavors.jpg?ssl=1\" target=\"_blank\" rel=\"noopener\"><img data-recalc-dims=\"1\" loading=\"lazy\" decoding=\"async\" class=\"alignnone size-full wp-image-4848\" title=\"VAPEAK 600 Puffs Vape monouso all&#039;ingrosso Ghiaccio di Mango\" src=\"https:\/\/i0.wp.com\/www.disposablevapeswholesale.com\/wp-content\/uploads\/2022\/08\/VAPEAK-600-Puffs-Disposable-Vape-Wholesale-Mango-Ice-Flavors.jpg?resize=800%2C453&#038;ssl=1\" alt=\"VAPEAK 600 Puffs Vape monouso all&#039;ingrosso Ghiaccio di Mango\" width=\"800\" height=\"453\" \/><\/a> <a href=\"https:\/\/i0.wp.com\/www.disposablevapeswholesale.com\/wp-content\/uploads\/2022\/08\/VAPEAK-600-Puffs-Disposable-Vape-Wholesale-Describe.jpg?ssl=1\" target=\"_blank\" rel=\"noopener\"><img data-recalc-dims=\"1\" loading=\"lazy\" decoding=\"async\" class=\"alignnone size-full wp-image-4844\" title=\"VAPEAK 600 Puffs Vape usa e getta Descrivi all&#039;ingrosso\" src=\"https:\/\/i0.wp.com\/www.disposablevapeswholesale.com\/wp-content\/uploads\/2022\/08\/VAPEAK-600-Puffs-Disposable-Vape-Wholesale-Describe.jpg?resize=800%2C448&#038;ssl=1\" alt=\"VAPEAK 600 Puffs Vape usa e getta Descrivi all&#039;ingrosso\" width=\"800\" height=\"448\" \/><\/a> <a href=\"https:\/\/i0.wp.com\/www.disposablevapeswholesale.com\/wp-content\/uploads\/2022\/08\/VAPEAK-600-Puffs-Disposable-Vape-Wholesale-Battery.jpg?ssl=1\" target=\"_blank\" rel=\"noopener\"><img data-recalc-dims=\"1\" loading=\"lazy\" decoding=\"async\" class=\"alignnone size-full wp-image-4839\" title=\"VAPEAK 600 Puffs Vape usa e getta Batteria all&#039;ingrosso\" src=\"https:\/\/i0.wp.com\/www.disposablevapeswholesale.com\/wp-content\/uploads\/2022\/08\/VAPEAK-600-Puffs-Disposable-Vape-Wholesale-Battery.jpg?resize=800%2C448&#038;ssl=1\" alt=\"VAPEAK 600 Puffs Vape usa e getta Batteria all&#039;ingrosso\" width=\"800\" height=\"448\" \/><\/a> <a href=\"https:\/\/i0.wp.com\/www.disposablevapeswholesale.com\/wp-content\/uploads\/2022\/08\/VAPEAK-600-Puffs-Disposable-Vape-Wholesale-Watermelon-Ice-Flavors.jpg?ssl=1\" target=\"_blank\" rel=\"noopener\"><img data-recalc-dims=\"1\" loading=\"lazy\" decoding=\"async\" class=\"alignnone size-full wp-image-4858\" title=\"VAPEAK 600 Puffs Vape monouso all&#039;ingrosso Sapori di ghiaccio all&#039;anguria\" src=\"https:\/\/i0.wp.com\/www.disposablevapeswholesale.com\/wp-content\/uploads\/2022\/08\/VAPEAK-600-Puffs-Disposable-Vape-Wholesale-Watermelon-Ice-Flavors.jpg?resize=800%2C453&#038;ssl=1\" alt=\"VAPEAK 600 Puffs Vape monouso all&#039;ingrosso Sapori di ghiaccio all&#039;anguria\" width=\"800\" height=\"453\" \/><\/a> <a href=\"https:\/\/i0.wp.com\/www.disposablevapeswholesale.com\/wp-content\/uploads\/2022\/08\/VAPEAK-600-Puffs-Disposable-Vape-Wholesale-Mixed-Berry-Describe.jpg?ssl=1\" target=\"_blank\" rel=\"noopener\"><img data-recalc-dims=\"1\" loading=\"lazy\" decoding=\"async\" class=\"alignnone size-full wp-image-4850\" title=\"VAPEAK 600 boccate di vapore monouso all&#039;ingrosso Descrizione di bacche miste\" src=\"https:\/\/i0.wp.com\/www.disposablevapeswholesale.com\/wp-content\/uploads\/2022\/08\/VAPEAK-600-Puffs-Disposable-Vape-Wholesale-Mixed-Berry-Describe.jpg?resize=800%2C800&#038;ssl=1\" alt=\"VAPEAK 600 boccate di vapore monouso all&#039;ingrosso Descrizione di bacche miste\" width=\"800\" height=\"800\" \/><\/a> <a href=\"https:\/\/i0.wp.com\/www.disposablevapeswholesale.com\/wp-content\/uploads\/2022\/08\/VAPEAK-600-Puffs-Disposable-Vape-Wholesale-Grape-Ice-Flavors.jpg?ssl=1\" target=\"_blank\" rel=\"noopener\"><img data-recalc-dims=\"1\" loading=\"lazy\" decoding=\"async\" class=\"alignnone size-full wp-image-4846\" title=\"VAPEAK 600 Puffs monouso Vape all&#039;ingrosso Sapori di ghiaccio d&#039;uva\" src=\"https:\/\/i0.wp.com\/www.disposablevapeswholesale.com\/wp-content\/uploads\/2022\/08\/VAPEAK-600-Puffs-Disposable-Vape-Wholesale-Grape-Ice-Flavors.jpg?resize=800%2C800&#038;ssl=1\" alt=\"VAPEAK 600 Puffs monouso Vape all&#039;ingrosso Sapori di ghiaccio d&#039;uva\" width=\"800\" height=\"800\" \/><\/a> <a href=\"https:\/\/i0.wp.com\/www.disposablevapeswholesale.com\/wp-content\/uploads\/2022\/08\/VAPEAK-600-Puffs-Disposable-Vape-Wholesale-Blueberry-Sour-Raspberry-Flavors.jpg?ssl=1\" target=\"_blank\" rel=\"noopener\"><img data-recalc-dims=\"1\" loading=\"lazy\" decoding=\"async\" class=\"alignnone size-full wp-image-4842\" title=\"VAPEAK 600 Puffs Vape monouso all&#039;ingrosso Sapori di mirtillo e lampone acido\" src=\"https:\/\/i0.wp.com\/www.disposablevapeswholesale.com\/wp-content\/uploads\/2022\/08\/VAPEAK-600-Puffs-Disposable-Vape-Wholesale-Blueberry-Sour-Raspberry-Flavors.jpg?resize=800%2C800&#038;ssl=1\" alt=\"VAPEAK 600 Puffs Vape monouso all&#039;ingrosso Sapori di mirtillo e lampone acido\" width=\"800\" height=\"800\" \/><\/a> <a href=\"https:\/\/i0.wp.com\/www.disposablevapeswholesale.com\/wp-content\/uploads\/2022\/08\/VAPEAK-600-Puffs-Disposable-Vape-Wholesale-Blue-Razz-Lemonade-Flavors.jpg?ssl=1\" target=\"_blank\" rel=\"noopener\"><img data-recalc-dims=\"1\" loading=\"lazy\" decoding=\"async\" class=\"alignnone size-full wp-image-4840\" title=\"VAPEAK 600 Puffs usa e getta Vape all&#039;ingrosso Blue Razz Lemonade Flavors\" src=\"https:\/\/i0.wp.com\/www.disposablevapeswholesale.com\/wp-content\/uploads\/2022\/08\/VAPEAK-600-Puffs-Disposable-Vape-Wholesale-Blue-Razz-Lemonade-Flavors.jpg?resize=800%2C800&#038;ssl=1\" alt=\"VAPEAK 600 Puffs usa e getta Vape all&#039;ingrosso Blue Razz Lemonade Flavors\" width=\"800\" height=\"800\" \/><\/a> <a href=\"https:\/\/i0.wp.com\/www.disposablevapeswholesale.com\/wp-content\/uploads\/2022\/08\/VAPEAK-600-Puffs-Disposable-Vape-Wholesale-3-Flavors.jpg?ssl=1\" target=\"_blank\" rel=\"noopener\"><img data-recalc-dims=\"1\" loading=\"lazy\" decoding=\"async\" class=\"alignnone size-full wp-image-4838\" title=\"VAPEAK 600 bocconcini monouso per vape all&#039;ingrosso 3 gusti\" src=\"https:\/\/i0.wp.com\/www.disposablevapeswholesale.com\/wp-content\/uploads\/2022\/08\/VAPEAK-600-Puffs-Disposable-Vape-Wholesale-3-Flavors.jpg?resize=800%2C800&#038;ssl=1\" alt=\"VAPEAK 600 bocconcini monouso per vape all&#039;ingrosso 3 gusti\" width=\"800\" height=\"800\" \/><\/a> <a href=\"https:\/\/i0.wp.com\/www.disposablevapeswholesale.com\/wp-content\/uploads\/2022\/08\/VAPEAK-600-Puffs-Disposable-Vape-Wholesale.jpg?ssl=1\" target=\"_blank\" rel=\"noopener\"><img data-recalc-dims=\"1\" loading=\"lazy\" decoding=\"async\" class=\"alignnone size-full wp-image-4860\" title=\"VAPEAK 600 boccate di vapore monouso all&#039;ingrosso\" src=\"https:\/\/i0.wp.com\/www.disposablevapeswholesale.com\/wp-content\/uploads\/2022\/08\/VAPEAK-600-Puffs-Disposable-Vape-Wholesale.jpg?resize=800%2C728&#038;ssl=1\" alt=\"VAPEAK 600 boccate di vapore monouso all&#039;ingrosso\" width=\"800\" height=\"728\" \/><\/a> <a href=\"https:\/\/i0.wp.com\/www.disposablevapeswholesale.com\/wp-content\/uploads\/2022\/08\/VAPEAK-600-Puffs-Disposable-Vape-Wholesale-Flavors.jpg?ssl=1\" target=\"_blank\" rel=\"noopener\"><img data-recalc-dims=\"1\" loading=\"lazy\" decoding=\"async\" class=\"alignnone size-full wp-image-4845\" title=\"VAPEAK 600 Puffs Vape monouso Sapori all&#039;ingrosso\" src=\"https:\/\/i0.wp.com\/www.disposablevapeswholesale.com\/wp-content\/uploads\/2022\/08\/VAPEAK-600-Puffs-Disposable-Vape-Wholesale-Flavors.jpg?resize=800%2C723&#038;ssl=1\" alt=\"VAPEAK 600 Puffs Vape monouso Sapori all&#039;ingrosso\" width=\"800\" height=\"723\" \/><\/a><\/p>\n<p><a href=\"https:\/\/i0.wp.com\/www.disposablevapeswholesale.com\/wp-content\/uploads\/2022\/08\/VAPEAK-600-Puffs-Disposable-Vape-Wholesale-Watermelon-Ice.jpg?ssl=1\" target=\"_blank\" rel=\"noopener\"><img data-recalc-dims=\"1\" loading=\"lazy\" decoding=\"async\" class=\"alignnone size-full wp-image-4859\" title=\"VAPEAK 600 boccate di vapore monouso all&#039;ingrosso Watermelon Ice\" src=\"https:\/\/i0.wp.com\/www.disposablevapeswholesale.com\/wp-content\/uploads\/2022\/08\/VAPEAK-600-Puffs-Disposable-Vape-Wholesale-Watermelon-Ice.jpg?resize=800%2C800&#038;ssl=1\" alt=\"VAPEAK 600 boccate di vapore monouso all&#039;ingrosso Watermelon Ice\" width=\"800\" height=\"800\" \/><\/a> <a href=\"https:\/\/i0.wp.com\/www.disposablevapeswholesale.com\/wp-content\/uploads\/2022\/08\/VAPEAK-600-Puffs-Disposable-Vape-Wholesale-Strawberry-Kiwi.jpg?ssl=1\" target=\"_blank\" rel=\"noopener\"><img data-recalc-dims=\"1\" loading=\"lazy\" decoding=\"async\" class=\"alignnone size-full wp-image-4857\" title=\"VAPEAK 600 bocconcini monouso all&#039;ingrosso Fragola Kiwi\" src=\"https:\/\/i0.wp.com\/www.disposablevapeswholesale.com\/wp-content\/uploads\/2022\/08\/VAPEAK-600-Puffs-Disposable-Vape-Wholesale-Strawberry-Kiwi.jpg?resize=800%2C800&#038;ssl=1\" alt=\"VAPEAK 600 bocconcini monouso all&#039;ingrosso Fragola Kiwi\" width=\"800\" height=\"800\" \/><\/a> <a href=\"https:\/\/i0.wp.com\/www.disposablevapeswholesale.com\/wp-content\/uploads\/2022\/08\/VAPEAK-600-Puffs-Disposable-Vape-Wholesale-Strawberry-Ice-Cream.jpg?ssl=1\" target=\"_blank\" rel=\"noopener\"><img data-recalc-dims=\"1\" loading=\"lazy\" decoding=\"async\" class=\"alignnone size-full wp-image-4856\" title=\"VAPEAK 600 Puffs Vape monouso all&#039;ingrosso Gelato alla fragola\" src=\"https:\/\/i0.wp.com\/www.disposablevapeswholesale.com\/wp-content\/uploads\/2022\/08\/VAPEAK-600-Puffs-Disposable-Vape-Wholesale-Strawberry-Ice-Cream.jpg?resize=800%2C800&#038;ssl=1\" alt=\"VAPEAK 600 Puffs Vape monouso all&#039;ingrosso Gelato alla fragola\" width=\"800\" height=\"800\" \/><\/a> <a href=\"https:\/\/i0.wp.com\/www.disposablevapeswholesale.com\/wp-content\/uploads\/2022\/08\/VAPEAK-600-Puffs-Disposable-Vape-Wholesale-Pink-Lemonade.jpg?ssl=1\" target=\"_blank\" rel=\"noopener\"><img data-recalc-dims=\"1\" loading=\"lazy\" decoding=\"async\" class=\"alignnone size-full wp-image-4855\" title=\"VAPEAK 600 boccate di vapore monouso all&#039;ingrosso Limonata rosa\" src=\"https:\/\/i0.wp.com\/www.disposablevapeswholesale.com\/wp-content\/uploads\/2022\/08\/VAPEAK-600-Puffs-Disposable-Vape-Wholesale-Pink-Lemonade.jpg?resize=800%2C800&#038;ssl=1\" alt=\"VAPEAK 600 boccate di vapore monouso all&#039;ingrosso Limonata rosa\" width=\"800\" height=\"800\" \/><\/a> <a href=\"https:\/\/i0.wp.com\/www.disposablevapeswholesale.com\/wp-content\/uploads\/2022\/08\/VAPEAK-600-Puffs-Disposable-Vape-Wholesale-Pineapple-Peach-Mango.jpg?ssl=1\" target=\"_blank\" rel=\"noopener\"><img data-recalc-dims=\"1\" loading=\"lazy\" decoding=\"async\" class=\"alignnone size-full wp-image-4854\" title=\"VAPEAK 600 boccate di vapore monouso all&#039;ingrosso Ananas Pesca Mango\" src=\"https:\/\/i0.wp.com\/www.disposablevapeswholesale.com\/wp-content\/uploads\/2022\/08\/VAPEAK-600-Puffs-Disposable-Vape-Wholesale-Pineapple-Peach-Mango.jpg?resize=800%2C800&#038;ssl=1\" alt=\"VAPEAK 600 boccate di vapore monouso all&#039;ingrosso Ananas Pesca Mango\" width=\"800\" height=\"800\" \/><\/a> <a href=\"https:\/\/i0.wp.com\/www.disposablevapeswholesale.com\/wp-content\/uploads\/2022\/08\/VAPEAK-600-Puffs-Disposable-Vape-Wholesale-Mixed-Berry.jpg?ssl=1\" target=\"_blank\" rel=\"noopener\"><img data-recalc-dims=\"1\" loading=\"lazy\" decoding=\"async\" class=\"alignnone size-full wp-image-4852\" title=\"VAPEAK 600 boccate di vapore monouso all&#039;ingrosso Bacche miste\" src=\"https:\/\/i0.wp.com\/www.disposablevapeswholesale.com\/wp-content\/uploads\/2022\/08\/VAPEAK-600-Puffs-Disposable-Vape-Wholesale-Mixed-Berry.jpg?resize=800%2C800&#038;ssl=1\" alt=\"VAPEAK 600 boccate di vapore monouso all&#039;ingrosso Bacche miste\" width=\"800\" height=\"800\" \/><\/a> <a href=\"https:\/\/i0.wp.com\/www.disposablevapeswholesale.com\/wp-content\/uploads\/2022\/08\/VAPEAK-600-Puffs-Disposable-Vape-Wholesale-Mango-Ice.jpg?ssl=1\" target=\"_blank\" rel=\"noopener\"><img data-recalc-dims=\"1\" loading=\"lazy\" decoding=\"async\" class=\"alignnone size-full wp-image-4849\" title=\"VAPEAK 600 boccate di vapore monouso all&#039;ingrosso Mango Ice\" src=\"https:\/\/i0.wp.com\/www.disposablevapeswholesale.com\/wp-content\/uploads\/2022\/08\/VAPEAK-600-Puffs-Disposable-Vape-Wholesale-Mango-Ice.jpg?resize=800%2C800&#038;ssl=1\" alt=\"VAPEAK 600 boccate di vapore monouso all&#039;ingrosso Mango Ice\" width=\"800\" height=\"800\" \/><\/a> <a href=\"https:\/\/i0.wp.com\/www.disposablevapeswholesale.com\/wp-content\/uploads\/2022\/08\/VAPEAK-600-Puffs-Disposable-Vape-Wholesale-Grape-Ice.jpg?ssl=1\" target=\"_blank\" rel=\"noopener\"><img data-recalc-dims=\"1\" loading=\"lazy\" decoding=\"async\" class=\"alignnone size-full wp-image-4847\" title=\"VAPEAK 600 boccate di vapore monouso all&#039;ingrosso Grape Ice\" src=\"https:\/\/i0.wp.com\/www.disposablevapeswholesale.com\/wp-content\/uploads\/2022\/08\/VAPEAK-600-Puffs-Disposable-Vape-Wholesale-Grape-Ice.jpg?resize=800%2C800&#038;ssl=1\" alt=\"VAPEAK 600 boccate di vapore monouso all&#039;ingrosso Grape Ice\" width=\"800\" height=\"800\" \/><\/a> <a href=\"https:\/\/i0.wp.com\/www.disposablevapeswholesale.com\/wp-content\/uploads\/2022\/08\/VAPEAK-600-Puffs-Disposable-Vape-Wholesale-Blueberry-Sour-Raspberry.jpg?ssl=1\" target=\"_blank\" rel=\"noopener\"><img data-recalc-dims=\"1\" loading=\"lazy\" decoding=\"async\" class=\"alignnone size-full wp-image-4843\" title=\"VAPEAK 600 boccate di vapore monouso all&#039;ingrosso Mirtillo Lampone Acido\" src=\"https:\/\/i0.wp.com\/www.disposablevapeswholesale.com\/wp-content\/uploads\/2022\/08\/VAPEAK-600-Puffs-Disposable-Vape-Wholesale-Blueberry-Sour-Raspberry.jpg?resize=800%2C800&#038;ssl=1\" alt=\"VAPEAK 600 boccate di vapore monouso all&#039;ingrosso Mirtillo Lampone Acido\" width=\"800\" height=\"800\" \/><\/a> <a href=\"https:\/\/i0.wp.com\/www.disposablevapeswholesale.com\/wp-content\/uploads\/2022\/08\/VAPEAK-600-Puffs-Disposable-Vape-Wholesale-Blue-Razz-Lemonade.jpg?ssl=1\" target=\"_blank\" rel=\"noopener\"><img data-recalc-dims=\"1\" loading=\"lazy\" decoding=\"async\" class=\"alignnone size-full wp-image-4841\" title=\"VAPEAK 600 boccate di vapore monouso all&#039;ingrosso Blue Razz Lemonade\" src=\"https:\/\/i0.wp.com\/www.disposablevapeswholesale.com\/wp-content\/uploads\/2022\/08\/VAPEAK-600-Puffs-Disposable-Vape-Wholesale-Blue-Razz-Lemonade.jpg?resize=800%2C800&#038;ssl=1\" alt=\"VAPEAK 600 boccate di vapore monouso all&#039;ingrosso Blue Razz Lemonade\" width=\"800\" height=\"800\" \/><\/a><\/p>","protected":false},"excerpt":{"rendered":"<p>VAPEAK 600 Puffs Disposable Vape Wholesale \u00e8 caratterizzato da un design compatto, colpi di gola morbidi e un funzionamento senza problemi, che lo rendono perfetto per una svapata facile e veloce.<\/p>","protected":false},"featured_media":1378,"comment_status":"closed","ping_status":"closed","template":"","meta":[],"product_brand":[],"product_cat":[22],"product_tag":[283,51,284,256],"class_list":{"0":"post-1194","1":"product","2":"type-product","3":"status-publish","4":"has-post-thumbnail","6":"product_cat-disposable-vape-sticks","7":"product_tag-600-puffs","8":"product_tag-disposable-vape","9":"product_tag-vapeak","10":"product_tag-wholesale","12":"first","13":"instock","14":"shipping-taxable","15":"purchasable","16":"product-type-simple"},"jetpack_sharing_enabled":true,"tiered_pricing_type":"fixed","tiered_pricing_fixed_rules":{"5000":8,"10000":7,"50000":6},"tiered_pricing_product_settings":{"layout":"default","base_unit_name":{"singular":null,"plural":null},"default_variation":null},"tiered_pricing_minimum_quantity":60,"tiered_pricing_roles_data":[],"tiered_pricing_percentage_rules":[],"tiered_pricing_maximum_quantity":null,"tiered_pricing_quantity_step":null,"_links":{"self":[{"href":"https:\/\/cloudsupplyvapes.com\/it\/wp-json\/wp\/v2\/product\/1194","targetHints":{"allow":["GET"]}}],"collection":[{"href":"https:\/\/cloudsupplyvapes.com\/it\/wp-json\/wp\/v2\/product"}],"about":[{"href":"https:\/\/cloudsupplyvapes.com\/it\/wp-json\/wp\/v2\/types\/product"}],"replies":[{"embeddable":true,"href":"https:\/\/cloudsupplyvapes.com\/it\/wp-json\/wp\/v2\/comments?post=1194"}],"wp:featuredmedia":[{"embeddable":true,"href":"https:\/\/cloudsupplyvapes.com\/it\/wp-json\/wp\/v2\/media\/1378"}],"wp:attachment":[{"href":"https:\/\/cloudsupplyvapes.com\/it\/wp-json\/wp\/v2\/media?parent=1194"}],"wp:term":[{"taxonomy":"product_brand","embeddable":true,"href":"https:\/\/cloudsupplyvapes.com\/it\/wp-json\/wp\/v2\/product_brand?post=1194"},{"taxonomy":"product_cat","embeddable":true,"href":"https:\/\/cloudsupplyvapes.com\/it\/wp-json\/wp\/v2\/product_cat?post=1194"},{"taxonomy":"product_tag","embeddable":true,"href":"https:\/\/cloudsupplyvapes.com\/it\/wp-json\/wp\/v2\/product_tag?post=1194"}],"curies":[{"name":"wp","href":"https:\/\/api.w.org\/{rel}","templated":true}]}}