{"id":1203,"date":"2024-10-19T02:18:24","date_gmt":"2024-10-19T02:18:24","guid":{"rendered":"https:\/\/cloudsupplyvapes.com\/?post_type=product&#038;p=1203"},"modified":"2024-11-26T08:38:29","modified_gmt":"2024-11-26T08:38:29","slug":"-50","status":"publish","type":"product","link":"https:\/\/cloudsupplyvapes.com\/it\/product\/ovns-08-2500-puffs-disposable-vape-wholesale\/","title":{"rendered":"OVNS 08 2500 soffi usa e getta Vape all'ingrosso Vape leggero e amichevole per principianti"},"content":{"rendered":"<p>OVNS 08 \u00e8 un vape usa e getta dal design unico, con una batteria integrata ad alta capacit\u00e0 da 1150 mAh, una capacit\u00e0 di 8 ml di olio e-liquid e la possibilit\u00e0 di svapare 2500 boccate con una variet\u00e0 di aromi tra cui scegliere.<\/p>\n<p>&nbsp;<\/p>\n<h2>OVNS 08 2500 Vape monouso Specifiche:<\/h2>\n<p>Marchio: OVNS<\/p>\n<p>Bign\u00e8: sono disponibili 2500 bign\u00e8 per dispositivo.<\/p>\n<p>Nicotina: 5%<\/p>\n<p>Capacit\u00e0 del succo elettronico: 8ML<\/p>\n<p>Batteria: 1150 mAh<\/p>\n<p>Resistenza: bobina a maglie da 1,0\u03a9<\/p>\n<p>&nbsp;<\/p>\n<h2>I sapori<\/h2>\n<p>Ghiaccio all'uva Razz<\/p>\n<p>Ghiaccio lussureggiante<\/p>\n<p>Mirtillo<\/p>\n<p>Ghiaccio alla banana<\/p>\n<p>Bacche miste<\/p>\n<p>Ghiaccio all'arancia e pesca<\/p>\n<p>Ananas e cocco<\/p>\n<p>Ghiaccio all'ananas<\/p>\n<p>Anguria alla fragola<\/p>\n<p>Mango<\/p>\n<p>Blu Razz Limone<\/p>\n<p>Filo interdentale alla fragola<\/p>\n<p>Anguria Ciliegia<\/p>\n<p>&nbsp;<\/p>\n<h2>Imballaggio e peso<\/h2>\n<p>0,065KG\/PCS, singolo con confezione piccola, 10 pezzi in scatola media.<\/p>\n<p>300PCS in cartone master, 19,3KG.<\/p>\n<p><a href=\"https:\/\/i0.wp.com\/www.disposablevapeswholesale.com\/wp-content\/uploads\/2022\/08\/OVNS-08-2500-Puffs-Disposable-Vape-Wholesale-All-Flavors.jpg?ssl=1\" target=\"_blank\" rel=\"noopener\"><img data-recalc-dims=\"1\" loading=\"lazy\" decoding=\"async\" class=\"alignnone size-full wp-image-4459\" title=\"OVNS 08 2500 soffi di vapore monouso all&#039;ingrosso Tutti i gusti\" src=\"https:\/\/i0.wp.com\/www.disposablevapeswholesale.com\/wp-content\/uploads\/2022\/08\/OVNS-08-2500-Puffs-Disposable-Vape-Wholesale-All-Flavors.jpg?resize=800%2C450&#038;ssl=1\" alt=\"OVNS 08 2500 soffi di vapore monouso all&#039;ingrosso Tutti i gusti\" width=\"800\" height=\"450\" \/><\/a> <a href=\"https:\/\/i0.wp.com\/www.disposablevapeswholesale.com\/wp-content\/uploads\/2022\/08\/OVNS-08-2500-Puffs-Disposable-Vape-Wholesale-6-Flavors.jpg?ssl=1\" target=\"_blank\" rel=\"noopener\"><img data-recalc-dims=\"1\" loading=\"lazy\" decoding=\"async\" class=\"alignnone size-full wp-image-4458\" title=\"OVNS 08 2500 soffi di vapore monouso all&#039;ingrosso 6 gusti\" src=\"https:\/\/i0.wp.com\/www.disposablevapeswholesale.com\/wp-content\/uploads\/2022\/08\/OVNS-08-2500-Puffs-Disposable-Vape-Wholesale-6-Flavors.jpg?resize=800%2C591&#038;ssl=1\" alt=\"OVNS 08 2500 soffi di vapore monouso all&#039;ingrosso 6 gusti\" width=\"800\" height=\"591\" \/><\/a> <a href=\"https:\/\/i0.wp.com\/www.disposablevapeswholesale.com\/wp-content\/uploads\/2022\/08\/OVNS-08-2500-Puffs-Disposable-Vape-Wholesale-Flavors.jpg?ssl=1\" target=\"_blank\" rel=\"noopener\"><img data-recalc-dims=\"1\" loading=\"lazy\" decoding=\"async\" class=\"alignnone size-full wp-image-4471\" title=\"OVNS 08 2500 Puffs Vape usa e getta Sapori all&#039;ingrosso\" src=\"https:\/\/i0.wp.com\/www.disposablevapeswholesale.com\/wp-content\/uploads\/2022\/08\/OVNS-08-2500-Puffs-Disposable-Vape-Wholesale-Flavors.jpg?resize=800%2C580&#038;ssl=1\" alt=\"OVNS 08 2500 Puffs Vape usa e getta Sapori all&#039;ingrosso\" width=\"800\" height=\"580\" \/><\/a> <a href=\"https:\/\/i0.wp.com\/www.disposablevapeswholesale.com\/wp-content\/uploads\/2022\/08\/OVNS-08-2500-Puffs-Disposable-Vape-Wholesale-Describe.jpg?ssl=1\" target=\"_blank\" rel=\"noopener\"><img data-recalc-dims=\"1\" loading=\"lazy\" decoding=\"async\" class=\"alignnone size-full wp-image-4470\" title=\"OVNS 08 2500 Puffs Vape usa e getta Descrivere all&#039;ingrosso\" src=\"https:\/\/i0.wp.com\/www.disposablevapeswholesale.com\/wp-content\/uploads\/2022\/08\/OVNS-08-2500-Puffs-Disposable-Vape-Wholesale-Describe.jpg?resize=800%2C450&#038;ssl=1\" alt=\"OVNS 08 2500 Puffs Vape usa e getta Descrivere all&#039;ingrosso\" width=\"800\" height=\"450\" \/><\/a> <a href=\"https:\/\/i0.wp.com\/www.disposablevapeswholesale.com\/wp-content\/uploads\/2022\/08\/OVNS-08-2500-Puffs-Disposable-Vape-Wholesale-Blue-RazzMixed-Berry.jpg?ssl=1\" target=\"_blank\" rel=\"noopener\"><img data-recalc-dims=\"1\" loading=\"lazy\" decoding=\"async\" class=\"alignnone size-full wp-image-4468\" title=\"OVNS 08 2500 boccate di vapore monouso all&#039;ingrosso Blue RazzMixed Berry\" src=\"https:\/\/i0.wp.com\/www.disposablevapeswholesale.com\/wp-content\/uploads\/2022\/08\/OVNS-08-2500-Puffs-Disposable-Vape-Wholesale-Blue-RazzMixed-Berry.jpg?resize=800%2C450&#038;ssl=1\" alt=\"OVNS 08 2500 boccate di vapore monouso all&#039;ingrosso Blue RazzMixed Berry\" width=\"800\" height=\"450\" \/><\/a> <a href=\"https:\/\/i0.wp.com\/www.disposablevapeswholesale.com\/wp-content\/uploads\/2022\/08\/OVNS-08-2500-Puffs-Disposable-Vape-Wholesale-Blue-RazzMixed-Berry-Describe.jpg?ssl=1\" target=\"_blank\" rel=\"noopener\"><img data-recalc-dims=\"1\" loading=\"lazy\" decoding=\"async\" class=\"alignnone size-full wp-image-4466\" title=\"OVNS 08 2500 Puffs Vape monouso all&#039;ingrosso Blue RazzMixed Berry Descrivere\" src=\"https:\/\/i0.wp.com\/www.disposablevapeswholesale.com\/wp-content\/uploads\/2022\/08\/OVNS-08-2500-Puffs-Disposable-Vape-Wholesale-Blue-RazzMixed-Berry-Describe.jpg?resize=800%2C450&#038;ssl=1\" alt=\"OVNS 08 2500 Puffs Vape monouso all&#039;ingrosso Blue RazzMixed Berry Descrivere\" width=\"800\" height=\"450\" \/><\/a> <a href=\"https:\/\/i0.wp.com\/www.disposablevapeswholesale.com\/wp-content\/uploads\/2022\/08\/OVNS-08-2500-Puffs-Disposable-Vape-Wholesale-Blue-Razz-Lemon-Describe.jpg?ssl=1\" target=\"_blank\" rel=\"noopener\"><img data-recalc-dims=\"1\" loading=\"lazy\" decoding=\"async\" class=\"alignnone size-full wp-image-4462\" title=\"OVNS 08 2500 Puffs Vape monouso all&#039;ingrosso Blue Razz Lemon Describe\" src=\"https:\/\/i0.wp.com\/www.disposablevapeswholesale.com\/wp-content\/uploads\/2022\/08\/OVNS-08-2500-Puffs-Disposable-Vape-Wholesale-Blue-Razz-Lemon-Describe.jpg?resize=800%2C450&#038;ssl=1\" alt=\"OVNS 08 2500 Puffs Vape monouso all&#039;ingrosso Blue Razz Lemon Describe\" width=\"800\" height=\"450\" \/><\/a> <a href=\"https:\/\/i0.wp.com\/www.disposablevapeswholesale.com\/wp-content\/uploads\/2022\/08\/OVNS-08-2500-Puffs-Disposable-Vape-Wholesale-Battery.jpg?ssl=1\" target=\"_blank\" rel=\"noopener\"><img data-recalc-dims=\"1\" loading=\"lazy\" decoding=\"async\" class=\"alignnone size-full wp-image-4461\" title=\"OVNS 08 2500 boccate di vapore monouso Batteria all&#039;ingrosso\" src=\"https:\/\/i0.wp.com\/www.disposablevapeswholesale.com\/wp-content\/uploads\/2022\/08\/OVNS-08-2500-Puffs-Disposable-Vape-Wholesale-Battery.jpg?resize=800%2C450&#038;ssl=1\" alt=\"OVNS 08 2500 boccate di vapore monouso Batteria all&#039;ingrosso\" width=\"800\" height=\"450\" \/><\/a> <a href=\"https:\/\/i0.wp.com\/www.disposablevapeswholesale.com\/wp-content\/uploads\/2022\/08\/OVNS-08-2500-Puffs-Disposable-Vape-Wholesale.jpg?ssl=1\" target=\"_blank\" rel=\"noopener\"><img data-recalc-dims=\"1\" loading=\"lazy\" decoding=\"async\" class=\"alignnone size-full wp-image-4482\" title=\"OVNS 08 2500 boccate di vapore monouso all&#039;ingrosso\" src=\"https:\/\/i0.wp.com\/www.disposablevapeswholesale.com\/wp-content\/uploads\/2022\/08\/OVNS-08-2500-Puffs-Disposable-Vape-Wholesale.jpg?resize=800%2C450&#038;ssl=1\" alt=\"OVNS 08 2500 boccate di vapore monouso all&#039;ingrosso\" width=\"800\" height=\"450\" \/><\/a><\/p>\n<p><a href=\"https:\/\/i0.wp.com\/www.disposablevapeswholesale.com\/wp-content\/uploads\/2022\/08\/OVNS-08-2500-Puffs-Disposable-Vape-Wholesale-Blue-RazzMixed-Berry-Flavors.jpg?ssl=1\" target=\"_blank\" rel=\"noopener\"><img data-recalc-dims=\"1\" loading=\"lazy\" decoding=\"async\" class=\"alignnone size-full wp-image-4467\" title=\"OVNS 08 2500 Puffs Vape monouso all&#039;ingrosso Blue RazzSapori di bacche miste\" src=\"https:\/\/i0.wp.com\/www.disposablevapeswholesale.com\/wp-content\/uploads\/2022\/08\/OVNS-08-2500-Puffs-Disposable-Vape-Wholesale-Blue-RazzMixed-Berry-Flavors.jpg?resize=800%2C800&#038;ssl=1\" alt=\"OVNS 08 2500 Puffs Vape monouso all&#039;ingrosso Blue RazzSapori di bacche miste\" width=\"800\" height=\"800\" \/><\/a> <a href=\"https:\/\/i0.wp.com\/www.disposablevapeswholesale.com\/wp-content\/uploads\/2022\/08\/OVNS-08-2500-Puffs-Disposable-Vape-Wholesale-Blue-Razz-Lemon-Flavors.jpg?ssl=1\" target=\"_blank\" rel=\"noopener\"><img data-recalc-dims=\"1\" loading=\"lazy\" decoding=\"async\" class=\"alignnone size-full wp-image-4463\" title=\"OVNS 08 2500 Puffs usa e getta Vape all&#039;ingrosso Blue Razz Lemon Flavors\" src=\"https:\/\/i0.wp.com\/www.disposablevapeswholesale.com\/wp-content\/uploads\/2022\/08\/OVNS-08-2500-Puffs-Disposable-Vape-Wholesale-Blue-Razz-Lemon-Flavors.jpg?resize=800%2C800&#038;ssl=1\" alt=\"OVNS 08 2500 Puffs usa e getta Vape all&#039;ingrosso Blue Razz Lemon Flavors\" width=\"800\" height=\"800\" \/><\/a> <a href=\"https:\/\/i0.wp.com\/www.disposablevapeswholesale.com\/wp-content\/uploads\/2022\/08\/OVNS-08-2500-Puffs-Disposable-Vape-Wholesale-4-Flavors.jpg?ssl=1\" target=\"_blank\" rel=\"noopener\"><img data-recalc-dims=\"1\" loading=\"lazy\" decoding=\"async\" class=\"alignnone size-full wp-image-4457\" title=\"OVNS 08 2500 soffi di vapore monouso all&#039;ingrosso 4 gusti\" src=\"https:\/\/i0.wp.com\/www.disposablevapeswholesale.com\/wp-content\/uploads\/2022\/08\/OVNS-08-2500-Puffs-Disposable-Vape-Wholesale-4-Flavors.jpg?resize=800%2C800&#038;ssl=1\" alt=\"OVNS 08 2500 soffi di vapore monouso all&#039;ingrosso 4 gusti\" width=\"800\" height=\"800\" \/><\/a> <a href=\"https:\/\/i0.wp.com\/www.disposablevapeswholesale.com\/wp-content\/uploads\/2022\/08\/OVNS-08-2500-Puffs-Disposable-Vape-Wholesale-2-Flavors.jpg?ssl=1\" target=\"_blank\" rel=\"noopener\"><img data-recalc-dims=\"1\" loading=\"lazy\" decoding=\"async\" class=\"alignnone size-full wp-image-4456\" title=\"OVNS 08 2500 soffi di vapore monouso all&#039;ingrosso 2 gusti\" src=\"https:\/\/i0.wp.com\/www.disposablevapeswholesale.com\/wp-content\/uploads\/2022\/08\/OVNS-08-2500-Puffs-Disposable-Vape-Wholesale-2-Flavors.jpg?resize=800%2C800&#038;ssl=1\" alt=\"OVNS 08 2500 soffi di vapore monouso all&#039;ingrosso 2 gusti\" width=\"800\" height=\"800\" \/><\/a> <a href=\"https:\/\/i0.wp.com\/www.disposablevapeswholesale.com\/wp-content\/uploads\/2022\/08\/OVNS-08-2500-Puffs-Disposable-Vape-Wholesale-Watermelon-Cherry.jpg?ssl=1\" target=\"_blank\" rel=\"noopener\"><img data-recalc-dims=\"1\" loading=\"lazy\" decoding=\"async\" class=\"alignnone size-full wp-image-4481\" title=\"OVNS 08 2500 boccate di vapore usa e getta all&#039;ingrosso Ciliegia d&#039;anguria\" src=\"https:\/\/i0.wp.com\/www.disposablevapeswholesale.com\/wp-content\/uploads\/2022\/08\/OVNS-08-2500-Puffs-Disposable-Vape-Wholesale-Watermelon-Cherry.jpg?resize=800%2C800&#038;ssl=1\" alt=\"OVNS 08 2500 boccate di vapore usa e getta all&#039;ingrosso Ciliegia d&#039;anguria\" width=\"800\" height=\"800\" \/><\/a> <a href=\"https:\/\/i0.wp.com\/www.disposablevapeswholesale.com\/wp-content\/uploads\/2022\/08\/OVNS-08-2500-Puffs-Disposable-Vape-Wholesale-Strawberry-Watermelon.jpg?ssl=1\" target=\"_blank\" rel=\"noopener\"><img data-recalc-dims=\"1\" loading=\"lazy\" decoding=\"async\" class=\"alignnone size-full wp-image-4480\" title=\"OVNS 08 2500 boccate di vapore monouso all&#039;ingrosso di fragola e anguria\" src=\"https:\/\/i0.wp.com\/www.disposablevapeswholesale.com\/wp-content\/uploads\/2022\/08\/OVNS-08-2500-Puffs-Disposable-Vape-Wholesale-Strawberry-Watermelon.jpg?resize=800%2C800&#038;ssl=1\" alt=\"OVNS 08 2500 boccate di vapore monouso all&#039;ingrosso di fragola e anguria\" width=\"800\" height=\"800\" \/><\/a> <a href=\"https:\/\/i0.wp.com\/www.disposablevapeswholesale.com\/wp-content\/uploads\/2022\/08\/OVNS-08-2500-Puffs-Disposable-Vape-Wholesale-Strawberry-Flossin.jpg?ssl=1\" target=\"_blank\" rel=\"noopener\"><img data-recalc-dims=\"1\" loading=\"lazy\" decoding=\"async\" class=\"alignnone size-full wp-image-4479\" title=\"OVNS 08 2500 boccate di vapore monouso all&#039;ingrosso Fragola Flossin\" src=\"https:\/\/i0.wp.com\/www.disposablevapeswholesale.com\/wp-content\/uploads\/2022\/08\/OVNS-08-2500-Puffs-Disposable-Vape-Wholesale-Strawberry-Flossin.jpg?resize=800%2C800&#038;ssl=1\" alt=\"OVNS 08 2500 boccate di vapore monouso all&#039;ingrosso Fragola Flossin\" width=\"800\" height=\"800\" \/><\/a> <a href=\"https:\/\/i0.wp.com\/www.disposablevapeswholesale.com\/wp-content\/uploads\/2022\/08\/OVNS-08-2500-Puffs-Disposable-Vape-Wholesale-Pineapple-Ice.jpg?ssl=1\" target=\"_blank\" rel=\"noopener\"><img data-recalc-dims=\"1\" loading=\"lazy\" decoding=\"async\" class=\"alignnone size-full wp-image-4478\" title=\"OVNS 08 2500 boccate di vapore monouso all&#039;ingrosso Ananas Ghiaccio\" src=\"https:\/\/i0.wp.com\/www.disposablevapeswholesale.com\/wp-content\/uploads\/2022\/08\/OVNS-08-2500-Puffs-Disposable-Vape-Wholesale-Pineapple-Ice.jpg?resize=800%2C800&#038;ssl=1\" alt=\"OVNS 08 2500 boccate di vapore monouso all&#039;ingrosso Ananas Ghiaccio\" width=\"800\" height=\"800\" \/><\/a> <a href=\"https:\/\/i0.wp.com\/www.disposablevapeswholesale.com\/wp-content\/uploads\/2022\/08\/OVNS-08-2500-Puffs-Disposable-Vape-Wholesale-Pineapple-Coconut.jpg?ssl=1\" target=\"_blank\" rel=\"noopener\"><img data-recalc-dims=\"1\" loading=\"lazy\" decoding=\"async\" class=\"alignnone size-full wp-image-4477\" title=\"OVNS 08 2500 boccate di vapore monouso all&#039;ingrosso ananas cocco\" src=\"https:\/\/i0.wp.com\/www.disposablevapeswholesale.com\/wp-content\/uploads\/2022\/08\/OVNS-08-2500-Puffs-Disposable-Vape-Wholesale-Pineapple-Coconut.jpg?resize=800%2C800&#038;ssl=1\" alt=\"OVNS 08 2500 boccate di vapore monouso all&#039;ingrosso ananas cocco\" width=\"800\" height=\"800\" \/><\/a> <a href=\"https:\/\/i0.wp.com\/www.disposablevapeswholesale.com\/wp-content\/uploads\/2022\/08\/OVNS-08-2500-Puffs-Disposable-Vape-Wholesale-Orange-Peach-Ice.jpg?ssl=1\" target=\"_blank\" rel=\"noopener\"><img data-recalc-dims=\"1\" loading=\"lazy\" decoding=\"async\" class=\"alignnone size-full wp-image-4476\" title=\"OVNS 08 2500 boccate di vapore monouso all&#039;ingrosso Arancia Pesca Ghiaccio\" src=\"https:\/\/i0.wp.com\/www.disposablevapeswholesale.com\/wp-content\/uploads\/2022\/08\/OVNS-08-2500-Puffs-Disposable-Vape-Wholesale-Orange-Peach-Ice.jpg?resize=800%2C800&#038;ssl=1\" alt=\"OVNS 08 2500 boccate di vapore monouso all&#039;ingrosso Arancia Pesca Ghiaccio\" width=\"800\" height=\"800\" \/><\/a> <a href=\"https:\/\/i0.wp.com\/www.disposablevapeswholesale.com\/wp-content\/uploads\/2022\/08\/OVNS-08-2500-Puffs-Disposable-Vape-Wholesale-Mixed-Berry.jpg?ssl=1\" target=\"_blank\" rel=\"noopener\"><img data-recalc-dims=\"1\" loading=\"lazy\" decoding=\"async\" class=\"alignnone size-full wp-image-4475\" title=\"OVNS 08 2500 boccate di vapore monouso all&#039;ingrosso Bacche miste\" src=\"https:\/\/i0.wp.com\/www.disposablevapeswholesale.com\/wp-content\/uploads\/2022\/08\/OVNS-08-2500-Puffs-Disposable-Vape-Wholesale-Mixed-Berry.jpg?resize=800%2C800&#038;ssl=1\" alt=\"OVNS 08 2500 boccate di vapore monouso all&#039;ingrosso Bacche miste\" width=\"800\" height=\"800\" \/><\/a> <a href=\"https:\/\/i0.wp.com\/www.disposablevapeswholesale.com\/wp-content\/uploads\/2022\/08\/OVNS-08-2500-Puffs-Disposable-Vape-Wholesale-Mango.jpg?ssl=1\" target=\"_blank\" rel=\"noopener\"><img data-recalc-dims=\"1\" loading=\"lazy\" decoding=\"async\" class=\"alignnone size-full wp-image-4474\" title=\"OVNS 08 2500 boccate di vapore monouso all&#039;ingrosso Mango\" src=\"https:\/\/i0.wp.com\/www.disposablevapeswholesale.com\/wp-content\/uploads\/2022\/08\/OVNS-08-2500-Puffs-Disposable-Vape-Wholesale-Mango.jpg?resize=800%2C800&#038;ssl=1\" alt=\"OVNS 08 2500 boccate di vapore monouso all&#039;ingrosso Mango\" width=\"800\" height=\"800\" \/><\/a> <a href=\"https:\/\/i0.wp.com\/www.disposablevapeswholesale.com\/wp-content\/uploads\/2022\/08\/OVNS-08-2500-Puffs-Disposable-Vape-Wholesale-Lush-Ice.jpg?ssl=1\" target=\"_blank\" rel=\"noopener\"><img data-recalc-dims=\"1\" loading=\"lazy\" decoding=\"async\" class=\"alignnone size-full wp-image-4473\" title=\"OVNS 08 2500 boccate di vapore monouso all&#039;ingrosso Lush Ice\" src=\"https:\/\/i0.wp.com\/www.disposablevapeswholesale.com\/wp-content\/uploads\/2022\/08\/OVNS-08-2500-Puffs-Disposable-Vape-Wholesale-Lush-Ice.jpg?resize=800%2C800&#038;ssl=1\" alt=\"OVNS 08 2500 boccate di vapore monouso all&#039;ingrosso Lush Ice\" width=\"800\" height=\"800\" \/><\/a> <a href=\"https:\/\/i0.wp.com\/www.disposablevapeswholesale.com\/wp-content\/uploads\/2022\/08\/OVNS-08-2500-Puffs-Disposable-Vape-Wholesale-Grape-Razz-Ice.jpg?ssl=1\" target=\"_blank\" rel=\"noopener\"><img data-recalc-dims=\"1\" loading=\"lazy\" decoding=\"async\" class=\"alignnone size-full wp-image-4472\" title=\"OVNS 08 2500 boccate di vapore monouso all&#039;ingrosso Grape Razz Ice\" src=\"https:\/\/i0.wp.com\/www.disposablevapeswholesale.com\/wp-content\/uploads\/2022\/08\/OVNS-08-2500-Puffs-Disposable-Vape-Wholesale-Grape-Razz-Ice.jpg?resize=800%2C800&#038;ssl=1\" alt=\"OVNS 08 2500 boccate di vapore monouso all&#039;ingrosso Grape Razz Ice\" width=\"800\" height=\"800\" \/><\/a> <a href=\"https:\/\/i0.wp.com\/www.disposablevapeswholesale.com\/wp-content\/uploads\/2022\/08\/OVNS-08-2500-Puffs-Disposable-Vape-Wholesale-Blue-Razz-Lemon.jpg?ssl=1\" target=\"_blank\" rel=\"noopener\"><img data-recalc-dims=\"1\" loading=\"lazy\" decoding=\"async\" class=\"alignnone size-full wp-image-4464\" title=\"OVNS 08 2500 boccate di vapore monouso all&#039;ingrosso Blue Razz Lemon\" src=\"https:\/\/i0.wp.com\/www.disposablevapeswholesale.com\/wp-content\/uploads\/2022\/08\/OVNS-08-2500-Puffs-Disposable-Vape-Wholesale-Blue-Razz-Lemon.jpg?resize=800%2C800&#038;ssl=1\" alt=\"OVNS 08 2500 boccate di vapore monouso all&#039;ingrosso Blue Razz Lemon\" width=\"800\" height=\"800\" \/><\/a> <a href=\"https:\/\/i0.wp.com\/www.disposablevapeswholesale.com\/wp-content\/uploads\/2022\/08\/OVNS-08-2500-Puffs-Disposable-Vape-Wholesale-Banana-Ice.jpg?ssl=1\" target=\"_blank\" rel=\"noopener\"><img data-recalc-dims=\"1\" loading=\"lazy\" decoding=\"async\" class=\"alignnone size-full wp-image-4460\" title=\"OVNS 08 2500 boccate di vapore monouso all&#039;ingrosso Banana Ice\" src=\"https:\/\/i0.wp.com\/www.disposablevapeswholesale.com\/wp-content\/uploads\/2022\/08\/OVNS-08-2500-Puffs-Disposable-Vape-Wholesale-Banana-Ice.jpg?resize=800%2C800&#038;ssl=1\" alt=\"OVNS 08 2500 boccate di vapore monouso all&#039;ingrosso Banana Ice\" width=\"800\" height=\"800\" \/><\/a><\/p>","protected":false},"excerpt":{"rendered":"<p>OVNS 08 2500 Puffs Disposable Vape Wholesale \u00e8 adatto ai principianti e ultraportatile, offre prestazioni di vapore fluide e un funzionamento senza problemi per un comodo vaping.<\/p>","protected":false},"featured_media":1474,"comment_status":"closed","ping_status":"closed","template":"","meta":[],"product_brand":[],"product_cat":[22],"product_tag":[266,60,296,256],"class_list":{"0":"post-1203","1":"product","2":"type-product","3":"status-publish","4":"has-post-thumbnail","6":"product_cat-disposable-vape-sticks","7":"product_tag-2500-puffs","8":"product_tag-disposable-vapes","9":"product_tag-ovns-08","10":"product_tag-wholesale","12":"first","13":"instock","14":"shipping-taxable","15":"purchasable","16":"product-type-simple"},"jetpack_sharing_enabled":true,"tiered_pricing_type":"fixed","tiered_pricing_fixed_rules":{"5000":6,"10000":5,"50000":4},"tiered_pricing_product_settings":{"layout":"default","base_unit_name":{"singular":null,"plural":null},"default_variation":null},"tiered_pricing_minimum_quantity":60,"tiered_pricing_roles_data":[],"tiered_pricing_percentage_rules":[],"tiered_pricing_maximum_quantity":null,"tiered_pricing_quantity_step":null,"_links":{"self":[{"href":"https:\/\/cloudsupplyvapes.com\/it\/wp-json\/wp\/v2\/product\/1203","targetHints":{"allow":["GET"]}}],"collection":[{"href":"https:\/\/cloudsupplyvapes.com\/it\/wp-json\/wp\/v2\/product"}],"about":[{"href":"https:\/\/cloudsupplyvapes.com\/it\/wp-json\/wp\/v2\/types\/product"}],"replies":[{"embeddable":true,"href":"https:\/\/cloudsupplyvapes.com\/it\/wp-json\/wp\/v2\/comments?post=1203"}],"wp:featuredmedia":[{"embeddable":true,"href":"https:\/\/cloudsupplyvapes.com\/it\/wp-json\/wp\/v2\/media\/1474"}],"wp:attachment":[{"href":"https:\/\/cloudsupplyvapes.com\/it\/wp-json\/wp\/v2\/media?parent=1203"}],"wp:term":[{"taxonomy":"product_brand","embeddable":true,"href":"https:\/\/cloudsupplyvapes.com\/it\/wp-json\/wp\/v2\/product_brand?post=1203"},{"taxonomy":"product_cat","embeddable":true,"href":"https:\/\/cloudsupplyvapes.com\/it\/wp-json\/wp\/v2\/product_cat?post=1203"},{"taxonomy":"product_tag","embeddable":true,"href":"https:\/\/cloudsupplyvapes.com\/it\/wp-json\/wp\/v2\/product_tag?post=1203"}],"curies":[{"name":"wp","href":"https:\/\/api.w.org\/{rel}","templated":true}]}}