{"id":1605,"date":"2024-10-19T02:20:31","date_gmt":"2024-10-19T02:20:31","guid":{"rendered":"https:\/\/cloudsupplyvapes.com\/?post_type=product&#038;p=1605"},"modified":"2024-11-26T07:51:52","modified_gmt":"2024-11-26T07:51:52","slug":"-57","status":"publish","type":"product","link":"https:\/\/cloudsupplyvapes.com\/it\/product\/randm-switch-rm-2in1-2400-puffs-disposable-vape-wholesale\/","title":{"rendered":"RandM Switch 2in1 2400 boccate di vapore monouso all'ingrosso Design portatile a doppio gusto"},"content":{"rendered":"<p>RandM Switch \u00e8 un dispositivo di svapo usa e getta con funzione di commutazione del sapore, dal design elegante e semplice, batteria integrata ad alta capacit\u00e0 da 1100 mAh, capacit\u00e0 di 8 ml di olio e-liquid, fino a 2400 volte, con 6 sapori tra cui scegliere.\u00c8 possibile passare da un sapore all'altro istantaneamente tramite il pulsante nella parte inferiore del dispositivo.<\/p>\n<p>&nbsp;<\/p>\n<h2>Dispositivo monouso RandM SWITCH Caratteristiche:<\/h2>\n<p>% Sale di nicotina.<\/p>\n<p>ML di liquido elettronico.<\/p>\n<p>400 boccate per dispositivo.<\/p>\n<p>in1 Cambio di sapore<\/p>\n<p>Meccanismo di sparo attivato dal disegno.<\/p>\n<p>Batteria integrata da 1100 mAh.<\/p>\n<p>2 gusti disponibili.<\/p>\n<p>\u2611Dispositivo monouso (non ricaricabile e non ricaricabile)<\/p>\n<p>&nbsp;<\/p>\n<h2>I sapori<\/h2>\n<p>Ghiaccio al mirtillo e orsetto gommoso<\/p>\n<p>Soda all'arancia e ghiaccio al melone<\/p>\n<p>Ghiaccio all'anguria e ghiaccio alla cola<\/p>\n<p>Ghiaccio alla banana e alla mela<\/p>\n<p>Bacche miste e menta fresca<\/p>\n<p>Ciambella alla fragola e ghiaccio all'ananas<\/p>\n<p>&nbsp;<\/p>\n<h2>Imballaggio e peso<\/h2>\n<p>0,063KG\/PCS, singolo con confezione piccola, 10 pezzi in scatola media.<\/p>\n<p>300PCS in cartone master, 19KG.<\/p>\n<p>&nbsp;<\/p>\n<h2>OEM<\/h2>\n<p>Quantit\u00e0 minima ordinabile per l'OEM: 1000 PCS dello stesso sapore.<\/p>\n<p><a href=\"https:\/\/i0.wp.com\/www.disposablevapeswholesale.com\/wp-content\/uploads\/2022\/03\/RandM-Switch-RM-2in1-2400-Puffs-Disposable-Vape-Wholesale.jpg?ssl=1\" target=\"_blank\" rel=\"noopener\"><img data-recalc-dims=\"1\" loading=\"lazy\" decoding=\"async\" class=\"alignnone size-full wp-image-2186\" title=\"RandM Switch RM 2in1 2400 boccate di vapore monouso all&#039;ingrosso\" src=\"https:\/\/i0.wp.com\/www.disposablevapeswholesale.com\/wp-content\/uploads\/2022\/03\/RandM-Switch-RM-2in1-2400-Puffs-Disposable-Vape-Wholesale.jpg?resize=800%2C800&#038;ssl=1\" alt=\"RandM Switch RM 2in1 2400 boccate di vapore monouso all&#039;ingrosso\" width=\"800\" height=\"800\" \/><\/a> <a href=\"https:\/\/i0.wp.com\/www.disposablevapeswholesale.com\/wp-content\/uploads\/2022\/03\/RandM-Switch-RM-2in1-2400-Puffs-Disposable-Vape-Wholesale-Flavors.jpg?ssl=1\" target=\"_blank\" rel=\"noopener\"><img data-recalc-dims=\"1\" loading=\"lazy\" decoding=\"async\" class=\"alignnone size-full wp-image-2181\" title=\"RandM Switch RM 2in1 2400 boccate di vapore usa e getta Sapori all&#039;ingrosso\" src=\"https:\/\/i0.wp.com\/www.disposablevapeswholesale.com\/wp-content\/uploads\/2022\/03\/RandM-Switch-RM-2in1-2400-Puffs-Disposable-Vape-Wholesale-Flavors.jpg?resize=800%2C800&#038;ssl=1\" alt=\"RandM Switch RM 2in1 2400 boccate di vapore usa e getta Sapori all&#039;ingrosso\" width=\"800\" height=\"800\" \/><\/a> <a href=\"https:\/\/i0.wp.com\/www.disposablevapeswholesale.com\/wp-content\/uploads\/2022\/03\/RandM-Switch-RM-2in1-2400-Puffs-Disposable-Vape-Wholesale-6-Flavors.jpg?ssl=1\" target=\"_blank\" rel=\"noopener\"><img data-recalc-dims=\"1\" loading=\"lazy\" decoding=\"async\" class=\"alignnone size-full wp-image-2178\" title=\"RandM Switch RM 2in1 2400 boccate di vapore monouso all&#039;ingrosso 6 gusti\" src=\"https:\/\/i0.wp.com\/www.disposablevapeswholesale.com\/wp-content\/uploads\/2022\/03\/RandM-Switch-RM-2in1-2400-Puffs-Disposable-Vape-Wholesale-6-Flavors.jpg?resize=800%2C800&#038;ssl=1\" alt=\"RandM Switch RM 2in1 2400 boccate di vapore monouso all&#039;ingrosso 6 gusti\" width=\"800\" height=\"800\" \/><\/a> <a href=\"https:\/\/i0.wp.com\/www.disposablevapeswholesale.com\/wp-content\/uploads\/2022\/03\/RandM-Switch-RM-2in1-2400-Puffs-Disposable-Vape-Wholesale-Watermelon-Ice-Cola-Ice.jpg?ssl=1\" target=\"_blank\" rel=\"noopener\"><img data-recalc-dims=\"1\" loading=\"lazy\" decoding=\"async\" class=\"alignnone size-full wp-image-2185\" title=\"RandM Switch RM 2in1 2400 soffi monouso Vape all&#039;ingrosso Watermelon Ice Cola Ice\" src=\"https:\/\/i0.wp.com\/www.disposablevapeswholesale.com\/wp-content\/uploads\/2022\/03\/RandM-Switch-RM-2in1-2400-Puffs-Disposable-Vape-Wholesale-Watermelon-Ice-Cola-Ice.jpg?resize=800%2C800&#038;ssl=1\" alt=\"RandM Switch RM 2in1 2400 soffi monouso Vape all&#039;ingrosso Watermelon Ice Cola Ice\" width=\"800\" height=\"800\" \/><\/a> <a href=\"https:\/\/i0.wp.com\/www.disposablevapeswholesale.com\/wp-content\/uploads\/2022\/03\/RandM-Switch-RM-2in1-2400-Puffs-Disposable-Vape-Wholesale-Strawberry-Donut-Pineapple-Ice.jpg?ssl=1\" target=\"_blank\" rel=\"noopener\"><img data-recalc-dims=\"1\" loading=\"lazy\" decoding=\"async\" class=\"alignnone size-full wp-image-2184\" title=\"RandM Switch RM 2in1 2400 soffi monouso Vape all&#039;ingrosso Fragola Ciambella Ananas Ghiaccio\" src=\"https:\/\/i0.wp.com\/www.disposablevapeswholesale.com\/wp-content\/uploads\/2022\/03\/RandM-Switch-RM-2in1-2400-Puffs-Disposable-Vape-Wholesale-Strawberry-Donut-Pineapple-Ice.jpg?resize=800%2C800&#038;ssl=1\" alt=\"RandM Switch RM 2in1 2400 soffi monouso Vape all&#039;ingrosso Fragola Ciambella Ananas Ghiaccio\" width=\"800\" height=\"800\" \/><\/a> <a href=\"https:\/\/i0.wp.com\/www.disposablevapeswholesale.com\/wp-content\/uploads\/2022\/03\/RandM-Switch-RM-2in1-2400-Puffs-Disposable-Vape-Wholesale-Orange-Soda-Melon-Ice.jpg?ssl=1\" target=\"_blank\" rel=\"noopener\"><img data-recalc-dims=\"1\" loading=\"lazy\" decoding=\"async\" class=\"alignnone size-full wp-image-2183\" title=\"RandM Switch RM 2in1 2400 boccate di vapore monouso all&#039;ingrosso Arancione Soda Melone Ghiaccio\" src=\"https:\/\/i0.wp.com\/www.disposablevapeswholesale.com\/wp-content\/uploads\/2022\/03\/RandM-Switch-RM-2in1-2400-Puffs-Disposable-Vape-Wholesale-Orange-Soda-Melon-Ice.jpg?resize=800%2C800&#038;ssl=1\" alt=\"RandM Switch RM 2in1 2400 boccate di vapore monouso all&#039;ingrosso Arancione Soda Melone Ghiaccio\" width=\"800\" height=\"800\" \/><\/a> <a href=\"https:\/\/i0.wp.com\/www.disposablevapeswholesale.com\/wp-content\/uploads\/2022\/03\/RandM-Switch-RM-2in1-2400-Puffs-Disposable-Vape-Wholesale-Mixed-Berries-Cool-Mint.jpg?ssl=1\" target=\"_blank\" rel=\"noopener\"><img data-recalc-dims=\"1\" loading=\"lazy\" decoding=\"async\" class=\"alignnone size-full wp-image-2182\" title=\"RandM Switch RM 2in1 2400 boccate di vapore monouso all&#039;ingrosso Frutti di bosco misti Menta fresca\" src=\"https:\/\/i0.wp.com\/www.disposablevapeswholesale.com\/wp-content\/uploads\/2022\/03\/RandM-Switch-RM-2in1-2400-Puffs-Disposable-Vape-Wholesale-Mixed-Berries-Cool-Mint.jpg?resize=800%2C800&#038;ssl=1\" alt=\"RandM Switch RM 2in1 2400 boccate di vapore monouso all&#039;ingrosso Frutti di bosco misti Menta fresca\" width=\"800\" height=\"800\" \/><\/a> <a href=\"https:\/\/i0.wp.com\/www.disposablevapeswholesale.com\/wp-content\/uploads\/2022\/03\/RandM-Switch-RM-2in1-2400-Puffs-Disposable-Vape-Wholesale-Blueberry-Ice-Gummy-Bear.jpg?ssl=1\" target=\"_blank\" rel=\"noopener\"><img data-recalc-dims=\"1\" loading=\"lazy\" decoding=\"async\" class=\"alignnone size-full wp-image-2180\" title=\"RandM Switch RM 2in1 2400 soffi monouso Vape all&#039;ingrosso Blueberry Ice Gummy Bear\" src=\"https:\/\/i0.wp.com\/www.disposablevapeswholesale.com\/wp-content\/uploads\/2022\/03\/RandM-Switch-RM-2in1-2400-Puffs-Disposable-Vape-Wholesale-Blueberry-Ice-Gummy-Bear.jpg?resize=800%2C800&#038;ssl=1\" alt=\"RandM Switch RM 2in1 2400 soffi monouso Vape all&#039;ingrosso Blueberry Ice Gummy Bear\" width=\"800\" height=\"800\" \/><\/a> <a href=\"https:\/\/i0.wp.com\/www.disposablevapeswholesale.com\/wp-content\/uploads\/2022\/03\/RandM-Switch-RM-2in1-2400-Puffs-Disposable-Vape-Wholesale-Banana-Apple-Ice-Peach-Ice.jpg?ssl=1\" target=\"_blank\" rel=\"noopener\"><img data-recalc-dims=\"1\" loading=\"lazy\" decoding=\"async\" class=\"alignnone size-full wp-image-2179\" title=\"RandM Switch RM 2in1 2400 soffi monouso Vape all&#039;ingrosso Banana Mela Ghiaccio Pesca Ghiaccio\" src=\"https:\/\/i0.wp.com\/www.disposablevapeswholesale.com\/wp-content\/uploads\/2022\/03\/RandM-Switch-RM-2in1-2400-Puffs-Disposable-Vape-Wholesale-Banana-Apple-Ice-Peach-Ice.jpg?resize=800%2C800&#038;ssl=1\" alt=\"RandM Switch RM 2in1 2400 soffi monouso Vape all&#039;ingrosso Banana Mela Ghiaccio Pesca Ghiaccio\" width=\"800\" height=\"800\" \/><\/a><\/p>","protected":false},"excerpt":{"rendered":"<p>RandM Switch 2in1 2400 Puffs Disposable Vape Wholesale \u00e8 caratterizzato da opzioni a doppio gusto, un design portatile e un'erogazione di vapore fluida per un'esperienza di vaping versatile e soddisfacente.<\/p>","protected":false},"featured_media":1821,"comment_status":"closed","ping_status":"closed","template":"","meta":[],"product_brand":[],"product_cat":[22],"product_tag":[332,60,333,256],"class_list":{"0":"post-1605","1":"product","2":"type-product","3":"status-publish","4":"has-post-thumbnail","6":"product_cat-disposable-vape-sticks","7":"product_tag-2400-puffs","8":"product_tag-disposable-vapes","9":"product_tag-randm-switch-rm-2in1","10":"product_tag-wholesale","12":"first","13":"instock","14":"shipping-taxable","15":"purchasable","16":"product-type-simple"},"jetpack_sharing_enabled":true,"tiered_pricing_type":"fixed","tiered_pricing_fixed_rules":{"5000":5,"10000":4,"50000":3},"tiered_pricing_product_settings":{"layout":"default","base_unit_name":{"singular":null,"plural":null},"default_variation":null},"tiered_pricing_minimum_quantity":60,"tiered_pricing_roles_data":[],"tiered_pricing_percentage_rules":[],"tiered_pricing_maximum_quantity":null,"tiered_pricing_quantity_step":null,"_links":{"self":[{"href":"https:\/\/cloudsupplyvapes.com\/it\/wp-json\/wp\/v2\/product\/1605","targetHints":{"allow":["GET"]}}],"collection":[{"href":"https:\/\/cloudsupplyvapes.com\/it\/wp-json\/wp\/v2\/product"}],"about":[{"href":"https:\/\/cloudsupplyvapes.com\/it\/wp-json\/wp\/v2\/types\/product"}],"replies":[{"embeddable":true,"href":"https:\/\/cloudsupplyvapes.com\/it\/wp-json\/wp\/v2\/comments?post=1605"}],"wp:featuredmedia":[{"embeddable":true,"href":"https:\/\/cloudsupplyvapes.com\/it\/wp-json\/wp\/v2\/media\/1821"}],"wp:attachment":[{"href":"https:\/\/cloudsupplyvapes.com\/it\/wp-json\/wp\/v2\/media?parent=1605"}],"wp:term":[{"taxonomy":"product_brand","embeddable":true,"href":"https:\/\/cloudsupplyvapes.com\/it\/wp-json\/wp\/v2\/product_brand?post=1605"},{"taxonomy":"product_cat","embeddable":true,"href":"https:\/\/cloudsupplyvapes.com\/it\/wp-json\/wp\/v2\/product_cat?post=1605"},{"taxonomy":"product_tag","embeddable":true,"href":"https:\/\/cloudsupplyvapes.com\/it\/wp-json\/wp\/v2\/product_tag?post=1605"}],"curies":[{"name":"wp","href":"https:\/\/api.w.org\/{rel}","templated":true}]}}