{"id":1612,"date":"2024-10-19T02:20:32","date_gmt":"2024-10-19T02:20:32","guid":{"rendered":"https:\/\/cloudsupplyvapes.com\/?post_type=product&#038;p=1612"},"modified":"2024-11-26T07:51:21","modified_gmt":"2024-11-26T07:51:21","slug":"-63","status":"publish","type":"product","link":"https:\/\/cloudsupplyvapes.com\/it\/product\/randm-squid-box-5200-puffs-disposable-vape-wholesale\/","title":{"rendered":"RandM Squid Box 5200 Puffs usa e getta Vape all'ingrosso Vape compatto ad alta capacit\u00e0"},"content":{"rendered":"<p>RandM Squid Box \u00e8 un design fresco pu\u00f2 essere ricaricato dispositivo di vape usa e getta, si pu\u00f2 fumare fino a 5200 soffi, built-in 1000 mAh batteria ad alta capacit\u00e0, la capacit\u00e0 di 12 ml di e-liquido, ci sono 10 sapori tra cui scegliere.La porta ricaricabile Type-C al buttom del dispositivo gurantting si finisce l'ultima goccia di ejuice nel serbatoio tutto il tempo.<\/p>\n<p>&nbsp;<\/p>\n<h2>Dispositivo monouso RandM Squid Box Caratteristiche:<\/h2>\n<p>% Sale di nicotina.<\/p>\n<p>2ML di liquido elettronico.<\/p>\n<p>Bobina a rete<\/p>\n<p>Batteria ricaricabile<\/p>\n<p>Batteria integrata da 1000 mAh.<\/p>\n<p>0 Gusti disponibili.<\/p>\n<p>0pz in una scatola da esposizione.<\/p>\n<p>40 pezzi in un cartone.<\/p>\n<p>&nbsp;<\/p>\n<h2>I sapori<\/h2>\n<p>Fragola Kiwi<\/p>\n<p>Ghiaccio al mirtillo<\/p>\n<p>Ghiaccio lussureggiante<\/p>\n<p>Zucchero filato<\/p>\n<p>Bacche miste<\/p>\n<p>Ghiaccio alla banana<\/p>\n<p>Fragola litchi<\/p>\n<p>Menta<\/p>\n<p>Aloe Uva<\/p>\n<p>Pesca e mango<\/p>\n<p>&nbsp;<\/p>\n<h2>Imballaggio e peso<\/h2>\n<p>0,075KG\/PCS, singolo con confezione piccola, 10 pezzi in scatola media.<\/p>\n<p>240PCS in cartone master, 18KG.<\/p>\n<p>&nbsp;<\/p>\n<h2>OEM<\/h2>\n<p>Quantit\u00e0 minima ordinabile per l'OEM: 1000 PCS dello stesso sapore.<\/p>\n<p><a href=\"https:\/\/i0.wp.com\/www.disposablevapeswholesale.com\/wp-content\/uploads\/2022\/03\/RandM-Squid-Box-5200-Puffs-Disposable-Vape-Wholesale.jpg?ssl=1\" target=\"_blank\" rel=\"noopener\"><img data-recalc-dims=\"1\" loading=\"lazy\" decoding=\"async\" class=\"alignnone size-full wp-image-1974\" title=\"RandM Scatola di calamari 5200 soffi monouso Vape all&#039;ingrosso\" src=\"https:\/\/i0.wp.com\/www.disposablevapeswholesale.com\/wp-content\/uploads\/2022\/03\/RandM-Squid-Box-5200-Puffs-Disposable-Vape-Wholesale.jpg?resize=800%2C800&#038;ssl=1\" alt=\"RandM Scatola di calamari 5200 soffi monouso Vape all&#039;ingrosso\" width=\"800\" height=\"800\" \/><\/a> <a href=\"https:\/\/i0.wp.com\/www.disposablevapeswholesale.com\/wp-content\/uploads\/2022\/03\/RandM-Squid-Box-5200-Puffs-Disposable-Vape-Wholesale-10-Flavors.jpg?ssl=1\" target=\"_blank\" rel=\"noopener\"><img data-recalc-dims=\"1\" loading=\"lazy\" decoding=\"async\" class=\"alignnone size-full wp-image-1962\" title=\"RandM Squid Box 5200 Puffs usa e getta Vape all&#039;ingrosso 10 gusti\" src=\"https:\/\/i0.wp.com\/www.disposablevapeswholesale.com\/wp-content\/uploads\/2022\/03\/RandM-Squid-Box-5200-Puffs-Disposable-Vape-Wholesale-10-Flavors.jpg?resize=800%2C800&#038;ssl=1\" alt=\"RandM Squid Box 5200 Puffs usa e getta Vape all&#039;ingrosso 10 gusti\" width=\"800\" height=\"800\" \/><\/a> <a href=\"https:\/\/i0.wp.com\/www.disposablevapeswholesale.com\/wp-content\/uploads\/2022\/03\/RandM-Squid-Box-5200-Puffs-Disposable-Vape-Wholesale-Flavors.jpg?ssl=1\" target=\"_blank\" rel=\"noopener\"><img data-recalc-dims=\"1\" loading=\"lazy\" decoding=\"async\" class=\"alignnone size-full wp-image-1967\" title=\"RandM Squid Box 5200 Puff monouso Vape Sapori all&#039;ingrosso\" src=\"https:\/\/i0.wp.com\/www.disposablevapeswholesale.com\/wp-content\/uploads\/2022\/03\/RandM-Squid-Box-5200-Puffs-Disposable-Vape-Wholesale-Flavors.jpg?resize=800%2C800&#038;ssl=1\" alt=\"RandM Squid Box 5200 Puff monouso Vape Sapori all&#039;ingrosso\" width=\"800\" height=\"800\" \/><\/a> <a href=\"https:\/\/i0.wp.com\/www.disposablevapeswholesale.com\/wp-content\/uploads\/2022\/03\/RandM-Squid-Box-5200-Puffs-Disposable-Vape-Wholesale-Strawberry-Lychee.jpg?ssl=1\" target=\"_blank\" rel=\"noopener\"><img data-recalc-dims=\"1\" loading=\"lazy\" decoding=\"async\" class=\"alignnone size-full wp-image-1973\" title=\"RandM Squid Box 5200 Puffs usa e getta Vape all&#039;ingrosso Fragola Litchi\" src=\"https:\/\/i0.wp.com\/www.disposablevapeswholesale.com\/wp-content\/uploads\/2022\/03\/RandM-Squid-Box-5200-Puffs-Disposable-Vape-Wholesale-Strawberry-Lychee.jpg?resize=800%2C800&#038;ssl=1\" alt=\"RandM Squid Box 5200 Puffs usa e getta Vape all&#039;ingrosso Fragola Litchi\" width=\"800\" height=\"800\" \/><\/a> <a href=\"https:\/\/i0.wp.com\/www.disposablevapeswholesale.com\/wp-content\/uploads\/2022\/03\/RandM-Squid-Box-5200-Puffs-Disposable-Vape-Wholesale-Strawberry-Kiwi.jpg?ssl=1\" target=\"_blank\" rel=\"noopener\"><img data-recalc-dims=\"1\" loading=\"lazy\" decoding=\"async\" class=\"alignnone size-full wp-image-1972\" title=\"RandM Squid Box 5200 Puffs usa e getta Vape all&#039;ingrosso Fragola Kiwi\" src=\"https:\/\/i0.wp.com\/www.disposablevapeswholesale.com\/wp-content\/uploads\/2022\/03\/RandM-Squid-Box-5200-Puffs-Disposable-Vape-Wholesale-Strawberry-Kiwi.jpg?resize=800%2C800&#038;ssl=1\" alt=\"RandM Squid Box 5200 Puffs usa e getta Vape all&#039;ingrosso Fragola Kiwi\" width=\"800\" height=\"800\" \/><\/a> <a href=\"https:\/\/i0.wp.com\/www.disposablevapeswholesale.com\/wp-content\/uploads\/2022\/03\/RandM-Squid-Box-5200-Puffs-Disposable-Vape-Wholesale-Peach-Mango.jpg?ssl=1\" target=\"_blank\" rel=\"noopener\"><img data-recalc-dims=\"1\" loading=\"lazy\" decoding=\"async\" class=\"alignnone size-full wp-image-1971\" title=\"RandM Scatola di calamari 5200 soffi monouso Vape all&#039;ingrosso Pesca Mango\" src=\"https:\/\/i0.wp.com\/www.disposablevapeswholesale.com\/wp-content\/uploads\/2022\/03\/RandM-Squid-Box-5200-Puffs-Disposable-Vape-Wholesale-Peach-Mango.jpg?resize=800%2C800&#038;ssl=1\" alt=\"RandM Scatola di calamari 5200 soffi monouso Vape all&#039;ingrosso Pesca Mango\" width=\"800\" height=\"800\" \/><\/a> <a href=\"https:\/\/i0.wp.com\/www.disposablevapeswholesale.com\/wp-content\/uploads\/2022\/03\/RandM-Squid-Box-5200-Puffs-Disposable-Vape-Wholesale-Mixed-Berries.jpg?ssl=1\" target=\"_blank\" rel=\"noopener\"><img data-recalc-dims=\"1\" loading=\"lazy\" decoding=\"async\" class=\"alignnone size-full wp-image-1970\" title=\"RandM Scatola di calamari 5200 soffi monouso Vape all&#039;ingrosso Bacche Miste\" src=\"https:\/\/i0.wp.com\/www.disposablevapeswholesale.com\/wp-content\/uploads\/2022\/03\/RandM-Squid-Box-5200-Puffs-Disposable-Vape-Wholesale-Mixed-Berries.jpg?resize=800%2C800&#038;ssl=1\" alt=\"RandM Scatola di calamari 5200 soffi monouso Vape all&#039;ingrosso Bacche Miste\" width=\"800\" height=\"800\" \/><\/a> <a href=\"https:\/\/i0.wp.com\/www.disposablevapeswholesale.com\/wp-content\/uploads\/2022\/03\/RandM-Squid-Box-5200-Puffs-Disposable-Vape-Wholesale-Mint.jpg?ssl=1\" target=\"_blank\" rel=\"noopener\"><img data-recalc-dims=\"1\" loading=\"lazy\" decoding=\"async\" class=\"alignnone size-full wp-image-1969\" title=\"RandM Scatola di calamari 5200 soffi monouso Vape all&#039;ingrosso Menta\" src=\"https:\/\/i0.wp.com\/www.disposablevapeswholesale.com\/wp-content\/uploads\/2022\/03\/RandM-Squid-Box-5200-Puffs-Disposable-Vape-Wholesale-Mint.jpg?resize=800%2C800&#038;ssl=1\" alt=\"RandM Scatola di calamari 5200 soffi monouso Vape all&#039;ingrosso Menta\" width=\"800\" height=\"800\" \/><\/a> <a href=\"https:\/\/i0.wp.com\/www.disposablevapeswholesale.com\/wp-content\/uploads\/2022\/03\/RandM-Squid-Box-5200-Puffs-Disposable-Vape-Wholesale-Lush-Ice.jpg?ssl=1\" target=\"_blank\" rel=\"noopener\"><img data-recalc-dims=\"1\" loading=\"lazy\" decoding=\"async\" class=\"alignnone size-full wp-image-1968\" title=\"RandM Scatola di calamari 5200 soffi monouso Vape all&#039;ingrosso Lush Ice\" src=\"https:\/\/i0.wp.com\/www.disposablevapeswholesale.com\/wp-content\/uploads\/2022\/03\/RandM-Squid-Box-5200-Puffs-Disposable-Vape-Wholesale-Lush-Ice.jpg?resize=800%2C800&#038;ssl=1\" alt=\"RandM Scatola di calamari 5200 soffi monouso Vape all&#039;ingrosso Lush Ice\" width=\"800\" height=\"800\" \/><\/a><\/p>","protected":false},"excerpt":{"rendered":"<p>RandM Squid Box 5200 Puffs Disposable Vape Wholesale offre un design compatto, un'elevata capacit\u00e0 e una produzione di vapore omogenea, perfetta per un vaping portatile e senza problemi.<\/p>","protected":false},"featured_media":1869,"comment_status":"closed","ping_status":"closed","template":"","meta":[],"product_brand":[],"product_cat":[22],"product_tag":[316,60,340,256],"class_list":{"0":"post-1612","1":"product","2":"type-product","3":"status-publish","4":"has-post-thumbnail","6":"product_cat-disposable-vape-sticks","7":"product_tag-5200-puffs","8":"product_tag-disposable-vapes","9":"product_tag-randm-squid-box","10":"product_tag-wholesale","12":"first","13":"instock","14":"shipping-taxable","15":"purchasable","16":"product-type-simple"},"jetpack_sharing_enabled":true,"tiered_pricing_type":"fixed","tiered_pricing_fixed_rules":{"5000":12,"10000":11,"50000":8},"tiered_pricing_product_settings":{"layout":"default","base_unit_name":{"singular":null,"plural":null},"default_variation":null},"tiered_pricing_minimum_quantity":60,"tiered_pricing_roles_data":[],"tiered_pricing_percentage_rules":[],"tiered_pricing_maximum_quantity":null,"tiered_pricing_quantity_step":null,"_links":{"self":[{"href":"https:\/\/cloudsupplyvapes.com\/it\/wp-json\/wp\/v2\/product\/1612","targetHints":{"allow":["GET"]}}],"collection":[{"href":"https:\/\/cloudsupplyvapes.com\/it\/wp-json\/wp\/v2\/product"}],"about":[{"href":"https:\/\/cloudsupplyvapes.com\/it\/wp-json\/wp\/v2\/types\/product"}],"replies":[{"embeddable":true,"href":"https:\/\/cloudsupplyvapes.com\/it\/wp-json\/wp\/v2\/comments?post=1612"}],"wp:featuredmedia":[{"embeddable":true,"href":"https:\/\/cloudsupplyvapes.com\/it\/wp-json\/wp\/v2\/media\/1869"}],"wp:attachment":[{"href":"https:\/\/cloudsupplyvapes.com\/it\/wp-json\/wp\/v2\/media?parent=1612"}],"wp:term":[{"taxonomy":"product_brand","embeddable":true,"href":"https:\/\/cloudsupplyvapes.com\/it\/wp-json\/wp\/v2\/product_brand?post=1612"},{"taxonomy":"product_cat","embeddable":true,"href":"https:\/\/cloudsupplyvapes.com\/it\/wp-json\/wp\/v2\/product_cat?post=1612"},{"taxonomy":"product_tag","embeddable":true,"href":"https:\/\/cloudsupplyvapes.com\/it\/wp-json\/wp\/v2\/product_tag?post=1612"}],"curies":[{"name":"wp","href":"https:\/\/api.w.org\/{rel}","templated":true}]}}