{"id":1613,"date":"2024-10-19T02:20:32","date_gmt":"2024-10-19T02:20:32","guid":{"rendered":"https:\/\/cloudsupplyvapes.com\/?post_type=product&#038;p=1613"},"modified":"2024-11-26T07:51:38","modified_gmt":"2024-11-26T07:51:38","slug":"-64","status":"publish","type":"product","link":"https:\/\/cloudsupplyvapes.com\/it\/product\/randm-tornado-8000-puffs-airflow-control-disposable-vape-wholesale\/","title":{"rendered":"RANDM TORNADO 8000 soffi Controllo del flusso d'aria Vape monouso all'ingrosso Design regolabile di lunga durata"},"content":{"rendered":"<p>RandM Tornado 8000 \u00e8 un dispositivo di svapo usa e getta con controllo del flusso d'aria ed \u00e8 ricaricabile. Batteria incorporata da 1000 mAh ad alta capacit\u00e0 e 16 ml di capacit\u00e0 di e-liquido. Il controllo del flusso d'aria consente di scegliere il punto migliore adatto a te stesso, oltre a essere dotato di una porta ricaricabile Type-C sul fondo del dispositivo, che ti garantisce di finire l'ultima goccia di ejuice nel serbatoio per tutto il tempo. Ci sono 20 tipi di aromi tra cui scegliere, che piacciono a molte persone.<\/p>\n<p>&nbsp;<\/p>\n<h2>Dispositivo monouso RandM Tornado Caratteristiche:<\/h2>\n<p>% Sale di nicotina.<\/p>\n<p>6ML di liquido elettronico.<\/p>\n<p>Controllo del flusso d'aria<\/p>\n<p>Bobina a rete<\/p>\n<p>Batteria ricaricabile<\/p>\n<p>Batteria integrata da 1000 mAh.<\/p>\n<p>0 Gusti disponibili.<\/p>\n<p>0pz in una scatola da esposizione.<\/p>\n<p>40 pezzi in un cartone.<\/p>\n<p>&nbsp;<\/p>\n<h2>I sapori<\/h2>\n<p>Ghiaccio lussureggiante<\/p>\n<p>Ghiaccio Blu Razz<\/p>\n<p>Anguria alla fragola<\/p>\n<p>Limonata alla fragola<\/p>\n<p>Mela acida<\/p>\n<p>Pera di cotone<\/p>\n<p>Caramelle Skittles<\/p>\n<p>Orsetti gommosi<\/p>\n<p>Arancia d'uva<\/p>\n<p>Ghiaccio all'ananas<\/p>\n<p>Ghiaccio al melone<\/p>\n<p>Melone rosso<\/p>\n<p>Ghiaccio al melograno<\/p>\n<p>Ghiaccio alla banana<\/p>\n<p>Ghiaccio al mirtillo<\/p>\n<p>Menta fresca<\/p>\n<p>Fragola Kiwi<\/p>\n<p>Pesca e mango<\/p>\n<p>Pina Colada<\/p>\n<p>Ciliegia litchi<\/p>\n<p>&nbsp;<\/p>\n<h2>Imballaggio e peso<\/h2>\n<p>0,075KG\/PCS, singolo con confezione piccola, 10 pezzi in scatola media.<\/p>\n<p>240PCS in cartone master, 18KG.<\/p>\n<p>&nbsp;<\/p>\n<h2>OEM<\/h2>\n<p>Quantit\u00e0 minima ordinabile per l'OEM: 1000 PCS dello stesso sapore.<\/p>\n<p><a href=\"https:\/\/i0.wp.com\/www.disposablevapeswholesale.com\/wp-content\/uploads\/2022\/03\/RANDM-TORNADO-8000-Puffs-Airflow-Control-Disposable-Vape-Wholesale.jpg?ssl=1\" target=\"_blank\" rel=\"noopener\"><img data-recalc-dims=\"1\" loading=\"lazy\" decoding=\"async\" class=\"alignnone size-full wp-image-1940\" title=\"RANDM TORNADO 8000 soffi di controllo del flusso d&#039;aria Vape monouso all&#039;ingrosso\" src=\"https:\/\/i0.wp.com\/www.disposablevapeswholesale.com\/wp-content\/uploads\/2022\/03\/RANDM-TORNADO-8000-Puffs-Airflow-Control-Disposable-Vape-Wholesale.jpg?resize=800%2C800&#038;ssl=1\" alt=\"RANDM TORNADO 8000 soffi di controllo del flusso d&#039;aria Vape monouso all&#039;ingrosso\" width=\"800\" height=\"800\" \/><\/a> <a href=\"https:\/\/i0.wp.com\/www.disposablevapeswholesale.com\/wp-content\/uploads\/2022\/03\/RANDM-TORNADO-8000-Puffs-Airflow-Control-Disposable-Vape-Wholesale-10-Flavors.jpg?ssl=1\" target=\"_blank\" rel=\"noopener\"><img data-recalc-dims=\"1\" loading=\"lazy\" decoding=\"async\" class=\"alignnone size-full wp-image-1919\" title=\"RANDM TORNADO 8000 boccate Controllo del flusso d&#039;aria Vape monouso all&#039;ingrosso 10 gusti\" src=\"https:\/\/i0.wp.com\/www.disposablevapeswholesale.com\/wp-content\/uploads\/2022\/03\/RANDM-TORNADO-8000-Puffs-Airflow-Control-Disposable-Vape-Wholesale-10-Flavors.jpg?resize=800%2C800&#038;ssl=1\" alt=\"RANDM TORNADO 8000 boccate Controllo del flusso d&#039;aria Vape monouso all&#039;ingrosso 10 gusti\" width=\"800\" height=\"800\" \/><\/a> <a href=\"https:\/\/i0.wp.com\/www.disposablevapeswholesale.com\/wp-content\/uploads\/2022\/03\/RANDM-TORNADO-8000-Puffs-Airflow-Control-Disposable-Vape-Wholesale-5-Flavors.jpg?ssl=1\" target=\"_blank\" rel=\"noopener\"><img data-recalc-dims=\"1\" loading=\"lazy\" decoding=\"async\" class=\"alignnone size-full wp-image-1918\" title=\"RANDM TORNADO 8000 boccate Controllo del flusso d&#039;aria Vape monouso all&#039;ingrosso 5 sapori\" src=\"https:\/\/i0.wp.com\/www.disposablevapeswholesale.com\/wp-content\/uploads\/2022\/03\/RANDM-TORNADO-8000-Puffs-Airflow-Control-Disposable-Vape-Wholesale-5-Flavors.jpg?resize=800%2C800&#038;ssl=1\" alt=\"RANDM TORNADO 8000 boccate Controllo del flusso d&#039;aria Vape monouso all&#039;ingrosso 5 sapori\" width=\"800\" height=\"800\" \/><\/a> <a href=\"https:\/\/i0.wp.com\/www.disposablevapeswholesale.com\/wp-content\/uploads\/2022\/03\/RANDM-TORNADO-8000-Puffs-Airflow-Control-Disposable-Vape-Wholesale-Strawberry-Watermelon.jpg?ssl=1\" target=\"_blank\" rel=\"noopener\"><img data-recalc-dims=\"1\" loading=\"lazy\" decoding=\"async\" class=\"alignnone size-full wp-image-1939\" title=\"RANDM TORNADO 8000 soffi Controllo del flusso d&#039;aria Vape monouso all&#039;ingrosso Fragola Anguria\" src=\"https:\/\/i0.wp.com\/www.disposablevapeswholesale.com\/wp-content\/uploads\/2022\/03\/RANDM-TORNADO-8000-Puffs-Airflow-Control-Disposable-Vape-Wholesale-Strawberry-Watermelon.jpg?resize=800%2C800&#038;ssl=1\" alt=\"RANDM TORNADO 8000 soffi Controllo del flusso d&#039;aria Vape monouso all&#039;ingrosso Fragola Anguria\" width=\"800\" height=\"800\" \/><\/a> <a href=\"https:\/\/i0.wp.com\/www.disposablevapeswholesale.com\/wp-content\/uploads\/2022\/03\/RANDM-TORNADO-8000-Puffs-Airflow-Control-Disposable-Vape-Wholesale-Strawberry-Lemonade.jpg?ssl=1\" target=\"_blank\" rel=\"noopener\"><img data-recalc-dims=\"1\" loading=\"lazy\" decoding=\"async\" class=\"alignnone size-full wp-image-1938\" title=\"RANDM TORNADO 8000 soffi Controllo del flusso d&#039;aria Vape monouso all&#039;ingrosso Limonata alla fragola\" src=\"https:\/\/i0.wp.com\/www.disposablevapeswholesale.com\/wp-content\/uploads\/2022\/03\/RANDM-TORNADO-8000-Puffs-Airflow-Control-Disposable-Vape-Wholesale-Strawberry-Lemonade.jpg?resize=800%2C800&#038;ssl=1\" alt=\"RANDM TORNADO 8000 soffi Controllo del flusso d&#039;aria Vape monouso all&#039;ingrosso Limonata alla fragola\" width=\"800\" height=\"800\" \/><\/a> <a href=\"https:\/\/i0.wp.com\/www.disposablevapeswholesale.com\/wp-content\/uploads\/2022\/03\/RANDM-TORNADO-8000-Puffs-Airflow-Control-Disposable-Vape-Wholesale-Strawberry-Kiwi.jpg?ssl=1\" target=\"_blank\" rel=\"noopener\"><img data-recalc-dims=\"1\" loading=\"lazy\" decoding=\"async\" class=\"alignnone size-full wp-image-1937\" title=\"RANDM TORNADO 8000 soffi Controllo del flusso d&#039;aria Vape monouso all&#039;ingrosso Fragola Kiwi\" src=\"https:\/\/i0.wp.com\/www.disposablevapeswholesale.com\/wp-content\/uploads\/2022\/03\/RANDM-TORNADO-8000-Puffs-Airflow-Control-Disposable-Vape-Wholesale-Strawberry-Kiwi.jpg?resize=800%2C800&#038;ssl=1\" alt=\"RANDM TORNADO 8000 soffi Controllo del flusso d&#039;aria Vape monouso all&#039;ingrosso Fragola Kiwi\" width=\"800\" height=\"800\" \/><\/a> <a href=\"https:\/\/i0.wp.com\/www.disposablevapeswholesale.com\/wp-content\/uploads\/2022\/03\/RANDM-TORNADO-8000-Puffs-Airflow-Control-Disposable-Vape-Wholesale-Sour-Apple.jpg?ssl=1\" target=\"_blank\" rel=\"noopener\"><img data-recalc-dims=\"1\" loading=\"lazy\" decoding=\"async\" class=\"alignnone size-full wp-image-1936\" title=\"RANDM TORNADO 8000 soffi Controllo del flusso d&#039;aria Vape monouso all&#039;ingrosso Mela acida\" src=\"https:\/\/i0.wp.com\/www.disposablevapeswholesale.com\/wp-content\/uploads\/2022\/03\/RANDM-TORNADO-8000-Puffs-Airflow-Control-Disposable-Vape-Wholesale-Sour-Apple.jpg?resize=800%2C800&#038;ssl=1\" alt=\"RANDM TORNADO 8000 soffi Controllo del flusso d&#039;aria Vape monouso all&#039;ingrosso Mela acida\" width=\"800\" height=\"800\" \/><\/a> <a href=\"https:\/\/i0.wp.com\/www.disposablevapeswholesale.com\/wp-content\/uploads\/2022\/03\/RANDM-TORNADO-8000-Puffs-Airflow-Control-Disposable-Vape-Wholesale-Skittles-Candy.jpg?ssl=1\" target=\"_blank\" rel=\"noopener\"><img data-recalc-dims=\"1\" loading=\"lazy\" decoding=\"async\" class=\"alignnone size-full wp-image-1935\" title=\"RANDM TORNADO 8000 soffi Controllo del flusso d&#039;aria Vape monouso all&#039;ingrosso Skittles Candy\" src=\"https:\/\/i0.wp.com\/www.disposablevapeswholesale.com\/wp-content\/uploads\/2022\/03\/RANDM-TORNADO-8000-Puffs-Airflow-Control-Disposable-Vape-Wholesale-Skittles-Candy.jpg?resize=800%2C800&#038;ssl=1\" alt=\"RANDM TORNADO 8000 soffi Controllo del flusso d&#039;aria Vape monouso all&#039;ingrosso Skittles Candy\" width=\"800\" height=\"800\" \/><\/a> <a href=\"https:\/\/i0.wp.com\/www.disposablevapeswholesale.com\/wp-content\/uploads\/2022\/03\/RANDM-TORNADO-8000-Puffs-Airflow-Control-Disposable-Vape-Wholesale-Red-Apple-Melon.jpg?ssl=1\" target=\"_blank\" rel=\"noopener\"><img data-recalc-dims=\"1\" loading=\"lazy\" decoding=\"async\" class=\"alignnone size-full wp-image-1934\" title=\"RANDM TORNADO 8000 soffi di controllo del flusso d&#039;aria Vape monouso all&#039;ingrosso Melone Rosso\" src=\"https:\/\/i0.wp.com\/www.disposablevapeswholesale.com\/wp-content\/uploads\/2022\/03\/RANDM-TORNADO-8000-Puffs-Airflow-Control-Disposable-Vape-Wholesale-Red-Apple-Melon.jpg?resize=800%2C800&#038;ssl=1\" alt=\"RANDM TORNADO 8000 soffi di controllo del flusso d&#039;aria Vape monouso all&#039;ingrosso Melone Rosso\" width=\"800\" height=\"800\" \/><\/a> <a href=\"https:\/\/i0.wp.com\/www.disposablevapeswholesale.com\/wp-content\/uploads\/2022\/03\/RANDM-TORNADO-8000-Puffs-Airflow-Control-Disposable-Vape-Wholesale-Pomegranate-Ice.jpg?ssl=1\" target=\"_blank\" rel=\"noopener\"><img data-recalc-dims=\"1\" loading=\"lazy\" decoding=\"async\" class=\"alignnone size-full wp-image-1933\" title=\"RANDM TORNADO 8000 soffi Controllo del flusso d&#039;aria Vape monouso all&#039;ingrosso Ghiaccio Melograno\" src=\"https:\/\/i0.wp.com\/www.disposablevapeswholesale.com\/wp-content\/uploads\/2022\/03\/RANDM-TORNADO-8000-Puffs-Airflow-Control-Disposable-Vape-Wholesale-Pomegranate-Ice.jpg?resize=800%2C800&#038;ssl=1\" alt=\"RANDM TORNADO 8000 soffi Controllo del flusso d&#039;aria Vape monouso all&#039;ingrosso Ghiaccio Melograno\" width=\"800\" height=\"800\" \/><\/a><\/p>","protected":false},"excerpt":{"rendered":"<p>RANDM TORNADO 8000 Puffs Airflow Control Disposable Vape Wholesale combina un flusso d'aria regolabile, una batteria di lunga durata e un'erogazione di vapore costante per sessioni di vaping di alto livello.<\/p>","protected":false},"featured_media":1887,"comment_status":"closed","ping_status":"closed","template":"","meta":[],"product_brand":[],"product_cat":[22],"product_tag":[60,341,256],"class_list":{"0":"post-1613","1":"product","2":"type-product","3":"status-publish","4":"has-post-thumbnail","6":"product_cat-disposable-vape-sticks","7":"product_tag-disposable-vapes","8":"product_tag-randm-tornado-8000","9":"product_tag-wholesale","11":"first","12":"instock","13":"shipping-taxable","14":"purchasable","15":"product-type-simple"},"jetpack_sharing_enabled":true,"tiered_pricing_type":"fixed","tiered_pricing_fixed_rules":{"5000":8,"10000":7,"50000":6},"tiered_pricing_product_settings":{"layout":"default","base_unit_name":{"singular":null,"plural":null},"default_variation":null},"tiered_pricing_minimum_quantity":60,"tiered_pricing_roles_data":[],"tiered_pricing_percentage_rules":[],"tiered_pricing_maximum_quantity":null,"tiered_pricing_quantity_step":null,"_links":{"self":[{"href":"https:\/\/cloudsupplyvapes.com\/it\/wp-json\/wp\/v2\/product\/1613","targetHints":{"allow":["GET"]}}],"collection":[{"href":"https:\/\/cloudsupplyvapes.com\/it\/wp-json\/wp\/v2\/product"}],"about":[{"href":"https:\/\/cloudsupplyvapes.com\/it\/wp-json\/wp\/v2\/types\/product"}],"replies":[{"embeddable":true,"href":"https:\/\/cloudsupplyvapes.com\/it\/wp-json\/wp\/v2\/comments?post=1613"}],"wp:featuredmedia":[{"embeddable":true,"href":"https:\/\/cloudsupplyvapes.com\/it\/wp-json\/wp\/v2\/media\/1887"}],"wp:attachment":[{"href":"https:\/\/cloudsupplyvapes.com\/it\/wp-json\/wp\/v2\/media?parent=1613"}],"wp:term":[{"taxonomy":"product_brand","embeddable":true,"href":"https:\/\/cloudsupplyvapes.com\/it\/wp-json\/wp\/v2\/product_brand?post=1613"},{"taxonomy":"product_cat","embeddable":true,"href":"https:\/\/cloudsupplyvapes.com\/it\/wp-json\/wp\/v2\/product_cat?post=1613"},{"taxonomy":"product_tag","embeddable":true,"href":"https:\/\/cloudsupplyvapes.com\/it\/wp-json\/wp\/v2\/product_tag?post=1613"}],"curies":[{"name":"wp","href":"https:\/\/api.w.org\/{rel}","templated":true}]}}