{"id":1699,"date":"2024-10-19T02:21:01","date_gmt":"2024-10-19T02:21:01","guid":{"rendered":"https:\/\/cloudsupplyvapes.com\/?post_type=product&#038;p=1699"},"modified":"2024-11-26T07:37:08","modified_gmt":"2024-11-26T07:37:08","slug":"randm-tornado-7000-ricaricabile-controllo-del-flusso-d-aria-vape-usa-e-getta-all-ingrosso","status":"publish","type":"product","link":"https:\/\/cloudsupplyvapes.com\/it\/product\/randm-tornado-7000-rechargeable-airflow-control-disposable-vape-wholesale\/","title":{"rendered":"RandM Tornado 7000 Controllo del flusso d'aria ricaricabile Vape monouso all'ingrosso Vape ad alta capacit\u00e0"},"content":{"rendered":"<p>RandM Tornado 7000 \u00e8 un dispositivo di svapo ricaricabile usa e getta con controllo del flusso d'aria, dotato di una porta ricaricabile Type-C sul fondo del dispositivo che consente di fumare 7000 boccate, di una batteria integrata ad alta capacit\u00e0 da 850 mAh e di 14 ml di olio per sigaretta elettronica con sale di nicotina 5%, con una variet\u00e0 di sapori tra cui scegliere.<\/p>\n<p>&nbsp;<\/p>\n<h2>I sapori<\/h2>\n<p>Ghiaccio lussureggiante<\/p>\n<p>Menta fresca<\/p>\n<p>Ciambella alla fragola<\/p>\n<p>Ghiaccio al mandarino<\/p>\n<p>Orso gommoso<\/p>\n<p>Mango su ghiaccio<\/p>\n<p>Mirtillo su ghiaccio<\/p>\n<p>Ghiaccio alla pesca<\/p>\n<p>Ghiaccio alla banana<\/p>\n<p>Limonata rosa<\/p>\n<p>Ghiaccio d'uva<\/p>\n<p>Rum Pina Colada<\/p>\n<p>Bacche miste<\/p>\n<p>Anguria alla fragola<\/p>\n<p>Ghiaccio all'ananas<\/p>\n<p>Frullato di banana<\/p>\n<p>Mela rossa e limone<\/p>\n<p>Fragola e banana<\/p>\n<p>Ghiaccio alla fragola<\/p>\n<p>Zucchero filato<\/p>\n<p>&nbsp;<\/p>\n<h2>Imballaggio e peso<\/h2>\n<p>0,08KG\/PCS, singolo con confezione piccola, 10 pezzi in scatola media.<\/p>\n<p>240PCS in cartone master, 17KG.<\/p>\n<p>&nbsp;<\/p>\n<h2>OEM<\/h2>\n<p>Quantit\u00e0 minima ordinabile per l'OEM: 1000 PCS dello stesso sapore.<\/p>\n<p><a href=\"https:\/\/i0.wp.com\/www.disposablevapeswholesale.com\/wp-content\/uploads\/2022\/02\/RandM-Tornado-7000-Rechargeable-Airflow-Control-Disposable-Vape-Wholesale.jpg?ssl=1\" target=\"_blank\" rel=\"noopener\"><img data-recalc-dims=\"1\" loading=\"lazy\" decoding=\"async\" class=\"alignnone size-full wp-image-1879\" title=\"RandM Tornado 7000 Controllo del flusso d&#039;aria ricaricabile Vape monouso all&#039;ingrosso\" src=\"https:\/\/i0.wp.com\/www.disposablevapeswholesale.com\/wp-content\/uploads\/2022\/02\/RandM-Tornado-7000-Rechargeable-Airflow-Control-Disposable-Vape-Wholesale.jpg?resize=800%2C684&#038;ssl=1\" alt=\"RandM Tornado 7000 Controllo del flusso d&#039;aria ricaricabile Vape monouso all&#039;ingrosso\" width=\"800\" height=\"684\" \/><\/a> <a href=\"https:\/\/i0.wp.com\/www.disposablevapeswholesale.com\/wp-content\/uploads\/2022\/02\/RandM-Tornado-7000-Rechargeable-Airflow-Control-Disposable-Vape-Wholesale-Flavors.jpg?ssl=1\" target=\"_blank\" rel=\"noopener\"><img data-recalc-dims=\"1\" loading=\"lazy\" decoding=\"async\" class=\"alignnone size-full wp-image-1878\" title=\"RandM Tornado 7000 Controllo del flusso d&#039;aria ricaricabile Vape monouso Aromi all&#039;ingrosso\" src=\"https:\/\/i0.wp.com\/www.disposablevapeswholesale.com\/wp-content\/uploads\/2022\/02\/RandM-Tornado-7000-Rechargeable-Airflow-Control-Disposable-Vape-Wholesale-Flavors.jpg?resize=800%2C450&#038;ssl=1\" alt=\"RandM Tornado 7000 Controllo del flusso d&#039;aria ricaricabile Vape monouso Aromi all&#039;ingrosso\" width=\"800\" height=\"450\" \/><\/a> <a href=\"https:\/\/i0.wp.com\/www.disposablevapeswholesale.com\/wp-content\/uploads\/2022\/02\/RandM-Tornado-7000-Rechargeable-Airflow-Control-Disposable-Vape-Wholesale-20-Flavors.jpg?ssl=1\" target=\"_blank\" rel=\"noopener\"><img data-recalc-dims=\"1\" loading=\"lazy\" decoding=\"async\" class=\"alignnone size-full wp-image-1877\" title=\"RandM Tornado 7000 Ricaricabile Controllo del flusso d&#039;aria Vape monouso all&#039;ingrosso 20 sapori\" src=\"https:\/\/i0.wp.com\/www.disposablevapeswholesale.com\/wp-content\/uploads\/2022\/02\/RandM-Tornado-7000-Rechargeable-Airflow-Control-Disposable-Vape-Wholesale-20-Flavors.jpg?resize=800%2C800&#038;ssl=1\" alt=\"RandM Tornado 7000 Ricaricabile Controllo del flusso d&#039;aria Vape monouso all&#039;ingrosso 20 sapori\" width=\"800\" height=\"800\" \/><\/a> <a href=\"https:\/\/i0.wp.com\/www.disposablevapeswholesale.com\/wp-content\/uploads\/2022\/02\/RandM-Tornado-7000-Rechargeable-Airflow-Control-Disposable-Vape-Wholesale-3-Flavors.jpg?ssl=1\" target=\"_blank\" rel=\"noopener\"><img data-recalc-dims=\"1\" loading=\"lazy\" decoding=\"async\" class=\"alignnone size-full wp-image-1875\" title=\"RandM Tornado 7000 Controllo del flusso d&#039;aria ricaricabile Vape monouso all&#039;ingrosso 3 sapori\" src=\"https:\/\/i0.wp.com\/www.disposablevapeswholesale.com\/wp-content\/uploads\/2022\/02\/RandM-Tornado-7000-Rechargeable-Airflow-Control-Disposable-Vape-Wholesale-3-Flavors.jpg?resize=800%2C800&#038;ssl=1\" alt=\"RandM Tornado 7000 Controllo del flusso d&#039;aria ricaricabile Vape monouso all&#039;ingrosso 3 sapori\" width=\"800\" height=\"800\" \/><\/a> <a href=\"https:\/\/i0.wp.com\/www.disposablevapeswholesale.com\/wp-content\/uploads\/2022\/02\/RandM-Tornado-7000-Disposable-Vape-Wholesale-Tangerine-Ice-Flavors.jpg?ssl=1\" target=\"_blank\" rel=\"noopener\"><img data-recalc-dims=\"1\" loading=\"lazy\" decoding=\"async\" class=\"alignnone size-full wp-image-1874\" title=\"RandM Tornado 7000 Vape usa e getta all&#039;ingrosso Ghiaccio al mandarino\" src=\"https:\/\/i0.wp.com\/www.disposablevapeswholesale.com\/wp-content\/uploads\/2022\/02\/RandM-Tornado-7000-Disposable-Vape-Wholesale-Tangerine-Ice-Flavors.jpg?resize=800%2C800&#038;ssl=1\" alt=\"RandM Tornado 7000 Vape usa e getta all&#039;ingrosso Ghiaccio al mandarino\" width=\"800\" height=\"800\" \/><\/a> <a href=\"https:\/\/i0.wp.com\/www.disposablevapeswholesale.com\/wp-content\/uploads\/2022\/02\/RandM-Tornado-7000-Disposable-Vape-Wholesale-Strawberry-Watermelon-Flavors.jpg?ssl=1\" target=\"_blank\" rel=\"noopener\"><img data-recalc-dims=\"1\" loading=\"lazy\" decoding=\"async\" class=\"alignnone size-full wp-image-1873\" title=\"RandM Tornado 7000 Vape usa e getta all&#039;ingrosso sapori di fragola e anguria\" src=\"https:\/\/i0.wp.com\/www.disposablevapeswholesale.com\/wp-content\/uploads\/2022\/02\/RandM-Tornado-7000-Disposable-Vape-Wholesale-Strawberry-Watermelon-Flavors.jpg?resize=800%2C800&#038;ssl=1\" alt=\"RandM Tornado 7000 Vape usa e getta all&#039;ingrosso sapori di fragola e anguria\" width=\"800\" height=\"800\" \/><\/a> <a href=\"https:\/\/i0.wp.com\/www.disposablevapeswholesale.com\/wp-content\/uploads\/2022\/02\/RandM-Tornado-7000-Disposable-Vape-Wholesale-Strawberry-ice-Flavors.jpg?ssl=1\" target=\"_blank\" rel=\"noopener\"><img data-recalc-dims=\"1\" loading=\"lazy\" decoding=\"async\" class=\"alignnone size-full wp-image-1872\" title=\"RandM Tornado 7000 Vape monouso all&#039;ingrosso Gusti di ghiaccio alla fragola\" src=\"https:\/\/i0.wp.com\/www.disposablevapeswholesale.com\/wp-content\/uploads\/2022\/02\/RandM-Tornado-7000-Disposable-Vape-Wholesale-Strawberry-ice-Flavors.jpg?resize=800%2C800&#038;ssl=1\" alt=\"RandM Tornado 7000 Vape monouso all&#039;ingrosso Gusti di ghiaccio alla fragola\" width=\"800\" height=\"800\" \/><\/a> <a href=\"https:\/\/i0.wp.com\/www.disposablevapeswholesale.com\/wp-content\/uploads\/2022\/02\/RandM-Tornado-7000-Disposable-Vape-Wholesale-Strawberry-Donut-Flavors.jpg?ssl=1\" target=\"_blank\" rel=\"noopener\"><img data-recalc-dims=\"1\" loading=\"lazy\" decoding=\"async\" class=\"alignnone size-full wp-image-1871\" title=\"RandM Tornado 7000 Vape usa e getta all&#039;ingrosso sapori di ciambella alla fragola\" src=\"https:\/\/i0.wp.com\/www.disposablevapeswholesale.com\/wp-content\/uploads\/2022\/02\/RandM-Tornado-7000-Disposable-Vape-Wholesale-Strawberry-Donut-Flavors.jpg?resize=800%2C800&#038;ssl=1\" alt=\"RandM Tornado 7000 Vape usa e getta all&#039;ingrosso sapori di ciambella alla fragola\" width=\"800\" height=\"800\" \/><\/a> <a href=\"https:\/\/i0.wp.com\/www.disposablevapeswholesale.com\/wp-content\/uploads\/2022\/02\/RandM-Tornado-7000-Disposable-Vape-Wholesale-Strawberry-Banana-Flavors.jpg?ssl=1\" target=\"_blank\" rel=\"noopener\"><img data-recalc-dims=\"1\" loading=\"lazy\" decoding=\"async\" class=\"alignnone size-full wp-image-1870\" title=\"RandM Tornado 7000 Vape monouso all&#039;ingrosso Sapori di fragola e banana\" src=\"https:\/\/i0.wp.com\/www.disposablevapeswholesale.com\/wp-content\/uploads\/2022\/02\/RandM-Tornado-7000-Disposable-Vape-Wholesale-Strawberry-Banana-Flavors.jpg?resize=800%2C800&#038;ssl=1\" alt=\"RandM Tornado 7000 Vape monouso all&#039;ingrosso Sapori di fragola e banana\" width=\"800\" height=\"800\" \/><\/a><\/p>","protected":false},"excerpt":{"rendered":"<p>RandM Tornado 7000 Rechargeable Airflow Control Disposable Vape Wholesale \u00e8 caratterizzato da flusso d'aria regolabile, elevata capacit\u00e0 e comodit\u00e0 di ricarica per un vaping personalizzabile e di lunga durata.<\/p>","protected":false},"featured_media":1894,"comment_status":"closed","ping_status":"closed","template":"","meta":[],"product_brand":[],"product_cat":[22],"product_tag":[60,342,256],"class_list":{"0":"post-1699","1":"product","2":"type-product","3":"status-publish","4":"has-post-thumbnail","6":"product_cat-disposable-vape-sticks","7":"product_tag-disposable-vapes","8":"product_tag-randm-tornado-7000","9":"product_tag-wholesale","11":"first","12":"instock","13":"shipping-taxable","14":"purchasable","15":"product-type-simple"},"jetpack_sharing_enabled":true,"tiered_pricing_type":"fixed","tiered_pricing_fixed_rules":{"5000":6,"10000":5,"50000":4},"tiered_pricing_product_settings":{"layout":"default","base_unit_name":{"singular":null,"plural":null},"default_variation":null},"tiered_pricing_minimum_quantity":500,"tiered_pricing_roles_data":[],"tiered_pricing_percentage_rules":[],"tiered_pricing_maximum_quantity":null,"tiered_pricing_quantity_step":null,"_links":{"self":[{"href":"https:\/\/cloudsupplyvapes.com\/it\/wp-json\/wp\/v2\/product\/1699","targetHints":{"allow":["GET"]}}],"collection":[{"href":"https:\/\/cloudsupplyvapes.com\/it\/wp-json\/wp\/v2\/product"}],"about":[{"href":"https:\/\/cloudsupplyvapes.com\/it\/wp-json\/wp\/v2\/types\/product"}],"replies":[{"embeddable":true,"href":"https:\/\/cloudsupplyvapes.com\/it\/wp-json\/wp\/v2\/comments?post=1699"}],"wp:featuredmedia":[{"embeddable":true,"href":"https:\/\/cloudsupplyvapes.com\/it\/wp-json\/wp\/v2\/media\/1894"}],"wp:attachment":[{"href":"https:\/\/cloudsupplyvapes.com\/it\/wp-json\/wp\/v2\/media?parent=1699"}],"wp:term":[{"taxonomy":"product_brand","embeddable":true,"href":"https:\/\/cloudsupplyvapes.com\/it\/wp-json\/wp\/v2\/product_brand?post=1699"},{"taxonomy":"product_cat","embeddable":true,"href":"https:\/\/cloudsupplyvapes.com\/it\/wp-json\/wp\/v2\/product_cat?post=1699"},{"taxonomy":"product_tag","embeddable":true,"href":"https:\/\/cloudsupplyvapes.com\/it\/wp-json\/wp\/v2\/product_tag?post=1699"}],"curies":[{"name":"wp","href":"https:\/\/api.w.org\/{rel}","templated":true}]}}