{"id":1763,"date":"2024-10-19T02:21:25","date_gmt":"2024-10-19T02:21:25","guid":{"rendered":"https:\/\/cloudsupplyvapes.com\/?post_type=product&#038;p=1763"},"modified":"2024-11-26T07:36:51","modified_gmt":"2024-11-26T07:36:51","slug":"-68","status":"publish","type":"product","link":"https:\/\/cloudsupplyvapes.com\/it\/product\/aokit-cube-3200-puffs-disposable-vape-wholesale\/","title":{"rendered":"Aokit Cube 3200 boccate di vapore monouso all'ingrosso Design compatto e durevole"},"content":{"rendered":"<p>Aokit Cube \u00e8 una svapata monouso da 3200 Puffs con una batteria integrata da 1800mAh e 12ml di capacit\u00e0 di e-liquid. Aokit Cube ha 9 gusti di frutta, ognuno dei quali \u00e8 molto gustoso e pu\u00f2 migliorare il vostro umore.<\/p>\n<p>&nbsp;<\/p>\n<h2>I sapori<\/h2>\n<p>Ghiaccio alla banana<\/p>\n<p>Ghiaccio lussureggiante<\/p>\n<p>Fragola e banana<\/p>\n<p>Ghiaccio alla fragola<\/p>\n<p>Ghiaccio al mango<\/p>\n<p>Limonata rosa<\/p>\n<p>Bacche miste<\/p>\n<p>Zucchero filato<\/p>\n<p>Bevanda energetica<\/p>\n<p>&nbsp;<\/p>\n<h2>Imballaggio e peso<\/h2>\n<p>0,068KG\/PC, singolo con pacchetto piccolo,<\/p>\n<p>300PCS in cartone master, 20,4KG.<\/p>\n<p>&nbsp;<\/p>\n<h2>OEM<\/h2>\n<p>Quantit\u00e0 minima ordinabile per l'OEM: 1000 PCS dello stesso sapore.<\/p>\n<p><a href=\"https:\/\/i0.wp.com\/www.disposablevapeswholesale.com\/wp-content\/uploads\/2021\/12\/Aokit-Cube-3200-Puffs-Disposable-Vape-Wholesale-9-Flavors.jpg?ssl=1\" target=\"_blank\" rel=\"noopener\"><img data-recalc-dims=\"1\" loading=\"lazy\" decoding=\"async\" class=\"alignnone size-full wp-image-1175\" title=\"Aokit Cube 3200 Puffs Vape usa e getta all&#039;ingrosso 9 gusti\" src=\"https:\/\/i0.wp.com\/www.disposablevapeswholesale.com\/wp-content\/uploads\/2021\/12\/Aokit-Cube-3200-Puffs-Disposable-Vape-Wholesale-9-Flavors.jpg?resize=800%2C800&#038;ssl=1\" alt=\"Aokit Cube 3200 Puffs Vape usa e getta all&#039;ingrosso 9 gusti\" width=\"800\" height=\"800\" \/><\/a> <a href=\"https:\/\/i0.wp.com\/www.disposablevapeswholesale.com\/wp-content\/uploads\/2021\/12\/Aokit-Cube-3200-Puffs-Disposable-Vape-Wholesale-Strawberry-Ice.jpg?ssl=1\" target=\"_blank\" rel=\"noopener\"><img data-recalc-dims=\"1\" loading=\"lazy\" decoding=\"async\" class=\"alignnone size-full wp-image-1191\" title=\"Aokit Cube 3200 Puff monouso Vape all&#039;ingrosso Fragola Ghiaccio\" src=\"https:\/\/i0.wp.com\/www.disposablevapeswholesale.com\/wp-content\/uploads\/2021\/12\/Aokit-Cube-3200-Puffs-Disposable-Vape-Wholesale-Strawberry-Ice.jpg?resize=800%2C800&#038;ssl=1\" alt=\"Aokit Cube 3200 Puff monouso Vape all&#039;ingrosso Fragola Ghiaccio\" width=\"800\" height=\"800\" \/><\/a> <a href=\"https:\/\/i0.wp.com\/www.disposablevapeswholesale.com\/wp-content\/uploads\/2021\/12\/Aokit-Cube-3200-Puffs-Disposable-Vape-Wholesale-Lush-Ice-Flavors.jpg?ssl=1\" target=\"_blank\" rel=\"noopener\"><img data-recalc-dims=\"1\" loading=\"lazy\" decoding=\"async\" class=\"alignnone size-full wp-image-1183\" title=\"Aokit Cube 3200 Puff usa e getta Vape all&#039;ingrosso Gusti di ghiaccio lussureggianti\" src=\"https:\/\/i0.wp.com\/www.disposablevapeswholesale.com\/wp-content\/uploads\/2021\/12\/Aokit-Cube-3200-Puffs-Disposable-Vape-Wholesale-Lush-Ice-Flavors.jpg?resize=800%2C800&#038;ssl=1\" alt=\"Aokit Cube 3200 Puff usa e getta Vape all&#039;ingrosso Gusti di ghiaccio lussureggianti\" width=\"800\" height=\"800\" \/><\/a> <a href=\"https:\/\/i0.wp.com\/www.disposablevapeswholesale.com\/wp-content\/uploads\/2021\/12\/Aokit-Cube-3200-Puffs-Disposable-Vape-Wholesale-Strawberry-Banana.jpg?ssl=1\" target=\"_blank\" rel=\"noopener\"><img data-recalc-dims=\"1\" loading=\"lazy\" decoding=\"async\" class=\"alignnone size-full wp-image-1190\" title=\"Aokit Cube 3200 soffi monouso Vape all&#039;ingrosso Fragola Banana\" src=\"https:\/\/i0.wp.com\/www.disposablevapeswholesale.com\/wp-content\/uploads\/2021\/12\/Aokit-Cube-3200-Puffs-Disposable-Vape-Wholesale-Strawberry-Banana.jpg?resize=800%2C800&#038;ssl=1\" alt=\"Aokit Cube 3200 soffi monouso Vape all&#039;ingrosso Fragola Banana\" width=\"800\" height=\"800\" \/><\/a> <a href=\"https:\/\/i0.wp.com\/www.disposablevapeswholesale.com\/wp-content\/uploads\/2021\/12\/Aokit-Cube-3200-Puffs-Disposable-Vape-Wholesale-Pink-lemonade.jpg?ssl=1\" target=\"_blank\" rel=\"noopener\"><img data-recalc-dims=\"1\" loading=\"lazy\" decoding=\"async\" class=\"alignnone size-full wp-image-1189\" title=\"Aokit Cube 3200 Puffs Vape monouso all&#039;ingrosso Limonata rosa\" src=\"https:\/\/i0.wp.com\/www.disposablevapeswholesale.com\/wp-content\/uploads\/2021\/12\/Aokit-Cube-3200-Puffs-Disposable-Vape-Wholesale-Pink-lemonade.jpg?resize=800%2C800&#038;ssl=1\" alt=\"Aokit Cube 3200 Puffs Vape monouso all&#039;ingrosso Limonata rosa\" width=\"800\" height=\"800\" \/><\/a> <a href=\"https:\/\/i0.wp.com\/www.disposablevapeswholesale.com\/wp-content\/uploads\/2021\/12\/Aokit-Cube-3200-Puffs-Disposable-Vape-Wholesale-Energy-Drink-Flavors.jpg?ssl=1\" target=\"_blank\" rel=\"noopener\"><img data-recalc-dims=\"1\" loading=\"lazy\" decoding=\"async\" class=\"alignnone size-full wp-image-1180\" title=\"Aokit Cube 3200 soffi monouso Vape all&#039;ingrosso bevande energetiche sapori\" src=\"https:\/\/i0.wp.com\/www.disposablevapeswholesale.com\/wp-content\/uploads\/2021\/12\/Aokit-Cube-3200-Puffs-Disposable-Vape-Wholesale-Energy-Drink-Flavors.jpg?resize=800%2C800&#038;ssl=1\" alt=\"Aokit Cube 3200 soffi monouso Vape all&#039;ingrosso bevande energetiche sapori\" width=\"800\" height=\"800\" \/><\/a> <a href=\"https:\/\/i0.wp.com\/www.disposablevapeswholesale.com\/wp-content\/uploads\/2021\/12\/Aokit-Cube-3200-Puffs-Disposable-Vape-Wholesale-Lush-Ice.jpg?ssl=1\" target=\"_blank\" rel=\"noopener\"><img data-recalc-dims=\"1\" loading=\"lazy\" decoding=\"async\" class=\"alignnone size-full wp-image-1184\" title=\"Aokit Cube 3200 soffi monouso Vape all&#039;ingrosso Lush Ice\" src=\"https:\/\/i0.wp.com\/www.disposablevapeswholesale.com\/wp-content\/uploads\/2021\/12\/Aokit-Cube-3200-Puffs-Disposable-Vape-Wholesale-Lush-Ice.jpg?resize=800%2C800&#038;ssl=1\" alt=\"Aokit Cube 3200 soffi monouso Vape all&#039;ingrosso Lush Ice\" width=\"800\" height=\"800\" \/><\/a> <a href=\"https:\/\/i0.wp.com\/www.disposablevapeswholesale.com\/wp-content\/uploads\/2021\/12\/Aokit-Cube-3200-Puffs-Disposable-Vape-Wholesale-Pink-lemonade-Flavors.jpg?ssl=1\" target=\"_blank\" rel=\"noopener\"><img data-recalc-dims=\"1\" loading=\"lazy\" decoding=\"async\" class=\"alignnone size-full wp-image-1188\" title=\"Aokit Cube 3200 Puffs usa e getta Vape all&#039;ingrosso Gusti limonata rosa\" src=\"https:\/\/i0.wp.com\/www.disposablevapeswholesale.com\/wp-content\/uploads\/2021\/12\/Aokit-Cube-3200-Puffs-Disposable-Vape-Wholesale-Pink-lemonade-Flavors.jpg?resize=800%2C800&#038;ssl=1\" alt=\"Aokit Cube 3200 Puffs usa e getta Vape all&#039;ingrosso Gusti limonata rosa\" width=\"800\" height=\"800\" \/><\/a> <a href=\"https:\/\/i0.wp.com\/www.disposablevapeswholesale.com\/wp-content\/uploads\/2021\/12\/Aokit-Cube-3200-Puffs-Disposable-Vape-Wholesale-Cotton-Candy-Flavors.jpg?ssl=1\" target=\"_blank\" rel=\"noopener\"><img data-recalc-dims=\"1\" loading=\"lazy\" decoding=\"async\" class=\"alignnone size-full wp-image-1178\" title=\"Aokit Cube 3200 soffi monouso Vape all&#039;ingrosso sapori di zucchero filato\" src=\"https:\/\/i0.wp.com\/www.disposablevapeswholesale.com\/wp-content\/uploads\/2021\/12\/Aokit-Cube-3200-Puffs-Disposable-Vape-Wholesale-Cotton-Candy-Flavors.jpg?resize=800%2C800&#038;ssl=1\" alt=\"Aokit Cube 3200 soffi monouso Vape all&#039;ingrosso sapori di zucchero filato\" width=\"800\" height=\"800\" \/><\/a><\/p>\n<p>&nbsp;<\/p>","protected":false},"excerpt":{"rendered":"<p>Aokit Cube 3200 Puffs Disposable Vape Wholesale offre un design compatto e resistente, con un'erogazione di vapore fluida e un funzionamento senza problemi per un'esperienza di vaping di alto livello.<\/p>","protected":false},"featured_media":2034,"comment_status":"closed","ping_status":"closed","template":"","meta":[],"product_brand":[],"product_cat":[22],"product_tag":[351,352,60,256],"class_list":{"0":"post-1763","1":"product","2":"type-product","3":"status-publish","4":"has-post-thumbnail","6":"product_cat-disposable-vape-sticks","7":"product_tag-3200-puffs","8":"product_tag-aokit-cube","9":"product_tag-disposable-vapes","10":"product_tag-wholesale","12":"first","13":"instock","14":"shipping-taxable","15":"purchasable","16":"product-type-simple"},"jetpack_sharing_enabled":true,"tiered_pricing_type":"fixed","tiered_pricing_fixed_rules":{"5000":8,"10000":7,"50000":6},"tiered_pricing_product_settings":{"layout":"default","base_unit_name":{"singular":null,"plural":null},"default_variation":null},"tiered_pricing_minimum_quantity":60,"tiered_pricing_roles_data":[],"tiered_pricing_percentage_rules":[],"tiered_pricing_maximum_quantity":null,"tiered_pricing_quantity_step":null,"_links":{"self":[{"href":"https:\/\/cloudsupplyvapes.com\/it\/wp-json\/wp\/v2\/product\/1763","targetHints":{"allow":["GET"]}}],"collection":[{"href":"https:\/\/cloudsupplyvapes.com\/it\/wp-json\/wp\/v2\/product"}],"about":[{"href":"https:\/\/cloudsupplyvapes.com\/it\/wp-json\/wp\/v2\/types\/product"}],"replies":[{"embeddable":true,"href":"https:\/\/cloudsupplyvapes.com\/it\/wp-json\/wp\/v2\/comments?post=1763"}],"wp:featuredmedia":[{"embeddable":true,"href":"https:\/\/cloudsupplyvapes.com\/it\/wp-json\/wp\/v2\/media\/2034"}],"wp:attachment":[{"href":"https:\/\/cloudsupplyvapes.com\/it\/wp-json\/wp\/v2\/media?parent=1763"}],"wp:term":[{"taxonomy":"product_brand","embeddable":true,"href":"https:\/\/cloudsupplyvapes.com\/it\/wp-json\/wp\/v2\/product_brand?post=1763"},{"taxonomy":"product_cat","embeddable":true,"href":"https:\/\/cloudsupplyvapes.com\/it\/wp-json\/wp\/v2\/product_cat?post=1763"},{"taxonomy":"product_tag","embeddable":true,"href":"https:\/\/cloudsupplyvapes.com\/it\/wp-json\/wp\/v2\/product_tag?post=1763"}],"curies":[{"name":"wp","href":"https:\/\/api.w.org\/{rel}","templated":true}]}}