{"id":1877,"date":"2024-10-19T02:22:14","date_gmt":"2024-10-19T02:22:14","guid":{"rendered":"https:\/\/cloudsupplyvapes.com\/?post_type=product&#038;p=1877"},"modified":"2024-11-26T07:33:48","modified_gmt":"2024-11-26T07:33:48","slug":"-69","status":"publish","type":"product","link":"https:\/\/cloudsupplyvapes.com\/it\/product\/aokit-max-2300-puffs-disposable-vape-wholesale\/","title":{"rendered":"Aokit Max 2300 Puffs usa e getta Vape all'ingrosso Design portatile di lunga durata Vape"},"content":{"rendered":"<p>Aokit Max \u00e8 un tipo di Vape usa e getta da 2300 puff, batteria integrata da 1250 mAh, capacit\u00e0 di 6,5 ml di olio per vape. Disponibile in una variet\u00e0 di gusti, ognuno dei quali \u00e8 delizioso, potete scegliere il vostro gusto preferito e fare il vostro ordine.<\/p>\n<h2>I sapori<\/h2>\n<p>Ghiaccio all'anguria<\/p>\n<p>Fragola e banana<\/p>\n<p>Ghiaccio al mirtillo<\/p>\n<p>Zucchero filato<\/p>\n<p>Menta fresca<\/p>\n<p>Ghiaccio alla Guava<\/p>\n<p>Ghiaccio alla pesca<\/p>\n<p>Ghiaccio al melone<\/p>\n<p>Ghiaccio alla banana<\/p>\n<p>Mango alla fragola<\/p>\n<p>&nbsp;<\/p>\n<h2>Imballaggio e peso<\/h2>\n<p>0,07KG\/PC, singolo con confezione piccola,<\/p>\n<p>300 PCS in cartone master, 21KG.<\/p>\n<p>&nbsp;<\/p>\n<h2>OEM<\/h2>\n<p>Quantit\u00e0 minima ordinabile per l'OEM: 1000 PCS dello stesso sapore.<\/p>\n<p><a href=\"https:\/\/i0.wp.com\/www.disposablevapeswholesale.com\/wp-content\/uploads\/2021\/12\/Aokit-Max-2300-Puffs-Disposable-Vape-Wholesale.jpg?ssl=1\" target=\"_blank\" rel=\"noopener\"><img data-recalc-dims=\"1\" loading=\"lazy\" decoding=\"async\" class=\"alignnone size-full wp-image-897\" title=\"Aokit Max 2300 boccate di vapore monouso all&#039;ingrosso\" src=\"https:\/\/i0.wp.com\/www.disposablevapeswholesale.com\/wp-content\/uploads\/2021\/12\/Aokit-Max-2300-Puffs-Disposable-Vape-Wholesale.jpg?resize=800%2C800&#038;ssl=1\" alt=\"Aokit Max 2300 boccate di vapore monouso all&#039;ingrosso\" width=\"800\" height=\"800\" \/><\/a> <a href=\"https:\/\/i0.wp.com\/www.disposablevapeswholesale.com\/wp-content\/uploads\/2021\/12\/Aokit-Max-2300-Puffs-Disposable-Vape-Wholesale-10-flavors.jpg?ssl=1\" target=\"_blank\" rel=\"noopener\"><img data-recalc-dims=\"1\" loading=\"lazy\" decoding=\"async\" class=\"alignnone size-full wp-image-883\" title=\"Aokit Max 2300 boccate di vapore monouso all&#039;ingrosso 10 gusti\" src=\"https:\/\/i0.wp.com\/www.disposablevapeswholesale.com\/wp-content\/uploads\/2021\/12\/Aokit-Max-2300-Puffs-Disposable-Vape-Wholesale-10-flavors.jpg?resize=800%2C800&#038;ssl=1\" alt=\"Aokit Max 2300 boccate di vapore monouso all&#039;ingrosso 10 gusti\" width=\"800\" height=\"800\" \/><\/a> <a href=\"https:\/\/i0.wp.com\/www.disposablevapeswholesale.com\/wp-content\/uploads\/2021\/12\/Aokit-Max-2300-Puffs-Disposable-Vape-Wholesale-Blueberry-Ice.jpg?ssl=1\" target=\"_blank\" rel=\"noopener\"><img data-recalc-dims=\"1\" loading=\"lazy\" decoding=\"async\" class=\"alignnone size-full wp-image-887\" title=\"Aokit Max 2300 boccate di vapore monouso all&#039;ingrosso Mirtillo Ghiaccio\" src=\"https:\/\/i0.wp.com\/www.disposablevapeswholesale.com\/wp-content\/uploads\/2021\/12\/Aokit-Max-2300-Puffs-Disposable-Vape-Wholesale-Blueberry-Ice.jpg?resize=800%2C800&#038;ssl=1\" alt=\"Aokit Max 2300 boccate di vapore monouso all&#039;ingrosso Mirtillo Ghiaccio\" width=\"800\" height=\"800\" \/><\/a> <a href=\"https:\/\/i0.wp.com\/www.disposablevapeswholesale.com\/wp-content\/uploads\/2021\/12\/Aokit-Max-2300-Puffs-Disposable-Vape-Wholesale-Banana-Ice.png?ssl=1\" target=\"_blank\" rel=\"noopener\"><img data-recalc-dims=\"1\" loading=\"lazy\" decoding=\"async\" class=\"alignnone size-full wp-image-885\" title=\"Aokit Max 2300 soffi monouso Vape Commercio all&#039;ingrosso Banana Ice\" src=\"https:\/\/i0.wp.com\/www.disposablevapeswholesale.com\/wp-content\/uploads\/2021\/12\/Aokit-Max-2300-Puffs-Disposable-Vape-Wholesale-Banana-Ice.png?resize=800%2C800&#038;ssl=1\" alt=\"Aokit Max 2300 soffi monouso Vape Commercio all&#039;ingrosso Banana Ice\" width=\"800\" height=\"800\" \/><\/a> <a href=\"https:\/\/i0.wp.com\/www.disposablevapeswholesale.com\/wp-content\/uploads\/2021\/12\/Aokit-Max-2300-Puffs-Disposable-Vape-Wholesale-Cool-Mint.jpg?ssl=1\" target=\"_blank\" rel=\"noopener\"><img data-recalc-dims=\"1\" loading=\"lazy\" decoding=\"async\" class=\"alignnone size-full wp-image-888\" title=\"Aokit Max 2300 boccate di vapore monouso all&#039;ingrosso menta fresca\" src=\"https:\/\/i0.wp.com\/www.disposablevapeswholesale.com\/wp-content\/uploads\/2021\/12\/Aokit-Max-2300-Puffs-Disposable-Vape-Wholesale-Cool-Mint.jpg?resize=800%2C800&#038;ssl=1\" alt=\"Aokit Max 2300 boccate di vapore monouso all&#039;ingrosso menta fresca\" width=\"800\" height=\"800\" \/><\/a> <a href=\"https:\/\/i0.wp.com\/www.disposablevapeswholesale.com\/wp-content\/uploads\/2021\/12\/Aokit-Max-2300-Puffs-Disposable-Vape-Wholesale-Honeydew-Melon-Ice.jpg?ssl=1\" target=\"_blank\" rel=\"noopener\"><img data-recalc-dims=\"1\" loading=\"lazy\" decoding=\"async\" class=\"alignnone size-full wp-image-891\" title=\"Aokit Max 2300 boccate di vapore monouso all&#039;ingrosso Honeydew Melon Ice\" src=\"https:\/\/i0.wp.com\/www.disposablevapeswholesale.com\/wp-content\/uploads\/2021\/12\/Aokit-Max-2300-Puffs-Disposable-Vape-Wholesale-Honeydew-Melon-Ice.jpg?resize=800%2C800&#038;ssl=1\" alt=\"Aokit Max 2300 boccate di vapore monouso all&#039;ingrosso Honeydew Melon Ice\" width=\"800\" height=\"800\" \/><\/a><\/p>","protected":false},"excerpt":{"rendered":"<p>Aokit Max 2300 Puffs Disposable Vape Wholesale offre prestazioni di lunga durata, un design portatile e colpi di gola morbidi, perfetti per un vaping conveniente e affidabile.<\/p>","protected":false},"featured_media":2087,"comment_status":"closed","ping_status":"closed","template":"","meta":[],"product_brand":[],"product_cat":[22],"product_tag":[359,360,60,256],"class_list":{"0":"post-1877","1":"product","2":"type-product","3":"status-publish","4":"has-post-thumbnail","6":"product_cat-disposable-vape-sticks","7":"product_tag-2300-puffs","8":"product_tag-aokit-max","9":"product_tag-disposable-vapes","10":"product_tag-wholesale","12":"first","13":"instock","14":"shipping-taxable","15":"purchasable","16":"product-type-simple"},"jetpack_sharing_enabled":true,"tiered_pricing_type":"fixed","tiered_pricing_fixed_rules":{"5000":6,"10000":5,"50000":4},"tiered_pricing_product_settings":{"layout":"default","base_unit_name":{"singular":null,"plural":null},"default_variation":null},"tiered_pricing_minimum_quantity":60,"tiered_pricing_roles_data":[],"tiered_pricing_percentage_rules":[],"tiered_pricing_maximum_quantity":null,"tiered_pricing_quantity_step":null,"_links":{"self":[{"href":"https:\/\/cloudsupplyvapes.com\/it\/wp-json\/wp\/v2\/product\/1877","targetHints":{"allow":["GET"]}}],"collection":[{"href":"https:\/\/cloudsupplyvapes.com\/it\/wp-json\/wp\/v2\/product"}],"about":[{"href":"https:\/\/cloudsupplyvapes.com\/it\/wp-json\/wp\/v2\/types\/product"}],"replies":[{"embeddable":true,"href":"https:\/\/cloudsupplyvapes.com\/it\/wp-json\/wp\/v2\/comments?post=1877"}],"wp:featuredmedia":[{"embeddable":true,"href":"https:\/\/cloudsupplyvapes.com\/it\/wp-json\/wp\/v2\/media\/2087"}],"wp:attachment":[{"href":"https:\/\/cloudsupplyvapes.com\/it\/wp-json\/wp\/v2\/media?parent=1877"}],"wp:term":[{"taxonomy":"product_brand","embeddable":true,"href":"https:\/\/cloudsupplyvapes.com\/it\/wp-json\/wp\/v2\/product_brand?post=1877"},{"taxonomy":"product_cat","embeddable":true,"href":"https:\/\/cloudsupplyvapes.com\/it\/wp-json\/wp\/v2\/product_cat?post=1877"},{"taxonomy":"product_tag","embeddable":true,"href":"https:\/\/cloudsupplyvapes.com\/it\/wp-json\/wp\/v2\/product_tag?post=1877"}],"curies":[{"name":"wp","href":"https:\/\/api.w.org\/{rel}","templated":true}]}}