{"id":1879,"date":"2024-10-19T02:22:14","date_gmt":"2024-10-19T02:22:14","guid":{"rendered":"https:\/\/cloudsupplyvapes.com\/?post_type=product&#038;p=1879"},"modified":"2024-11-26T07:34:16","modified_gmt":"2024-11-26T07:34:16","slug":"-71","status":"publish","type":"product","link":"https:\/\/cloudsupplyvapes.com\/it\/product\/aokit-cube-2-3200-puffs-disposable-vape-wholesale\/","title":{"rendered":"Aokit Cube 2 3200 boccate di vapore monouso all'ingrosso Design leggero e compatto"},"content":{"rendered":"<p>Aokit Cube 2 \u00e8 un tipo di Vape usa e getta da 3200 puff, batteria incorporata da 1800mAh, capacit\u00e0 di 12ml di olio da svapo. Il kit monouso Aokit Cube 2 \u00e8 dotato di un design a prova di perdite, ha un aspetto semplice da penna da svapo senza pulsanti e decorazioni inutili.<\/p>\n<p>&nbsp;<\/p>\n<h2>I sapori<\/h2>\n<p>Bevanda energetica<\/p>\n<p>Ghiaccio al mirtillo<\/p>\n<p>Anguria alla fragola<\/p>\n<p>Zucchero filato<\/p>\n<p>Ghiaccio alla pesca<\/p>\n<p>Ghiaccio lussureggiante<\/p>\n<p>Razz blu<\/p>\n<p>Ananas Coco<\/p>\n<p>Ghiaccio alla fragola<\/p>\n<p>&nbsp;<\/p>\n<h2>Imballaggio e peso<\/h2>\n<p>0,605KG\/PC, singolo con confezione piccola, 10 pezzi in scatola media.<\/p>\n<p>300 PCS in cartone master, 20,4KG.<\/p>\n<p>&nbsp;<\/p>\n<h2>OEM<\/h2>\n<p>Quantit\u00e0 minima ordinabile per l'OEM: 1000 PCS dello stesso sapore.<\/p>\n<p><a href=\"https:\/\/i0.wp.com\/www.disposablevapeswholesale.com\/wp-content\/uploads\/2021\/12\/Aokit-Cube-2-3200-Puffs-Disposable-Vape-Wholesale-Variety-Of-Flavors.jpg?ssl=1\" target=\"_blank\" rel=\"noopener\"><img data-recalc-dims=\"1\" loading=\"lazy\" decoding=\"async\" class=\"alignnone size-full wp-image-802\" title=\"Aokit Cube 2 3200 soffi monouso Vape all&#039;ingrosso Variet\u00e0 di sapori\" src=\"https:\/\/i0.wp.com\/www.disposablevapeswholesale.com\/wp-content\/uploads\/2021\/12\/Aokit-Cube-2-3200-Puffs-Disposable-Vape-Wholesale-Variety-Of-Flavors.jpg?resize=800%2C800&#038;ssl=1\" alt=\"Aokit Cube 2 3200 soffi monouso Vape all&#039;ingrosso Variet\u00e0 di sapori\" width=\"800\" height=\"800\" \/><\/a> <a href=\"https:\/\/i0.wp.com\/www.disposablevapeswholesale.com\/wp-content\/uploads\/2021\/12\/Aokit-Cube-2-3200-Puffs-Disposable-Vape-Wholesale-Pineapple-Coco.jpg?ssl=1\" target=\"_blank\" rel=\"noopener\"><img data-recalc-dims=\"1\" loading=\"lazy\" decoding=\"async\" class=\"alignnone size-full wp-image-797\" title=\"Aokit Cube 2 3200 soffi monouso Vape all&#039;ingrosso Ananas Coco\" src=\"https:\/\/i0.wp.com\/www.disposablevapeswholesale.com\/wp-content\/uploads\/2021\/12\/Aokit-Cube-2-3200-Puffs-Disposable-Vape-Wholesale-Pineapple-Coco.jpg?resize=800%2C800&#038;ssl=1\" alt=\"Aokit Cube 2 3200 soffi monouso Vape all&#039;ingrosso Ananas Coco\" width=\"800\" height=\"800\" \/><\/a> <a href=\"https:\/\/i0.wp.com\/www.disposablevapeswholesale.com\/wp-content\/uploads\/2021\/12\/Aokit-Cube-2-3200-Puffs-Disposable-Vape-Wholesale-Strawberry-Watermelon-Flavors.jpg?ssl=1\" target=\"_blank\" rel=\"noopener\"><img data-recalc-dims=\"1\" loading=\"lazy\" decoding=\"async\" class=\"alignnone size-full wp-image-800\" title=\"Aokit Cube 2 3200 Puffs usa e getta Vape all&#039;ingrosso sapori di fragola e anguria\" src=\"https:\/\/i0.wp.com\/www.disposablevapeswholesale.com\/wp-content\/uploads\/2021\/12\/Aokit-Cube-2-3200-Puffs-Disposable-Vape-Wholesale-Strawberry-Watermelon-Flavors.jpg?resize=800%2C800&#038;ssl=1\" alt=\"Aokit Cube 2 3200 Puffs usa e getta Vape all&#039;ingrosso sapori di fragola e anguria\" width=\"800\" height=\"800\" \/><\/a> <a href=\"https:\/\/i0.wp.com\/www.disposablevapeswholesale.com\/wp-content\/uploads\/2021\/12\/Aokit-Cube-2-3200-Puffs-Disposable-Vape-Wholesale-Energy-Drink.jpg?ssl=1\" target=\"_blank\" rel=\"noopener\"><img data-recalc-dims=\"1\" loading=\"lazy\" decoding=\"async\" class=\"alignnone size-full wp-image-792\" title=\"Aokit Cube 2 3200 boccate di vapore monouso bevanda energetica all&#039;ingrosso\" src=\"https:\/\/i0.wp.com\/www.disposablevapeswholesale.com\/wp-content\/uploads\/2021\/12\/Aokit-Cube-2-3200-Puffs-Disposable-Vape-Wholesale-Energy-Drink.jpg?resize=800%2C800&#038;ssl=1\" alt=\"Aokit Cube 2 3200 boccate di vapore monouso bevanda energetica all&#039;ingrosso\" width=\"800\" height=\"800\" \/><\/a> <a href=\"https:\/\/i0.wp.com\/www.disposablevapeswholesale.com\/wp-content\/uploads\/2021\/12\/Aokit-Cube-2-3200-Puffs-Disposable-Vape-Wholesale-Lush-Ice.jpg?ssl=1\" target=\"_blank\" rel=\"noopener\"><img data-recalc-dims=\"1\" loading=\"lazy\" decoding=\"async\" class=\"alignnone size-full wp-image-793\" title=\"Aokit Cube 2 3200 boccate di vapore monouso all&#039;ingrosso Lush Ice\" src=\"https:\/\/i0.wp.com\/www.disposablevapeswholesale.com\/wp-content\/uploads\/2021\/12\/Aokit-Cube-2-3200-Puffs-Disposable-Vape-Wholesale-Lush-Ice.jpg?resize=800%2C800&#038;ssl=1\" alt=\"Aokit Cube 2 3200 boccate di vapore monouso all&#039;ingrosso Lush Ice\" width=\"800\" height=\"800\" \/><\/a> <a href=\"https:\/\/i0.wp.com\/www.disposablevapeswholesale.com\/wp-content\/uploads\/2021\/12\/Aokit-Cube-2-3200-Puffs-Disposable-Vape-Wholesale-Blue-Razz-Flavors.jpg?ssl=1\" target=\"_blank\" rel=\"noopener\"><img data-recalc-dims=\"1\" loading=\"lazy\" decoding=\"async\" class=\"alignnone size-full wp-image-787\" title=\"Aokit Cube 2 3200 soffi monouso Vape all&#039;ingrosso Blue Razz Flavors\" src=\"https:\/\/i0.wp.com\/www.disposablevapeswholesale.com\/wp-content\/uploads\/2021\/12\/Aokit-Cube-2-3200-Puffs-Disposable-Vape-Wholesale-Blue-Razz-Flavors.jpg?resize=800%2C800&#038;ssl=1\" alt=\"Aokit Cube 2 3200 soffi monouso Vape all&#039;ingrosso Blue Razz Flavors\" width=\"800\" height=\"800\" \/><\/a> <a href=\"https:\/\/i0.wp.com\/www.disposablevapeswholesale.com\/wp-content\/uploads\/2021\/12\/%E5%BE%AE%E4%BF%A1%E5%9B%BE%E7%89%87_20211218172901.jpg?ssl=1\" target=\"_blank\" rel=\"noopener\"><img data-recalc-dims=\"1\" loading=\"lazy\" decoding=\"async\" class=\"alignnone size-full wp-image-804\" title=\"20211218172901\" src=\"https:\/\/i0.wp.com\/www.disposablevapeswholesale.com\/wp-content\/uploads\/2021\/12\/%E5%BE%AE%E4%BF%A1%E5%9B%BE%E7%89%87_20211218172901.jpg?resize=800%2C800&#038;ssl=1\" alt=\"20211218172901\" width=\"800\" height=\"800\" \/><\/a> <a href=\"https:\/\/i0.wp.com\/www.disposablevapeswholesale.com\/wp-content\/uploads\/2021\/12\/Aokit-Cube-2-3200-Puffs-Disposable-Vape-Wholesale-Strawberry-Ice-Flavors.jpg?ssl=1\" target=\"_blank\" rel=\"noopener\"><img data-recalc-dims=\"1\" loading=\"lazy\" decoding=\"async\" class=\"alignnone size-full wp-image-798\" title=\"Aokit Cube 2 3200 soffi monouso Vape all&#039;ingrosso Ghiaccio alla Fragola\" src=\"https:\/\/i0.wp.com\/www.disposablevapeswholesale.com\/wp-content\/uploads\/2021\/12\/Aokit-Cube-2-3200-Puffs-Disposable-Vape-Wholesale-Strawberry-Ice-Flavors.jpg?resize=800%2C800&#038;ssl=1\" alt=\"Aokit Cube 2 3200 soffi monouso Vape all&#039;ingrosso Ghiaccio alla Fragola\" width=\"800\" height=\"800\" \/><\/a><\/p>","protected":false},"excerpt":{"rendered":"<p>Aokit Cube 2 3200 Puffs Disposable Vape Wholesale offre un design leggero e compatto con prestazioni di vapore costanti e un funzionamento senza problemi per il vaping portatile.<\/p>","protected":false},"featured_media":2102,"comment_status":"closed","ping_status":"closed","template":"","meta":[],"product_brand":[],"product_cat":[22],"product_tag":[351,363,60,256],"class_list":{"0":"post-1879","1":"product","2":"type-product","3":"status-publish","4":"has-post-thumbnail","6":"product_cat-disposable-vape-sticks","7":"product_tag-3200-puffs","8":"product_tag-aokit-cube-2","9":"product_tag-disposable-vapes","10":"product_tag-wholesale","12":"first","13":"instock","14":"shipping-taxable","15":"purchasable","16":"product-type-simple"},"jetpack_sharing_enabled":true,"tiered_pricing_type":"fixed","tiered_pricing_fixed_rules":{"5000":11,"10000":10,"50000":9},"tiered_pricing_product_settings":{"layout":"default","base_unit_name":{"singular":null,"plural":null},"default_variation":null},"tiered_pricing_minimum_quantity":60,"tiered_pricing_roles_data":[],"tiered_pricing_percentage_rules":[],"tiered_pricing_maximum_quantity":null,"tiered_pricing_quantity_step":null,"_links":{"self":[{"href":"https:\/\/cloudsupplyvapes.com\/it\/wp-json\/wp\/v2\/product\/1879","targetHints":{"allow":["GET"]}}],"collection":[{"href":"https:\/\/cloudsupplyvapes.com\/it\/wp-json\/wp\/v2\/product"}],"about":[{"href":"https:\/\/cloudsupplyvapes.com\/it\/wp-json\/wp\/v2\/types\/product"}],"replies":[{"embeddable":true,"href":"https:\/\/cloudsupplyvapes.com\/it\/wp-json\/wp\/v2\/comments?post=1879"}],"wp:featuredmedia":[{"embeddable":true,"href":"https:\/\/cloudsupplyvapes.com\/it\/wp-json\/wp\/v2\/media\/2102"}],"wp:attachment":[{"href":"https:\/\/cloudsupplyvapes.com\/it\/wp-json\/wp\/v2\/media?parent=1879"}],"wp:term":[{"taxonomy":"product_brand","embeddable":true,"href":"https:\/\/cloudsupplyvapes.com\/it\/wp-json\/wp\/v2\/product_brand?post=1879"},{"taxonomy":"product_cat","embeddable":true,"href":"https:\/\/cloudsupplyvapes.com\/it\/wp-json\/wp\/v2\/product_cat?post=1879"},{"taxonomy":"product_tag","embeddable":true,"href":"https:\/\/cloudsupplyvapes.com\/it\/wp-json\/wp\/v2\/product_tag?post=1879"}],"curies":[{"name":"wp","href":"https:\/\/api.w.org\/{rel}","templated":true}]}}