{"id":2063,"date":"2024-10-19T02:23:01","date_gmt":"2024-10-19T02:23:01","guid":{"rendered":"https:\/\/cloudsupplyvapes.com\/?post_type=product&#038;p=2063"},"modified":"2024-11-26T07:31:24","modified_gmt":"2024-11-26T07:31:24","slug":"randm-tornado-9000-puffs-vapes-usa-e-getta-allingrosso","status":"publish","type":"product","link":"https:\/\/cloudsupplyvapes.com\/it\/product\/randm-tornado-9000-puffs-disposable-vape-wholesale\/","title":{"rendered":"RANDM Tornado 9000 soffi di vapore monouso all'ingrosso Design durevole di alta qualit\u00e0"},"content":{"rendered":"<p>RandM Tornado 9000 \u00e8 un dispositivo di svapo monouso dal design accattivante e ricaricabile. \u00c8 possibile scegliere tra 20 opzioni. \u00c8 un dispositivo di svapo monouso pre-riempito e all-in-one che offre una grande capacit\u00e0 e una batteria di lunga durata. Con un massimo di 9000 boccate per dispositivo, \u00e8 stato progettato per fornire un'esperienza di svapo facile da usare e conveniente, senza necessit\u00e0 di manutenzione o di ricarica. Caratterizzato da un design elegante e compatto, da un flusso d'aria regolabile e da una gamma di opzioni deliziose tra cui scegliere, Tornado 9000 offre un'esperienza di svapo eccezionale.<\/p>\n<p>&nbsp;<\/p>\n<h2>Dispositivo monouso RandM Tornado 9000 Caratteristiche:<\/h2>\n<p>\u26110\/2\/3\/5% Sale di nicotina.<\/p>\n<p>\u261118ML di liquido elettronico.<\/p>\n<p>Bobina a rete<\/p>\n<p>Batteria ricaricabile<\/p>\n<p>Batteria integrata da 850 mAh.<\/p>\n<p>\u261112 gusti disponibili.<\/p>\n<p>\u261110 pezzi in una scatola da esposizione.<\/p>\n<p>200 pezzi in un cartone.<\/p>\n<p>&nbsp;<\/p>\n<h2>Gusti disponibili:<\/h2>\n<p>1.Mirtillo Lampone<\/p>\n<p>2.Mr Blue<\/p>\n<p>3.Anguria alla fragola<\/p>\n<p>4.Soda arancione<\/p>\n<p>5.Gomma da masticare all'anguria<\/p>\n<p>6.Caramelle arcobaleno<\/p>\n<p>7.Limonata rosa<\/p>\n<p>8.Pesca Mango Ananas<\/p>\n<p>9.Banana alla fragola<\/p>\n<p>10.Ghiaccio lussureggiante<\/p>\n<p>11.Drago Nero di Ghiaccio<\/p>\n<p>12.Aloe Uva<\/p>\n<p>13.Blu Razz Ice<\/p>\n<p>14.Kiwi Frutto della passione Guava<\/p>\n<p>15.Orso gommoso<\/p>\n<p>16.Menta fresca<\/p>\n<p>17.Bacche miste<\/p>\n<p>18.Anguria al lampone<\/p>\n<p>19.Limonata alla pesca<\/p>\n<p>20.Ghiaccio alla guava<\/p>\n<p>&nbsp;<\/p>\n<h2>Imballaggio e peso<\/h2>\n<p>0.11KG\/PCS, singolo con il piccolo pacchetto, 10 pezzi in una scatola media.<\/p>\n<p>200PCS in cartone master, 22KG.<\/p>","protected":false},"excerpt":{"rendered":"<p>RANDM Tornado 9000 Puffs Disposable Vape Wholesale offre un design resistente, un'erogazione di vapore costante e una batteria di lunga durata per un'esperienza di vaping affidabile e di qualit\u00e0.<\/p>","protected":false},"featured_media":2347,"comment_status":"closed","ping_status":"closed","template":"","meta":[],"product_brand":[],"product_cat":[22],"product_tag":[389,387,388],"class_list":{"0":"post-2063","1":"product","2":"type-product","3":"status-publish","4":"has-post-thumbnail","6":"product_cat-disposable-vape-sticks","7":"product_tag-randm-tornado-9000","8":"product_tag-randm-vape","9":"product_tag-randm-vape-wholesale","11":"first","12":"instock","13":"shipping-taxable","14":"purchasable","15":"product-type-simple"},"jetpack_sharing_enabled":true,"tiered_pricing_type":"fixed","tiered_pricing_fixed_rules":{"1000":8,"10000":7,"50000":6},"tiered_pricing_product_settings":{"layout":"default","base_unit_name":{"singular":null,"plural":null},"default_variation":null},"tiered_pricing_minimum_quantity":100,"tiered_pricing_roles_data":[],"tiered_pricing_percentage_rules":[],"tiered_pricing_maximum_quantity":null,"tiered_pricing_quantity_step":null,"_links":{"self":[{"href":"https:\/\/cloudsupplyvapes.com\/it\/wp-json\/wp\/v2\/product\/2063","targetHints":{"allow":["GET"]}}],"collection":[{"href":"https:\/\/cloudsupplyvapes.com\/it\/wp-json\/wp\/v2\/product"}],"about":[{"href":"https:\/\/cloudsupplyvapes.com\/it\/wp-json\/wp\/v2\/types\/product"}],"replies":[{"embeddable":true,"href":"https:\/\/cloudsupplyvapes.com\/it\/wp-json\/wp\/v2\/comments?post=2063"}],"wp:featuredmedia":[{"embeddable":true,"href":"https:\/\/cloudsupplyvapes.com\/it\/wp-json\/wp\/v2\/media\/2347"}],"wp:attachment":[{"href":"https:\/\/cloudsupplyvapes.com\/it\/wp-json\/wp\/v2\/media?parent=2063"}],"wp:term":[{"taxonomy":"product_brand","embeddable":true,"href":"https:\/\/cloudsupplyvapes.com\/it\/wp-json\/wp\/v2\/product_brand?post=2063"},{"taxonomy":"product_cat","embeddable":true,"href":"https:\/\/cloudsupplyvapes.com\/it\/wp-json\/wp\/v2\/product_cat?post=2063"},{"taxonomy":"product_tag","embeddable":true,"href":"https:\/\/cloudsupplyvapes.com\/it\/wp-json\/wp\/v2\/product_tag?post=2063"}],"curies":[{"name":"wp","href":"https:\/\/api.w.org\/{rel}","templated":true}]}}