{"id":2153,"date":"2024-10-19T02:23:25","date_gmt":"2024-10-19T02:23:25","guid":{"rendered":"https:\/\/cloudsupplyvapes.com\/?post_type=product&#038;p=2153"},"modified":"2024-11-26T07:27:51","modified_gmt":"2024-11-26T07:27:51","slug":"-79","status":"publish","type":"product","link":"https:\/\/cloudsupplyvapes.com\/it\/product\/randm-dazzle-5000-puffs-disposable-vape-wholesale\/","title":{"rendered":"RANDM Dazzle 5000 Puffs Vape usa e getta all'ingrosso Vape leggero senza problemi"},"content":{"rendered":"<p><strong>RandM Dazzle 5000<\/strong>\u00c8 un dispositivo di svapo monouso con un popolare serbatoio trasparente, una luce RGB colorata ed \u00e8 ricaricabile. Contiene 10 ml di succo elettronico al sale di nicotina 0\/2\/3\/5% e consente di svapare fino a 5000 boccate. Ci sono 20 gusti da scegliere. La luce RGB lo rende il dispositivo usa e getta pi\u00f9 cool e in pi\u00f9 \u00e8 dotato di una porta usb ricaricabile sul fondo del dispositivo, che garantisce di finire l'ultima goccia di ejuice nel serbatoio e di avere la luce sempre accesa.<\/p>\n<h2><b data-stringify-type=\"bold\">Dispositivo monouso RandM Dazzle 5000?Caratteristiche:<\/b><\/h2>\n<p>0\/2\/3\/5%?Sale di nicotina.<br \/>\n10ML di liquido elettronico.<br \/>\n5000 soffi per dispositivo.<br \/>\n6 colori di luce RGB<br \/>\nBatteria ricaricabile<br \/>\nRiempimento del serbatoio<br \/>\nBatteria integrata da 1000 mAh.<br \/>\n12 gusti disponibili.<br \/>\n10 pezzi in una scatola da esposizione.<br \/>\n300 pezzi in un cartone.<\/p>\n<h2><b data-stringify-type=\"bold\">I sapori<\/b><\/h2>\n<p>1.GHIACCIO<br \/>\n2.Yougurt alla fragola<br \/>\n3.Ghiaccio di banana<br \/>\n4.Blu Razz Ice<br \/>\n5.Soda arancione<br \/>\n6.Orso gommoso<br \/>\n7.Anguria di mora<br \/>\n8.Pere di cotone<br \/>\n9.Melograno<br \/>\n10.Gelato alla pesca<br \/>\n11.Mela rossa Melone ghiacciato<br \/>\n12.Miscela di bacche<br \/>\n13.Cheesecake all'anguria<br \/>\n14.Ghiaccio d'uva<br \/>\n15 Mango Guava<br \/>\n16 Tabacco<br \/>\n17 Bacche di kiwi<br \/>\n18 Menta fresca<br \/>\n19 Fragola litchi<br \/>\n20 Aloe Uva<\/p>","protected":false},"excerpt":{"rendered":"<p>RANDM Dazzle 5000 Puffs Disposable Vape Wholesale offre un design leggero e senza problemi, garantendo un vapore omogeneo e prestazioni costanti per un'esperienza di vaping di alto livello.<\/p>","protected":false},"featured_media":2427,"comment_status":"closed","ping_status":"closed","template":"","meta":[],"product_brand":[],"product_cat":[22],"product_tag":[338,387,388],"class_list":{"0":"post-2153","1":"product","2":"type-product","3":"status-publish","4":"has-post-thumbnail","6":"product_cat-disposable-vape-sticks","7":"product_tag-randm-dazzle-5000","8":"product_tag-randm-vape","9":"product_tag-randm-vape-wholesale","11":"first","12":"instock","13":"virtual","14":"purchasable","15":"product-type-simple"},"jetpack_sharing_enabled":true,"tiered_pricing_type":"fixed","tiered_pricing_fixed_rules":{"5000":11,"10000":10,"50000":9},"tiered_pricing_product_settings":{"layout":"default","base_unit_name":{"singular":null,"plural":null},"default_variation":null},"tiered_pricing_minimum_quantity":60,"tiered_pricing_roles_data":[],"tiered_pricing_percentage_rules":[],"tiered_pricing_maximum_quantity":null,"tiered_pricing_quantity_step":null,"_links":{"self":[{"href":"https:\/\/cloudsupplyvapes.com\/it\/wp-json\/wp\/v2\/product\/2153","targetHints":{"allow":["GET"]}}],"collection":[{"href":"https:\/\/cloudsupplyvapes.com\/it\/wp-json\/wp\/v2\/product"}],"about":[{"href":"https:\/\/cloudsupplyvapes.com\/it\/wp-json\/wp\/v2\/types\/product"}],"replies":[{"embeddable":true,"href":"https:\/\/cloudsupplyvapes.com\/it\/wp-json\/wp\/v2\/comments?post=2153"}],"wp:featuredmedia":[{"embeddable":true,"href":"https:\/\/cloudsupplyvapes.com\/it\/wp-json\/wp\/v2\/media\/2427"}],"wp:attachment":[{"href":"https:\/\/cloudsupplyvapes.com\/it\/wp-json\/wp\/v2\/media?parent=2153"}],"wp:term":[{"taxonomy":"product_brand","embeddable":true,"href":"https:\/\/cloudsupplyvapes.com\/it\/wp-json\/wp\/v2\/product_brand?post=2153"},{"taxonomy":"product_cat","embeddable":true,"href":"https:\/\/cloudsupplyvapes.com\/it\/wp-json\/wp\/v2\/product_cat?post=2153"},{"taxonomy":"product_tag","embeddable":true,"href":"https:\/\/cloudsupplyvapes.com\/it\/wp-json\/wp\/v2\/product_tag?post=2153"}],"curies":[{"name":"wp","href":"https:\/\/api.w.org\/{rel}","templated":true}]}}