{"id":2158,"date":"2024-10-19T02:23:25","date_gmt":"2024-10-19T02:23:25","guid":{"rendered":"https:\/\/cloudsupplyvapes.com\/?post_type=product&#038;p=2158"},"modified":"2024-11-26T07:30:13","modified_gmt":"2024-11-26T07:30:13","slug":"-83","status":"publish","type":"product","link":"https:\/\/cloudsupplyvapes.com\/it\/product\/bang-xxl-2000-puffs-disposable-vape-wholesale-2\/","title":{"rendered":"Bang XXL 2000 Puffs Vape usa e getta all'ingrosso Design leggero e adatto ai principianti"},"content":{"rendered":"<p>Vi presentiamo Bang XXL Disposable Vape, l'ultima innovazione del marchio Bang, progettata per garantire una lunga durata e un sapore ricco. Questo dispositivo stabilisce un nuovo standard con i suoi 2000 puff per unit\u00e0, garantendo una settimana di piacere di svapo senza bisogno di frequenti sostituzioni. Bang XXL si distingue come vape monouso di qualit\u00e0 superiore che offre sapori intensi e soddisfacenti a ogni boccata.<\/p>\n<p>Attivare Bang XXL \u00e8 semplicissimo: nessun pulsante, nessun problema. Basta inspirare per aprire un mondo di sapori esotici e succulenti di frutta e menta rinfrescante che stuzzicano le papille gustative. Ogni svapata viene fornita con 6,5 ml di succo elettronico in variet\u00e0 accattivanti come Icy Banana e Cool Mint, racchiuse in un design elegante e portatile.<\/p>\n<p>Il cuore del dispositivo \u00e8 una robusta batteria da 800 mAh, che completa la cartuccia ad alta capacit\u00e0 per un uso prolungato. Inoltre, la formulazione a base di sali di nicotina esalta i sapori del succo elettronico, offrendo un'esperienza di gusto pi\u00f9 intensa. Bang XXL \u00e8 pi\u00f9 di una semplice svapata usa e getta: \u00e8 un sistema di vaping all-in-one che combina convenienza e qualit\u00e0, adatto sia ai neofiti che ai vapers pi\u00f9 esperti.<\/p>\n<h2><strong>Caratteristiche e specifiche<\/strong><\/h2>\n<ul>\n<li>Sono disponibili 2000 Puff per dispositivo.<\/li>\n<li>Il dispositivo \u00e8 riservato agli adulti di et\u00e0 superiore ai 21 anni e non \u00e8 destinato ai minori.<\/li>\n<li>Il rapporto Vg\/Pg \u00e8 rispettivamente 70\/30 Miscela.<\/li>\n<li>La gradazione di nicotina \u00e8 5% O 50MG.<\/li>\n<li>L'aspettativa di vita del dispositivo \u00e8 di circa 2 anni.<\/li>\n<li>La capacit\u00e0 del dispositivo \u00e8 di 6,5 ml.<\/li>\n<li>\u00c8 un design senza pulsanti.<\/li>\n<li>Batteria da 850 mAh.<\/li>\n<li>Il dispositivo \u00e8 garantito come autentico 100%.<\/li>\n<\/ul>\n<h2><strong>I sapori<\/strong><\/h2>\n<ul>\n<li>Ghiaccio d'uva<\/li>\n<li>Ghiaccio al bubblegum<\/li>\n<li>Menta fresca<\/li>\n<li>Ghiaccio alla banana<\/li>\n<li>Orso gommoso<\/li>\n<li>Ghiaccio al mirtillo<\/li>\n<li>Ghiaccio alla pesca<\/li>\n<li>Gelato alla fragola<\/li>\n<li>Strawnana<\/li>\n<li>Anguria Lush<\/li>\n<li>Soda all'arancia<\/li>\n<li>Bacche miste<\/li>\n<li>Red Bull<\/li>\n<li>Ghiaccio di mela<\/li>\n<li>Mela rossa<\/li>\n<\/ul>\n<h2><strong>Imballaggio e peso<\/strong><\/h2>\n<p>Dimensione del cartone master: 44.5*43.5*27mm, 300 PCS dentro, 19.5kg<\/p>\n<h2>Il prodotto Bang XXL 2000 Puffs \u00e8 fuori produzione, ecco il prodotto di nuova generazione:<\/h2>\n<blockquote class=\"wp-embedded-content\" data-secret=\"1WzdnytNre\"><p><a href=\"https:\/\/shop.vape.hk\/product\/bang-bc5000-disposable-vape-wholesale\/\" target=\"_blank\" rel=\"noopener\">BANG BC5000 Vape monouso all'ingrosso<\/a><\/p><\/blockquote>\n<p><iframe loading=\"lazy\" class=\"wp-embedded-content\" sandbox=\"allow-scripts\" security=\"restricted\" style=\"position: absolute; visibility: hidden;\" title=\"\u201cBANG BC5000 Vape monouso all&#039;ingrosso\u201d - VAPE HK SHOP | WHOLESALE\" src=\"https:\/\/shop.vape.hk\/product\/bang-bc5000-disposable-vape-wholesale\/embed\/#?secret=SpbVUltEHg#?secret=1WzdnytNre\" data-secret=\"1WzdnytNre\" width=\"600\" height=\"338\" frameborder=\"0\" marginwidth=\"0\" marginheight=\"0\" scrolling=\"no\"><\/iframe><\/p>","protected":false},"excerpt":{"rendered":"<p>Bang XXL 2000 Puffs Disposable Vape Wholesale \u00e8 adatto ai principianti, con una struttura leggera, un colpo di gola morbido e un'erogazione di vapore costante per una svapata senza sforzi.<\/p>","protected":false},"featured_media":2496,"comment_status":"closed","ping_status":"closed","template":"","meta":[],"product_brand":[],"product_cat":[481,22],"product_tag":[399,400,401],"class_list":{"0":"post-2158","1":"product","2":"type-product","3":"status-publish","4":"has-post-thumbnail","6":"product_cat-bang","7":"product_cat-disposable-vape-sticks","8":"product_tag-bang-vape-wholesale","9":"product_tag-bang-xxl-2000","10":"product_tag-bang-xxl-vape","12":"first","13":"instock","14":"shipping-taxable","15":"purchasable","16":"product-type-simple"},"jetpack_sharing_enabled":true,"tiered_pricing_type":"fixed","tiered_pricing_fixed_rules":{"5000":6,"10000":5,"50000":3.899999999999999911182158029987476766109466552734375},"tiered_pricing_product_settings":{"layout":"default","base_unit_name":{"singular":null,"plural":null},"default_variation":null},"tiered_pricing_minimum_quantity":60,"tiered_pricing_roles_data":[],"tiered_pricing_percentage_rules":[],"tiered_pricing_maximum_quantity":null,"tiered_pricing_quantity_step":null,"_links":{"self":[{"href":"https:\/\/cloudsupplyvapes.com\/it\/wp-json\/wp\/v2\/product\/2158","targetHints":{"allow":["GET"]}}],"collection":[{"href":"https:\/\/cloudsupplyvapes.com\/it\/wp-json\/wp\/v2\/product"}],"about":[{"href":"https:\/\/cloudsupplyvapes.com\/it\/wp-json\/wp\/v2\/types\/product"}],"replies":[{"embeddable":true,"href":"https:\/\/cloudsupplyvapes.com\/it\/wp-json\/wp\/v2\/comments?post=2158"}],"wp:featuredmedia":[{"embeddable":true,"href":"https:\/\/cloudsupplyvapes.com\/it\/wp-json\/wp\/v2\/media\/2496"}],"wp:attachment":[{"href":"https:\/\/cloudsupplyvapes.com\/it\/wp-json\/wp\/v2\/media?parent=2158"}],"wp:term":[{"taxonomy":"product_brand","embeddable":true,"href":"https:\/\/cloudsupplyvapes.com\/it\/wp-json\/wp\/v2\/product_brand?post=2158"},{"taxonomy":"product_cat","embeddable":true,"href":"https:\/\/cloudsupplyvapes.com\/it\/wp-json\/wp\/v2\/product_cat?post=2158"},{"taxonomy":"product_tag","embeddable":true,"href":"https:\/\/cloudsupplyvapes.com\/it\/wp-json\/wp\/v2\/product_tag?post=2158"}],"curies":[{"name":"wp","href":"https:\/\/api.w.org\/{rel}","templated":true}]}}