{"id":2326,"date":"2024-10-19T02:24:14","date_gmt":"2024-10-19T02:24:14","guid":{"rendered":"https:\/\/cloudsupplyvapes.com\/?post_type=product&#038;p=2326"},"modified":"2024-11-26T07:25:55","modified_gmt":"2024-11-26T07:25:55","slug":"-86","status":"publish","type":"product","link":"https:\/\/cloudsupplyvapes.com\/it\/product\/aokit-cube-2-disposable-vape-wholesale-3200-puffs\/","title":{"rendered":"Aokit Cube 2 Vape monouso all'ingrosso 3200 soffi Design leggero"},"content":{"rendered":"<p>Il kit usa e getta Aokit Cube 2 \u00e8 dotato di un design a prova di perdite con una batteria da 1800 mah, che pu\u00f2 durare circa 3200 soffi, l'e-liquid \u00e8 di 12 ml con una forza di nicotina 5%.Ha un aspetto semplice da penna da svapo senza pulsanti e decorazioni inutili. Alimentata da una batteria integrata da 1800 mA, adotta un meccanismo di accensione ad estrazione, 9 aromi opzionali.<\/p>\n<p><img data-recalc-dims=\"1\" loading=\"lazy\" decoding=\"async\" class=\"alignnone size-large wp-image-599\" title=\"AOKIT CUBE 2 3200 SOFFI MONOUSO VAPE 5\" src=\"https:\/\/i0.wp.com\/www.vape4wholesale.com\/wp-content\/uploads\/2021\/07\/AOKIT-CUBE-2-3200-PUFFS-DISPOSABLE-VAPE-5-1024x460.jpg?resize=1020%2C458&#038;ssl=1\" alt=\"AOKIT CUBE 2 3200 SOFFI MONOUSO VAPE 5\" width=\"1020\" height=\"458\" \/><\/p>\n<h2 class=\"second-title\"><strong>Caratteristiche<\/strong><\/h2>\n<ul>\n<li>Design compatto e portatile della penna per vape usa e getta<\/li>\n<li>Auto-disegni attivati<\/li>\n<li>1800mAh Maggiore potenza Uso pi\u00f9 lungo<\/li>\n<li>12 ml di succo pre-riempito con intensit\u00e0 di nicotina 5%<\/li>\n<li>9 gusti opzionali<\/li>\n<\/ul>\n<h2 class=\"title\">SPECIFICA<\/h2>\n<div class=\"specification\">\n<div class=\"splist\"><em>Dimensioni:<\/em>20mm*131mm<\/div>\n<div class=\"splist\"><em>Capacit\u00e0 della batteria:<\/em>1800mAh<\/div>\n<div class=\"splist\"><em>Capacit\u00e0 del succo elettronico:<\/em>12ml<\/div>\n<div class=\"splist\"><em>Bign\u00e8:<\/em>3200<\/div>\n<div class=\"splist\"><em>Nicotina:<\/em>5%<\/div>\n<\/div>\n<h2><strong>9 gusti<\/strong><\/h2>\n<p>Bevanda energetica<br \/>\nGhiaccio al mirtillo<br \/>\nAnguria alla fragola<br \/>\nZucchero filato<br \/>\nGhiaccio alla pesca<br \/>\nGhiaccio lussureggiante<br \/>\nRazz blu<br \/>\nAnanas Coco<br \/>\nGhiaccio alla fragola<\/p>\n<h2><strong>INFO IMBALLAGGIO..:<\/strong><\/h2>\n<p>300PCS\/cartone, GW: 20.4KG<\/p>\n<h2><strong>MOQ PER OEM:<\/strong><\/h2>\n<p>2000 PCS \/ Gusto<\/p>\n<p>&nbsp;<\/p>","protected":false},"excerpt":{"rendered":"<p>Aokit Cube 2 Disposable Vape Wholesale eroga 3200 boccate con un design leggero e portatile, caratterizzato da colpi in gola morbidi e un funzionamento senza problemi per un vaping piacevole.<\/p>","protected":false},"featured_media":2620,"comment_status":"closed","ping_status":"closed","template":"","meta":[],"product_brand":[],"product_cat":[22],"product_tag":[351,418,421],"class_list":{"0":"post-2326","1":"product","2":"type-product","3":"status-publish","4":"has-post-thumbnail","6":"product_cat-disposable-vape-sticks","7":"product_tag-3200-puffs","8":"product_tag-aokit","9":"product_tag-cube-2","11":"first","12":"instock","13":"shipping-taxable","14":"purchasable","15":"product-type-simple"},"jetpack_sharing_enabled":true,"tiered_pricing_type":"fixed","tiered_pricing_fixed_rules":{"5000":8,"10000":7,"50000":6},"tiered_pricing_product_settings":{"layout":"default","base_unit_name":{"singular":null,"plural":null},"default_variation":null},"tiered_pricing_minimum_quantity":60,"tiered_pricing_roles_data":[],"tiered_pricing_percentage_rules":[],"tiered_pricing_maximum_quantity":null,"tiered_pricing_quantity_step":null,"_links":{"self":[{"href":"https:\/\/cloudsupplyvapes.com\/it\/wp-json\/wp\/v2\/product\/2326","targetHints":{"allow":["GET"]}}],"collection":[{"href":"https:\/\/cloudsupplyvapes.com\/it\/wp-json\/wp\/v2\/product"}],"about":[{"href":"https:\/\/cloudsupplyvapes.com\/it\/wp-json\/wp\/v2\/types\/product"}],"replies":[{"embeddable":true,"href":"https:\/\/cloudsupplyvapes.com\/it\/wp-json\/wp\/v2\/comments?post=2326"}],"wp:featuredmedia":[{"embeddable":true,"href":"https:\/\/cloudsupplyvapes.com\/it\/wp-json\/wp\/v2\/media\/2620"}],"wp:attachment":[{"href":"https:\/\/cloudsupplyvapes.com\/it\/wp-json\/wp\/v2\/media?parent=2326"}],"wp:term":[{"taxonomy":"product_brand","embeddable":true,"href":"https:\/\/cloudsupplyvapes.com\/it\/wp-json\/wp\/v2\/product_brand?post=2326"},{"taxonomy":"product_cat","embeddable":true,"href":"https:\/\/cloudsupplyvapes.com\/it\/wp-json\/wp\/v2\/product_cat?post=2326"},{"taxonomy":"product_tag","embeddable":true,"href":"https:\/\/cloudsupplyvapes.com\/it\/wp-json\/wp\/v2\/product_tag?post=2326"}],"curies":[{"name":"wp","href":"https:\/\/api.w.org\/{rel}","templated":true}]}}