{"id":4043,"date":"2024-10-19T02:36:05","date_gmt":"2024-10-19T02:36:05","guid":{"rendered":"https:\/\/cloudsupplyvapes.com\/?post_type=product&#038;p=4043"},"modified":"2024-11-26T06:39:12","modified_gmt":"2024-11-26T06:39:12","slug":"-123","status":"publish","type":"product","link":"https:\/\/cloudsupplyvapes.com\/it\/product\/geek-bar-pulse-15000-puffs-disposable-vape-wholesale\/","title":{"rendered":"Geek Bar Pulse 15000 Puffs usa e getta Vape all'ingrosso ad alta capacit\u00e0 Look elegante e raffinato"},"content":{"rendered":"<h2>Geek Bar Pulse 15000 Vape usa e getta<\/h2>\n<ul class=\"top\">\n<li>Marchio:\u00a0<b>Geek Bar<\/b><\/li>\n<li>Unit\u00e0: set<\/li>\n<li>Tipo:\u00a0<b>Vape usa e getta<\/b><\/li>\n<li>Peso netto: 68(g)<\/li>\n<\/ul>\n<p>Il costo della spedizione combinata verr\u00e0 calcolato automaticamente dal sistema dopo aver scelto la destinazione di spedizione nella fase di checkout.<\/p>\n<div class=\"title\">Geek Bar Pulse 15000 Vape usa e getta INTRODUZIONE<\/div>\n<p><b>Geek Bar Pulse 15000 Vape usa e getta<\/b> viene fornito con 16 ml di e-liquid e ha due tipi di modalit\u00e0. La modalit\u00e0 Pulse serve fino a 7500 boccate con un'erogazione di 20W, mentre la modalit\u00e0 Regular soddisfa 15000 boccate grazie alla doppia bobina integrata. Alimentata da una batteria ricaricabile da 650 mAh, la Geek Bar Pulse vanta uno schermo completo sul lato. Il vape monouso con schermo rende pi\u00f9 facile monitorare il livello della batteria e dell'e-liquid. Costruito con un rivestimento morbido al tatto, i bordi smussati del bocchino sono comodi per svapare.<\/p>\n<p class=\"second-title\">Caratteristiche<\/p>\n<p>- Liquido elettronico pre-riempito da 16 ml<\/p>\n<p>- 5%(50mg) Nicotina<\/p>\n<p>- Batteria ricaricabile da 650 mAh<\/p>\n<p>- Circa 15000 soffi<\/p>\n<p>- Porta tipo-C (non inclusa)<\/p>\n<p>- Bobina a doppia maglia<\/p>\n<p>- Attivato dal disegno<\/p>\n<p>- Vaping MTL<\/p>\n<p>- Schermo intero<\/p>\n<p>- Batteria&amp;E-liquido Schermo<\/p>\n<p>- Uscita 20W<\/p>\n<p>- Modalit\u00e0 a impulsi per 7500 soffi<\/p>\n<p>- Modalit\u00e0 regolare per 15000 soffi<\/p>","protected":false},"excerpt":{"rendered":"<p>Il Geek Bar Pulse 15000 Puffs Disposable Vape Wholesale offre un'elevata capacit\u00e0, un design elegante e un'erogazione di vapore fluida per esperienze di svapo eccellenti e soddisfacenti.<\/p>","protected":false},"featured_media":4479,"comment_status":"open","ping_status":"closed","template":"","meta":[],"product_brand":[],"product_cat":[22],"product_tag":[],"class_list":{"0":"post-4043","1":"product","2":"type-product","3":"status-publish","4":"has-post-thumbnail","6":"product_cat-disposable-vape-sticks","8":"first","9":"instock","10":"shipping-taxable","11":"purchasable","12":"product-type-simple"},"jetpack_sharing_enabled":true,"tiered_pricing_type":"fixed","tiered_pricing_fixed_rules":{"1000":13,"50000":10},"tiered_pricing_product_settings":{"layout":"default","base_unit_name":{"singular":null,"plural":null},"default_variation":null},"tiered_pricing_minimum_quantity":100,"tiered_pricing_roles_data":[],"tiered_pricing_percentage_rules":[],"tiered_pricing_maximum_quantity":null,"tiered_pricing_quantity_step":null,"_links":{"self":[{"href":"https:\/\/cloudsupplyvapes.com\/it\/wp-json\/wp\/v2\/product\/4043","targetHints":{"allow":["GET"]}}],"collection":[{"href":"https:\/\/cloudsupplyvapes.com\/it\/wp-json\/wp\/v2\/product"}],"about":[{"href":"https:\/\/cloudsupplyvapes.com\/it\/wp-json\/wp\/v2\/types\/product"}],"replies":[{"embeddable":true,"href":"https:\/\/cloudsupplyvapes.com\/it\/wp-json\/wp\/v2\/comments?post=4043"}],"wp:featuredmedia":[{"embeddable":true,"href":"https:\/\/cloudsupplyvapes.com\/it\/wp-json\/wp\/v2\/media\/4479"}],"wp:attachment":[{"href":"https:\/\/cloudsupplyvapes.com\/it\/wp-json\/wp\/v2\/media?parent=4043"}],"wp:term":[{"taxonomy":"product_brand","embeddable":true,"href":"https:\/\/cloudsupplyvapes.com\/it\/wp-json\/wp\/v2\/product_brand?post=4043"},{"taxonomy":"product_cat","embeddable":true,"href":"https:\/\/cloudsupplyvapes.com\/it\/wp-json\/wp\/v2\/product_cat?post=4043"},{"taxonomy":"product_tag","embeddable":true,"href":"https:\/\/cloudsupplyvapes.com\/it\/wp-json\/wp\/v2\/product_tag?post=4043"}],"curies":[{"name":"wp","href":"https:\/\/api.w.org\/{rel}","templated":true}]}}