{"id":4179,"date":"2024-10-19T02:36:28","date_gmt":"2024-10-19T02:36:28","guid":{"rendered":"https:\/\/cloudsupplyvapes.com\/?post_type=product&#038;p=4179"},"modified":"2024-11-26T06:38:48","modified_gmt":"2024-11-26T06:38:48","slug":"-125","status":"publish","type":"product","link":"https:\/\/cloudsupplyvapes.com\/it\/product\/geek-bar-meloso-ultra-10000-puffs-disposable-vape-wholesale\/","title":{"rendered":"Geek Bar Meloso Ultra 10000 Puffs Vape usa e getta all'ingrosso Costruzione durevole e di lunga durata"},"content":{"rendered":"<h2>Geek Bar Meloso Ultra Smart Display Vape usa e getta<\/h2>\n<ul class=\"top\">\n<li style=\"list-style-type: none;\">\n<ul class=\"top\">\n<li>Marchio:\u00a0<b>Geek Bar<\/b><\/li>\n<li>Unit\u00e0: set<\/li>\n<li>Tipo:\u00a0<b>Vape usa e getta<\/b><\/li>\n<li>Peso netto: 70(g)<\/li>\n<\/ul>\n<\/li>\n<\/ul>\n<p>Il costo della spedizione combinata verr\u00e0 calcolato automaticamente dal sistema dopo aver scelto la destinazione di spedizione nella fase di checkout.<\/p>\n<div class=\"title\">Geek Bar Meloso Ultra Smart Display Vape usa e getta INTRODUZIONE<\/div>\n<p><b>Geek Bar Meloso Ultra Smart Display Vape usa e getta<\/b> \u00e8 dotato di una potente batteria da 630 mAh, di uno schermo intelligente e di una bobina a doppia maglia e pu\u00f2 soddisfare fino a 10.000 boccate in totale. Oltre a una grande capacit\u00e0 di succo di svapo, la batteria \u00e8 consistente. In aggiunta alla batteria, \u00e8 presente una porta Type-C per la ricarica. L'aspetto pi\u00f9 interessante \u00e8 il piccolo display intelligente che mostra i livelli della batteria e del succo di svapo. \u00c8 possibile tenere sempre sotto controllo le informazioni in tempo reale. Meloso Ultra \u00e8 il futuro dei vapers usa e getta.<\/p>\n<p class=\"second-title\">Caratteristiche<\/p>\n<p>- 5% (50mg) Forza di nicotina<\/p>\n<p>- Batteria ricaricabile da 630 mAh<\/p>\n<p>- USB Tipo-C (non incluso)<\/p>\n<p>- Circa 10000 soffi<\/p>\n<p>- Bobina a doppia maglia<\/p>\n<p>- Attivato dal disegno<\/p>\n<p>- Vaping MTL<\/p>\n<p>- Display LED intelligente<\/p>","protected":false},"excerpt":{"rendered":"<p>Il Geek Bar Meloso Ultra 10000 Puffs Disposable Vape Wholesale offre prestazioni di lunga durata, una costruzione resistente e una ricca produzione di vapore per una soddisfazione di vaping prolungata.<\/p>","protected":false},"featured_media":4489,"comment_status":"open","ping_status":"closed","template":"","meta":[],"product_brand":[],"product_cat":[22],"product_tag":[],"class_list":{"0":"post-4179","1":"product","2":"type-product","3":"status-publish","4":"has-post-thumbnail","6":"product_cat-disposable-vape-sticks","8":"first","9":"instock","10":"shipping-taxable","11":"purchasable","12":"product-type-simple"},"jetpack_sharing_enabled":true,"tiered_pricing_type":"fixed","tiered_pricing_fixed_rules":{"1000":16,"10000":15,"50000":13},"tiered_pricing_product_settings":{"layout":"default","base_unit_name":{"singular":null,"plural":null},"default_variation":null},"tiered_pricing_minimum_quantity":100,"tiered_pricing_roles_data":[],"tiered_pricing_percentage_rules":[],"tiered_pricing_maximum_quantity":null,"tiered_pricing_quantity_step":null,"_links":{"self":[{"href":"https:\/\/cloudsupplyvapes.com\/it\/wp-json\/wp\/v2\/product\/4179","targetHints":{"allow":["GET"]}}],"collection":[{"href":"https:\/\/cloudsupplyvapes.com\/it\/wp-json\/wp\/v2\/product"}],"about":[{"href":"https:\/\/cloudsupplyvapes.com\/it\/wp-json\/wp\/v2\/types\/product"}],"replies":[{"embeddable":true,"href":"https:\/\/cloudsupplyvapes.com\/it\/wp-json\/wp\/v2\/comments?post=4179"}],"wp:featuredmedia":[{"embeddable":true,"href":"https:\/\/cloudsupplyvapes.com\/it\/wp-json\/wp\/v2\/media\/4489"}],"wp:attachment":[{"href":"https:\/\/cloudsupplyvapes.com\/it\/wp-json\/wp\/v2\/media?parent=4179"}],"wp:term":[{"taxonomy":"product_brand","embeddable":true,"href":"https:\/\/cloudsupplyvapes.com\/it\/wp-json\/wp\/v2\/product_brand?post=4179"},{"taxonomy":"product_cat","embeddable":true,"href":"https:\/\/cloudsupplyvapes.com\/it\/wp-json\/wp\/v2\/product_cat?post=4179"},{"taxonomy":"product_tag","embeddable":true,"href":"https:\/\/cloudsupplyvapes.com\/it\/wp-json\/wp\/v2\/product_tag?post=4179"}],"curies":[{"name":"wp","href":"https:\/\/api.w.org\/{rel}","templated":true}]}}