{"id":4180,"date":"2024-10-19T02:36:28","date_gmt":"2024-10-19T02:36:28","guid":{"rendered":"https:\/\/cloudsupplyvapes.com\/?post_type=product&#038;p=4180"},"modified":"2024-11-26T06:38:38","modified_gmt":"2024-11-26T06:38:38","slug":"-126","status":"publish","type":"product","link":"https:\/\/cloudsupplyvapes.com\/it\/product\/geek-bar-s6000-6000-puff-disposable-wholesale\/","title":{"rendered":"Geek Bar S6000 6000 puff monouso Vape all'ingrosso Design compatto ad alta capacit\u00e0"},"content":{"rendered":"<h2>Geek Bar S6000 monouso<\/h2>\n<ul class=\"top\">\n<li style=\"list-style-type: none;\">\n<ul class=\"top\">\n<li>Marchio: Geek Bar<\/li>\n<li>Unit\u00e0: set<\/li>\n<li>Tipo: Vape monouso<\/li>\n<li>Peso netto: 70(g)<\/li>\n<\/ul>\n<\/li>\n<\/ul>\n<p>Il costo della spedizione combinata verr\u00e0 calcolato automaticamente dal sistema dopo aver scelto la destinazione di spedizione nella fase di checkout.<\/p>\n<div class=\"title\">Geek Bar S6000 monouso INTRODUZIONE<\/div>\n<p><b>Geek Bar S6000 monouso<\/b>\u00a0con ben 16 ml di e-liquid con una gradazione di nicotina di 5% (50 mg), ogni monouso \u00e8 ricaricabile e ospita una batteria integrata da 500 mAh per supportare un'enorme quantit\u00e0 di 6000 puff. Ha una forma di cioccolato e un paio di gusti tra cui scegliere. \u00c8 attivata a tiraggio ed \u00e8 progettata con un bocchino piatto trasparente. La coil a rete offre un sapore e un vapore pi\u00f9 delicato.<\/p>\n<p class=\"second-title\">Caratteristiche<\/p>\n<p>- 6000 soffi<\/p>\n<p>- Capacit\u00e0 14 ml<\/p>\n<p>- 5% (50mg) Forza di nicotina<\/p>\n<p>- Batteria integrata da 500 mAh<\/p>\n<p>- Ricaricabile<\/p>\n<p>- Bobina a rete<\/p>\n<p>- Sorteggio MTL<\/p>\n<p>- Attivato dal disegno<\/p>\n<div class=\"title\">Geek Bar S6000 monouso SPECIFICHE<\/div>\n<p>Bign\u00e8: Fino a 6000<\/p>\n<p>Capacit\u00e0 della capsula: 14 ml<\/p>\n<p>Nicotina: 5%(50mg)<\/p>\n<p>Tipo di nicotina: Sale di nicotina<\/p>\n<p>Capacit\u00e0 della batteria: 500mAh<\/p>\n<p>Porta di ricarica: USB-C<\/p>\n<p>Bobina: Bobina a rete<\/p>\n<p>Meccanismo di fuoco: Attivazione a strappo<\/p>\n<p><a href=\"https:\/\/i0.wp.com\/shop.vape.hk\/wp-content\/uploads\/2023\/10\/Geek_Bar_S6000.jpg?ssl=1\" target=\"_blank\" rel=\"noopener\"><img data-recalc-dims=\"1\" loading=\"lazy\" decoding=\"async\" class=\"alignnone size-full wp-image-124051\" src=\"https:\/\/i0.wp.com\/shop.vape.hk\/wp-content\/uploads\/2023\/10\/Geek_Bar_S6000.jpg?resize=671%2C1920&#038;ssl=1\" alt=\"Geek Bar S6000 6000 Puff usa e getta\" width=\"671\" height=\"1920\" title=\"\"><\/a><\/p>","protected":false},"excerpt":{"rendered":"<p>Geek Bar S6000 6000 Puffs Disposable Vape Wholesale ha un design compatto, un'elevata capacit\u00e0 e un'uscita di vapore omogenea per sessioni di svapo costanti e piacevoli.<\/p>","protected":false},"featured_media":4493,"comment_status":"open","ping_status":"closed","template":"","meta":[],"product_brand":[],"product_cat":[22],"product_tag":[],"class_list":{"0":"post-4180","1":"product","2":"type-product","3":"status-publish","4":"has-post-thumbnail","6":"product_cat-disposable-vape-sticks","8":"first","9":"instock","10":"shipping-taxable","11":"purchasable","12":"product-type-simple"},"jetpack_sharing_enabled":true,"tiered_pricing_type":"fixed","tiered_pricing_fixed_rules":{"1000":7,"10000":6,"50000":5},"tiered_pricing_product_settings":{"layout":"default","base_unit_name":{"singular":null,"plural":null},"default_variation":null},"tiered_pricing_minimum_quantity":100,"tiered_pricing_roles_data":[],"tiered_pricing_percentage_rules":[],"tiered_pricing_maximum_quantity":null,"tiered_pricing_quantity_step":null,"_links":{"self":[{"href":"https:\/\/cloudsupplyvapes.com\/it\/wp-json\/wp\/v2\/product\/4180","targetHints":{"allow":["GET"]}}],"collection":[{"href":"https:\/\/cloudsupplyvapes.com\/it\/wp-json\/wp\/v2\/product"}],"about":[{"href":"https:\/\/cloudsupplyvapes.com\/it\/wp-json\/wp\/v2\/types\/product"}],"replies":[{"embeddable":true,"href":"https:\/\/cloudsupplyvapes.com\/it\/wp-json\/wp\/v2\/comments?post=4180"}],"wp:featuredmedia":[{"embeddable":true,"href":"https:\/\/cloudsupplyvapes.com\/it\/wp-json\/wp\/v2\/media\/4493"}],"wp:attachment":[{"href":"https:\/\/cloudsupplyvapes.com\/it\/wp-json\/wp\/v2\/media?parent=4180"}],"wp:term":[{"taxonomy":"product_brand","embeddable":true,"href":"https:\/\/cloudsupplyvapes.com\/it\/wp-json\/wp\/v2\/product_brand?post=4180"},{"taxonomy":"product_cat","embeddable":true,"href":"https:\/\/cloudsupplyvapes.com\/it\/wp-json\/wp\/v2\/product_cat?post=4180"},{"taxonomy":"product_tag","embeddable":true,"href":"https:\/\/cloudsupplyvapes.com\/it\/wp-json\/wp\/v2\/product_tag?post=4180"}],"curies":[{"name":"wp","href":"https:\/\/api.w.org\/{rel}","templated":true}]}}