{"id":4184,"date":"2024-10-19T02:36:29","date_gmt":"2024-10-19T02:36:29","guid":{"rendered":"https:\/\/cloudsupplyvapes.com\/?post_type=product&#038;p=4184"},"modified":"2024-11-26T06:36:02","modified_gmt":"2024-11-26T06:36:02","slug":"-130","status":"publish","type":"product","link":"https:\/\/cloudsupplyvapes.com\/it\/product\/kangvape-onee-stick-2100-puffs-disposable-vape-wholesale\/","title":{"rendered":"KangVape Onee Stick 2100 Puffs usa e getta Vape all'ingrosso Principiante Friendly Hassle Free Use"},"content":{"rendered":"<h2>KangVape Onee Stick 2100 usa e getta<\/h2>\n<ul class=\"top\">\n<li style=\"list-style-type: none;\">\n<ul class=\"top\">\n<li>Marchio: KangVape<\/li>\n<li>Unit\u00e0: set<\/li>\n<li>Tipo: Vape monouso<\/li>\n<li>Peso netto: 65(g)<\/li>\n<\/ul>\n<\/li>\n<\/ul>\n<p>Il costo della spedizione combinata verr\u00e0 calcolato automaticamente dal sistema dopo aver scelto la destinazione di spedizione nella fase di checkout.<\/p>\n<div class=\"title\">KangVape Onee Stick 2100 monouso INTRODUZIONE<\/div>\n<p><b>KangVape Onee Stick 2100 usa e getta<\/b> offre un modo comodo e semplice di svapare ed \u00e8 stato progettato in modo da non richiedere manutenzione, ricarica o rifornimento, e si pu\u00f2 svapare una volta finito. Ospita una gigantesca batteria interna da 1100 mAh per supportare ben 2100 boccate per unit\u00e0. Grazie alla nicotina sintetica 5% e alla capacit\u00e0 di 8 ml di succo di svapo, \u00e8 in grado di soddisfare i vostri gusti grazie all'abbondanza di aromi. Inoltre, grazie al suo design trasparente, consente di controllare il succo elettronico. Eliminando qualsiasi pulsante, tutto ci\u00f2 che si deve fare \u00e8 svapare direttamente tramite il bocchino. Piccolo ma leggero, sfrutta i suoi pregiati liquidi pre-riempiti per massimizzare la vostra esperienza di svapo.<\/p>\n<p class=\"second-title\">Caratteristiche<\/p>\n<p>- Non richiede manutenzione, ricarica o rifornimento<\/p>\n<p>- Gonfiare via quando si \u00e8 finito<\/p>\n<p>- Batteria interna da 1100 mAh<\/p>\n<p>- Fino a 2100 soffi per unit\u00e0<\/p>\n<p>- 5% Nicotina sintetica<\/p>\n<p>- Capacit\u00e0 del succo di vapore da 8 ml<\/p>\n<p>- Controllare il succo elettronico<\/p>\n<p>- Meccanismo di riempimento attivato dal disegno<\/p>\n<div class=\"title\">KangVape Onee Stick 2100 usa e getta SPECIFICHE<\/div>\n<p>Batteria: batteria integrata da 1100 mAh<\/p>\n<p>Capacit\u00e0 e-liquid: 8 ml di succo pre-riempito<\/p>\n<p>Bign\u00e8: 2100 Bign\u00e8<\/p>\n<p>Contenuto di nicotina: 5% (50mg) Nicotina sintetica<\/p>\n<p>&nbsp;<\/p>","protected":false},"excerpt":{"rendered":"<p>KangVape Onee Stick 2100 Puffs Disposable Vape Wholesale \u00e8 facile da usare per i principianti e senza problemi, offre un'erogazione fluida del vapore e un design leggero per un utilizzo senza sforzo.<\/p>","protected":false},"featured_media":4534,"comment_status":"open","ping_status":"closed","template":"","meta":[],"product_brand":[],"product_cat":[22],"product_tag":[],"class_list":{"0":"post-4184","1":"product","2":"type-product","3":"status-publish","4":"has-post-thumbnail","6":"product_cat-disposable-vape-sticks","8":"first","9":"instock","10":"shipping-taxable","11":"purchasable","12":"product-type-simple"},"jetpack_sharing_enabled":true,"tiered_pricing_type":"fixed","tiered_pricing_fixed_rules":{"1000":10,"10000":9,"50000":8},"tiered_pricing_product_settings":{"layout":"default","base_unit_name":{"singular":null,"plural":null},"default_variation":null},"tiered_pricing_minimum_quantity":100,"tiered_pricing_roles_data":[],"tiered_pricing_percentage_rules":[],"tiered_pricing_maximum_quantity":null,"tiered_pricing_quantity_step":null,"_links":{"self":[{"href":"https:\/\/cloudsupplyvapes.com\/it\/wp-json\/wp\/v2\/product\/4184","targetHints":{"allow":["GET"]}}],"collection":[{"href":"https:\/\/cloudsupplyvapes.com\/it\/wp-json\/wp\/v2\/product"}],"about":[{"href":"https:\/\/cloudsupplyvapes.com\/it\/wp-json\/wp\/v2\/types\/product"}],"replies":[{"embeddable":true,"href":"https:\/\/cloudsupplyvapes.com\/it\/wp-json\/wp\/v2\/comments?post=4184"}],"wp:featuredmedia":[{"embeddable":true,"href":"https:\/\/cloudsupplyvapes.com\/it\/wp-json\/wp\/v2\/media\/4534"}],"wp:attachment":[{"href":"https:\/\/cloudsupplyvapes.com\/it\/wp-json\/wp\/v2\/media?parent=4184"}],"wp:term":[{"taxonomy":"product_brand","embeddable":true,"href":"https:\/\/cloudsupplyvapes.com\/it\/wp-json\/wp\/v2\/product_brand?post=4184"},{"taxonomy":"product_cat","embeddable":true,"href":"https:\/\/cloudsupplyvapes.com\/it\/wp-json\/wp\/v2\/product_cat?post=4184"},{"taxonomy":"product_tag","embeddable":true,"href":"https:\/\/cloudsupplyvapes.com\/it\/wp-json\/wp\/v2\/product_tag?post=4184"}],"curies":[{"name":"wp","href":"https:\/\/api.w.org\/{rel}","templated":true}]}}