{"id":4186,"date":"2024-10-19T02:36:29","date_gmt":"2024-10-19T02:36:29","guid":{"rendered":"https:\/\/cloudsupplyvapes.com\/?post_type=product&#038;p=4186"},"modified":"2024-11-26T06:35:40","modified_gmt":"2024-11-26T06:35:40","slug":"-132","status":"publish","type":"product","link":"https:\/\/cloudsupplyvapes.com\/it\/product\/kangvape-onee-stick-5000-puffs-disposable-vape-wholesale\/","title":{"rendered":"Kangvape Onee Stick 5000 Puffs Vape monouso all'ingrosso Design leggero e a prova di perdite"},"content":{"rendered":"<h2>Kangvape Onee Stick 5000 soffi monouso<\/h2>\n<ul class=\"top\">\n<li style=\"list-style-type: none;\">\n<ul class=\"top\">\n<li>Marchio: KangVape<\/li>\n<li>Unit\u00e0: set<\/li>\n<li>Tipo: Vape monouso<\/li>\n<li>Peso netto: 47(g)<\/li>\n<\/ul>\n<\/li>\n<\/ul>\n<p>Il costo della spedizione combinata verr\u00e0 calcolato automaticamente dal sistema dopo aver scelto la destinazione di spedizione nella fase di checkout.<\/p>\n<div class=\"title\">Kangvape Onee Stick 5000 soffi monouso INTRODUZIONE<\/div>\n<p><b>Kit usa e getta Kangvape Onee Stick 5000 Puffs<\/b> \u00e8 una novit\u00e0 di KangVape, l'enorme capacit\u00e0 di 18,5 ml di succo di svapo produce una quantit\u00e0 di nuvole, e la sensazione di svapo \u00e8 aumentata drasticamente dalla sua forza di nicotina, che assicura sia ai principianti che agli esperti di svapare per settimane. Questo usa e getta dura 5.000 boccate e ha una variet\u00e0 di aromi tra cui scegliere. Qualunque sia la vita che vi aspetta, vi abbandonerete subito al sapore eccezionale una volta che l'avrete in mano.<\/p>\n<p class=\"second-title\">Caratteristiche<\/p>\n<p>- Enorme capacit\u00e0 di succo di vapore da 18,5 ml<\/p>\n<p>- Ultimo per 5000 soffi<\/p>\n<div class=\"disposables-flavor-2\">\n<div class=\"title\">I sapori<\/div>\n<ul>\n<li>Aloe Uva<\/li>\n<li>Mele<\/li>\n<li>Mela blu Razz<\/li>\n<li>Ghiaccio al mirtillo<\/li>\n<li>Limonata alla ciliegia<\/li>\n<li>Menta fresca<\/li>\n<li>Bevanda energetica<\/li>\n<li>Ghiaccio alla Guava<\/li>\n<li>Punch alla melata<\/li>\n<li>Ghiaccio lussureggiante<\/li>\n<li>Ghiaccio al melone<\/li>\n<li>Frutto della passione<\/li>\n<li>Zucchero filato alla pera<\/li>\n<li>Limonata rosa<\/li>\n<li>Caramelle arcobaleno<\/li>\n<li>Ghiaccio alla mela acida<\/li>\n<li>Menta speziata<\/li>\n<li>Fragola<\/li>\n<li>Mango alla fragola<\/li>\n<li>Orsetto goloso<\/li>\n<li>Ghiaccio blu Razz(NUOVO)<\/li>\n<\/ul>\n<\/div>","protected":false},"excerpt":{"rendered":"<p>Kangvape Onee Stick 5000 Puffs Disposable Vape Wholesale ha un design a prova di perdite, una struttura leggera e un'erogazione di vapore costante per un vaping senza problemi e di lunga durata.<\/p>","protected":false},"featured_media":4558,"comment_status":"open","ping_status":"closed","template":"","meta":[],"product_brand":[],"product_cat":[22],"product_tag":[],"class_list":{"0":"post-4186","1":"product","2":"type-product","3":"status-publish","4":"has-post-thumbnail","6":"product_cat-disposable-vape-sticks","8":"first","9":"instock","10":"shipping-taxable","11":"purchasable","12":"product-type-simple"},"jetpack_sharing_enabled":true,"tiered_pricing_type":"fixed","tiered_pricing_fixed_rules":[],"tiered_pricing_product_settings":{"layout":"default","base_unit_name":{"singular":null,"plural":null},"default_variation":null},"tiered_pricing_minimum_quantity":100,"tiered_pricing_roles_data":[],"tiered_pricing_percentage_rules":[],"tiered_pricing_maximum_quantity":null,"tiered_pricing_quantity_step":null,"_links":{"self":[{"href":"https:\/\/cloudsupplyvapes.com\/it\/wp-json\/wp\/v2\/product\/4186","targetHints":{"allow":["GET"]}}],"collection":[{"href":"https:\/\/cloudsupplyvapes.com\/it\/wp-json\/wp\/v2\/product"}],"about":[{"href":"https:\/\/cloudsupplyvapes.com\/it\/wp-json\/wp\/v2\/types\/product"}],"replies":[{"embeddable":true,"href":"https:\/\/cloudsupplyvapes.com\/it\/wp-json\/wp\/v2\/comments?post=4186"}],"wp:featuredmedia":[{"embeddable":true,"href":"https:\/\/cloudsupplyvapes.com\/it\/wp-json\/wp\/v2\/media\/4558"}],"wp:attachment":[{"href":"https:\/\/cloudsupplyvapes.com\/it\/wp-json\/wp\/v2\/media?parent=4186"}],"wp:term":[{"taxonomy":"product_brand","embeddable":true,"href":"https:\/\/cloudsupplyvapes.com\/it\/wp-json\/wp\/v2\/product_brand?post=4186"},{"taxonomy":"product_cat","embeddable":true,"href":"https:\/\/cloudsupplyvapes.com\/it\/wp-json\/wp\/v2\/product_cat?post=4186"},{"taxonomy":"product_tag","embeddable":true,"href":"https:\/\/cloudsupplyvapes.com\/it\/wp-json\/wp\/v2\/product_tag?post=4186"}],"curies":[{"name":"wp","href":"https:\/\/api.w.org\/{rel}","templated":true}]}}