{"id":4188,"date":"2024-10-19T02:36:29","date_gmt":"2024-10-19T02:36:29","guid":{"rendered":"https:\/\/cloudsupplyvapes.com\/?post_type=product&#038;p=4188"},"modified":"2024-11-26T06:35:17","modified_gmt":"2024-11-26T06:35:17","slug":"-134","status":"publish","type":"product","link":"https:\/\/cloudsupplyvapes.com\/it\/product\/kangvape-onee-max-3500-puffs-disposable-vape-wholesale\/","title":{"rendered":"KangVape Onee Max 3500 Puffs usa e getta Vape all'ingrosso Alta capacit\u00e0 Costruzione durevole"},"content":{"rendered":"<h2>KangVape Onee Max monouso<\/h2>\n<ul class=\"top\">\n<li style=\"list-style-type: none;\">\n<ul class=\"top\">\n<li>Marchio: KangVape<\/li>\n<li>Unit\u00e0: set<\/li>\n<li>Tipo: Vape monouso<\/li>\n<li>Peso netto: 43 g<\/li>\n<\/ul>\n<\/li>\n<\/ul>\n<p>Il costo della spedizione combinata verr\u00e0 calcolato automaticamente dal sistema dopo aver scelto la destinazione di spedizione nella fase di checkout.<\/p>\n<div class=\"title\">KangVape Onee Max monouso INTRODUZIONE<\/div>\n<p><b>KangVape Onee Max monouso<\/b> viene fornito con 13,5 ml di succo di vapore, una potente batteria integrata da 1250 mAh e pu\u00f2 soddisfare circa 3500 boccate in totale. Grazie alla potente batteria, non dovrete pi\u00f9 ricaricarla. Ogni boccata \u00e8 gustosa come la prima. Al succo di svapo vengono aggiunti 50 mg di nicotina. L'effetto della nicotina \u00e8 soddisfacente ma non fastidioso. 3500 boccate di frutta fresca sono entusiasmanti. Sia i nuovi vapers che quelli pi\u00f9 esperti possono essere intrattenuti da KangVape Onee Max.<\/p>\n<p class=\"second-title\">Caratteristiche<\/p>\n<p>- Succo di svapo pre-riempito da 13,5 ml<\/p>\n<p>- 3500 soffi per ogni kit<\/p>\n<p>- Batteria integrata da 1250 mAh<\/p>\n<p>- 5% Sale Livello di nicotina<\/p>\n<p class=\"second-title\">KangVape Onee Max 3500puffs Aromi<\/p>\n<p>Arctic Devine<br \/>\nGhiaccio Artic Lush<br \/>\nMela Blu Razz Frezze<br \/>\nLimonata rosa ghiacciata<br \/>\nMentolo<br \/>\nCrema ghiacciata alla vaniglia<br \/>\nDelizia di pesca artica<br \/>\nPina Colada ghiacciata<\/p>\n<p><a href=\"https:\/\/i0.wp.com\/shop.vape.hk\/wp-content\/uploads\/2023\/10\/Onee_Max_3500_1.jpg?ssl=1\" target=\"_blank\" rel=\"noopener\"><img data-recalc-dims=\"1\" loading=\"lazy\" decoding=\"async\" class=\"alignnone size-full wp-image-124152\" src=\"https:\/\/i0.wp.com\/shop.vape.hk\/wp-content\/uploads\/2023\/10\/Onee_Max_3500_1.jpg?resize=900%2C900&#038;ssl=1\" alt=\"KangVape Onee Max 3500 soffi di vapore monouso all&#039;ingrosso\" width=\"900\" height=\"900\" title=\"\"><\/a> <a href=\"https:\/\/i0.wp.com\/shop.vape.hk\/wp-content\/uploads\/2023\/10\/049820a5-a05d-47a1-9c64-a2d665701ca7.jpg?ssl=1\" target=\"_blank\" rel=\"noopener\"><img data-recalc-dims=\"1\" loading=\"lazy\" decoding=\"async\" class=\"alignnone size-full wp-image-124151\" src=\"https:\/\/i0.wp.com\/shop.vape.hk\/wp-content\/uploads\/2023\/10\/049820a5-a05d-47a1-9c64-a2d665701ca7.jpg?resize=1020%2C574&#038;ssl=1\" alt=\"KangVape Onee Max 3500 soffi di vapore monouso all&#039;ingrosso\" width=\"1020\" height=\"574\" title=\"\"><\/a><\/p>","protected":false},"excerpt":{"rendered":"<p>KangVape Onee Max 3500 Puffs Disposable Vape Wholesale combina un'elevata capacit\u00e0 con una struttura resistente, assicurando prestazioni costanti e colpi in gola uniformi per sessioni di svapo prolungate.<\/p>","protected":false},"featured_media":4573,"comment_status":"open","ping_status":"closed","template":"","meta":[],"product_brand":[],"product_cat":[22],"product_tag":[],"class_list":{"0":"post-4188","1":"product","2":"type-product","3":"status-publish","4":"has-post-thumbnail","6":"product_cat-disposable-vape-sticks","8":"first","9":"instock","10":"shipping-taxable","11":"purchasable","12":"product-type-simple"},"jetpack_sharing_enabled":true,"tiered_pricing_type":"fixed","tiered_pricing_fixed_rules":{"1000":7,"10000":6,"50000":5},"tiered_pricing_product_settings":{"layout":"default","base_unit_name":{"singular":null,"plural":null},"default_variation":null},"tiered_pricing_minimum_quantity":null,"tiered_pricing_roles_data":[],"tiered_pricing_percentage_rules":[],"tiered_pricing_maximum_quantity":null,"tiered_pricing_quantity_step":null,"_links":{"self":[{"href":"https:\/\/cloudsupplyvapes.com\/it\/wp-json\/wp\/v2\/product\/4188","targetHints":{"allow":["GET"]}}],"collection":[{"href":"https:\/\/cloudsupplyvapes.com\/it\/wp-json\/wp\/v2\/product"}],"about":[{"href":"https:\/\/cloudsupplyvapes.com\/it\/wp-json\/wp\/v2\/types\/product"}],"replies":[{"embeddable":true,"href":"https:\/\/cloudsupplyvapes.com\/it\/wp-json\/wp\/v2\/comments?post=4188"}],"wp:featuredmedia":[{"embeddable":true,"href":"https:\/\/cloudsupplyvapes.com\/it\/wp-json\/wp\/v2\/media\/4573"}],"wp:attachment":[{"href":"https:\/\/cloudsupplyvapes.com\/it\/wp-json\/wp\/v2\/media?parent=4188"}],"wp:term":[{"taxonomy":"product_brand","embeddable":true,"href":"https:\/\/cloudsupplyvapes.com\/it\/wp-json\/wp\/v2\/product_brand?post=4188"},{"taxonomy":"product_cat","embeddable":true,"href":"https:\/\/cloudsupplyvapes.com\/it\/wp-json\/wp\/v2\/product_cat?post=4188"},{"taxonomy":"product_tag","embeddable":true,"href":"https:\/\/cloudsupplyvapes.com\/it\/wp-json\/wp\/v2\/product_tag?post=4188"}],"curies":[{"name":"wp","href":"https:\/\/api.w.org\/{rel}","templated":true}]}}