{"id":4317,"date":"2024-10-19T02:36:50","date_gmt":"2024-10-19T02:36:50","guid":{"rendered":"https:\/\/cloudsupplyvapes.com\/?post_type=product&#038;p=4317"},"modified":"2024-11-26T06:35:05","modified_gmt":"2024-11-26T06:35:05","slug":"-135","status":"publish","type":"product","link":"https:\/\/cloudsupplyvapes.com\/it\/product\/kangvape-onee-stick-1900-puffs-disposable-vape-wholesale\/","title":{"rendered":"Kangvape Onee Stick 1900 Puffs Vape usa e getta all'ingrosso Vape compatto amichevole per principianti"},"content":{"rendered":"<h2>Kit usa e getta Kangvape Onee Stick<\/h2>\n<ul class=\"top\">\n<li>Marchio: Kangvape<\/li>\n<li>Unit\u00e0: set<\/li>\n<li>Tipo: Kit di svapo monouso<\/li>\n<li>Peso netto: 58 (g)<\/li>\n<\/ul>\n<p>Il costo della spedizione combinata verr\u00e0 calcolato automaticamente dal sistema dopo aver scelto la destinazione di spedizione nella fase di checkout.<\/p>\n<div class=\"title\">INTRODUZIONE<\/div>\n<p><b>Kangvape Onee Stick usa e getta<\/b> \u00e8 un dispositivo per lo svapo compatto, pratico e facile da usare, progettato per i fumatori che cercano un'alternativa alle sigarette tradizionali. Con una batteria integrata da 1200 mAh e un liquido elettronico pre-riempito da 7,0 ml o 7,5 ml, il dispositivo offre circa 1900 o 2000 boccate, equivalenti a diversi pacchetti di sigarette. L'e-liquid utilizzato nel dispositivo \u00e8 5,0% salt nic in peso, che offre un'esperienza di svapo fluida e soddisfacente. Il dispositivo \u00e8 dotato di un meccanismo attivato dal tiro, che lo rende facile da usare poich\u00e9 basta aspirare per attivarlo. Non \u00e8 necessario riempire, caricare o mantenere il dispositivo, rendendolo la scelta ideale per i vapers indaffarati e sempre in movimento. Il Kangvape Onee Stick \u00e8 disponibile in vari gusti fruttati freschi ed \u00e8 compatto, leggero e portatile, rendendolo facile da trasportare ovunque si vada. Che tu sia un fumatore alla ricerca di un'alternativa comoda e soddisfacente o un vaper esperto alla ricerca di un nuovo gusto da provare, il kit di svapo usa e getta Kangvape Onee Stick \u00e8 una scelta eccellente.<\/p>\n<p class=\"second-title\">Caratteristiche<\/p>\n<p>\u2022 Circa 1900 boccate per dispositivo<\/p>\n<p>\u2022 5,01 TP3T (50 mg) di sale nicotina in peso<\/p>\n<p>\u2022 E-Liquid pre-riempito da 7,0 ml per dispositivo<\/p>\n<p>\u2022 Batteria interna da 1200 mAh<\/p>\n<p>\u2022 Meccanismo attivato dall'estrazione<\/p>\n<p>\u2022 Precaricato: basta aspirare dal dispositivo per attivarlo<\/p>\n<p>\u2022 Nessun riempimento, nessuna ricarica e nessuna manutenzione<\/p>\n<p>\u2022 Compatto, leggero e portatile<\/p>\n<p>\u2022 Vari gusti fruttati freschi<\/p>\n<div class=\"disposables-flavor-2\">\n<div class=\"title\">I sapori<\/div>\n<ul>\n<li>Pitchy Delight (Ghiaccio alla pesca)<\/li>\n<li>Ghiaccio lussureggiante<\/li>\n<li>Musky (Guava Ice)<\/li>\n<li>Blue Cloud (Mirtillo e limone)<\/li>\n<li>Ghiaccio rosso (ghiaccio alla fragola)<\/li>\n<li>Devine (Bevanda energetica)<\/li>\n<li>Ghiaccio Blu Razz<\/li>\n<li>Frutta mista<\/li>\n<li>Vintage (Uva ghiacciata)<\/li>\n<li>Fanta (bibita all'arancia)<\/li>\n<li>Crema classica (Banana Ice)<\/li>\n<li>Creamy Float (Cola Ice)<\/li>\n<li>Gelato tropicale (gelato al mango)<\/li>\n<li>Menta fresca<\/li>\n<li>Yellow Breeze (Ananas ghiacciato)<\/li>\n<li>Nel frattempo (Melone ghiacciato)<\/li>\n<li>Banberry (Gelato alla fragola e banana)<\/li>\n<\/ul>\n<p><a href=\"https:\/\/i0.wp.com\/shop.vape.hk\/wp-content\/uploads\/2023\/10\/kangvape-onee-stick-disposable12.jpeg?ssl=1\" target=\"_blank\" rel=\"noopener\"><img data-recalc-dims=\"1\" loading=\"lazy\" decoding=\"async\" class=\"alignnone size-full wp-image-124154\" src=\"https:\/\/i0.wp.com\/shop.vape.hk\/wp-content\/uploads\/2023\/10\/kangvape-onee-stick-disposable12.jpeg?resize=1000%2C415&#038;ssl=1\" alt=\"\" width=\"1000\" height=\"415\" title=\"\"><\/a><\/p>\n<\/div>","protected":false},"excerpt":{"rendered":"<p>Il Kangvape Onee Stick 1900 Puffs Disposable Vape Wholesale \u00e8 compatto e adatto ai principianti, caratterizzato da un funzionamento semplice e da un'emissione di vapore costante per un utilizzo facile e piacevole.<\/p>","protected":false},"featured_media":4585,"comment_status":"open","ping_status":"closed","template":"","meta":[],"product_brand":[],"product_cat":[22],"product_tag":[],"class_list":{"0":"post-4317","1":"product","2":"type-product","3":"status-publish","4":"has-post-thumbnail","6":"product_cat-disposable-vape-sticks","8":"first","9":"instock","10":"shipping-taxable","11":"purchasable","12":"product-type-simple"},"jetpack_sharing_enabled":true,"tiered_pricing_type":"fixed","tiered_pricing_fixed_rules":{"1000":6,"10000":6,"50000":4},"tiered_pricing_product_settings":{"layout":"default","base_unit_name":{"singular":null,"plural":null},"default_variation":null},"tiered_pricing_minimum_quantity":100,"tiered_pricing_roles_data":[],"tiered_pricing_percentage_rules":[],"tiered_pricing_maximum_quantity":null,"tiered_pricing_quantity_step":null,"_links":{"self":[{"href":"https:\/\/cloudsupplyvapes.com\/it\/wp-json\/wp\/v2\/product\/4317","targetHints":{"allow":["GET"]}}],"collection":[{"href":"https:\/\/cloudsupplyvapes.com\/it\/wp-json\/wp\/v2\/product"}],"about":[{"href":"https:\/\/cloudsupplyvapes.com\/it\/wp-json\/wp\/v2\/types\/product"}],"replies":[{"embeddable":true,"href":"https:\/\/cloudsupplyvapes.com\/it\/wp-json\/wp\/v2\/comments?post=4317"}],"wp:featuredmedia":[{"embeddable":true,"href":"https:\/\/cloudsupplyvapes.com\/it\/wp-json\/wp\/v2\/media\/4585"}],"wp:attachment":[{"href":"https:\/\/cloudsupplyvapes.com\/it\/wp-json\/wp\/v2\/media?parent=4317"}],"wp:term":[{"taxonomy":"product_brand","embeddable":true,"href":"https:\/\/cloudsupplyvapes.com\/it\/wp-json\/wp\/v2\/product_brand?post=4317"},{"taxonomy":"product_cat","embeddable":true,"href":"https:\/\/cloudsupplyvapes.com\/it\/wp-json\/wp\/v2\/product_cat?post=4317"},{"taxonomy":"product_tag","embeddable":true,"href":"https:\/\/cloudsupplyvapes.com\/it\/wp-json\/wp\/v2\/product_tag?post=4317"}],"curies":[{"name":"wp","href":"https:\/\/api.w.org\/{rel}","templated":true}]}}