{"id":4318,"date":"2024-10-19T02:36:51","date_gmt":"2024-10-19T02:36:51","guid":{"rendered":"https:\/\/cloudsupplyvapes.com\/?post_type=product&#038;p=4318"},"modified":"2024-11-26T06:34:54","modified_gmt":"2024-11-26T06:34:54","slug":"-136","status":"publish","type":"product","link":"https:\/\/cloudsupplyvapes.com\/it\/product\/kangvape-onee-stick-yibla-6500-puffs-disposable-vape-wholesale\/","title":{"rendered":"Kangvape Onee Stick Yibla 6500 Puffs Vape usa e getta all'ingrosso Design leggero e di lunga durata"},"content":{"rendered":"<h2>Kangvape Yibla Vape usa e getta<\/h2>\n<ul class=\"top\">\n<li style=\"list-style-type: none;\">\n<ul class=\"top\">\n<li>Marchio:\u00a0<b>Kangvape<\/b><\/li>\n<li>Unit\u00e0: set<\/li>\n<li>Tipo:\u00a0<b>Vape usa e getta<\/b><\/li>\n<li>Peso netto: 70(g)<\/li>\n<\/ul>\n<\/li>\n<\/ul>\n<p>Il costo della spedizione combinata verr\u00e0 calcolato automaticamente dal sistema dopo aver scelto la destinazione di spedizione nella fase di checkout.<\/p>\n<div class=\"title\">Kangvape Yibla Vape monouso INTRODUZIONE<\/div>\n<p><b>Kangvape Yibla Vape usa e getta<\/b> contiene 22 ml di succo di svapo pre-riempito, una batteria ricaricabile da 650 mAh e una bobina a rete. Yibla pu\u00f2 soddisfare fino a 6500 boccate grazie alla grande capacit\u00e0 del succo di svapo. Il guscio \u00e8 decorato con colori che cambiano gradualmente. Yibla \u00e8 anche resistente grazie al suo design speciale. Una bobina a rete offre il miglior sapore in ogni boccata. Inoltre, il succo di svapo \u00e8 disponibile con molti aromi. L'ampia gamma di opzioni di sapore pu\u00f2 soddisfare diverse esigenze.<\/p>\n<p class=\"second-title\">Caratteristiche<\/p>\n<p>- 22 ml di liquido elettronico pre-riempito<\/p>\n<p>- 5% (50mg) Forza di nicotina<\/p>\n<p>- Batteria ricaricabile da 650 mAh<\/p>\n<p>- Bobina a rete<\/p>\n<p>- Porta Tipo-C (non inclusa)<\/p>\n<p>- Circa 6500 soffi<\/p>\n<p>- Attivato dal disegno<\/p>\n<p>- Vaping MTL<\/p>\n<p><a href=\"https:\/\/i0.wp.com\/shop.vape.hk\/wp-content\/uploads\/2023\/10\/87c8389b-08f7-469f-839e-c47dd4a9043e.jpg?ssl=1\" target=\"_blank\" rel=\"noopener\"><img data-recalc-dims=\"1\" loading=\"lazy\" decoding=\"async\" class=\"alignnone size-full wp-image-124181\" src=\"https:\/\/i0.wp.com\/shop.vape.hk\/wp-content\/uploads\/2023\/10\/87c8389b-08f7-469f-839e-c47dd4a9043e.jpg?resize=600%2C600&#038;ssl=1\" alt=\"Kangvape Onee Stick Yibla 6500 Puffs usa e getta Vape | Wholesale\" width=\"600\" height=\"600\" title=\"\"><\/a> <a href=\"https:\/\/i0.wp.com\/shop.vape.hk\/wp-content\/uploads\/2023\/10\/2.1__99238.jpg?ssl=1\" target=\"_blank\" rel=\"noopener\"><img data-recalc-dims=\"1\" loading=\"lazy\" decoding=\"async\" class=\"alignnone size-full wp-image-124180\" src=\"https:\/\/i0.wp.com\/shop.vape.hk\/wp-content\/uploads\/2023\/10\/2.1__99238.jpg?resize=1020%2C1020&#038;ssl=1\" alt=\"Kangvape Onee Stick Yibla 6500 Puffs usa e getta Vape | Wholesale\" width=\"1020\" height=\"1020\" title=\"\"><\/a><\/p>","protected":false},"excerpt":{"rendered":"<p>Kangvape Onee Stick Yibla 6500 Puffs Disposable Vape Wholesale offre prestazioni di lunga durata, una struttura leggera e un'uscita di vapore fluida per un'esperienza di vaping soddisfacente e portatile.<\/p>","protected":false},"featured_media":4609,"comment_status":"open","ping_status":"closed","template":"","meta":[],"product_brand":[],"product_cat":[22],"product_tag":[],"class_list":{"0":"post-4318","1":"product","2":"type-product","3":"status-publish","4":"has-post-thumbnail","6":"product_cat-disposable-vape-sticks","8":"first","9":"instock","10":"shipping-taxable","11":"purchasable","12":"product-type-simple"},"jetpack_sharing_enabled":true,"tiered_pricing_type":"fixed","tiered_pricing_fixed_rules":{"1000":13,"10000":12,"50000":11},"tiered_pricing_product_settings":{"layout":"default","base_unit_name":{"singular":null,"plural":null},"default_variation":null},"tiered_pricing_minimum_quantity":100,"tiered_pricing_roles_data":[],"tiered_pricing_percentage_rules":[],"tiered_pricing_maximum_quantity":null,"tiered_pricing_quantity_step":null,"_links":{"self":[{"href":"https:\/\/cloudsupplyvapes.com\/it\/wp-json\/wp\/v2\/product\/4318","targetHints":{"allow":["GET"]}}],"collection":[{"href":"https:\/\/cloudsupplyvapes.com\/it\/wp-json\/wp\/v2\/product"}],"about":[{"href":"https:\/\/cloudsupplyvapes.com\/it\/wp-json\/wp\/v2\/types\/product"}],"replies":[{"embeddable":true,"href":"https:\/\/cloudsupplyvapes.com\/it\/wp-json\/wp\/v2\/comments?post=4318"}],"wp:featuredmedia":[{"embeddable":true,"href":"https:\/\/cloudsupplyvapes.com\/it\/wp-json\/wp\/v2\/media\/4609"}],"wp:attachment":[{"href":"https:\/\/cloudsupplyvapes.com\/it\/wp-json\/wp\/v2\/media?parent=4318"}],"wp:term":[{"taxonomy":"product_brand","embeddable":true,"href":"https:\/\/cloudsupplyvapes.com\/it\/wp-json\/wp\/v2\/product_brand?post=4318"},{"taxonomy":"product_cat","embeddable":true,"href":"https:\/\/cloudsupplyvapes.com\/it\/wp-json\/wp\/v2\/product_cat?post=4318"},{"taxonomy":"product_tag","embeddable":true,"href":"https:\/\/cloudsupplyvapes.com\/it\/wp-json\/wp\/v2\/product_tag?post=4318"}],"curies":[{"name":"wp","href":"https:\/\/api.w.org\/{rel}","templated":true}]}}