{"id":4320,"date":"2024-10-19T02:36:51","date_gmt":"2024-10-19T02:36:51","guid":{"rendered":"https:\/\/cloudsupplyvapes.com\/?post_type=product&#038;p=4320"},"modified":"2024-11-26T06:32:32","modified_gmt":"2024-11-26T06:32:32","slug":"-138","status":"publish","type":"product","link":"https:\/\/cloudsupplyvapes.com\/it\/product\/kangvape-smod-onee-max-6000-puffs-disposable-vape-wholesale\/","title":{"rendered":"Kangvape Smod Onee Max 6000 Puffs usa e getta Vape all'ingrosso Design leggero portatile Vape"},"content":{"rendered":"<h2>Kangvape Smod Onee Max usa e getta<\/h2>\n<ul class=\"top\">\n<li style=\"list-style-type: none;\">\n<ul class=\"top\">\n<li>Marchio: Kangvape<\/li>\n<li>Unit\u00e0: set<\/li>\n<li>Tipo: Vape monouso<\/li>\n<li>Peso netto: 75(g)<\/li>\n<\/ul>\n<\/li>\n<\/ul>\n<p>Il costo della spedizione combinata verr\u00e0 calcolato automaticamente dal sistema dopo aver scelto la destinazione di spedizione nella fase di checkout.<\/p>\n<div class=\"title\">Kangvape Smod Onee Max monouso INTRODUZIONE<\/div>\n<p><b>Kangvape Smod Onee Max usa e getta<\/b> vanta uno straordinario design artificiale di dimensioni stereoscopiche, caratterizzato da una speciale area antislittamento per la presa, pi\u00f9 comoda ed ergonomica. L'indicatore luminoso sul fondo \u00e8 in grado di identificare in modo intelligente lo stato del vaping. \u00c8 pre-riempito e precaricato, ed \u00e8 pi\u00f9 comodo gettarlo una volta finito. Crea un'esperienza magica grazie alla sua capacit\u00e0 ultra-grande di 19,9 ml di succo di svapo con intensit\u00e0 di nicotina 5%. Ogni usa e getta permette di continuare a gustare il sapore con circa 6000 boccate, non preoccupatevi della sua durata, ospita una mostruosa batteria interna da 2000mAh. Il coperchio trasparente in un unico pezzo del portasigarette \u00e8 pi\u00f9 ecologico e pi\u00f9 sano per migliorare la vostra esperienza di vaping.<\/p>\n<p class=\"second-title\">Caratteristiche<\/p>\n<p>- 19,9 ml di capacit\u00e0 del succo di vapore<\/p>\n<p>- 5% Intensit\u00e0 di nicotina<\/p>\n<p>- 6000 boccate per ogni dispositivo<\/p>\n<p>- Batteria interna da 2000 mAh<\/p>\n<div class=\"title\">Kangvape Smod Onee Max usa e getta SPECIFICHE<\/div>\n<p>Bign\u00e8: 6000<\/p>\n<p>Capacit\u00e0: 19,9 ml<\/p>\n<p>Capacit\u00e0 della batteria: 2000mAh<\/p>\n<p>Nicotina salina: 5%<\/p>\n<p><a href=\"https:\/\/i0.wp.com\/shop.vape.hk\/wp-content\/uploads\/2023\/10\/kangvape-smod-onee-max-6000.jpg?ssl=1\" target=\"_blank\" rel=\"noopener\"><img data-recalc-dims=\"1\" loading=\"lazy\" decoding=\"async\" class=\"alignnone size-full wp-image-124204\" src=\"https:\/\/i0.wp.com\/shop.vape.hk\/wp-content\/uploads\/2023\/10\/kangvape-smod-onee-max-6000.jpg?resize=1020%2C671&#038;ssl=1\" alt=\"Kangvape Smod Onee Max 6000 Puffs Vape usa e getta all&#039;ingrosso\" width=\"1020\" height=\"671\" title=\"\"><\/a> <a href=\"https:\/\/i0.wp.com\/shop.vape.hk\/wp-content\/uploads\/2023\/10\/kangvape-smod-onee-max-color.jpg?ssl=1\" target=\"_blank\" rel=\"noopener\"><img data-recalc-dims=\"1\" loading=\"lazy\" decoding=\"async\" class=\"alignnone size-full wp-image-124203\" src=\"https:\/\/i0.wp.com\/shop.vape.hk\/wp-content\/uploads\/2023\/10\/kangvape-smod-onee-max-color.jpg?resize=1020%2C1012&#038;ssl=1\" alt=\"Kangvape Smod Onee Max 6000 Puffs Vape usa e getta all&#039;ingrosso\" width=\"1020\" height=\"1012\" title=\"\"><\/a> <a href=\"https:\/\/i0.wp.com\/shop.vape.hk\/wp-content\/uploads\/2023\/10\/Screenshot2022-02-07124608-1100x1100h_2048x2048.png?ssl=1\" target=\"_blank\" rel=\"noopener\"><img data-recalc-dims=\"1\" loading=\"lazy\" decoding=\"async\" class=\"alignnone size-full wp-image-124202\" src=\"https:\/\/i0.wp.com\/shop.vape.hk\/wp-content\/uploads\/2023\/10\/Screenshot2022-02-07124608-1100x1100h_2048x2048.png?resize=1020%2C1020&#038;ssl=1\" alt=\"\" width=\"1020\" height=\"1020\" title=\"\"><\/a><\/p>","protected":false},"excerpt":{"rendered":"<p>Kangvape Smod Onee Max 6000 Puffs Disposable Vape Wholesale offre un design leggero e portatile e un'erogazione fluida del vapore, ideale per sessioni di vaping senza problemi.<\/p>","protected":false},"featured_media":4626,"comment_status":"open","ping_status":"closed","template":"","meta":[],"product_brand":[],"product_cat":[22],"product_tag":[],"class_list":{"0":"post-4320","1":"product","2":"type-product","3":"status-publish","4":"has-post-thumbnail","6":"product_cat-disposable-vape-sticks","8":"first","9":"instock","10":"shipping-taxable","11":"purchasable","12":"product-type-simple"},"jetpack_sharing_enabled":true,"tiered_pricing_type":"fixed","tiered_pricing_fixed_rules":{"1000":14,"10000":13,"50000":12},"tiered_pricing_product_settings":{"layout":"default","base_unit_name":{"singular":null,"plural":null},"default_variation":null},"tiered_pricing_minimum_quantity":100,"tiered_pricing_roles_data":[],"tiered_pricing_percentage_rules":[],"tiered_pricing_maximum_quantity":null,"tiered_pricing_quantity_step":null,"_links":{"self":[{"href":"https:\/\/cloudsupplyvapes.com\/it\/wp-json\/wp\/v2\/product\/4320","targetHints":{"allow":["GET"]}}],"collection":[{"href":"https:\/\/cloudsupplyvapes.com\/it\/wp-json\/wp\/v2\/product"}],"about":[{"href":"https:\/\/cloudsupplyvapes.com\/it\/wp-json\/wp\/v2\/types\/product"}],"replies":[{"embeddable":true,"href":"https:\/\/cloudsupplyvapes.com\/it\/wp-json\/wp\/v2\/comments?post=4320"}],"wp:featuredmedia":[{"embeddable":true,"href":"https:\/\/cloudsupplyvapes.com\/it\/wp-json\/wp\/v2\/media\/4626"}],"wp:attachment":[{"href":"https:\/\/cloudsupplyvapes.com\/it\/wp-json\/wp\/v2\/media?parent=4320"}],"wp:term":[{"taxonomy":"product_brand","embeddable":true,"href":"https:\/\/cloudsupplyvapes.com\/it\/wp-json\/wp\/v2\/product_brand?post=4320"},{"taxonomy":"product_cat","embeddable":true,"href":"https:\/\/cloudsupplyvapes.com\/it\/wp-json\/wp\/v2\/product_cat?post=4320"},{"taxonomy":"product_tag","embeddable":true,"href":"https:\/\/cloudsupplyvapes.com\/it\/wp-json\/wp\/v2\/product_tag?post=4320"}],"curies":[{"name":"wp","href":"https:\/\/api.w.org\/{rel}","templated":true}]}}