{"id":4321,"date":"2024-10-19T02:36:51","date_gmt":"2024-10-19T02:36:51","guid":{"rendered":"https:\/\/cloudsupplyvapes.com\/?post_type=product&#038;p=4321"},"modified":"2024-11-26T06:32:19","modified_gmt":"2024-11-26T06:32:19","slug":"-139","status":"publish","type":"product","link":"https:\/\/cloudsupplyvapes.com\/it\/product\/ebdesign-pi9000-puffs-disposable-vape-wholesale\/","title":{"rendered":"EBDESIGN Pi9000 Puffs Vape monouso all'ingrosso Design ad alta capacit\u00e0 con flusso d'aria regolabile"},"content":{"rendered":"<h2>EBDESIGN Pi9000 Vape usa e getta<\/h2>\n<ul class=\"top\">\n<li style=\"list-style-type: none;\">\n<ul class=\"top\">\n<li>Marchio:\u00a0<b>EBDESIGN<\/b><\/li>\n<li>Unit\u00e0: set<\/li>\n<li>Tipo:\u00a0<b>Vape usa e getta<\/b><\/li>\n<li>Peso netto: 90(g)<\/li>\n<\/ul>\n<\/li>\n<\/ul>\n<p>Il costo della spedizione combinata verr\u00e0 calcolato automaticamente dal sistema dopo aver scelto la destinazione di spedizione nella fase di checkout.<\/p>\n<div class=\"title\">EBDESIGN Pi9000 Vape usa e getta INTRODUZIONE<\/div>\n<p><b>EBDESIGN Pi9000 Vape usa e getta<\/b> viene fornito con 19 ml di succo di svapo pre-riempito, una potente batteria ricaricabile da 650 mAh e una coil a rete, e pu\u00f2 offrire fino a 9000 boccate in totale. A forma di piccolo cuscino, EBDESIGN Pi9000 assicura che ogni boccata sia liscia e morbida. Grazie ai 50 mg di nicotina contenuti nel succo di svapo, si pu\u00f2 godere di un forte impatto di nicotina. Inoltre, sono presenti due indicatori luminosi al vostro servizio. \u00c8 possibile controllare facilmente la durata della batteria e il livello del liquido. EBDESIGN Pi9000 \u00e8 la scelta migliore per il vaping quotidiano.<\/p>\n<p class=\"second-title\">Caratteristiche<\/p>\n<p>- Succo di svapo preriempito da 19 ml<\/p>\n<p>- 5%(50mg) Sale di nicchia<\/p>\n<p>- Batteria ricaricabile da 650 mAh<\/p>\n<p>- Porta USB-C<\/p>\n<p>- Circa 9000 bolle<\/p>\n<p>- Bobina di rete<\/p>\n<p>- Attivato dal disegno<\/p>\n<p>- Indicatori di liquido e batteria<\/p>","protected":false},"excerpt":{"rendered":"<p>EBDESIGN Pi9000 Puffs Disposable Vape Wholesale \u00e8 caratterizzato da un'elevata capacit\u00e0, un flusso d'aria regolabile e un'uscita di vapore costante, per offrire un'esperienza di vaping personalizzabile e di alto livello.<\/p>","protected":false},"featured_media":4633,"comment_status":"open","ping_status":"closed","template":"","meta":[],"product_brand":[],"product_cat":[22],"product_tag":[],"class_list":{"0":"post-4321","1":"product","2":"type-product","3":"status-publish","4":"has-post-thumbnail","6":"product_cat-disposable-vape-sticks","8":"first","9":"instock","10":"shipping-taxable","11":"purchasable","12":"product-type-simple"},"jetpack_sharing_enabled":true,"tiered_pricing_type":"fixed","tiered_pricing_fixed_rules":{"1000":19,"10000":17,"50000":15},"tiered_pricing_product_settings":{"layout":"default","base_unit_name":{"singular":null,"plural":null},"default_variation":null},"tiered_pricing_minimum_quantity":103,"tiered_pricing_roles_data":[],"tiered_pricing_percentage_rules":[],"tiered_pricing_maximum_quantity":null,"tiered_pricing_quantity_step":null,"_links":{"self":[{"href":"https:\/\/cloudsupplyvapes.com\/it\/wp-json\/wp\/v2\/product\/4321","targetHints":{"allow":["GET"]}}],"collection":[{"href":"https:\/\/cloudsupplyvapes.com\/it\/wp-json\/wp\/v2\/product"}],"about":[{"href":"https:\/\/cloudsupplyvapes.com\/it\/wp-json\/wp\/v2\/types\/product"}],"replies":[{"embeddable":true,"href":"https:\/\/cloudsupplyvapes.com\/it\/wp-json\/wp\/v2\/comments?post=4321"}],"wp:featuredmedia":[{"embeddable":true,"href":"https:\/\/cloudsupplyvapes.com\/it\/wp-json\/wp\/v2\/media\/4633"}],"wp:attachment":[{"href":"https:\/\/cloudsupplyvapes.com\/it\/wp-json\/wp\/v2\/media?parent=4321"}],"wp:term":[{"taxonomy":"product_brand","embeddable":true,"href":"https:\/\/cloudsupplyvapes.com\/it\/wp-json\/wp\/v2\/product_brand?post=4321"},{"taxonomy":"product_cat","embeddable":true,"href":"https:\/\/cloudsupplyvapes.com\/it\/wp-json\/wp\/v2\/product_cat?post=4321"},{"taxonomy":"product_tag","embeddable":true,"href":"https:\/\/cloudsupplyvapes.com\/it\/wp-json\/wp\/v2\/product_tag?post=4321"}],"curies":[{"name":"wp","href":"https:\/\/api.w.org\/{rel}","templated":true}]}}