{"id":4323,"date":"2024-10-19T02:36:51","date_gmt":"2024-10-19T02:36:51","guid":{"rendered":"https:\/\/cloudsupplyvapes.com\/?post_type=product&#038;p=4323"},"modified":"2024-11-26T06:31:56","modified_gmt":"2024-11-26T06:31:56","slug":"-141","status":"publish","type":"product","link":"https:\/\/cloudsupplyvapes.com\/it\/product\/ebdesign-te5000-5000-puffs-rechargeable-disposable-vape-wholesale\/","title":{"rendered":"EBDESIGN TE5000 5000 soffi ricaricabili usa e getta Vape all'ingrosso Alta qualit\u00e0 Vape di lunga durata"},"content":{"rendered":"<h2>EBDESIGN TE5000 Vape usa e getta<\/h2>\n<ul class=\"top\">\n<li style=\"list-style-type: none;\">\n<ul class=\"top\">\n<li>Marchio: EBDESIGN<\/li>\n<li>Unit\u00e0: set<\/li>\n<li>Tipo: Vape monouso<\/li>\n<li>Peso netto: 70(g)<\/li>\n<\/ul>\n<\/li>\n<\/ul>\n<p>Il costo della spedizione combinata verr\u00e0 calcolato automaticamente dal sistema dopo aver scelto la destinazione di spedizione nella fase di checkout.<\/p>\n<div class=\"title\">EBDESIGN TE5000 monouso INTRODUZIONE<\/div>\n<p><b>EBDESIGN TE5000 Vape usa e getta<\/b>\u00a0viene fornito con 13,5 ml di e-liquido preriempito che contiene 5% (50mg) di nicotina. La batteria ha una capacit\u00e0 di 550 mAh ed \u00e8 ricaricabile. In questo modo si possono ottenere fino a 5000 boccate. Inoltre, la coil di questo prodotto \u00e8 una coil a rete in grado di produrre un sapore e un vapore migliori. TE5000 ha un guscio esterno trasparente, un rivestimento interno colorato e un fondo metallico per un fascino eccezionale. Il meccanismo di accensione ad estrazione rende questo dispositivo portatile. L'estrazione a 5000 puff e il design con sali di nicotina possono soddisfare la vostra voglia di nicotina.<\/p>\n<p class=\"second-title\">Caratteristiche<\/p>\n<p>- Design della funzione di silenzio estremo<\/p>\n<p>- 5%(50mg) Nicotina<\/p>\n<p>- 13,5 ml di capacit\u00e0 del succo di vapore<\/p>\n<p>- Batteria integrata ricaricabile da 550 mAh<\/p>\n<p>- Bobina a rete<\/p>\n<p>- 5000 soffi<\/p>\n<p>- Attivato dal disegno<\/p>\n<p>&nbsp;<\/p>\n<p><b>Sapore:<\/b><\/p>\n<p>Mela Pesca<\/p>\n<p>Energia<\/p>\n<p>Uva<\/p>\n<p>Pesca succosa<\/p>\n<p>Kiwi Frutto della passione Guava<\/p>\n<p>Ananas Mango Arancia<\/p>\n<p>Fragola e banana<\/p>\n<p>Ghiaccio alla fragola<\/p>\n<p>Gelato alla fragola<\/p>\n<p>Gelato alla vaniglia<\/p>\n<p>Ghiaccio all'anguria<\/p>\n<p>Zucchero filato<\/p>\n<p>Ghiaccio al mirtillo<\/p>\n<p>Limonata blu Razz<\/p>\n<p>Ghiaccio Blu Razz<\/p>","protected":false},"excerpt":{"rendered":"<p>EBDESIGN TE5000 5000 Puffs Vape usa e getta ricaricabile combina materiali di alta qualit\u00e0, una batteria ricaricabile e una produzione di vapore costante per un vaping affidabile e di lunga durata.<\/p>","protected":false},"featured_media":4667,"comment_status":"open","ping_status":"closed","template":"","meta":[],"product_brand":[],"product_cat":[22],"product_tag":[],"class_list":{"0":"post-4323","1":"product","2":"type-product","3":"status-publish","4":"has-post-thumbnail","6":"product_cat-disposable-vape-sticks","8":"first","9":"instock","10":"shipping-taxable","11":"purchasable","12":"product-type-simple"},"jetpack_sharing_enabled":true,"tiered_pricing_type":"fixed","tiered_pricing_fixed_rules":{"1000":13,"10000":12,"50000":11},"tiered_pricing_product_settings":{"layout":"default","base_unit_name":{"singular":null,"plural":null},"default_variation":null},"tiered_pricing_minimum_quantity":100,"tiered_pricing_roles_data":[],"tiered_pricing_percentage_rules":[],"tiered_pricing_maximum_quantity":null,"tiered_pricing_quantity_step":null,"_links":{"self":[{"href":"https:\/\/cloudsupplyvapes.com\/it\/wp-json\/wp\/v2\/product\/4323","targetHints":{"allow":["GET"]}}],"collection":[{"href":"https:\/\/cloudsupplyvapes.com\/it\/wp-json\/wp\/v2\/product"}],"about":[{"href":"https:\/\/cloudsupplyvapes.com\/it\/wp-json\/wp\/v2\/types\/product"}],"replies":[{"embeddable":true,"href":"https:\/\/cloudsupplyvapes.com\/it\/wp-json\/wp\/v2\/comments?post=4323"}],"wp:featuredmedia":[{"embeddable":true,"href":"https:\/\/cloudsupplyvapes.com\/it\/wp-json\/wp\/v2\/media\/4667"}],"wp:attachment":[{"href":"https:\/\/cloudsupplyvapes.com\/it\/wp-json\/wp\/v2\/media?parent=4323"}],"wp:term":[{"taxonomy":"product_brand","embeddable":true,"href":"https:\/\/cloudsupplyvapes.com\/it\/wp-json\/wp\/v2\/product_brand?post=4323"},{"taxonomy":"product_cat","embeddable":true,"href":"https:\/\/cloudsupplyvapes.com\/it\/wp-json\/wp\/v2\/product_cat?post=4323"},{"taxonomy":"product_tag","embeddable":true,"href":"https:\/\/cloudsupplyvapes.com\/it\/wp-json\/wp\/v2\/product_tag?post=4323"}],"curies":[{"name":"wp","href":"https:\/\/api.w.org\/{rel}","templated":true}]}}