{"id":4519,"date":"2024-10-19T02:37:36","date_gmt":"2024-10-19T02:37:36","guid":{"rendered":"https:\/\/cloudsupplyvapes.com\/?post_type=product&#038;p=4519"},"modified":"2024-11-26T05:30:51","modified_gmt":"2024-11-26T05:30:51","slug":"-153","status":"publish","type":"product","link":"https:\/\/cloudsupplyvapes.com\/it\/product\/randm-vome-monster-10000-puffs-disposable-vape-wholesale\/","title":{"rendered":"RandM Vome Monster 10000 soffi monouso Vape all'ingrosso Flusso d'aria regolabile Ricca produzione di vapore"},"content":{"rendered":"<h2>R e M Vome Monster Vape usa e getta<\/h2>\n<ul class=\"top\">\n<li style=\"list-style-type: none;\">\n<ul class=\"top\">\n<li>Marchio: R e M Vape<\/li>\n<li>Unit\u00e0: set<\/li>\n<li>Tipo: Vape monouso<\/li>\n<li>Peso netto: 70(g)<\/li>\n<\/ul>\n<\/li>\n<\/ul>\n<p>Il costo della spedizione combinata verr\u00e0 calcolato automaticamente dal sistema dopo aver scelto la destinazione di spedizione nella fase di checkout.<\/p>\n<div class=\"title\">R e M Vome Monster Vape monouso INTRODUZIONE<\/div>\n<p><b>R e M Vome Monster Vape usa e getta<\/b> Viene fornita con 20 ml di e-liquid per un massimo di 10000 boccate, l'intensit\u00e0 di nicotina 5% (50 mg) presenta un buon colpo in gola. Progettata per essere portata a mano, \u00e8 dotata di un cordino per il trasporto. \u00c8 alimentata da una batteria interna ricaricabile da 850 mAh e si ricarica tramite una porta Type-C. Con un interruttore di controllo del flusso d'aria nella parte inferiore, ha un'innegabile capacit\u00e0 di personalizzare il proprio vaping MTL per bilanciare sapore e vapore.<\/p>\n<p class=\"second-title\">Caratteristiche<\/p>\n<p>- Succo di svapo pre-riempito da 20 ml<\/p>\n<p>- 5%(50mg) Sale di nicchia<\/p>\n<p>- Batteria ricaricabile da 850 mAh<\/p>\n<p>- Porta Tipo-C<\/p>\n<p>- Circa 10000 soffi<\/p>\n<p>- Bobina di rete<\/p>\n<p>- Attivato dal disegno<\/p>\n<p>- Vaping MTL<\/p>\n<p>- Flusso d'aria regolabile<\/p>\n<div class=\"title\">R e M Vome Monster Vape usa e getta SPECIFICHE<\/div>\n<p>Bign\u00e8: 10000<\/p>\n<p>Batteria: Ricaricabile 850mAh<\/p>\n<p>Ricarica: Tipo-C<\/p>\n<p>Capacit\u00e0 e-liquid: 20ml<\/p>\n<p>Dosaggio della nicotina: 5% (50mg)<\/p>\n<p>Tipo di nicotina: Sale di nicotina<\/p>\n<p>Elemento riscaldante: Bobina a rete<\/p>\n<p>Meccanismo di sparo con attivazione a strappo<\/p>\n<p>&nbsp;<\/p>","protected":false},"excerpt":{"rendered":"<p>RandM Vome Monster 10000 Puffs Disposable Vape Wholesale \u00e8 caratterizzato da un flusso d'aria regolabile, una ricca produzione di vapore e un design elegante per sessioni di svapo piacevoli e personalizzabili.<\/p>","protected":false},"featured_media":4827,"comment_status":"open","ping_status":"closed","template":"","meta":[],"product_brand":[],"product_cat":[22],"product_tag":[],"class_list":{"0":"post-4519","1":"product","2":"type-product","3":"status-publish","4":"has-post-thumbnail","6":"product_cat-disposable-vape-sticks","8":"first","9":"instock","10":"shipping-taxable","11":"purchasable","12":"product-type-simple"},"jetpack_sharing_enabled":true,"tiered_pricing_type":"fixed","tiered_pricing_fixed_rules":{"1000":17,"10000":16,"50000":14},"tiered_pricing_product_settings":{"layout":"default","base_unit_name":{"singular":null,"plural":null},"default_variation":null},"tiered_pricing_minimum_quantity":100,"tiered_pricing_roles_data":[],"tiered_pricing_percentage_rules":[],"tiered_pricing_maximum_quantity":null,"tiered_pricing_quantity_step":null,"_links":{"self":[{"href":"https:\/\/cloudsupplyvapes.com\/it\/wp-json\/wp\/v2\/product\/4519","targetHints":{"allow":["GET"]}}],"collection":[{"href":"https:\/\/cloudsupplyvapes.com\/it\/wp-json\/wp\/v2\/product"}],"about":[{"href":"https:\/\/cloudsupplyvapes.com\/it\/wp-json\/wp\/v2\/types\/product"}],"replies":[{"embeddable":true,"href":"https:\/\/cloudsupplyvapes.com\/it\/wp-json\/wp\/v2\/comments?post=4519"}],"wp:featuredmedia":[{"embeddable":true,"href":"https:\/\/cloudsupplyvapes.com\/it\/wp-json\/wp\/v2\/media\/4827"}],"wp:attachment":[{"href":"https:\/\/cloudsupplyvapes.com\/it\/wp-json\/wp\/v2\/media?parent=4519"}],"wp:term":[{"taxonomy":"product_brand","embeddable":true,"href":"https:\/\/cloudsupplyvapes.com\/it\/wp-json\/wp\/v2\/product_brand?post=4519"},{"taxonomy":"product_cat","embeddable":true,"href":"https:\/\/cloudsupplyvapes.com\/it\/wp-json\/wp\/v2\/product_cat?post=4519"},{"taxonomy":"product_tag","embeddable":true,"href":"https:\/\/cloudsupplyvapes.com\/it\/wp-json\/wp\/v2\/product_tag?post=4519"}],"curies":[{"name":"wp","href":"https:\/\/api.w.org\/{rel}","templated":true}]}}