{"id":4520,"date":"2024-10-19T02:37:36","date_gmt":"2024-10-19T02:37:36","guid":{"rendered":"https:\/\/cloudsupplyvapes.com\/?post_type=product&#038;p=4520"},"modified":"2024-11-26T05:31:00","modified_gmt":"2024-11-26T05:31:00","slug":"-154","status":"publish","type":"product","link":"https:\/\/cloudsupplyvapes.com\/it\/product\/randm-vome-monster-7000-puffs-disposable-vape-wholesale\/","title":{"rendered":"RandM Vome Monster 7000 soffi di vapore monouso all'ingrosso Costruzione leggera e durevole"},"content":{"rendered":"<h2>R e M Monster usa e getta<\/h2>\n<ul class=\"top\">\n<li style=\"list-style-type: none;\">\n<ul class=\"top\">\n<li>Marchio: R e M<\/li>\n<li>Unit\u00e0: set<\/li>\n<li>Tipo: Vape monouso<\/li>\n<li>Peso netto: 70(g)<\/li>\n<\/ul>\n<\/li>\n<\/ul>\n<p>Il costo della spedizione combinata verr\u00e0 calcolato automaticamente dal sistema dopo aver scelto la destinazione di spedizione nella fase di checkout.<\/p>\n<div class=\"title\">R e M Monster monouso INTRODUZIONE<\/div>\n<p><b>R e M Monster usa e getta<\/b>\u00a0ha la forma di una lattina di Cola, una grande capacit\u00e0 di 15 ml di succo elettronico, un livello di nicotina 5% e una batteria ricaricabile per un conteggio fino a 7000 puff. Monster Vape ha una bobina a rete, che si adatta ai vapori MTL, insieme alla nicotina 5% (50mg), che offre un colpo di nicotina pi\u00f9 potente per svapare senza sforzo. La Monster Bar si ricarica tramite la porta Type-C ed \u00e8 comoda da portare con s\u00e9 grazie al cordino.<\/p>\n<p class=\"second-title\">Caratteristiche<\/p>\n<p>- Forma della lattina di Cola<\/p>\n<p>- 7000 soffi<\/p>\n<p>\u2022 Capacit\u00e0 15 ml<\/p>\n<p>- 5% (50mg) Forza di nicotina<\/p>\n<p>\u2022 Batteria ricaricabile<\/p>\n<p>- Bobina a rete<\/p>\n<p>- Sorteggio MTL<\/p>\n<p>- Attivato dal disegno<\/p>","protected":false},"excerpt":{"rendered":"<p>RandM Vome Monster 7000 Puffs Disposable Vape Wholesale combina una struttura resistente con un design leggero e un'emissione di vapore costante per un uso portatile e conveniente.<\/p>","protected":false},"featured_media":4836,"comment_status":"open","ping_status":"closed","template":"","meta":[],"product_brand":[],"product_cat":[22],"product_tag":[],"class_list":{"0":"post-4520","1":"product","2":"type-product","3":"status-publish","4":"has-post-thumbnail","6":"product_cat-disposable-vape-sticks","8":"first","9":"instock","10":"shipping-taxable","11":"purchasable","12":"product-type-simple"},"jetpack_sharing_enabled":true,"tiered_pricing_type":"fixed","tiered_pricing_fixed_rules":{"1000":11,"10000":10,"50000":8},"tiered_pricing_product_settings":{"layout":"default","base_unit_name":{"singular":null,"plural":null},"default_variation":null},"tiered_pricing_minimum_quantity":100,"tiered_pricing_roles_data":[],"tiered_pricing_percentage_rules":[],"tiered_pricing_maximum_quantity":null,"tiered_pricing_quantity_step":null,"_links":{"self":[{"href":"https:\/\/cloudsupplyvapes.com\/it\/wp-json\/wp\/v2\/product\/4520","targetHints":{"allow":["GET"]}}],"collection":[{"href":"https:\/\/cloudsupplyvapes.com\/it\/wp-json\/wp\/v2\/product"}],"about":[{"href":"https:\/\/cloudsupplyvapes.com\/it\/wp-json\/wp\/v2\/types\/product"}],"replies":[{"embeddable":true,"href":"https:\/\/cloudsupplyvapes.com\/it\/wp-json\/wp\/v2\/comments?post=4520"}],"wp:featuredmedia":[{"embeddable":true,"href":"https:\/\/cloudsupplyvapes.com\/it\/wp-json\/wp\/v2\/media\/4836"}],"wp:attachment":[{"href":"https:\/\/cloudsupplyvapes.com\/it\/wp-json\/wp\/v2\/media?parent=4520"}],"wp:term":[{"taxonomy":"product_brand","embeddable":true,"href":"https:\/\/cloudsupplyvapes.com\/it\/wp-json\/wp\/v2\/product_brand?post=4520"},{"taxonomy":"product_cat","embeddable":true,"href":"https:\/\/cloudsupplyvapes.com\/it\/wp-json\/wp\/v2\/product_cat?post=4520"},{"taxonomy":"product_tag","embeddable":true,"href":"https:\/\/cloudsupplyvapes.com\/it\/wp-json\/wp\/v2\/product_tag?post=4520"}],"curies":[{"name":"wp","href":"https:\/\/api.w.org\/{rel}","templated":true}]}}