{"id":4521,"date":"2024-10-19T02:37:36","date_gmt":"2024-10-19T02:37:36","guid":{"rendered":"https:\/\/cloudsupplyvapes.com\/?post_type=product&#038;p=4521"},"modified":"2024-11-26T05:31:11","modified_gmt":"2024-11-26T05:31:11","slug":"-155","status":"publish","type":"product","link":"https:\/\/cloudsupplyvapes.com\/it\/product\/randm-vome-sunax-21000-puffs-disposable-vape-wholesale\/","title":{"rendered":"RandM Vome Sunax 21000 Puffs usa e getta Vape all'ingrosso Alta capacit\u00e0 Gola liscia Hit"},"content":{"rendered":"<h2>R e M Sunax Vape usa e getta<\/h2>\n<ul class=\"top\">\n<li style=\"list-style-type: none;\">\n<ul class=\"top\">\n<li>Marchio: R e M<\/li>\n<li>Unit\u00e0: set<\/li>\n<li>Tipo: Vape monouso<\/li>\n<li>Peso netto: 70(g)<\/li>\n<\/ul>\n<\/li>\n<\/ul>\n<p>Il costo della spedizione combinata verr\u00e0 calcolato automaticamente dal sistema dopo aver scelto la destinazione di spedizione nella fase di checkout.<\/p>\n<div class=\"title\">R e M Sunax Vape usa e getta INTRODUZIONE<\/div>\n<p><b>R e M Sunax Vape usa e getta<\/b>\u00a0\u00e8 un usa e getta unico nel suo genere, dotato di tre cialde intercambiabili da sostituire; ogni cialda pu\u00f2 contenere fino a 14 ml di succo di svapo e pu\u00f2 servire fino a 7000 boccate. Caratterizzato da un design minimalista, regolabile in base al flusso d'aria e facile da usare, \u00e8 alimentato da una batteria ricaricabile da 850 mAh e viene ricaricato tramite una porta Type-C. Ogni confezione di Sunax pu\u00f2 contenere 21000 boccate in totale. Probabilmente \u00e8 un eccellente usa e getta per chi cerca grandi boccate ed \u00e8 entusiasta dell'alta gradazione di nicotina.<\/p>\n<p class=\"second-title\">Caratteristiche<\/p>\n<p>- 14 ml di succo di vape pre-riempito<\/p>\n<p>- Tre cialde intercambiabili<\/p>\n<p>- 7000 soffi per cialda<\/p>\n<p>- 21000 Bign\u00e8 in totale<\/p>\n<p>- 5%(50mg) Nicotina<\/p>\n<p>- Batteria ricaricabile da 850 mAh<\/p>\n<p>- Bobina di rete<\/p>\n<p>- Attivato dal disegno<\/p>\n<p>- Vaping MTL<\/p>\n<p>- Bobina a rete<\/p>\n<p>- Flusso d'aria regolabile<\/p>\n<div class=\"title\">SPECIFICHE DEL VAPORE monouso R e M Sunax<\/div>\n<p>Bign\u00e8: 21000 (7000*3)<\/p>\n<p>Batteria: Ricaricabile 850mAh<\/p>\n<p>Ricarica: Tipo-C<\/p>\n<p>Capacit\u00e0 della capsula: 14 ml<\/p>\n<p>Dosaggio della nicotina: 5% (50mg)<\/p>\n<p>Tipo di nicotina: Sale di nicotina<\/p>\n<p>Elemento riscaldante: Bobina a rete<\/p>\n<p>Meccanismo di sparo con attivazione a strappo<\/p>\n<p><a href=\"https:\/\/i0.wp.com\/shop.vape.hk\/wp-content\/uploads\/2023\/10\/R-and-M-Sunax-210001-1.jpg?ssl=1\" target=\"_blank\" rel=\"noopener\"><img data-recalc-dims=\"1\" loading=\"lazy\" decoding=\"async\" class=\"alignnone size-full wp-image-124491\" src=\"https:\/\/i0.wp.com\/shop.vape.hk\/wp-content\/uploads\/2023\/10\/R-and-M-Sunax-210001-1.jpg?resize=960%2C1920&#038;ssl=1\" alt=\"RandM Vome Sunax 21000 soffi di vapore monouso all&#039;ingrosso\" width=\"960\" height=\"1920\" title=\"\"><\/a><\/p>","protected":false},"excerpt":{"rendered":"<p>La RandM Vome Sunax 21000 Puffs Disposable Vape Wholesale offre un'elevata capacit\u00e0, colpi di gola morbidi e un design elegante per esperienze di svapo prolungate e soddisfacenti.<\/p>","protected":false},"featured_media":4848,"comment_status":"open","ping_status":"closed","template":"","meta":[],"product_brand":[],"product_cat":[22],"product_tag":[],"class_list":{"0":"post-4521","1":"product","2":"type-product","3":"status-publish","4":"has-post-thumbnail","6":"product_cat-disposable-vape-sticks","8":"first","9":"instock","10":"shipping-taxable","11":"purchasable","12":"product-type-simple"},"jetpack_sharing_enabled":true,"tiered_pricing_type":"fixed","tiered_pricing_fixed_rules":{"1000":18,"10000":17,"50000":15},"tiered_pricing_product_settings":{"layout":"default","base_unit_name":{"singular":null,"plural":null},"default_variation":null},"tiered_pricing_minimum_quantity":100,"tiered_pricing_roles_data":[],"tiered_pricing_percentage_rules":[],"tiered_pricing_maximum_quantity":null,"tiered_pricing_quantity_step":null,"_links":{"self":[{"href":"https:\/\/cloudsupplyvapes.com\/it\/wp-json\/wp\/v2\/product\/4521","targetHints":{"allow":["GET"]}}],"collection":[{"href":"https:\/\/cloudsupplyvapes.com\/it\/wp-json\/wp\/v2\/product"}],"about":[{"href":"https:\/\/cloudsupplyvapes.com\/it\/wp-json\/wp\/v2\/types\/product"}],"replies":[{"embeddable":true,"href":"https:\/\/cloudsupplyvapes.com\/it\/wp-json\/wp\/v2\/comments?post=4521"}],"wp:featuredmedia":[{"embeddable":true,"href":"https:\/\/cloudsupplyvapes.com\/it\/wp-json\/wp\/v2\/media\/4848"}],"wp:attachment":[{"href":"https:\/\/cloudsupplyvapes.com\/it\/wp-json\/wp\/v2\/media?parent=4521"}],"wp:term":[{"taxonomy":"product_brand","embeddable":true,"href":"https:\/\/cloudsupplyvapes.com\/it\/wp-json\/wp\/v2\/product_brand?post=4521"},{"taxonomy":"product_cat","embeddable":true,"href":"https:\/\/cloudsupplyvapes.com\/it\/wp-json\/wp\/v2\/product_cat?post=4521"},{"taxonomy":"product_tag","embeddable":true,"href":"https:\/\/cloudsupplyvapes.com\/it\/wp-json\/wp\/v2\/product_tag?post=4521"}],"curies":[{"name":"wp","href":"https:\/\/api.w.org\/{rel}","templated":true}]}}