{"id":4603,"date":"2024-10-19T02:38:00","date_gmt":"2024-10-19T02:38:00","guid":{"rendered":"https:\/\/cloudsupplyvapes.com\/?post_type=product&#038;p=4603"},"modified":"2024-11-26T05:27:21","modified_gmt":"2024-11-26T05:27:21","slug":"-159","status":"publish","type":"product","link":"https:\/\/cloudsupplyvapes.com\/it\/product\/elfworld-reload-6000-puffs-disposable-vape-wholesale\/","title":{"rendered":"ELFWORLD Ricarica 6000 boccate di vapore monouso all'ingrosso Design a prova di perdite di alta qualit\u00e0"},"content":{"rendered":"<h2>Vape monouso ELFWORLD Reload<\/h2>\n<ul class=\"top\">\n<li>Marchio:\u00a0<b>Elfworld Vapes<\/b><b><\/b><\/li>\n<li>Unit\u00e0: set<\/li>\n<li>Tipo:\u00a0<b>Vape usa e getta<\/b><\/li>\n<li>Peso netto: 60(g)<\/li>\n<\/ul>\n<p>Il costo della spedizione combinata verr\u00e0 calcolato automaticamente dal sistema dopo aver scelto la destinazione di spedizione nella fase di checkout.<\/p>\n<div class=\"title\">Vape monouso ELFWORLD Reload INTRODUZIONE<\/div>\n<p><b>Vape monouso ELFWORLD Reload<\/b>\u00a0ha un corpo prevalentemente in plastica e vanta una cialda sostituibile e una base ricaricabile. Ogni dispositivo \u00e8 in grado di contenere un e-liquid pre-riempito da 12 ml e un contenuto di sali di nicotina 5% (50 mg) per un massimo di 6000 boccate; la capsula \u00e8 collegata tramite una connessione magnetica. Fornisce un vapore saporito e crea un corpo quadrato evidente per chi \u00e8 sempre in movimento. Con prestazioni convenienti, questa svapata monouso all-in-one \u00e8 in grado di evitare le bruciature e di migliorare l'utilizzo dell'e-liquid grazie alla bobina a maglia integrata.<\/p>\n<p class=\"second-title\">Caratteristiche<\/p>\n<p>- Materiale: PC &amp; PCTG &amp; AL<\/p>\n<p>- Succo di svapo pre-riempito da 12 ml<\/p>\n<p>- Batteria ricaricabile da 650 mAh<\/p>\n<p>- Cavo Type-C (non incluso)<\/p>\n<p>- 5%(50mg) Sale di nicchia<\/p>\n<p>- Circa 6000 soffi<\/p>\n<p>- Bobina a rete<\/p>\n<p>- Attivato dal disegno<\/p>\n<p><a href=\"https:\/\/i0.wp.com\/shop.vape.hk\/wp-content\/uploads\/2023\/10\/elfworld-reload-detail.jpg?ssl=1\" target=\"_blank\" rel=\"noopener\"><img data-recalc-dims=\"1\" loading=\"lazy\" decoding=\"async\" class=\"alignnone size-full wp-image-124562\" src=\"https:\/\/i0.wp.com\/shop.vape.hk\/wp-content\/uploads\/2023\/10\/elfworld-reload-detail.jpg?resize=1020%2C1633&#038;ssl=1\" alt=\"ELFWORLD Reload 6000 Puffs usa e getta Vape | Wholesale\" width=\"1020\" height=\"1633\" title=\"\"><\/a><\/p>","protected":false},"excerpt":{"rendered":"<p>La ELFWORLD Reload 6000 Puffs Disposable Vape Wholesale offre una struttura di alta qualit\u00e0, un design a prova di perdite e un'uscita di vapore fluida, perfetta per sessioni di svapo affidabili e senza problemi.<\/p>","protected":false},"featured_media":4888,"comment_status":"open","ping_status":"closed","template":"","meta":[],"product_brand":[],"product_cat":[22,480],"product_tag":[467],"class_list":{"0":"post-4603","1":"product","2":"type-product","3":"status-publish","4":"has-post-thumbnail","6":"product_cat-disposable-vape-sticks","7":"product_cat-elfworld","8":"product_tag-elfworld","10":"first","11":"instock","12":"shipping-taxable","13":"purchasable","14":"product-type-simple"},"jetpack_sharing_enabled":true,"tiered_pricing_type":"fixed","tiered_pricing_fixed_rules":{"1000":6,"10000":5,"50000":4},"tiered_pricing_product_settings":{"layout":"default","base_unit_name":{"singular":null,"plural":null},"default_variation":null},"tiered_pricing_minimum_quantity":100,"tiered_pricing_roles_data":[],"tiered_pricing_percentage_rules":[],"tiered_pricing_maximum_quantity":null,"tiered_pricing_quantity_step":null,"_links":{"self":[{"href":"https:\/\/cloudsupplyvapes.com\/it\/wp-json\/wp\/v2\/product\/4603","targetHints":{"allow":["GET"]}}],"collection":[{"href":"https:\/\/cloudsupplyvapes.com\/it\/wp-json\/wp\/v2\/product"}],"about":[{"href":"https:\/\/cloudsupplyvapes.com\/it\/wp-json\/wp\/v2\/types\/product"}],"replies":[{"embeddable":true,"href":"https:\/\/cloudsupplyvapes.com\/it\/wp-json\/wp\/v2\/comments?post=4603"}],"wp:featuredmedia":[{"embeddable":true,"href":"https:\/\/cloudsupplyvapes.com\/it\/wp-json\/wp\/v2\/media\/4888"}],"wp:attachment":[{"href":"https:\/\/cloudsupplyvapes.com\/it\/wp-json\/wp\/v2\/media?parent=4603"}],"wp:term":[{"taxonomy":"product_brand","embeddable":true,"href":"https:\/\/cloudsupplyvapes.com\/it\/wp-json\/wp\/v2\/product_brand?post=4603"},{"taxonomy":"product_cat","embeddable":true,"href":"https:\/\/cloudsupplyvapes.com\/it\/wp-json\/wp\/v2\/product_cat?post=4603"},{"taxonomy":"product_tag","embeddable":true,"href":"https:\/\/cloudsupplyvapes.com\/it\/wp-json\/wp\/v2\/product_tag?post=4603"}],"curies":[{"name":"wp","href":"https:\/\/api.w.org\/{rel}","templated":true}]}}