{"id":4606,"date":"2024-10-19T02:38:00","date_gmt":"2024-10-19T02:38:00","guid":{"rendered":"https:\/\/cloudsupplyvapes.com\/?post_type=product&#038;p=4606"},"modified":"2024-11-26T05:27:58","modified_gmt":"2024-11-26T05:27:58","slug":"-162","status":"publish","type":"product","link":"https:\/\/cloudsupplyvapes.com\/it\/product\/elfworld-i15-pro-12000-puffs-disposable-vape-wholesale\/","title":{"rendered":"ELFWORLD I15 Pro 12000 boccate di vapore monouso all'ingrosso Ricaricabile Design ad alta capacit\u00e0"},"content":{"rendered":"<h2>Vape monouso ELFWORLD I15 Pro<\/h2>\n<ul class=\"top\">\n<li style=\"list-style-type: none;\">\n<ul class=\"top\">\n<li>Marchio:\u00a0<b>ELFWORLD<\/b><\/li>\n<li>Unit\u00e0: set<\/li>\n<li>Tipo:\u00a0<b>Vape usa e getta<\/b><\/li>\n<li>Peso netto: 70(g)<\/li>\n<\/ul>\n<\/li>\n<\/ul>\n<p>Il costo della spedizione combinata verr\u00e0 calcolato automaticamente dal sistema dopo aver scelto la destinazione di spedizione nella fase di checkout.<\/p>\n<div class=\"title\">Vape monouso ELFWORLD I15 Pro INTRODUZIONE<\/div>\n<p><b>Vape monouso ELFWORLD I15 Pro<\/b>\u00a0\u00e8 dotato di 18 ml di succo di svapo pre-riempito, una batteria ricaricabile da 600 mAh, uno schermo che visualizza la durata della batteria e il livello del succo di svapo e pu\u00f2 fornire ai vapers circa 12000 boccate. ELFWORLD I15 Pro \u00e8 la versione aggiornata e pi\u00f9 potente. Con 18 ml di succo, pu\u00f2 produrre 12000 boccate. \u00c8 facile da usare inalando e anche intelligente. Uno schermo mostra chiaramente la durata della batteria e il livello del succo di svapo. Saprete quando ricaricarla e dove acquistarne una nuova. I15 Pro \u00e8 il futuro dei vapers usa e getta.<\/p>\n<p class=\"second-title\">Caratteristiche<\/p>\n<p>- 18 ml di liquido elettronico pre-riempito<\/p>\n<p>- Batteria ricaricabile da 600 mAh<\/p>\n<p>- 5% (50mg) Forza di nicotina<\/p>\n<p>- Bobina a rete<\/p>\n<p>- Schermata della durata della batteria e del livello di succo di svapo<\/p>\n<p>- Ricarica USB Type-C (cavo non incluso)<\/p>\n<p>- Circa 12000 soffi<\/p>\n<p>- Attivato dal disegno<\/p>\n<p>- Vaping MTL<\/p>\n<p><a href=\"https:\/\/i0.wp.com\/shop.vape.hk\/wp-content\/uploads\/2023\/10\/New-Invention-Elfworld-I15-PRO-12000-Puffs-Apple-Super-Thin-Disposable-Vape-Long-Lasting-Flavor-Ultra-Thin-E-Cig-Elf-World-Puff-Vape-Pen-OEM-Business-Elites.webp?ssl=1\" target=\"_blank\" rel=\"noopener\"><img data-recalc-dims=\"1\" loading=\"lazy\" decoding=\"async\" class=\"alignnone size-full wp-image-124590\" src=\"https:\/\/i0.wp.com\/shop.vape.hk\/wp-content\/uploads\/2023\/10\/New-Invention-Elfworld-I15-PRO-12000-Puffs-Apple-Super-Thin-Disposable-Vape-Long-Lasting-Flavor-Ultra-Thin-E-Cig-Elf-World-Puff-Vape-Pen-OEM-Business-Elites.webp?resize=1020%2C572&#038;ssl=1\" alt=\"ELFWORLD MC8500 8500 Puffs Vape usa e getta all&#039;ingrosso\" width=\"1020\" height=\"572\" title=\"\"><\/a><\/p>","protected":false},"excerpt":{"rendered":"<p>ELFWORLD I15 Pro 12000 Puffs Disposable Vape Wholesale combina un'elevata capacit\u00e0 con la comodit\u00e0 della ricarica, assicurando sessioni di vaping prolungate e un'erogazione di vapore fluida.<\/p>","protected":false},"featured_media":4909,"comment_status":"open","ping_status":"closed","template":"","meta":[],"product_brand":[],"product_cat":[22,480],"product_tag":[467],"class_list":{"0":"post-4606","1":"product","2":"type-product","3":"status-publish","4":"has-post-thumbnail","6":"product_cat-disposable-vape-sticks","7":"product_cat-elfworld","8":"product_tag-elfworld","10":"first","11":"instock","12":"shipping-taxable","13":"purchasable","14":"product-type-simple"},"jetpack_sharing_enabled":true,"tiered_pricing_type":"fixed","tiered_pricing_fixed_rules":{"1000":9,"10000":8,"50000":7},"tiered_pricing_product_settings":{"layout":"default","base_unit_name":{"singular":null,"plural":null},"default_variation":null},"tiered_pricing_minimum_quantity":100,"tiered_pricing_roles_data":[],"tiered_pricing_percentage_rules":[],"tiered_pricing_maximum_quantity":null,"tiered_pricing_quantity_step":null,"_links":{"self":[{"href":"https:\/\/cloudsupplyvapes.com\/it\/wp-json\/wp\/v2\/product\/4606","targetHints":{"allow":["GET"]}}],"collection":[{"href":"https:\/\/cloudsupplyvapes.com\/it\/wp-json\/wp\/v2\/product"}],"about":[{"href":"https:\/\/cloudsupplyvapes.com\/it\/wp-json\/wp\/v2\/types\/product"}],"replies":[{"embeddable":true,"href":"https:\/\/cloudsupplyvapes.com\/it\/wp-json\/wp\/v2\/comments?post=4606"}],"wp:featuredmedia":[{"embeddable":true,"href":"https:\/\/cloudsupplyvapes.com\/it\/wp-json\/wp\/v2\/media\/4909"}],"wp:attachment":[{"href":"https:\/\/cloudsupplyvapes.com\/it\/wp-json\/wp\/v2\/media?parent=4606"}],"wp:term":[{"taxonomy":"product_brand","embeddable":true,"href":"https:\/\/cloudsupplyvapes.com\/it\/wp-json\/wp\/v2\/product_brand?post=4606"},{"taxonomy":"product_cat","embeddable":true,"href":"https:\/\/cloudsupplyvapes.com\/it\/wp-json\/wp\/v2\/product_cat?post=4606"},{"taxonomy":"product_tag","embeddable":true,"href":"https:\/\/cloudsupplyvapes.com\/it\/wp-json\/wp\/v2\/product_tag?post=4606"}],"curies":[{"name":"wp","href":"https:\/\/api.w.org\/{rel}","templated":true}]}}