{"id":4699,"date":"2024-10-19T02:38:25","date_gmt":"2024-10-19T02:38:25","guid":{"rendered":"https:\/\/cloudsupplyvapes.com\/?post_type=product&#038;p=4699"},"modified":"2024-11-26T03:54:22","modified_gmt":"2024-11-26T03:54:22","slug":"-169","status":"publish","type":"product","link":"https:\/\/cloudsupplyvapes.com\/it\/product\/breze-stiik-king-max-10000-puffs-free-nicotine-disposable-vape-wholesale\/","title":{"rendered":"Breze Stiik King Max 10000 boccate senza nicotina Vape usa e getta all'ingrosso Smooth Vapor Costruzione durevole"},"content":{"rendered":"<h2>Breze Stiik King Max Zero Nicotina Vape usa e getta<\/h2>\n<ul class=\"top\">\n<li style=\"list-style-type: none;\">\n<ul class=\"top\">\n<li>Marchio:\u00a0<b>Breze Stiik<\/b><\/li>\n<li>Unit\u00e0: set<\/li>\n<li>Tipo:\u00a0<b>Vape usa e getta<\/b><\/li>\n<li>Peso netto: 110(g)<\/li>\n<\/ul>\n<\/li>\n<\/ul>\n<p>Il costo della spedizione combinata verr\u00e0 calcolato automaticamente dal sistema dopo aver scelto la destinazione di spedizione nella fase di checkout.<\/p>\n<div class=\"title\">Breze Stiik King Max Zero Nicotina Vape usa e getta INTRODUZIONE<\/div>\n<p><b>Breze Stiik King Max Zero Nicotina Vape usa e getta\u00a0<\/b>\u00e8 un tipo speciale di svapo che non contiene nicotina. Al contrario, \u00e8 riempita con 20 ml di un liquido senza nicotina chiamato e-juice. Questa svapata \u00e8 dotata di una batteria potente che pu\u00f2 essere ricaricata con una porta Type-C. La parte migliore \u00e8 che viene fornita con un sacco di e-juice, sufficiente per darvi fino a 10.000 boccate morbide e rilassanti con vari sapori deliziosi. \u00c8 perfetta per chi ama creare grandi nuvole di vapore perch\u00e9 pu\u00f2 contenere molto e-liquid e ha una batteria potente. Se desiderate svapare senza nicotina, Breze Stiik King Max fa al caso vostro! \u00c8 stato realizzato per chi ha a cuore la propria salute e vuole stare lontano dalla nicotina.<\/p>\n<p class=\"second-title\">Caratteristiche<\/p>\n<p>- Liquido elettronico pre-riempito da 20 ml<\/p>\n<p>- 0%(0mg) Dosaggio della nicotina<\/p>\n<p>- Batteria ricaricabile da 850 mAh<\/p>\n<p>- Porta Tipo-C (non inclusa)<\/p>\n<p>- Circa 10000 soffi<\/p>\n<p>- Bobina a rete sub-ohm<\/p>\n<p>- Attivato dal disegno<\/p>\n<p>- DTL Vaping<\/p>\n<p>- Fino a 8 gusti<\/p>\n<p><a href=\"https:\/\/i0.wp.com\/shop.vape.hk\/wp-content\/uploads\/2023\/10\/Breze_Stiik_King_Max-1.jpg?ssl=1\" target=\"_blank\" rel=\"noopener\"><img data-recalc-dims=\"1\" loading=\"lazy\" decoding=\"async\" class=\"alignnone size-full wp-image-124659\" src=\"https:\/\/i0.wp.com\/shop.vape.hk\/wp-content\/uploads\/2023\/10\/Breze_Stiik_King_Max-1.jpg?resize=698%2C1920&#038;ssl=1\" alt=\"Breze Stiik King Max Free Nicotine 10000 Puffs Zero NicotineDisposable Vape | Wholesale\" width=\"698\" height=\"1920\" title=\"\"><\/a><\/p>","protected":false},"excerpt":{"rendered":"<p>La Breze Stiik King Max 10000 Puffs Free Nicotine Disposable Vape Wholesale offre una struttura resistente, una produzione di vapore fluida e un design ecologico per un uso duraturo.<\/p>","protected":false},"featured_media":4975,"comment_status":"open","ping_status":"closed","template":"","meta":[],"product_brand":[],"product_cat":[22],"product_tag":[],"class_list":{"0":"post-4699","1":"product","2":"type-product","3":"status-publish","4":"has-post-thumbnail","6":"product_cat-disposable-vape-sticks","8":"first","9":"instock","10":"shipping-taxable","11":"purchasable","12":"product-type-simple"},"jetpack_sharing_enabled":true,"tiered_pricing_type":"fixed","tiered_pricing_fixed_rules":{"1000":11,"10000":9,"50000":8},"tiered_pricing_product_settings":{"layout":"default","base_unit_name":{"singular":null,"plural":null},"default_variation":null},"tiered_pricing_minimum_quantity":100,"tiered_pricing_roles_data":[],"tiered_pricing_percentage_rules":[],"tiered_pricing_maximum_quantity":null,"tiered_pricing_quantity_step":null,"_links":{"self":[{"href":"https:\/\/cloudsupplyvapes.com\/it\/wp-json\/wp\/v2\/product\/4699","targetHints":{"allow":["GET"]}}],"collection":[{"href":"https:\/\/cloudsupplyvapes.com\/it\/wp-json\/wp\/v2\/product"}],"about":[{"href":"https:\/\/cloudsupplyvapes.com\/it\/wp-json\/wp\/v2\/types\/product"}],"replies":[{"embeddable":true,"href":"https:\/\/cloudsupplyvapes.com\/it\/wp-json\/wp\/v2\/comments?post=4699"}],"wp:featuredmedia":[{"embeddable":true,"href":"https:\/\/cloudsupplyvapes.com\/it\/wp-json\/wp\/v2\/media\/4975"}],"wp:attachment":[{"href":"https:\/\/cloudsupplyvapes.com\/it\/wp-json\/wp\/v2\/media?parent=4699"}],"wp:term":[{"taxonomy":"product_brand","embeddable":true,"href":"https:\/\/cloudsupplyvapes.com\/it\/wp-json\/wp\/v2\/product_brand?post=4699"},{"taxonomy":"product_cat","embeddable":true,"href":"https:\/\/cloudsupplyvapes.com\/it\/wp-json\/wp\/v2\/product_cat?post=4699"},{"taxonomy":"product_tag","embeddable":true,"href":"https:\/\/cloudsupplyvapes.com\/it\/wp-json\/wp\/v2\/product_tag?post=4699"}],"curies":[{"name":"wp","href":"https:\/\/api.w.org\/{rel}","templated":true}]}}