{"id":4700,"date":"2024-10-19T02:38:25","date_gmt":"2024-10-19T02:38:25","guid":{"rendered":"https:\/\/cloudsupplyvapes.com\/?post_type=product&#038;p=4700"},"modified":"2024-11-26T03:54:33","modified_gmt":"2024-11-26T03:54:33","slug":"-170","status":"publish","type":"product","link":"https:\/\/cloudsupplyvapes.com\/it\/product\/breze-stiik-bs6500-6500-puffs-disposable-vape-wholesale\/","title":{"rendered":"Breze Stiik BS6500 6500 Puffs Vape usa e getta all'ingrosso leggero e senza problemi"},"content":{"rendered":"<h2><b>Breze Stiik BS6500 Vape usa e getta<\/b><\/h2>\n<ul class=\"top\">\n<li style=\"list-style-type: none;\">\n<ul class=\"top\">\n<li>Marchio:\u00a0<b>Breze Stiik<\/b><\/li>\n<li>Unit\u00e0: set<\/li>\n<li>Tipo:\u00a0<b>Vape usa e getta<\/b><\/li>\n<li>Peso netto: 70(g)<\/li>\n<\/ul>\n<\/li>\n<\/ul>\n<p>Il sistema calcola automaticamente il costo della spedizione combinata dopo aver scelto la destinazione di spedizione nella fase di checkout.<\/p>\n<div class=\"title\">Breze Stiik BS6500 Vape usa e getta INTRODUZIONE<\/div>\n<p><b>Breze Stiik BS6500 Vape usa e getta<\/b>\u00a0Il dispositivo \u00e8 dotato di un e-liquid pre-riempito da 15 ml con una gradazione di nicotina di 5% (50 mg), che offre una buona spinta e un buon colpo in gola. Con una durata di circa 6500 boccate, questo dispositivo ha una forma a mini-flangia e i bordi sono arrotondati per garantire una presa confortevole. Alimentato da una batteria ricaricabile da 400 mAh, offre una variet\u00e0 di combinazioni di aromi tra cui scegliere. Il funzionamento \u00e8 semplice come l'inalazione, si pu\u00f2 ottenere un tiro stretto per circa 6500 boccate.<\/p>\n<p class=\"second-title\">Caratteristiche<\/p>\n<p>- Liquido elettronico pre-riempito da 15 ml<\/p>\n<p>- 5% (50mg) Forza di nicotina<\/p>\n<p>- Batteria ricaricabile da 400 mAh<\/p>\n<p>- Porta Tipo-C (non inclusa)<\/p>\n<p>- Circa 6500 soffi<\/p>\n<p>- Bobina a rete da 1,2ohm<\/p>\n<p>- Attivato dal disegno<\/p>\n<p>- Vaping MTL<\/p>","protected":false},"excerpt":{"rendered":"<p>Breze Stiik BS6500 6500 Puffs Disposable Vape Wholesale combina una struttura leggera con un funzionamento senza problemi, offrendo un vapore costante per una sessione di vaping soddisfacente.<\/p>","protected":false},"featured_media":4983,"comment_status":"open","ping_status":"closed","template":"","meta":[],"product_brand":[],"product_cat":[22],"product_tag":[],"class_list":{"0":"post-4700","1":"product","2":"type-product","3":"status-publish","4":"has-post-thumbnail","6":"product_cat-disposable-vape-sticks","8":"first","9":"instock","10":"shipping-taxable","11":"purchasable","12":"product-type-simple"},"jetpack_sharing_enabled":true,"tiered_pricing_type":"fixed","tiered_pricing_fixed_rules":{"1000":6,"10000":5,"50000":4},"tiered_pricing_product_settings":{"layout":"default","base_unit_name":{"singular":null,"plural":null},"default_variation":null},"tiered_pricing_minimum_quantity":100,"tiered_pricing_roles_data":[],"tiered_pricing_percentage_rules":[],"tiered_pricing_maximum_quantity":null,"tiered_pricing_quantity_step":null,"_links":{"self":[{"href":"https:\/\/cloudsupplyvapes.com\/it\/wp-json\/wp\/v2\/product\/4700","targetHints":{"allow":["GET"]}}],"collection":[{"href":"https:\/\/cloudsupplyvapes.com\/it\/wp-json\/wp\/v2\/product"}],"about":[{"href":"https:\/\/cloudsupplyvapes.com\/it\/wp-json\/wp\/v2\/types\/product"}],"replies":[{"embeddable":true,"href":"https:\/\/cloudsupplyvapes.com\/it\/wp-json\/wp\/v2\/comments?post=4700"}],"wp:featuredmedia":[{"embeddable":true,"href":"https:\/\/cloudsupplyvapes.com\/it\/wp-json\/wp\/v2\/media\/4983"}],"wp:attachment":[{"href":"https:\/\/cloudsupplyvapes.com\/it\/wp-json\/wp\/v2\/media?parent=4700"}],"wp:term":[{"taxonomy":"product_brand","embeddable":true,"href":"https:\/\/cloudsupplyvapes.com\/it\/wp-json\/wp\/v2\/product_brand?post=4700"},{"taxonomy":"product_cat","embeddable":true,"href":"https:\/\/cloudsupplyvapes.com\/it\/wp-json\/wp\/v2\/product_cat?post=4700"},{"taxonomy":"product_tag","embeddable":true,"href":"https:\/\/cloudsupplyvapes.com\/it\/wp-json\/wp\/v2\/product_tag?post=4700"}],"curies":[{"name":"wp","href":"https:\/\/api.w.org\/{rel}","templated":true}]}}