{"id":5126,"date":"2024-10-19T02:40:45","date_gmt":"2024-10-19T02:40:45","guid":{"rendered":"https:\/\/cloudsupplyvapes.com\/?post_type=product&#038;p=5126"},"modified":"2024-11-26T03:41:06","modified_gmt":"2024-11-26T03:41:06","slug":"-198","status":"publish","type":"product","link":"https:\/\/cloudsupplyvapes.com\/it\/product\/fat-boy-6000-puffs-rechargeable-disposable-vape-wholesale\/","title":{"rendered":"Fat Boy 6000 soffi ricaricabili usa e getta Vape all'ingrosso ad alta capacit\u00e0 di ricarica rapida"},"content":{"rendered":"<div>\n<ul>\n<li>Contenuto di nicotina:\u00a0<strong>4% (40mg\/mL)<\/strong><\/li>\n<li>Sbuffare:\u00a0<strong>6000 soffi<\/strong><\/li>\n<li>E-liquido:\u00a0<strong>15ml<\/strong><\/li>\n<li>Batteria:\u00a0<strong>600 mAh<\/strong><\/li>\n<li>Bobina a rete avanzata: La bobina a rete \u00e8 in grado di offrire un'esperienza di vaping fluida e di conservare il sapore puro dell'e-liquid.<\/li>\n<li>Design alla moda: GOGO Fat Boy utilizza colori vivaci come design del vape, rendendovi alla moda.<\/li>\n<li>Ricaricabile: La batteria ricaricabile pu\u00f2 garantire un processo di vaping costante.<\/li>\n<li>Grande capacit\u00e0 di e-liquid: Con una capacit\u00e0 di 15 ml di e-liquid, \u00e8 possibile godere del sapore ad un prezzo imbattibile.<\/li>\n<li>Flusso d'aria regolabile: \u00c8 possibile passare liberamente da MAX a MIN.<\/li>\n<\/ul>\n<\/div>\n<ul>\n<li><strong>Sapore: il sapore<\/strong><\/li>\n<li>Ghiaccio d'uva<\/li>\n<li>Mirtillo Lampone<\/li>\n<li>Ghiaccio alla fragola e anguria<\/li>\n<li>Doppia mela<\/li>\n<li>Lampone Anguria Limone<\/li>\n<\/ul>\n<p><a href=\"https:\/\/i0.wp.com\/shop.vape.hk\/wp-content\/uploads\/2023\/10\/46cea865-58ff-41f5-980f-e3256a15c8a2.jpg?ssl=1\" target=\"_blank\" rel=\"noopener\"><img data-recalc-dims=\"1\" loading=\"lazy\" decoding=\"async\" class=\"alignnone size-full wp-image-125460\" src=\"https:\/\/i0.wp.com\/shop.vape.hk\/wp-content\/uploads\/2023\/10\/46cea865-58ff-41f5-980f-e3256a15c8a2.jpg?resize=800%2C500&#038;ssl=1\" alt=\"Fat Boy 6000 soffi ricaricabili usa e getta Vape all&#039;ingrosso\" width=\"800\" height=\"500\" title=\"\"><\/a><\/p>","protected":false},"excerpt":{"rendered":"<p>Fat Boy 6000 Puffs Vape ricaricabile monouso all'ingrosso combina un'elevata capacit\u00e0 con una tecnologia di ricarica rapida, garantendo prestazioni affidabili e convenienza ecologica.<\/p>","protected":false},"featured_media":5406,"comment_status":"open","ping_status":"closed","template":"","meta":[],"product_brand":[],"product_cat":[22],"product_tag":[],"class_list":{"0":"post-5126","1":"product","2":"type-product","3":"status-publish","4":"has-post-thumbnail","6":"product_cat-disposable-vape-sticks","8":"first","9":"instock","10":"shipping-taxable","11":"purchasable","12":"product-type-simple"},"jetpack_sharing_enabled":true,"tiered_pricing_type":"fixed","tiered_pricing_fixed_rules":{"1000":10,"10000":8,"50000":6},"tiered_pricing_product_settings":{"layout":"default","base_unit_name":{"singular":null,"plural":null},"default_variation":null},"tiered_pricing_minimum_quantity":100,"tiered_pricing_roles_data":[],"tiered_pricing_percentage_rules":[],"tiered_pricing_maximum_quantity":null,"tiered_pricing_quantity_step":null,"_links":{"self":[{"href":"https:\/\/cloudsupplyvapes.com\/it\/wp-json\/wp\/v2\/product\/5126","targetHints":{"allow":["GET"]}}],"collection":[{"href":"https:\/\/cloudsupplyvapes.com\/it\/wp-json\/wp\/v2\/product"}],"about":[{"href":"https:\/\/cloudsupplyvapes.com\/it\/wp-json\/wp\/v2\/types\/product"}],"replies":[{"embeddable":true,"href":"https:\/\/cloudsupplyvapes.com\/it\/wp-json\/wp\/v2\/comments?post=5126"}],"wp:featuredmedia":[{"embeddable":true,"href":"https:\/\/cloudsupplyvapes.com\/it\/wp-json\/wp\/v2\/media\/5406"}],"wp:attachment":[{"href":"https:\/\/cloudsupplyvapes.com\/it\/wp-json\/wp\/v2\/media?parent=5126"}],"wp:term":[{"taxonomy":"product_brand","embeddable":true,"href":"https:\/\/cloudsupplyvapes.com\/it\/wp-json\/wp\/v2\/product_brand?post=5126"},{"taxonomy":"product_cat","embeddable":true,"href":"https:\/\/cloudsupplyvapes.com\/it\/wp-json\/wp\/v2\/product_cat?post=5126"},{"taxonomy":"product_tag","embeddable":true,"href":"https:\/\/cloudsupplyvapes.com\/it\/wp-json\/wp\/v2\/product_tag?post=5126"}],"curies":[{"name":"wp","href":"https:\/\/api.w.org\/{rel}","templated":true}]}}