{"id":6008,"date":"2024-10-19T02:45:33","date_gmt":"2024-10-19T02:45:33","guid":{"rendered":"https:\/\/cloudsupplyvapes.com\/?post_type=product&#038;p=6008"},"modified":"2024-11-25T08:52:26","modified_gmt":"2024-11-25T08:52:26","slug":"-216","status":"publish","type":"product","link":"https:\/\/cloudsupplyvapes.com\/it\/product\/bang-king-12000-puffs-disposable-vape-wholesale\/","title":{"rendered":"Bang King 12000 soffi di vapore monouso all'ingrosso Batteria durevole di lunga durata"},"content":{"rendered":"<h2>Bang King 12000 Vape usa e getta<\/h2>\n<ul class=\"top\">\n<li style=\"list-style-type: none;\">\n<ul class=\"top\">\n<li>Marchio:\u00a0<b>Bang King<\/b><\/li>\n<li>Unit\u00e0: set<\/li>\n<li>Tipo:\u00a0<b>Vape usa e getta<\/b><\/li>\n<li>Peso netto: 70(g)<\/li>\n<\/ul>\n<\/li>\n<\/ul>\n<p>Il costo della spedizione combinata verr\u00e0 calcolato automaticamente dal sistema dopo aver scelto la destinazione di spedizione nella fase di checkout.<\/p>\n<div class=\"title\">Bang King 12000 Vape usa e getta INTRODUZIONE<\/div>\n<p><b>Bang King 12000 Vape usa e getta<\/b>\u00a0In grado di offrire un aroma dal gusto naturale grazie a un pesante e-liquid pre-riempito da 23 ml, ogni dispositivo ha una durata di 12.000 puff. Utilizzando una bobina a rete integrata, \u00e8 in grado di colpire con succosit\u00e0 durante l'inalazione. L'esclusivo dispositivo a forma di bottiglia \u00e8 abbinato a un'intensit\u00e0 di nicotina di 5% (50mg), adatta a chi cerca una svapata pi\u00f9 fluida e a chi ha voglia di nicotina. Alimentato da una batteria ricaricabile da 650 mAh, il numero di 12000 puff serve per sessioni di svapo per settimane.<\/p>\n<p class=\"second-title\">Caratteristiche<\/p>\n<p>- Liquido elettronico pre-riempito da 23 ml<\/p>\n<p>- 5% (50mg) Forza di nicotina<\/p>\n<p>- Batteria ricaricabile da 650 mAh<\/p>\n<p>- USB Tipo-C (non incluso)<\/p>\n<p>- Circa 12000 soffi<\/p>\n<p>- Bobina a rete<\/p>\n<p>- Attivato dal disegno<\/p>\n<p>- Vaping MTL<\/p>","protected":false},"excerpt":{"rendered":"<p>Bang King 12000 Puffs Disposable Vape Wholesale \u00e8 caratterizzato da una struttura resistente e da una batteria di lunga durata, che offre prestazioni costanti e un vapore ricco per un uso prolungato.<\/p>","protected":false},"featured_media":6194,"comment_status":"open","ping_status":"closed","template":"","meta":[],"product_brand":[],"product_cat":[481,22],"product_tag":[],"class_list":{"0":"post-6008","1":"product","2":"type-product","3":"status-publish","4":"has-post-thumbnail","6":"product_cat-bang","7":"product_cat-disposable-vape-sticks","9":"first","10":"instock","11":"shipping-taxable","12":"purchasable","13":"product-type-simple"},"jetpack_sharing_enabled":true,"tiered_pricing_type":"fixed","tiered_pricing_fixed_rules":{"1000":16,"10000":14,"50000":12},"tiered_pricing_product_settings":{"layout":"default","base_unit_name":{"singular":null,"plural":null},"default_variation":null},"tiered_pricing_minimum_quantity":100,"tiered_pricing_roles_data":[],"tiered_pricing_percentage_rules":[],"tiered_pricing_maximum_quantity":null,"tiered_pricing_quantity_step":null,"_links":{"self":[{"href":"https:\/\/cloudsupplyvapes.com\/it\/wp-json\/wp\/v2\/product\/6008","targetHints":{"allow":["GET"]}}],"collection":[{"href":"https:\/\/cloudsupplyvapes.com\/it\/wp-json\/wp\/v2\/product"}],"about":[{"href":"https:\/\/cloudsupplyvapes.com\/it\/wp-json\/wp\/v2\/types\/product"}],"replies":[{"embeddable":true,"href":"https:\/\/cloudsupplyvapes.com\/it\/wp-json\/wp\/v2\/comments?post=6008"}],"wp:featuredmedia":[{"embeddable":true,"href":"https:\/\/cloudsupplyvapes.com\/it\/wp-json\/wp\/v2\/media\/6194"}],"wp:attachment":[{"href":"https:\/\/cloudsupplyvapes.com\/it\/wp-json\/wp\/v2\/media?parent=6008"}],"wp:term":[{"taxonomy":"product_brand","embeddable":true,"href":"https:\/\/cloudsupplyvapes.com\/it\/wp-json\/wp\/v2\/product_brand?post=6008"},{"taxonomy":"product_cat","embeddable":true,"href":"https:\/\/cloudsupplyvapes.com\/it\/wp-json\/wp\/v2\/product_cat?post=6008"},{"taxonomy":"product_tag","embeddable":true,"href":"https:\/\/cloudsupplyvapes.com\/it\/wp-json\/wp\/v2\/product_tag?post=6008"}],"curies":[{"name":"wp","href":"https:\/\/api.w.org\/{rel}","templated":true}]}}