{"id":6011,"date":"2024-10-19T02:45:33","date_gmt":"2024-10-19T02:45:33","guid":{"rendered":"https:\/\/cloudsupplyvapes.com\/?post_type=product&#038;p=6011"},"modified":"2024-11-25T08:52:15","modified_gmt":"2024-11-25T08:52:15","slug":"-217","status":"publish","type":"product","link":"https:\/\/cloudsupplyvapes.com\/it\/product\/elf-bar-pi9000-puffs-disposable-vape-wholesale\/","title":{"rendered":"Elf Bar Pi9000 Puffs usa e getta Vape all'ingrosso ad alta capacit\u00e0 flusso d'aria regolabile"},"content":{"rendered":"<h2>Elf Bar Pi9000 Vape usa e getta<\/h2>\n<ul class=\"top\">\n<li style=\"list-style-type: none;\">\n<ul class=\"top\">\n<li>Marchio:\u00a0<b>Bar degli elfi<\/b><\/li>\n<li>Unit\u00e0: set<\/li>\n<li>Tipo:\u00a0<b>Vape usa e getta<\/b><\/li>\n<li>Peso netto: 90(g)<\/li>\n<\/ul>\n<\/li>\n<\/ul>\n<p>Il costo della spedizione combinata verr\u00e0 calcolato automaticamente dal sistema dopo aver scelto la destinazione di spedizione nella fase di checkout.<\/p>\n<div class=\"title\">Elf Bar Pi9000 Vape usa e getta INTRODUZIONE<\/div>\n<p><b>Elf Bar Pi9000 Vape usa e getta<\/b>\u00a0La batteria \u00e8 in grado di ospitare 19 ml di e-liquid pre-riempito, il sapore \u00e8 raffinato ma incisivo grazie alla bobina a rete integrata, mentre il design con forza di nicotina 4% (40 mg) pu\u00f2 offrire un vapore pi\u00f9 fluido. Fornisce un'estrazione soddisfacente e prestazioni impeccabili, la batteria ricaricabile da 650 mAh supporta fino a 9000 sessioni di svapo. L'aspetto \u00e8 simile a quello di un mini cuscino e il drip tip traslucido \u00e8 utile per osservare la condensa. Dotato di un indicatore del liquido e della batteria, Pi9000 \u00e8 ideale per controllare lo stato del dispositivo e per esplorare sapori leggeri e succulenti.<\/p>\n<p class=\"second-title\">Caratteristiche<\/p>\n<p>- Succo di svapo preriempito da 19 ml<\/p>\n<p>- 4%(40mg) Sale di nicchia<\/p>\n<p>- Batteria ricaricabile da 650 mAh<\/p>\n<p>- Porta USB-C<\/p>\n<p>- Circa 9000 bolle<\/p>\n<p>- Bobina di rete<\/p>\n<p>- Attivato dal disegno<\/p>\n<p>- Indicatori di liquido e batteria<\/p>\n<p>&nbsp;<\/p>\n<p><b>Sapore:<\/b><\/p>\n<p>Aloe Uva<\/p>\n<p>Ghiaccio di bamb\u00f9 e aloe<\/p>\n<p>Succo di ribes nero<\/p>\n<p>Ghiaccio Blu Razz<\/p>\n<p>Riso glutinoso al cocco<\/p>\n<p>Acqua di cocco<\/p>\n<p>Ghiaccio alla cola<\/p>\n<p>Menta fresca<\/p>\n<p>Elf Bull (bevanda energetica)<\/p>\n<p>Elf Dream (Crema di fragole e arance con un pizzico di pesca)<\/p>\n<p>Pesca succosa<\/p>\n<p>Cactus di tiglio<\/p>\n<p>T\u00e8 Long Jing (T\u00e8 abbinato)<\/p>\n<p>Ghiaccio al litchi<\/p>\n<p>Ghiaccio alla pesca<\/p>\n<p>Pesca, mango e anguria<\/p>\n<p>Limone rosa<\/p>\n<p>Bacca di melograno<\/p>\n<p>Lampone Elfbull<\/p>\n<p>Sirap Rose (acqua di rose sciroppata)<\/p>\n<p>Ghiaccio alla fragola<\/p>\n<p>Gelato alla fragola<\/p>\n<p>Fragola e pesca succosa<\/p>\n<p>Mango alla fragola<\/p>\n<p>Triplo mango<\/p>","protected":false},"excerpt":{"rendered":"<p>L'Elf Bar Pi9000 Puffs Disposable Vape Wholesale offre un'elevata capacit\u00e0 con flusso d'aria regolabile, che lo rende perfetto per un'esperienza di vaping personalizzabile e di alto livello.<\/p>","protected":false},"featured_media":6235,"comment_status":"open","ping_status":"closed","template":"","meta":[],"product_brand":[],"product_cat":[22],"product_tag":[],"class_list":{"0":"post-6011","1":"product","2":"type-product","3":"status-publish","4":"has-post-thumbnail","6":"product_cat-disposable-vape-sticks","8":"first","9":"instock","10":"shipping-taxable","11":"purchasable","12":"product-type-simple"},"jetpack_sharing_enabled":true,"tiered_pricing_type":"fixed","tiered_pricing_fixed_rules":{"1000":13,"10000":11,"50000":9},"tiered_pricing_product_settings":{"layout":"default","base_unit_name":{"singular":null,"plural":null},"default_variation":null},"tiered_pricing_minimum_quantity":100,"tiered_pricing_roles_data":[],"tiered_pricing_percentage_rules":[],"tiered_pricing_maximum_quantity":null,"tiered_pricing_quantity_step":null,"_links":{"self":[{"href":"https:\/\/cloudsupplyvapes.com\/it\/wp-json\/wp\/v2\/product\/6011","targetHints":{"allow":["GET"]}}],"collection":[{"href":"https:\/\/cloudsupplyvapes.com\/it\/wp-json\/wp\/v2\/product"}],"about":[{"href":"https:\/\/cloudsupplyvapes.com\/it\/wp-json\/wp\/v2\/types\/product"}],"replies":[{"embeddable":true,"href":"https:\/\/cloudsupplyvapes.com\/it\/wp-json\/wp\/v2\/comments?post=6011"}],"wp:featuredmedia":[{"embeddable":true,"href":"https:\/\/cloudsupplyvapes.com\/it\/wp-json\/wp\/v2\/media\/6235"}],"wp:attachment":[{"href":"https:\/\/cloudsupplyvapes.com\/it\/wp-json\/wp\/v2\/media?parent=6011"}],"wp:term":[{"taxonomy":"product_brand","embeddable":true,"href":"https:\/\/cloudsupplyvapes.com\/it\/wp-json\/wp\/v2\/product_brand?post=6011"},{"taxonomy":"product_cat","embeddable":true,"href":"https:\/\/cloudsupplyvapes.com\/it\/wp-json\/wp\/v2\/product_cat?post=6011"},{"taxonomy":"product_tag","embeddable":true,"href":"https:\/\/cloudsupplyvapes.com\/it\/wp-json\/wp\/v2\/product_tag?post=6011"}],"curies":[{"name":"wp","href":"https:\/\/api.w.org\/{rel}","templated":true}]}}