{"id":7104,"date":"2024-10-19T02:51:05","date_gmt":"2024-10-19T02:51:05","guid":{"rendered":"https:\/\/cloudsupplyvapes.com\/?post_type=product&#038;p=7104"},"modified":"2024-11-25T08:51:38","modified_gmt":"2024-11-25T08:51:38","slug":"-220","status":"publish","type":"product","link":"https:\/\/cloudsupplyvapes.com\/it\/product\/al-fakher-crown-bar-crystal-9000-puffs-disposable-vape-wholesale\/","title":{"rendered":"AL FAKHER Crown Bar Crystal 9000 Puffs Vape usa e getta all'ingrosso Design elegante e portatile"},"content":{"rendered":"<h2>AL FAKHER Corona Bar Cristallo 9000<\/h2>\n<ul class=\"top\">\n<li>Marchio:\u00a0<b>AL FAKHER<\/b><\/li>\n<li>Unit\u00e0: set<\/li>\n<li>Tipo:\u00a0<b>Vape usa e getta<\/b><\/li>\n<li>Peso netto: 68(g)<\/li>\n<\/ul>\n<p>Il costo della spedizione combinata verr\u00e0 calcolato automaticamente dal sistema dopo aver scelto la destinazione di spedizione nella fase di checkout.<\/p>\n<div class=\"title\">AL FAKHER Crown Bar Crystal 9000 INTRODUZIONE<\/div>\n<p><b>AL FAKHER Corona Bar Cristallo 9000\u00a0<\/b>\u00e8 dotato di 14 ml di succo di svapo pre-riempito, una batteria ricaricabile da 650 mAh, una bobina a rete, uno schermo digitale per il livello della batteria e del succo e pu\u00f2 produrre circa 9000 boccate in totale. Con un'elevata capacit\u00e0 di succo, AL FAKHER Crystal 9000 pu\u00f2 offrire circa 9000 boccate come descritto. La batteria potente garantisce che non sia necessario ricaricarla frequentemente. Se ci si preoccupa dello stato della batteria o del livello di carica, basta controllare lo schermo digitale. AL FAKHER Crown Bar Crystal 9000 rende il vaping conveniente e facile.<\/p>\n<p class=\"second-title\">Caratteristiche<\/p>\n<p>- Liquido elettronico pre-riempito da 14 ml<\/p>\n<p>- 5%(50mg) Nicotina<\/p>\n<p>- Batteria ricaricabile da 650 mAh<\/p>\n<p>- Circa 9000 bolle<\/p>\n<p>- Porta Tipo-C<\/p>\n<p>- Bobina a rete da 1,0ohm<\/p>\n<p>- Attivato dal disegno<\/p>\n<p>- Vaping MTL<\/p>\n<p>- Schermo digitale per batteria e liquido elettronico<\/p>","protected":false},"excerpt":{"rendered":"<p>La Crown Bar Crystal 9000 Puffs Disposable Vape Wholesale di AL FAKHER vanta un design elegante e portatile, che offre un vapore omogeneo e prestazioni costanti per il vaping in movimento.<\/p>","protected":false},"featured_media":7330,"comment_status":"open","ping_status":"closed","template":"","meta":[],"product_brand":[],"product_cat":[22],"product_tag":[468],"class_list":{"0":"post-7104","1":"product","2":"type-product","3":"status-publish","4":"has-post-thumbnail","6":"product_cat-disposable-vape-sticks","7":"product_tag-al-fakher","9":"first","10":"instock","11":"shipping-taxable","12":"purchasable","13":"product-type-simple"},"jetpack_sharing_enabled":true,"tiered_pricing_type":"fixed","tiered_pricing_fixed_rules":{"1000":15,"10000":13,"50000":11},"tiered_pricing_product_settings":{"layout":"default","base_unit_name":{"singular":null,"plural":null},"default_variation":null},"tiered_pricing_minimum_quantity":100,"tiered_pricing_roles_data":[],"tiered_pricing_percentage_rules":[],"tiered_pricing_maximum_quantity":null,"tiered_pricing_quantity_step":null,"_links":{"self":[{"href":"https:\/\/cloudsupplyvapes.com\/it\/wp-json\/wp\/v2\/product\/7104","targetHints":{"allow":["GET"]}}],"collection":[{"href":"https:\/\/cloudsupplyvapes.com\/it\/wp-json\/wp\/v2\/product"}],"about":[{"href":"https:\/\/cloudsupplyvapes.com\/it\/wp-json\/wp\/v2\/types\/product"}],"replies":[{"embeddable":true,"href":"https:\/\/cloudsupplyvapes.com\/it\/wp-json\/wp\/v2\/comments?post=7104"}],"wp:featuredmedia":[{"embeddable":true,"href":"https:\/\/cloudsupplyvapes.com\/it\/wp-json\/wp\/v2\/media\/7330"}],"wp:attachment":[{"href":"https:\/\/cloudsupplyvapes.com\/it\/wp-json\/wp\/v2\/media?parent=7104"}],"wp:term":[{"taxonomy":"product_brand","embeddable":true,"href":"https:\/\/cloudsupplyvapes.com\/it\/wp-json\/wp\/v2\/product_brand?post=7104"},{"taxonomy":"product_cat","embeddable":true,"href":"https:\/\/cloudsupplyvapes.com\/it\/wp-json\/wp\/v2\/product_cat?post=7104"},{"taxonomy":"product_tag","embeddable":true,"href":"https:\/\/cloudsupplyvapes.com\/it\/wp-json\/wp\/v2\/product_tag?post=7104"}],"curies":[{"name":"wp","href":"https:\/\/api.w.org\/{rel}","templated":true}]}}