{"id":7170,"date":"2024-10-19T02:51:26","date_gmt":"2024-10-19T02:51:26","guid":{"rendered":"https:\/\/cloudsupplyvapes.com\/?post_type=product&#038;p=7170"},"modified":"2024-11-25T08:51:27","modified_gmt":"2024-11-25T08:51:27","slug":"-221","status":"publish","type":"product","link":"https:\/\/cloudsupplyvapes.com\/it\/product\/ijoy-captain-10000-puffs-disposable-vape-wholesale\/","title":{"rendered":"IJOY Captain 10000 Puffs Vape usa e getta all'ingrosso Ricaricabile Design a prova di perdite"},"content":{"rendered":"<h2>IJOY Capitano 10000 Vape usa e getta<\/h2>\n<ul class=\"top\">\n<li style=\"list-style-type: none;\">\n<ul class=\"top\">\n<li>Marchio:\u00a0<b>IJOY<\/b><\/li>\n<li>Unit\u00e0: set<\/li>\n<li>Tipo:\u00a0<b>Vape usa e getta<\/b><\/li>\n<li>Peso netto: 70(g)<\/li>\n<\/ul>\n<\/li>\n<\/ul>\n<p>Il costo della spedizione combinata verr\u00e0 calcolato automaticamente dal sistema dopo aver scelto la destinazione di spedizione nella fase di checkout.<\/p>\n<div class=\"title\">IJOY Capitano 10000 Vape monouso INTRODUZIONE<\/div>\n<p><b>IJOY Capitano 10000 Vape usa e getta<\/b>\u00a0viene fornito con 18 ml di succo di vaping pre-riempito, una batteria ricaricabile da 650 mAh, uno schermo intelligente e pu\u00f2 fornire fino a\u00a0<a href=\"https:\/\/vapesourcing.com\/10000-puffs.html\" target=\"_blank\" rel=\"noopener\">10000 soffi<\/a>\u00a0in totale. Grazie all'impugnatura in pelle, iJOY Captain \u00e8 comodo da tenere in mano. Oltre all'aspetto attraente e alla moda, \u00e8 anche pratico. iJOY Captain \u00e8 perfetto per il vaping in movimento senza bisogno di ricariche frequenti. \u00c8 sufficiente controllare di tanto in tanto il display intelligente per verificare se la carica \u00e8 esaurita. Inoltre, \u00e8 possibile passare dalla modalit\u00e0 S (potente\/preferibile) alla modalit\u00e0 D (dolce\/confortevole). \u00c8 arrivato il momento di abbandonare gli obsoleti prodotti usa e getta e di provare iJOY Captain.<\/p>\n<p class=\"second-title\">Caratteristiche<\/p>\n<p>- 18 ml di liquido elettronico pre-riempito<\/p>\n<p>- 5% (50mg) Forza di nicotina<\/p>\n<p>- Ricarica USB Type-C (cavo non incluso)<\/p>\n<p>- Circa 10000 soffi<\/p>\n<p>- Attivato dal disegno<\/p>\n<p>- Modalit\u00e0 S\/D<\/p>\n<p>- Schermo di visualizzazione della batteria e del livello del liquido<\/p>\n<p>- Vaping MTL<\/p>","protected":false},"excerpt":{"rendered":"<p>IJOY Captain 10000 Puffs Disposable Vape Wholesale combina una batteria ricaricabile, un design a prova di perdite e materiali di prima qualit\u00e0 per un vaping senza problemi e di lunga durata.<\/p>","protected":false},"featured_media":7364,"comment_status":"open","ping_status":"closed","template":"","meta":[],"product_brand":[],"product_cat":[22],"product_tag":[],"class_list":{"0":"post-7170","1":"product","2":"type-product","3":"status-publish","4":"has-post-thumbnail","6":"product_cat-disposable-vape-sticks","8":"first","9":"instock","10":"shipping-taxable","11":"purchasable","12":"product-type-simple"},"jetpack_sharing_enabled":true,"tiered_pricing_type":"fixed","tiered_pricing_fixed_rules":{"1000":16,"10000":14,"50000":12},"tiered_pricing_product_settings":{"layout":"default","base_unit_name":{"singular":null,"plural":null},"default_variation":null},"tiered_pricing_minimum_quantity":100,"tiered_pricing_roles_data":[],"tiered_pricing_percentage_rules":[],"tiered_pricing_maximum_quantity":null,"tiered_pricing_quantity_step":null,"_links":{"self":[{"href":"https:\/\/cloudsupplyvapes.com\/it\/wp-json\/wp\/v2\/product\/7170","targetHints":{"allow":["GET"]}}],"collection":[{"href":"https:\/\/cloudsupplyvapes.com\/it\/wp-json\/wp\/v2\/product"}],"about":[{"href":"https:\/\/cloudsupplyvapes.com\/it\/wp-json\/wp\/v2\/types\/product"}],"replies":[{"embeddable":true,"href":"https:\/\/cloudsupplyvapes.com\/it\/wp-json\/wp\/v2\/comments?post=7170"}],"wp:featuredmedia":[{"embeddable":true,"href":"https:\/\/cloudsupplyvapes.com\/it\/wp-json\/wp\/v2\/media\/7364"}],"wp:attachment":[{"href":"https:\/\/cloudsupplyvapes.com\/it\/wp-json\/wp\/v2\/media?parent=7170"}],"wp:term":[{"taxonomy":"product_brand","embeddable":true,"href":"https:\/\/cloudsupplyvapes.com\/it\/wp-json\/wp\/v2\/product_brand?post=7170"},{"taxonomy":"product_cat","embeddable":true,"href":"https:\/\/cloudsupplyvapes.com\/it\/wp-json\/wp\/v2\/product_cat?post=7170"},{"taxonomy":"product_tag","embeddable":true,"href":"https:\/\/cloudsupplyvapes.com\/it\/wp-json\/wp\/v2\/product_tag?post=7170"}],"curies":[{"name":"wp","href":"https:\/\/api.w.org\/{rel}","templated":true}]}}