{"id":7407,"date":"2024-10-19T02:52:40","date_gmt":"2024-10-19T02:52:40","guid":{"rendered":"https:\/\/cloudsupplyvapes.com\/?post_type=product&#038;p=7407"},"modified":"2024-11-25T08:26:13","modified_gmt":"2024-11-25T08:26:13","slug":"-231","status":"publish","type":"product","link":"https:\/\/cloudsupplyvapes.com\/it\/product\/icrystal-c10000-10000-puffs-rechargeable-disposable-vape-wholesale\/","title":{"rendered":"Icrystal C10000 10000 puff ricaricabili usa e getta Vape all'ingrosso a prova di perdite Lunga durata della batteria"},"content":{"rendered":"<h2>Icrystal C10000 Vape usa e getta<\/h2>\n<ul class=\"top\">\n<li>Marchio:\u00a0<b>Icristallo<\/b><\/li>\n<li>Unit\u00e0: set<\/li>\n<li>Tipo:\u00a0<b>Vape usa e getta<\/b><\/li>\n<li>Peso netto: 68(g)<\/li>\n<\/ul>\n<p>Il costo della spedizione combinata verr\u00e0 calcolato automaticamente dal sistema dopo aver scelto la destinazione di spedizione nella fase di checkout.<\/p>\n<div class=\"title\">Icrystal C10000 Vape monouso INTRODUZIONE<\/div>\n<p><b>Icrystal C10000 Vape usa e getta\u00a0<\/b>\u00e8 dotato di una batteria ricaricabile da 650 mAh, 18 ml di succo di svapo pre-riempito, una bobina a rete da 1,0 ohm, uno schermo di visualizzazione per la batteria e il succo elettronico e pu\u00f2 fornire circa 10000 boccate. Icrystal adotta un involucro trasparente simile a un cristallo. Pu\u00f2 contenere 18 ml di succo elettronico e una batteria da 650 mAh. La coil a rete esalta il gusto naturale e unico del succo elettronico. \u00c8 possibile regolare il flusso d'aria con l'interruttore in basso. Inoltre, \u00e8 facile controllare lo stato della svapata usa e getta tramite un display. Inoltre, C10000 \u00e8 sicuro da usare grazie al chipset che offre protezione.<\/p>\n<p class=\"second-title\">Caratteristiche<\/p>\n<p>- 18 ml di liquido elettronico pre-riempito<\/p>\n<p>- 5%(50mg) Nicotina<\/p>\n<p>- Batteria ricaricabile da 650 mAh<\/p>\n<p>- Circa 10000 soffi<\/p>\n<p>- Schermata per lo stato della batteria e il livello del succo d'arancia<\/p>\n<p>- Bobina a rete da 1,0ohm<\/p>\n<p>- Interruttore di regolazione del flusso d'aria nella parte inferiore<\/p>\n<p>- Chipset AirisTech: Protezione da sovraccarico\/cortocircuito\/bassa tensione<\/p>\n<p>- Porta Type-C (cavo non incluso)<\/p>\n<p>&nbsp;<\/p>\n<p>- Attivato dal disegno<\/p>\n<p>- Vaping MTL<\/p>","protected":false},"excerpt":{"rendered":"<p>L'Icrystal C10000 10000 Puffs Rechargeable Disposable Vape Wholesale vanta un design a prova di perdite, una batteria di lunga durata e una struttura leggera e ricaricabile per un vaping efficiente.<\/p>","protected":false},"featured_media":7583,"comment_status":"open","ping_status":"closed","template":"","meta":[],"product_brand":[],"product_cat":[22],"product_tag":[],"class_list":{"0":"post-7407","1":"product","2":"type-product","3":"status-publish","4":"has-post-thumbnail","6":"product_cat-disposable-vape-sticks","8":"first","9":"instock","10":"shipping-taxable","11":"purchasable","12":"product-type-simple"},"jetpack_sharing_enabled":true,"tiered_pricing_type":"fixed","tiered_pricing_fixed_rules":{"1000":10,"10000":9,"50000":8},"tiered_pricing_product_settings":{"layout":"default","base_unit_name":{"singular":null,"plural":null},"default_variation":null},"tiered_pricing_minimum_quantity":100,"tiered_pricing_roles_data":[],"tiered_pricing_percentage_rules":[],"tiered_pricing_maximum_quantity":null,"tiered_pricing_quantity_step":null,"_links":{"self":[{"href":"https:\/\/cloudsupplyvapes.com\/it\/wp-json\/wp\/v2\/product\/7407","targetHints":{"allow":["GET"]}}],"collection":[{"href":"https:\/\/cloudsupplyvapes.com\/it\/wp-json\/wp\/v2\/product"}],"about":[{"href":"https:\/\/cloudsupplyvapes.com\/it\/wp-json\/wp\/v2\/types\/product"}],"replies":[{"embeddable":true,"href":"https:\/\/cloudsupplyvapes.com\/it\/wp-json\/wp\/v2\/comments?post=7407"}],"wp:featuredmedia":[{"embeddable":true,"href":"https:\/\/cloudsupplyvapes.com\/it\/wp-json\/wp\/v2\/media\/7583"}],"wp:attachment":[{"href":"https:\/\/cloudsupplyvapes.com\/it\/wp-json\/wp\/v2\/media?parent=7407"}],"wp:term":[{"taxonomy":"product_brand","embeddable":true,"href":"https:\/\/cloudsupplyvapes.com\/it\/wp-json\/wp\/v2\/product_brand?post=7407"},{"taxonomy":"product_cat","embeddable":true,"href":"https:\/\/cloudsupplyvapes.com\/it\/wp-json\/wp\/v2\/product_cat?post=7407"},{"taxonomy":"product_tag","embeddable":true,"href":"https:\/\/cloudsupplyvapes.com\/it\/wp-json\/wp\/v2\/product_tag?post=7407"}],"curies":[{"name":"wp","href":"https:\/\/api.w.org\/{rel}","templated":true}]}}