{"id":7462,"date":"2024-10-19T02:53:01","date_gmt":"2024-10-19T02:53:01","guid":{"rendered":"https:\/\/cloudsupplyvapes.com\/?post_type=product&#038;p=7462"},"modified":"2024-11-25T08:26:02","modified_gmt":"2024-11-25T08:26:02","slug":"-232","status":"publish","type":"product","link":"https:\/\/cloudsupplyvapes.com\/it\/product\/luffbar-dually-20000-puffs-disposable-vape-wholesale\/","title":{"rendered":"LUFFBAR Dually 20000 Puffs Vape usa e getta all'ingrosso Dual Mesh Coil Design portatile"},"content":{"rendered":"<h2>Kit da svapo usa e getta LUFFBAR Dually 20000<\/h2>\n<ul class=\"top\">\n<li>Marchio:\u00a0<b>LUFFBAR<\/b><\/li>\n<li>Unit\u00e0: set<\/li>\n<li>Tipo:\u00a0<b>Vape usa e getta<\/b><\/li>\n<li>Peso netto: 70(g)<\/li>\n<\/ul>\n<p>Il costo della spedizione combinata verr\u00e0 calcolato automaticamente dal sistema dopo aver scelto la destinazione di spedizione nella fase di checkout.<\/p>\n<h3 class=\"title\">LUFFBAR Dually 20K Vape monouso INTRODUZIONE<\/h3>\n<p><b>Kit monouso LUFFBAR Dually 20000<\/b>\u00a0\u00e8 un'incredibile svapata usa e getta con il pi\u00f9 alto numero di puff, in grado di soddisfare circa 20000 puff con doppi serbatoi da 26 ml di e-juice, doppie bobine a doppia maglia e doppi schermi LED intelligenti. LUFFBAR Dually 20K \u00e8 un kit monouso estremamente duraturo grazie alla grande capacit\u00e0 dei doppi serbatoi e alla magnifica batteria ricaricabile da 850 mAh. Quando uno dei due serbatoi \u00e8 esaurito, \u00e8 possibile tirare su il bocchino e passare all'altro lato con facilit\u00e0. LUFFBAR Dually, lo svapo monouso king-size, soddisfer\u00e0 tutte le vostre esigenze.<\/p>\n<p class=\"second-title\">Caratteristiche<\/p>\n<p>- Batteria integrata ricaricabile da 850 mAh<\/p>\n<p>- E-Liquid pre-riempito da 26 ml (13 ml di e-juice in ogni serbatoio)<\/p>\n<p>- 5% Intensit\u00e0 di nicotina<\/p>\n<p>- Doppio schermo a LED: Schermo sinistro\/destro<\/p>\n<p>- Circa 20000 bolle<\/p>\n<p>- Facile commutazione: Tirare su e ruotare verso l'altro serbatoio<\/p>\n<p>- 4 bobine a rete (bobine a doppia rete per ciascun lato)<\/p>\n<p>- Porta di ricarica USB Type-C (cavo non incluso)<\/p>\n<p>- Attivato dal disegno<\/p>\n<p>- Vaping MTL<\/p>\n<p>&nbsp;<\/p>\n<div class=\"title\"><strong>Sapore: il sapore<\/strong><\/div>\n<p>- Ghiaccio Blu Razz<\/p>\n<p>- Fragola e lampone<\/p>\n<p>- Ghiaccio alla fragola<\/p>\n<p>- Bacche schiacciate<\/p>\n<p>- Zecca di Miami<\/p>\n<p>- Anguria fresca e fruttata<\/p>\n<p><a href=\"https:\/\/i0.wp.com\/shop.vape.hk\/wp-content\/uploads\/2024\/03\/us-LUFFBAR_Dually_Disposable_Vape_Kit-21.jpg?ssl=1\" target=\"_blank\" rel=\"noopener\"><img data-recalc-dims=\"1\" loading=\"lazy\" decoding=\"async\" class=\"alignnone size-full wp-image-128985\" src=\"https:\/\/i0.wp.com\/shop.vape.hk\/wp-content\/uploads\/2024\/03\/us-LUFFBAR_Dually_Disposable_Vape_Kit-21.jpg?resize=1020%2C1043&#038;ssl=1\" alt=\"LUFFBAR Dually 20000 Puffs Vape usa e getta all&#039;ingrosso\" width=\"1020\" height=\"1043\" title=\"\"><\/a> <a href=\"https:\/\/i0.wp.com\/shop.vape.hk\/wp-content\/uploads\/2024\/03\/us-LUFFBAR_Dually_Disposable_Vape_Ki-11.jpg?ssl=1\" target=\"_blank\" rel=\"noopener\"><img data-recalc-dims=\"1\" loading=\"lazy\" decoding=\"async\" class=\"alignnone size-full wp-image-128984\" src=\"https:\/\/i0.wp.com\/shop.vape.hk\/wp-content\/uploads\/2024\/03\/us-LUFFBAR_Dually_Disposable_Vape_Ki-11.jpg?resize=1020%2C649&#038;ssl=1\" alt=\"LUFFBAR Dually 20000 Puffs Vape usa e getta all&#039;ingrosso\" width=\"1020\" height=\"649\" title=\"\"><\/a><\/p>","protected":false},"excerpt":{"rendered":"<p>LUFFBAR Dually 20000 Puffs Disposable Vape Wholesale \u00e8 dotato di tecnologia dual mesh coil e di un design compatto e ultraportatile, che offre prestazioni costanti e colpi di gola uniformi.<\/p>","protected":false},"featured_media":7630,"comment_status":"open","ping_status":"closed","template":"","meta":[],"product_brand":[],"product_cat":[22],"product_tag":[],"class_list":{"0":"post-7462","1":"product","2":"type-product","3":"status-publish","4":"has-post-thumbnail","6":"product_cat-disposable-vape-sticks","8":"first","9":"instock","10":"shipping-taxable","11":"purchasable","12":"product-type-simple"},"jetpack_sharing_enabled":true,"tiered_pricing_type":"fixed","tiered_pricing_fixed_rules":{"1000":12,"10000":10,"50000":8},"tiered_pricing_product_settings":{"layout":"default","base_unit_name":{"singular":null,"plural":null},"default_variation":null},"tiered_pricing_minimum_quantity":100,"tiered_pricing_roles_data":[],"tiered_pricing_percentage_rules":[],"tiered_pricing_maximum_quantity":null,"tiered_pricing_quantity_step":null,"_links":{"self":[{"href":"https:\/\/cloudsupplyvapes.com\/it\/wp-json\/wp\/v2\/product\/7462","targetHints":{"allow":["GET"]}}],"collection":[{"href":"https:\/\/cloudsupplyvapes.com\/it\/wp-json\/wp\/v2\/product"}],"about":[{"href":"https:\/\/cloudsupplyvapes.com\/it\/wp-json\/wp\/v2\/types\/product"}],"replies":[{"embeddable":true,"href":"https:\/\/cloudsupplyvapes.com\/it\/wp-json\/wp\/v2\/comments?post=7462"}],"wp:featuredmedia":[{"embeddable":true,"href":"https:\/\/cloudsupplyvapes.com\/it\/wp-json\/wp\/v2\/media\/7630"}],"wp:attachment":[{"href":"https:\/\/cloudsupplyvapes.com\/it\/wp-json\/wp\/v2\/media?parent=7462"}],"wp:term":[{"taxonomy":"product_brand","embeddable":true,"href":"https:\/\/cloudsupplyvapes.com\/it\/wp-json\/wp\/v2\/product_brand?post=7462"},{"taxonomy":"product_cat","embeddable":true,"href":"https:\/\/cloudsupplyvapes.com\/it\/wp-json\/wp\/v2\/product_cat?post=7462"},{"taxonomy":"product_tag","embeddable":true,"href":"https:\/\/cloudsupplyvapes.com\/it\/wp-json\/wp\/v2\/product_tag?post=7462"}],"curies":[{"name":"wp","href":"https:\/\/api.w.org\/{rel}","templated":true}]}}