{"id":7464,"date":"2024-10-19T02:53:01","date_gmt":"2024-10-19T02:53:01","guid":{"rendered":"https:\/\/cloudsupplyvapes.com\/?post_type=product&#038;p=7464"},"modified":"2024-11-25T08:25:50","modified_gmt":"2024-11-25T08:25:50","slug":"-233","status":"publish","type":"product","link":"https:\/\/cloudsupplyvapes.com\/it\/product\/luffbar-boring-tiger-25000-puffs-disposable-vape-wholesale\/","title":{"rendered":"LUFFBAR Boring Tiger 25000 Puffs usa e getta Vape all'ingrosso Alta capacit\u00e0 Design durevole"},"content":{"rendered":"<h2>Kit da svapo usa e getta LUFFBAR Boring Tiger<\/h2>\n<ul class=\"top\">\n<li>Marchio:\u00a0<b>LUFFBAR<\/b><\/li>\n<li>Unit\u00e0: set<\/li>\n<li>Tipo:\u00a0<b>Vape usa e getta<\/b><\/li>\n<li>Peso netto: 70(g)<\/li>\n<\/ul>\n<p>Il costo della spedizione combinata verr\u00e0 calcolato automaticamente dal sistema dopo aver scelto la destinazione di spedizione nella fase di checkout.<\/p>\n<h3 class=\"title\">LUFFBAR Boring Tiger 25000 INTRODUZIONE<\/h3>\n<p><b>Kit monouso LUFFBAR Boring Tiger\u00a0<\/b>vi offre un'esperienza di svapo freschissima, con un incredibile succo di vapore da 26 ml, una potente batteria ricaricabile da 1000 mAh e tre modalit\u00e0 di svapo tra cui scegliere. LUFFBAR Boring Tiger \u00e8 uno dei pi\u00f9 popolari vapers usa e getta con modalit\u00e0 boost. \u00c8 possibile scegliere la modalit\u00e0 soft, normale o boost per soddisfare le proprie esigenze. Tutte le informazioni di cui avete bisogno, tra cui lo stato della batteria, il livello di e-juice e la modalit\u00e0 di svapo che state utilizzando. Scegliete LUFFBAR Boring Tiger per un'esperienza di vaping pi\u00f9 divertente.<\/p>\n<p class=\"second-title\">Caratteristiche<\/p>\n<p>- Batteria ricaricabile integrata da 1000 mAh<\/p>\n<p>- Liquido elettronico pre-riempito da 26 ml<\/p>\n<p>- 5% Intensit\u00e0 di nicotina<\/p>\n<p>- Potenza di uscita: 20-30W<\/p>\n<p>- Regolazione della potenza di uscita: Toccare 3 volte la porta di ricarica Type-C<\/p>\n<p>- Schermo intelligente<\/p>\n<p>- Conteggio dei soffi: Circa 25000 soffi (modalit\u00e0 Soft)\/15000 soffi (modalit\u00e0 Normal)\/10000 soffi (modalit\u00e0 Boost)<\/p>\n<p>- Porta di ricarica USB Type-C (cavo non incluso)<\/p>\n<p>- Attivato dal disegno<\/p>\n<p>- Vaping MTL<\/p>","protected":false},"excerpt":{"rendered":"<p>La LUFFBAR Boring Tiger 25000 Puffs Disposable Vape Wholesale offre un'elevata capacit\u00e0, una struttura resistente e una produzione di vapore omogenea. Perfetto per sessioni di svapo senza problemi e di lunga durata.<\/p>","protected":false},"featured_media":7645,"comment_status":"open","ping_status":"closed","template":"","meta":[],"product_brand":[],"product_cat":[22],"product_tag":[],"class_list":{"0":"post-7464","1":"product","2":"type-product","3":"status-publish","4":"has-post-thumbnail","6":"product_cat-disposable-vape-sticks","8":"first","9":"instock","10":"shipping-taxable","11":"purchasable","12":"product-type-simple"},"jetpack_sharing_enabled":true,"tiered_pricing_type":"fixed","tiered_pricing_fixed_rules":{"1000":12,"10000":10,"50000":8},"tiered_pricing_product_settings":{"layout":"default","base_unit_name":{"singular":null,"plural":null},"default_variation":null},"tiered_pricing_minimum_quantity":100,"tiered_pricing_roles_data":[],"tiered_pricing_percentage_rules":[],"tiered_pricing_maximum_quantity":null,"tiered_pricing_quantity_step":null,"_links":{"self":[{"href":"https:\/\/cloudsupplyvapes.com\/it\/wp-json\/wp\/v2\/product\/7464","targetHints":{"allow":["GET"]}}],"collection":[{"href":"https:\/\/cloudsupplyvapes.com\/it\/wp-json\/wp\/v2\/product"}],"about":[{"href":"https:\/\/cloudsupplyvapes.com\/it\/wp-json\/wp\/v2\/types\/product"}],"replies":[{"embeddable":true,"href":"https:\/\/cloudsupplyvapes.com\/it\/wp-json\/wp\/v2\/comments?post=7464"}],"wp:featuredmedia":[{"embeddable":true,"href":"https:\/\/cloudsupplyvapes.com\/it\/wp-json\/wp\/v2\/media\/7645"}],"wp:attachment":[{"href":"https:\/\/cloudsupplyvapes.com\/it\/wp-json\/wp\/v2\/media?parent=7464"}],"wp:term":[{"taxonomy":"product_brand","embeddable":true,"href":"https:\/\/cloudsupplyvapes.com\/it\/wp-json\/wp\/v2\/product_brand?post=7464"},{"taxonomy":"product_cat","embeddable":true,"href":"https:\/\/cloudsupplyvapes.com\/it\/wp-json\/wp\/v2\/product_cat?post=7464"},{"taxonomy":"product_tag","embeddable":true,"href":"https:\/\/cloudsupplyvapes.com\/it\/wp-json\/wp\/v2\/product_tag?post=7464"}],"curies":[{"name":"wp","href":"https:\/\/api.w.org\/{rel}","templated":true}]}}