{"id":7532,"date":"2024-10-19T02:53:23","date_gmt":"2024-10-19T02:53:23","guid":{"rendered":"https:\/\/cloudsupplyvapes.com\/?post_type=product&#038;p=7532"},"modified":"2024-11-25T07:36:46","modified_gmt":"2024-11-25T07:36:46","slug":"-234","status":"publish","type":"product","link":"https:\/\/cloudsupplyvapes.com\/it\/product\/geek-bar-digiflavor-lush-20000-puffs-disposable-vape-wholesale\/","title":{"rendered":"Geek Bar Digiflavor Lush 20000 Puffs usa e getta Vape all'ingrosso ad alta capacit\u00e0 senza manutenzione"},"content":{"rendered":"<h2>Geek Bar Digiflavor Lush 20K Kit da svapo usa e getta<\/h2>\n<ul class=\"top\">\n<li>Marchio:\u00a0<b>Geek Bar<\/b><\/li>\n<li>Unit\u00e0: set<\/li>\n<li>Tipo:\u00a0<b>Vape usa e getta<\/b><\/li>\n<li>Peso netto: 70(g)<\/li>\n<\/ul>\n<p>Il costo della spedizione combinata verr\u00e0 calcolato automaticamente dal sistema dopo aver scelto la destinazione di spedizione nella fase di checkout.<\/p>\n<h3 class=\"title\">Geek Bar Digiflavor Lush 20K INTRODUZIONE<\/h3>\n<p><b>Kit monouso Geek Bar Digiflavor Lush\u00a0<\/b>\u00e8 un vaporizzatore monouso intelligente alimentato da una potente batteria ricaricabile da 820 mAh e offre due modalit\u00e0 di svapo (modalit\u00e0 regolare e dinamica) con un diverso numero di soffi. Come prodotto in co-branding di Geek Bar e Digiflavor, Geek Bar Lush 20K \u00e8 dotato di un mega schermo che visualizza la durata della batteria, il livello di e-juice e la modalit\u00e0 di svapo. Supporta due modalit\u00e0 di svapo con bobine a doppia maglia e doppi nuclei di riscaldamento. In modalit\u00e0 regolare, \u00e8 possibile godersi fino a 20000 boccate in totale. In modalit\u00e0 Dinamica, invece, si possono fare circa 10.000 tiri. Grazie al tutore del sapore 6S, ogni boccata \u00e8 fresca e deliziosa.<\/p>\n<p class=\"second-title\">Caratteristiche<\/p>\n<p>- Batteria ricaricabile integrata da 820 mAh<\/p>\n<p>- Liquido elettronico pre-riempito da 20 ml<\/p>\n<p>- 5% Intensit\u00e0 di nicotina<\/p>\n<p>- Modalit\u00e0 regolare: Circa 20000 boccate<\/p>\n<p>- Dinamica: Circa 10000 soffi<\/p>\n<p>- Schermo intelligente<\/p>\n<p>- Regolazione del flusso d'aria<\/p>\n<p>- Bobina a doppia maglia<\/p>\n<p>- Riscaldamento a doppio nucleo<\/p>\n<p>- 6S Guardiano del sapore<\/p>\n<p>- Porta di ricarica USB Type-C (cavo non incluso)<\/p>\n<p>- Attivato dal disegno<\/p>\n<p>- Vaping MTL<\/p>\n<p><a href=\"https:\/\/i0.wp.com\/shop.vape.hk\/wp-content\/uploads\/2024\/03\/Geek-Bar-Digiflavor-Lush-20K-Disposable-Vape-Kit_021.jpg?ssl=1\" target=\"_blank\" rel=\"noopener\"><img data-recalc-dims=\"1\" loading=\"lazy\" decoding=\"async\" class=\"alignnone size-full wp-image-129107\" src=\"https:\/\/i0.wp.com\/shop.vape.hk\/wp-content\/uploads\/2024\/03\/Geek-Bar-Digiflavor-Lush-20K-Disposable-Vape-Kit_021.jpg?resize=1020%2C549&#038;ssl=1\" alt=\"Geek Bar Digiflavor Lush 20000 Puffs Vape usa e getta all&#039;ingrosso\" width=\"1020\" height=\"549\" title=\"\"><\/a> <a href=\"https:\/\/i0.wp.com\/shop.vape.hk\/wp-content\/uploads\/2024\/03\/Geek-Bar-Digiflavor-Lush-20K-Disposable-Vape-Kit_011.jpg?ssl=1\" target=\"_blank\" rel=\"noopener\"><img data-recalc-dims=\"1\" loading=\"lazy\" decoding=\"async\" class=\"alignnone size-full wp-image-129108\" src=\"https:\/\/i0.wp.com\/shop.vape.hk\/wp-content\/uploads\/2024\/03\/Geek-Bar-Digiflavor-Lush-20K-Disposable-Vape-Kit_011.jpg?resize=1020%2C858&#038;ssl=1\" alt=\"Geek Bar Digiflavor Lush 20000 Puffs Vape usa e getta all&#039;ingrosso\" width=\"1020\" height=\"858\" title=\"\"><\/a><\/p>","protected":false},"excerpt":{"rendered":"<p>Il Geek Bar Digiflavor Lush 20000 Puffs Disposable Vape Wholesale offre un design ad alta capacit\u00e0 che non richiede manutenzione, offrendo un vapore omogeneo e prestazioni costanti.<\/p>","protected":false},"featured_media":7726,"comment_status":"open","ping_status":"closed","template":"","meta":[],"product_brand":[],"product_cat":[22],"product_tag":[],"class_list":{"0":"post-7532","1":"product","2":"type-product","3":"status-publish","4":"has-post-thumbnail","6":"product_cat-disposable-vape-sticks","8":"first","9":"instock","10":"shipping-taxable","11":"purchasable","12":"product-type-simple"},"jetpack_sharing_enabled":true,"tiered_pricing_type":"fixed","tiered_pricing_fixed_rules":{"1000":12,"10000":10,"50000":8},"tiered_pricing_product_settings":{"layout":"default","base_unit_name":{"singular":null,"plural":null},"default_variation":null},"tiered_pricing_minimum_quantity":100,"tiered_pricing_roles_data":[],"tiered_pricing_percentage_rules":[],"tiered_pricing_maximum_quantity":null,"tiered_pricing_quantity_step":null,"_links":{"self":[{"href":"https:\/\/cloudsupplyvapes.com\/it\/wp-json\/wp\/v2\/product\/7532","targetHints":{"allow":["GET"]}}],"collection":[{"href":"https:\/\/cloudsupplyvapes.com\/it\/wp-json\/wp\/v2\/product"}],"about":[{"href":"https:\/\/cloudsupplyvapes.com\/it\/wp-json\/wp\/v2\/types\/product"}],"replies":[{"embeddable":true,"href":"https:\/\/cloudsupplyvapes.com\/it\/wp-json\/wp\/v2\/comments?post=7532"}],"wp:featuredmedia":[{"embeddable":true,"href":"https:\/\/cloudsupplyvapes.com\/it\/wp-json\/wp\/v2\/media\/7726"}],"wp:attachment":[{"href":"https:\/\/cloudsupplyvapes.com\/it\/wp-json\/wp\/v2\/media?parent=7532"}],"wp:term":[{"taxonomy":"product_brand","embeddable":true,"href":"https:\/\/cloudsupplyvapes.com\/it\/wp-json\/wp\/v2\/product_brand?post=7532"},{"taxonomy":"product_cat","embeddable":true,"href":"https:\/\/cloudsupplyvapes.com\/it\/wp-json\/wp\/v2\/product_cat?post=7532"},{"taxonomy":"product_tag","embeddable":true,"href":"https:\/\/cloudsupplyvapes.com\/it\/wp-json\/wp\/v2\/product_tag?post=7532"}],"curies":[{"name":"wp","href":"https:\/\/api.w.org\/{rel}","templated":true}]}}