{"id":7536,"date":"2024-10-19T02:53:23","date_gmt":"2024-10-19T02:53:23","guid":{"rendered":"https:\/\/cloudsupplyvapes.com\/?post_type=product&#038;p=7536"},"modified":"2024-11-25T07:36:33","modified_gmt":"2024-11-25T07:36:33","slug":"-235","status":"publish","type":"product","link":"https:\/\/cloudsupplyvapes.com\/it\/product\/smok-priv-bar-turbo-15000-puffs-disposable-vape-wholesale\/","title":{"rendered":"SMOK Priv Bar Turbo 15000 soffi di vapore monouso all'ingrosso ricaricabile con doppia bobina a rete"},"content":{"rendered":"<h2>SMOK Priv Bar Turbo 15000 Vape usa e getta<\/h2>\n<ul class=\"top\">\n<li>Marchio:\u00a0<b>SMOK<\/b><\/li>\n<li>Unit\u00e0: set<\/li>\n<li>Tipo:\u00a0<b>Vape usa e getta<\/b><\/li>\n<li>Peso netto: 68(g)<\/li>\n<\/ul>\n<p>Il costo della spedizione combinata verr\u00e0 calcolato automaticamente dal sistema dopo aver scelto la destinazione di spedizione nella fase di checkout.<\/p>\n<div class=\"title\">SMOK Priv Bar Turbo 15000 Vape usa e getta INTRODUZIONE<\/div>\n<p><b>SMOK Priv Bar Turbo 15000 Vape usa e getta\u00a0<\/b>Dispone di 16 ml di succo di svapo pre-riempito, una batteria ricaricabile, uno schermo per lo stato della batteria e il livello del succo elettronico e pu\u00f2 soddisfare circa 15000 boccate in totale. Priv Bar Turbo \u00e8 completamente carica di deliziosi succhi di frutta. Grazie all'alta tecnologia di SMOK, Priv Bar offre un vapore intenso e una forte dose di nicotina. Per rendere il vaping pi\u00f9 comodo e semplice, Priv Bar Turbo \u00e8 dotata di un display. \u00c8 possibile leggere lo stato della batteria e il livello di e-juice.<\/p>\n<p class=\"second-title\">Caratteristiche<\/p>\n<p>- Liquido elettronico pre-riempito da 16 ml<\/p>\n<p>- 5% (50mg) Forza di nicotina<\/p>\n<p>- Batteria integrata ricaricabile da 800 mAh<\/p>\n<p>- Premere il pulsante in basso per attivare la modalit\u00e0 Turbo.<\/p>\n<p>- Circa 15000 boccate in modalit\u00e0 normale\/10000 boccate in modalit\u00e0 turbo<\/p>\n<p>- Schermata per lo stato della batteria e il livello del succo d'arancia<\/p>\n<p>- Porta Type-C (cavo non incluso)<\/p>\n<p>&nbsp;<\/p>\n<p>- Attivato dal disegno<\/p>\n<p>- Vaping MTL<\/p>\n<p class=\"second-title\">I sapori<\/p>\n<p><b>Menta dell'Alaska<\/b>: Una miscela rinfrescante di menta fresca con un pizzico di mentolo ghiacciato, che ricorda la freschezza dell'aria dell'Alaska.<\/p>\n<p><b>Blu Razz Limone<\/b>: Una fusione dolce e aspra di aromi di lampone blu e limone, che crea un'esperienza di svapo vibrante e fruttata.<\/p>\n<p><b>Paradiso delle ciliegie<\/b>: Un assaggio di paradiso con l'essenza audace e succosa delle ciliegie mature, che regala un'esplosione di dolcezza fruttata.<\/p>\n<p><b>Dr. Cherry<\/b>: Una svapata unica al gusto di ciliegia con un tocco, che offre una miscela distinta e forse complessa di note di ciliegia per un gusto soddisfacente.<\/p>\n<p><b>Limonata della Florida<\/b>: Abbracciate le vibrazioni del sole con questa delizia agrumata, caratterizzata dalla bont\u00e0 dei limoni freschi per una limonata classica.<\/p>\n<p><b>Blu Honolulu<\/b>: Trasportatevi nella Honolulu tropicale con questo aroma esotico, che combina frutti tropicali per una svapata deliziosamente ispirata all'isola.<\/p>\n<p><b>Ghiaccio alla pesca e frutti di bosco<\/b>: Un delizioso mix di pesche dolci, bacche miste e un fresco finale al mentolo, che crea un armonioso equilibrio di fruttato e freschezza.<\/p>\n<p><b>Caramelle alla menta e fragola<\/b>: Godetevi la dolce e intramontabile combinazione di fragole mature con un pizzico di menta, che ricorda una rinfrescante caramella alla fragola.<\/p>\n<p><b>Triplo ghiaccio alla mela<\/b>: Una tripla minaccia di sapori di mela, con una miscela di mele verdi croccanti, mele rosse dolci e un tocco di mentolo ghiacciato per un finale fresco.<\/p>\n<p><b>Triplo mango<\/b>: Una fusione intensa ed esotica di tre variet\u00e0 di mango, che offre un profilo gustativo ricco e soddisfacente.<\/p>\n<p><b>Anguria fredda<\/b>: Rinfrescatevi con il gusto rilassante dell'anguria, arricchito da un tocco rinfrescante di mentolo per una svapata agghiacciante e rinvigorente.<\/p>\n<p><b>Anguria Kiwi<\/b>: Una combinazione succosa e succulenta di anguria e kiwi, che crea un'esperienza di vaping tropicale e fruttata.<\/p>\n<p><a href=\"https:\/\/i0.wp.com\/shop.vape.hk\/wp-content\/uploads\/2024\/03\/SMOK-Priv-Bar-Turbo-15000-Rechargeable-Disposable-Vape_021.jpg?ssl=1\" target=\"_blank\" rel=\"noopener\"><img data-recalc-dims=\"1\" loading=\"lazy\" decoding=\"async\" class=\"alignnone size-full wp-image-129184\" src=\"https:\/\/i0.wp.com\/shop.vape.hk\/wp-content\/uploads\/2024\/03\/SMOK-Priv-Bar-Turbo-15000-Rechargeable-Disposable-Vape_021.jpg?resize=1020%2C574&#038;ssl=1\" alt=\"SMOK Priv Bar Turbo 15000 soffi di vapore monouso all&#039;ingrosso\" width=\"1020\" height=\"574\" title=\"\"><\/a> <a href=\"https:\/\/i0.wp.com\/shop.vape.hk\/wp-content\/uploads\/2024\/03\/SMOK-Priv-Bar-Turbo-15000-Rechargeable-Disposable-Vape_011.jpg?ssl=1\" target=\"_blank\" rel=\"noopener\"><img data-recalc-dims=\"1\" loading=\"lazy\" decoding=\"async\" class=\"alignnone size-full wp-image-129185\" src=\"https:\/\/i0.wp.com\/shop.vape.hk\/wp-content\/uploads\/2024\/03\/SMOK-Priv-Bar-Turbo-15000-Rechargeable-Disposable-Vape_011.jpg?resize=1020%2C757&#038;ssl=1\" alt=\"SMOK Priv Bar Turbo 15000 soffi di vapore monouso all&#039;ingrosso\" width=\"1020\" height=\"757\" title=\"\"><\/a><\/p>","protected":false},"excerpt":{"rendered":"<p>La SMOK Priv Bar Turbo 15000 Puffs Disposable Vape Wholesale \u00e8 dotata di tecnologia dual mesh coil, batteria ricaricabile e struttura resistente per un vapore omogeneo e saporito.<\/p>","protected":false},"featured_media":7762,"comment_status":"open","ping_status":"closed","template":"","meta":[],"product_brand":[],"product_cat":[22],"product_tag":[],"class_list":{"0":"post-7536","1":"product","2":"type-product","3":"status-publish","4":"has-post-thumbnail","6":"product_cat-disposable-vape-sticks","8":"first","9":"instock","10":"shipping-taxable","11":"purchasable","12":"product-type-simple"},"jetpack_sharing_enabled":true,"tiered_pricing_type":"fixed","tiered_pricing_fixed_rules":{"1000":13,"10000":11,"50000":9},"tiered_pricing_product_settings":{"layout":"default","base_unit_name":{"singular":null,"plural":null},"default_variation":null},"tiered_pricing_minimum_quantity":100,"tiered_pricing_roles_data":[],"tiered_pricing_percentage_rules":[],"tiered_pricing_maximum_quantity":null,"tiered_pricing_quantity_step":null,"_links":{"self":[{"href":"https:\/\/cloudsupplyvapes.com\/it\/wp-json\/wp\/v2\/product\/7536","targetHints":{"allow":["GET"]}}],"collection":[{"href":"https:\/\/cloudsupplyvapes.com\/it\/wp-json\/wp\/v2\/product"}],"about":[{"href":"https:\/\/cloudsupplyvapes.com\/it\/wp-json\/wp\/v2\/types\/product"}],"replies":[{"embeddable":true,"href":"https:\/\/cloudsupplyvapes.com\/it\/wp-json\/wp\/v2\/comments?post=7536"}],"wp:featuredmedia":[{"embeddable":true,"href":"https:\/\/cloudsupplyvapes.com\/it\/wp-json\/wp\/v2\/media\/7762"}],"wp:attachment":[{"href":"https:\/\/cloudsupplyvapes.com\/it\/wp-json\/wp\/v2\/media?parent=7536"}],"wp:term":[{"taxonomy":"product_brand","embeddable":true,"href":"https:\/\/cloudsupplyvapes.com\/it\/wp-json\/wp\/v2\/product_brand?post=7536"},{"taxonomy":"product_cat","embeddable":true,"href":"https:\/\/cloudsupplyvapes.com\/it\/wp-json\/wp\/v2\/product_cat?post=7536"},{"taxonomy":"product_tag","embeddable":true,"href":"https:\/\/cloudsupplyvapes.com\/it\/wp-json\/wp\/v2\/product_tag?post=7536"}],"curies":[{"name":"wp","href":"https:\/\/api.w.org\/{rel}","templated":true}]}}