{"id":7538,"date":"2024-10-19T02:53:24","date_gmt":"2024-10-19T02:53:24","guid":{"rendered":"https:\/\/cloudsupplyvapes.com\/?post_type=product&#038;p=7538"},"modified":"2024-11-25T07:36:20","modified_gmt":"2024-11-25T07:36:20","slug":"-236","status":"publish","type":"product","link":"https:\/\/cloudsupplyvapes.com\/it\/product\/lava-hot-bunny-9000-puffs-disposable-vape-wholesale\/","title":{"rendered":"Lava Hot Bunny 9000 boccate di vapore monouso all'ingrosso Design compatto Vapore liscio"},"content":{"rendered":"<h2>Lava Hot Bunny 9000 Vape usa e getta<\/h2>\n<ul class=\"top\">\n<li>Marchio:\u00a0<b>Lava<\/b><\/li>\n<li>Unit\u00e0: set<\/li>\n<li>Tipo:\u00a0<b>Vape usa e getta<\/b><\/li>\n<li>Peso netto: 70(g)<\/li>\n<\/ul>\n<p>Il costo della spedizione combinata verr\u00e0 calcolato automaticamente dal sistema dopo aver scelto la destinazione di spedizione nella fase di checkout.<\/p>\n<h3 class=\"title\">Lava Hot Bunny 9000 Vape usa e getta INTRODUZIONE<\/h3>\n<p><b>Lava Hot Bunny 9000 Vape usa e getta<\/b>\u00a0\u00e8 un vape monouso intelligente incentrato sull'utente, dotato di schermo e di un'avanzata tecnologia di bobina a rete. Hot Bunny \u00e8 completamente caricato con 12 ml di e-juice con un sapore assolutamente buono. Funziona con una batteria ricaricabile da 650 mAh. La bobina a rete da 1,2 ohm \u00e8 la chiave per ottenere buoni sapori e un piacere di svapo prolungato. Inoltre, c'\u00e8 anche uno schermo sul lato destro della svapata. \u00c8 sempre possibile controllare la durata della batteria e il livello di succo elettronico con facilit\u00e0. Con Lava Hot Bunny \u00e8 possibile svapare senza problemi.<\/p>\n<p class=\"second-title\">Caratteristiche<\/p>\n<p>- Batteria ricaricabile da 650 mAh<\/p>\n<p>- Liquido elettronico pre-riempito da 12 ml<\/p>\n<p>- Circa 9000 bolle<\/p>\n<p>- Display intelligente per la durata della batteria e il livello di succo elettronico<\/p>\n<p>- Porta di ricarica USB Type-C (cavo non incluso)<\/p>\n<p>- Tecnologia avanzata della bobina a rete: bobina a rete da 1,2ohm<\/p>\n<p>- Attivato dal disegno<\/p>\n<p>- Vaping MTL<\/p>","protected":false},"excerpt":{"rendered":"<p>Lava Hot Bunny 9000 Puffs Disposable Vape Wholesale \u00e8 caratterizzato da un design compatto e da un funzionamento senza problemi, che offre prestazioni costanti e un'esperienza di vapore fluida.<\/p>","protected":false},"featured_media":7798,"comment_status":"open","ping_status":"closed","template":"","meta":[],"product_brand":[],"product_cat":[22],"product_tag":[],"class_list":{"0":"post-7538","1":"product","2":"type-product","3":"status-publish","4":"has-post-thumbnail","6":"product_cat-disposable-vape-sticks","8":"first","9":"instock","10":"shipping-taxable","11":"purchasable","12":"product-type-simple"},"jetpack_sharing_enabled":true,"tiered_pricing_type":"fixed","tiered_pricing_fixed_rules":{"1000":7,"10000":6,"50000":5},"tiered_pricing_product_settings":{"layout":"default","base_unit_name":{"singular":null,"plural":null},"default_variation":null},"tiered_pricing_minimum_quantity":100,"tiered_pricing_roles_data":[],"tiered_pricing_percentage_rules":[],"tiered_pricing_maximum_quantity":null,"tiered_pricing_quantity_step":null,"_links":{"self":[{"href":"https:\/\/cloudsupplyvapes.com\/it\/wp-json\/wp\/v2\/product\/7538","targetHints":{"allow":["GET"]}}],"collection":[{"href":"https:\/\/cloudsupplyvapes.com\/it\/wp-json\/wp\/v2\/product"}],"about":[{"href":"https:\/\/cloudsupplyvapes.com\/it\/wp-json\/wp\/v2\/types\/product"}],"replies":[{"embeddable":true,"href":"https:\/\/cloudsupplyvapes.com\/it\/wp-json\/wp\/v2\/comments?post=7538"}],"wp:featuredmedia":[{"embeddable":true,"href":"https:\/\/cloudsupplyvapes.com\/it\/wp-json\/wp\/v2\/media\/7798"}],"wp:attachment":[{"href":"https:\/\/cloudsupplyvapes.com\/it\/wp-json\/wp\/v2\/media?parent=7538"}],"wp:term":[{"taxonomy":"product_brand","embeddable":true,"href":"https:\/\/cloudsupplyvapes.com\/it\/wp-json\/wp\/v2\/product_brand?post=7538"},{"taxonomy":"product_cat","embeddable":true,"href":"https:\/\/cloudsupplyvapes.com\/it\/wp-json\/wp\/v2\/product_cat?post=7538"},{"taxonomy":"product_tag","embeddable":true,"href":"https:\/\/cloudsupplyvapes.com\/it\/wp-json\/wp\/v2\/product_tag?post=7538"}],"curies":[{"name":"wp","href":"https:\/\/api.w.org\/{rel}","templated":true}]}}