{"id":7623,"date":"2024-10-19T02:53:57","date_gmt":"2024-10-19T02:53:57","guid":{"rendered":"https:\/\/cloudsupplyvapes.com\/?post_type=product&#038;p=7623"},"modified":"2024-11-25T07:35:45","modified_gmt":"2024-11-25T07:35:45","slug":"-238","status":"publish","type":"product","link":"https:\/\/cloudsupplyvapes.com\/it\/product\/airis-speedy-15000-puffs-disposable-vape-wholesale\/","title":{"rendered":"Airis Speedy 15000 Puffs usa e getta Vape all'ingrosso durevole costruire esperienza ricca di sapore"},"content":{"rendered":"<h2>Kit da svapo monouso Airis Speedy 15K<\/h2>\n<ul class=\"top\">\n<li>Marchio:\u00a0<b>Airis<\/b><\/li>\n<li>Unit\u00e0: set<\/li>\n<li>Tipo:\u00a0<b>Vape usa e getta<\/b><\/li>\n<li>Peso netto: 70(g)<\/li>\n<\/ul>\n<p>Il costo della spedizione combinata verr\u00e0 calcolato automaticamente dal sistema dopo aver scelto la destinazione di spedizione nella fase di checkout.<\/p>\n<h3 class=\"title\">Vape monouso Airis Speedy 15K INTRODUZIONE<\/h3>\n<p><b>Airis Speedy 15K Kit monouso\u00a0<\/b>\u00e8 una svapata monouso intelligente e facile da usare, con accensione a risposta rapida e uno schermo intelligente. Airis Speedy \u00e8 decorato con gli elementi popolari delle corse. Dotato del chip Airis Pure Core 2.0, Speedy 15K produce vapore pi\u00f9 velocemente. Non c'\u00e8 bisogno di aspettare. \u00c8 possibile scegliere tra due modalit\u00e0. La modalit\u00e0 S pu\u00f2 offrire al massimo 15000 boccate, mentre la modalit\u00e0 D offre 10000 boccate di sapori pi\u00f9 intensi. Anche la ricarica \u00e8 comoda. \u00c8 possibile utilizzare un cavo Type-C o lightning.<\/p>\n<p class=\"second-title\">Caratteristiche<\/p>\n<p>- Batteria ricaricabile integrata da 650 mAh<\/p>\n<p>- Capacit\u00e0 del succo elettronico: 18 ml<\/p>\n<p>- 5% Intensit\u00e0 di nicotina<\/p>\n<p>- Chip Airis Pure Core 2.0<\/p>\n<p>- Accensione a risposta rapida<\/p>\n<p>- Bobine a doppia maglia da 1,0ohm<\/p>\n<p>- Schermo di visualizzazione<\/p>\n<p>- Conteggio dei soffi: Circa 15000 soffi (modalit\u00e0 S)\/10000 soffi (modalit\u00e0 D)<\/p>\n<p>- Doppia porta di ricarica: Porta di ricarica Lightning\/Type-C (cavo non incluso)<\/p>\n<p>- Attivato dal disegno<\/p>\n<p>- Vaping MTL<\/p>","protected":false},"excerpt":{"rendered":"<p>L'Airis Speedy 15000 Puffs Disposable Vape Wholesale offre una struttura resistente, prestazioni ricche di sapore e un design leggero ed ergonomico per sessioni di svapo prolungate.<\/p>","protected":false},"featured_media":7868,"comment_status":"open","ping_status":"closed","template":"","meta":[],"product_brand":[],"product_cat":[22],"product_tag":[],"class_list":{"0":"post-7623","1":"product","2":"type-product","3":"status-publish","4":"has-post-thumbnail","6":"product_cat-disposable-vape-sticks","8":"first","9":"instock","10":"shipping-taxable","11":"purchasable","12":"product-type-simple"},"jetpack_sharing_enabled":true,"tiered_pricing_type":"fixed","tiered_pricing_fixed_rules":{"1000":11,"10000":9,"50000":7},"tiered_pricing_product_settings":{"layout":"default","base_unit_name":{"singular":null,"plural":null},"default_variation":null},"tiered_pricing_minimum_quantity":100,"tiered_pricing_roles_data":[],"tiered_pricing_percentage_rules":[],"tiered_pricing_maximum_quantity":null,"tiered_pricing_quantity_step":null,"_links":{"self":[{"href":"https:\/\/cloudsupplyvapes.com\/it\/wp-json\/wp\/v2\/product\/7623","targetHints":{"allow":["GET"]}}],"collection":[{"href":"https:\/\/cloudsupplyvapes.com\/it\/wp-json\/wp\/v2\/product"}],"about":[{"href":"https:\/\/cloudsupplyvapes.com\/it\/wp-json\/wp\/v2\/types\/product"}],"replies":[{"embeddable":true,"href":"https:\/\/cloudsupplyvapes.com\/it\/wp-json\/wp\/v2\/comments?post=7623"}],"wp:featuredmedia":[{"embeddable":true,"href":"https:\/\/cloudsupplyvapes.com\/it\/wp-json\/wp\/v2\/media\/7868"}],"wp:attachment":[{"href":"https:\/\/cloudsupplyvapes.com\/it\/wp-json\/wp\/v2\/media?parent=7623"}],"wp:term":[{"taxonomy":"product_brand","embeddable":true,"href":"https:\/\/cloudsupplyvapes.com\/it\/wp-json\/wp\/v2\/product_brand?post=7623"},{"taxonomy":"product_cat","embeddable":true,"href":"https:\/\/cloudsupplyvapes.com\/it\/wp-json\/wp\/v2\/product_cat?post=7623"},{"taxonomy":"product_tag","embeddable":true,"href":"https:\/\/cloudsupplyvapes.com\/it\/wp-json\/wp\/v2\/product_tag?post=7623"}],"curies":[{"name":"wp","href":"https:\/\/api.w.org\/{rel}","templated":true}]}}