{"id":7625,"date":"2024-10-19T02:53:57","date_gmt":"2024-10-19T02:53:57","guid":{"rendered":"https:\/\/cloudsupplyvapes.com\/?post_type=product&#038;p=7625"},"modified":"2024-11-25T07:35:07","modified_gmt":"2024-11-25T07:35:07","slug":"-240","status":"publish","type":"product","link":"https:\/\/cloudsupplyvapes.com\/it\/product\/airis-neo-p9000-9000-puffs-disposable-vape-wholesale\/","title":{"rendered":"Airis Neo P9000 9000 boccate di vapore monouso all'ingrosso Flusso d'aria regolabile Ricarica rapida"},"content":{"rendered":"<h2>Airis Neo P9000 Vape usa e getta<\/h2>\n<ul class=\"top\">\n<li style=\"list-style-type: none;\">\n<ul class=\"top\">\n<li>Marchio:\u00a0<b>Airis<\/b><\/li>\n<li>Unit\u00e0: set<\/li>\n<li>Tipo:\u00a0<b>Vape usa e getta<\/b><\/li>\n<li>Peso netto: 70(g)<\/li>\n<\/ul>\n<\/li>\n<\/ul>\n<p>Il costo della spedizione combinata verr\u00e0 calcolato automaticamente dal sistema dopo aver scelto la destinazione di spedizione nella fase di checkout.<\/p>\n<div class=\"title\">Airis Neo P9000 Vape monouso INTRODUZIONE<\/div>\n<p><b>Airis Neo P9000 Vape usa e getta<\/b>\u00a0Con 17 ml di e-liquid preriempito, Airis Neo P9000 contiene un'abbondante quantit\u00e0 di succo che evoca diversi sapori per un massimo di 9000 boccate. Per godere ancora di pi\u00f9 dei sapori gi\u00e0 buoni, utilizza un flusso d'aria regolabile e un'intensit\u00e0 di nicotina di 5% (50mg). Il display dell'e-liquid e della batteria si trova sulla parte anteriore per il monitoraggio. Realizzato con un guscio trasparente in stile cristallo, il motivo a increspature aggiunge delicatezza. Il tiro MTL stretto \u00e8 progettato per qualsiasi tipo di svapo.<\/p>\n<p class=\"second-title\">Caratteristiche<\/p>\n<p>- 17 ml di liquido elettronico pre-riempito<\/p>\n<p>- 5% (50mg) Forza di nicotina<\/p>\n<p>- Batteria ricaricabile da 650 mAh<\/p>\n<p>- USB Tipo-C (non incluso)<\/p>\n<p>- Circa 9000 bolle<\/p>\n<p>- Bobina a rete<\/p>\n<p>- Attivato dal disegno<\/p>\n<p>- Vaping MTL<\/p>\n<p>- Controllo del flusso d'aria regolabile<\/p>\n<p>- Capacit\u00e0 del liquido elettronico e display di alimentazione<\/p>\n<p>- Indicatore del liquido elettronico<\/p>\n<p>- Protezione da cortocircuito, bassa potenza e ricarica<\/p>","protected":false},"excerpt":{"rendered":"<p>Airis Neo P9000 9000 Puffs Disposable Vape Wholesale combina il flusso d'aria regolabile con la tecnologia di ricarica rapida, offrendo un vapore omogeneo e una soluzione di vaping ultraportatile.<\/p>","protected":false},"featured_media":7881,"comment_status":"open","ping_status":"closed","template":"","meta":[],"product_brand":[],"product_cat":[22],"product_tag":[],"class_list":{"0":"post-7625","1":"product","2":"type-product","3":"status-publish","4":"has-post-thumbnail","6":"product_cat-disposable-vape-sticks","8":"first","9":"instock","10":"shipping-taxable","11":"purchasable","12":"product-type-simple"},"jetpack_sharing_enabled":true,"tiered_pricing_type":"fixed","tiered_pricing_fixed_rules":{"1000":7,"10000":6,"50000":5},"tiered_pricing_product_settings":{"layout":"default","base_unit_name":{"singular":null,"plural":null},"default_variation":null},"tiered_pricing_minimum_quantity":100,"tiered_pricing_roles_data":[],"tiered_pricing_percentage_rules":[],"tiered_pricing_maximum_quantity":null,"tiered_pricing_quantity_step":null,"_links":{"self":[{"href":"https:\/\/cloudsupplyvapes.com\/it\/wp-json\/wp\/v2\/product\/7625","targetHints":{"allow":["GET"]}}],"collection":[{"href":"https:\/\/cloudsupplyvapes.com\/it\/wp-json\/wp\/v2\/product"}],"about":[{"href":"https:\/\/cloudsupplyvapes.com\/it\/wp-json\/wp\/v2\/types\/product"}],"replies":[{"embeddable":true,"href":"https:\/\/cloudsupplyvapes.com\/it\/wp-json\/wp\/v2\/comments?post=7625"}],"wp:featuredmedia":[{"embeddable":true,"href":"https:\/\/cloudsupplyvapes.com\/it\/wp-json\/wp\/v2\/media\/7881"}],"wp:attachment":[{"href":"https:\/\/cloudsupplyvapes.com\/it\/wp-json\/wp\/v2\/media?parent=7625"}],"wp:term":[{"taxonomy":"product_brand","embeddable":true,"href":"https:\/\/cloudsupplyvapes.com\/it\/wp-json\/wp\/v2\/product_brand?post=7625"},{"taxonomy":"product_cat","embeddable":true,"href":"https:\/\/cloudsupplyvapes.com\/it\/wp-json\/wp\/v2\/product_cat?post=7625"},{"taxonomy":"product_tag","embeddable":true,"href":"https:\/\/cloudsupplyvapes.com\/it\/wp-json\/wp\/v2\/product_tag?post=7625"}],"curies":[{"name":"wp","href":"https:\/\/api.w.org\/{rel}","templated":true}]}}