{"id":7626,"date":"2024-10-19T02:53:57","date_gmt":"2024-10-19T02:53:57","guid":{"rendered":"https:\/\/cloudsupplyvapes.com\/?post_type=product&#038;p=7626"},"modified":"2024-11-25T07:34:50","modified_gmt":"2024-11-25T07:34:50","slug":"-241","status":"publish","type":"product","link":"https:\/\/cloudsupplyvapes.com\/it\/product\/airis-mega-2000-puffs-disposable-vape-wholesale\/","title":{"rendered":"Airis MEGA 2000 Puffs Vape usa e getta all'ingrosso Vape affidabile e di lunga durata"},"content":{"rendered":"<h2>Airis MEGA monouso<\/h2>\n<ul class=\"top\">\n<li style=\"list-style-type: none;\">\n<ul class=\"top\">\n<li>Marchio: Airis<\/li>\n<li>Unit\u00e0: set<\/li>\n<li>Tipo: Kit di svapo monouso<\/li>\n<li>Peso netto: 50(g)<\/li>\n<\/ul>\n<\/li>\n<\/ul>\n<p>Il costo della spedizione combinata verr\u00e0 calcolato automaticamente dal sistema dopo aver scelto la destinazione di spedizione nella fase di checkout.<\/p>\n<div class=\"title\">Airis MEGA monouso INTRODUZIONE<\/div>\n<p><b>Airis MEGA monouso<\/b>\u00a0\u00e8 dotato di una batteria integrata da 1050 mAh e di una capacit\u00e0 di 6 ml di succo di svapo che contiene un livello di nicotina salina di 5%. Il flusso d'aria \u00e8 abbondante per i colpi di svapo ed \u00e8 anche regolabile se si preferisce un colpo di gola pi\u00f9 forte, e ogni dispositivo pu\u00f2 soddisfare circa 2000puff. Questo kit ha un solo valore di resistenza da 1,8 ohm, che consente ai clienti di avere un'unica esperienza di svapo per un gusto costante. 15 tipi di sapori devono essere un'altra parte impressionante di tutto il dispositivo, scegliere quello che si aspetta per quei sapori dolci.<\/p>\n<p class=\"second-title\">Caratteristiche<\/p>\n<p>- Batteria integrata da 1050 mAh<\/p>\n<p>- Capacit\u00e0 del succo di vapore di 6 ml<\/p>\n<p>- Soddisfatti di circa 2000 bign\u00e8<\/p>\n<p>- 5% Sale Forza Nicotina<\/p>\n<p>- 15 opzioni di gusto<\/p>\n<p>- Bobina da 1,8ohm<\/p>\n<p><a href=\"https:\/\/i0.wp.com\/shop.vape.hk\/wp-content\/uploads\/2024\/03\/airis-mega-disposable1_4.jpg?ssl=1\" target=\"_blank\" rel=\"noopener\"><img data-recalc-dims=\"1\" loading=\"lazy\" decoding=\"async\" class=\"alignnone size-full wp-image-129304\" src=\"https:\/\/i0.wp.com\/shop.vape.hk\/wp-content\/uploads\/2024\/03\/airis-mega-disposable1_4.jpg?resize=1020%2C644&#038;ssl=1\" alt=\"Airis MEGA 2000 Puffs Vape usa e getta all&#039;ingrosso\" width=\"1020\" height=\"644\" title=\"\"><\/a> <a href=\"https:\/\/i0.wp.com\/shop.vape.hk\/wp-content\/uploads\/2024\/03\/airis-mega-disposable1_3.jpg?ssl=1\" target=\"_blank\" rel=\"noopener\"><img data-recalc-dims=\"1\" loading=\"lazy\" decoding=\"async\" class=\"alignnone size-full wp-image-129303\" src=\"https:\/\/i0.wp.com\/shop.vape.hk\/wp-content\/uploads\/2024\/03\/airis-mega-disposable1_3.jpg?resize=1020%2C344&#038;ssl=1\" alt=\"Airis MEGA 2000 Puffs Vape usa e getta all&#039;ingrosso\" width=\"1020\" height=\"344\" title=\"\"><\/a> <a href=\"https:\/\/i0.wp.com\/shop.vape.hk\/wp-content\/uploads\/2024\/03\/airis-mega-disposable1_1.jpg?ssl=1\" target=\"_blank\" rel=\"noopener\"><img data-recalc-dims=\"1\" loading=\"lazy\" decoding=\"async\" class=\"alignnone size-full wp-image-129302\" src=\"https:\/\/i0.wp.com\/shop.vape.hk\/wp-content\/uploads\/2024\/03\/airis-mega-disposable1_1.jpg?resize=1020%2C934&#038;ssl=1\" alt=\"Airis MEGA 2000 Puffs Vape usa e getta all&#039;ingrosso\" width=\"1020\" height=\"934\" title=\"\"><\/a> <a href=\"https:\/\/i0.wp.com\/shop.vape.hk\/wp-content\/uploads\/2024\/03\/airis-mega-disposable1_2.jpg?ssl=1\" target=\"_blank\" rel=\"noopener\"><img data-recalc-dims=\"1\" loading=\"lazy\" decoding=\"async\" class=\"alignnone size-full wp-image-129300\" src=\"https:\/\/i0.wp.com\/shop.vape.hk\/wp-content\/uploads\/2024\/03\/airis-mega-disposable1_2.jpg?resize=1020%2C804&#038;ssl=1\" alt=\"Airis MEGA 2000 Puffs Vape usa e getta all&#039;ingrosso\" width=\"1020\" height=\"804\" title=\"\"><\/a><\/p>","protected":false},"excerpt":{"rendered":"<p>Il Vape Wholesale usa e getta Airis MEGA 2000 Puffs offre prestazioni costanti, una batteria di lunga durata e un design elegante, garantendo un vapore ricco e un'esperienza di svapo discreta.<\/p>","protected":false},"featured_media":7889,"comment_status":"open","ping_status":"closed","template":"","meta":[],"product_brand":[],"product_cat":[22],"product_tag":[],"class_list":{"0":"post-7626","1":"product","2":"type-product","3":"status-publish","4":"has-post-thumbnail","6":"product_cat-disposable-vape-sticks","8":"first","9":"instock","10":"shipping-taxable","11":"purchasable","12":"product-type-simple"},"jetpack_sharing_enabled":true,"tiered_pricing_type":"fixed","tiered_pricing_fixed_rules":{"1000":5,"10000":4,"50000":3},"tiered_pricing_product_settings":{"layout":"default","base_unit_name":{"singular":null,"plural":null},"default_variation":null},"tiered_pricing_minimum_quantity":100,"tiered_pricing_roles_data":[],"tiered_pricing_percentage_rules":[],"tiered_pricing_maximum_quantity":null,"tiered_pricing_quantity_step":null,"_links":{"self":[{"href":"https:\/\/cloudsupplyvapes.com\/it\/wp-json\/wp\/v2\/product\/7626","targetHints":{"allow":["GET"]}}],"collection":[{"href":"https:\/\/cloudsupplyvapes.com\/it\/wp-json\/wp\/v2\/product"}],"about":[{"href":"https:\/\/cloudsupplyvapes.com\/it\/wp-json\/wp\/v2\/types\/product"}],"replies":[{"embeddable":true,"href":"https:\/\/cloudsupplyvapes.com\/it\/wp-json\/wp\/v2\/comments?post=7626"}],"wp:featuredmedia":[{"embeddable":true,"href":"https:\/\/cloudsupplyvapes.com\/it\/wp-json\/wp\/v2\/media\/7889"}],"wp:attachment":[{"href":"https:\/\/cloudsupplyvapes.com\/it\/wp-json\/wp\/v2\/media?parent=7626"}],"wp:term":[{"taxonomy":"product_brand","embeddable":true,"href":"https:\/\/cloudsupplyvapes.com\/it\/wp-json\/wp\/v2\/product_brand?post=7626"},{"taxonomy":"product_cat","embeddable":true,"href":"https:\/\/cloudsupplyvapes.com\/it\/wp-json\/wp\/v2\/product_cat?post=7626"},{"taxonomy":"product_tag","embeddable":true,"href":"https:\/\/cloudsupplyvapes.com\/it\/wp-json\/wp\/v2\/product_tag?post=7626"}],"curies":[{"name":"wp","href":"https:\/\/api.w.org\/{rel}","templated":true}]}}