{"id":7627,"date":"2024-10-19T02:53:57","date_gmt":"2024-10-19T02:53:57","guid":{"rendered":"https:\/\/cloudsupplyvapes.com\/?post_type=product&#038;p=7627"},"modified":"2024-11-25T07:34:33","modified_gmt":"2024-11-25T07:34:33","slug":"-242","status":"publish","type":"product","link":"https:\/\/cloudsupplyvapes.com\/it\/product\/airis-chief-2600-puffs-disposable-vape-wholesale\/","title":{"rendered":"Airis Chief 2600 Puffs Vape usa e getta all'ingrosso Prestazioni compatte e durevoli"},"content":{"rendered":"<h2>Airis Chief monouso<\/h2>\n<ul class=\"top\">\n<li style=\"list-style-type: none;\">\n<ul class=\"top\">\n<li>Marchio: Airis<\/li>\n<li>Unit\u00e0: set<\/li>\n<li>Tipo: Kit di svapo monouso<\/li>\n<li>Peso netto: 50(g)<\/li>\n<\/ul>\n<\/li>\n<\/ul>\n<p>Il costo della spedizione combinata verr\u00e0 calcolato automaticamente dal sistema dopo aver scelto la destinazione di spedizione nella fase di checkout.<\/p>\n<div class=\"title\">Airis Chief monouso INTRODUZIONE<\/div>\n<p><b>Airis Chief monouso<\/b>\u00a0sfrutta una batteria interna da 1200mAh, si adatta alla bobina pi\u00f9 potente da 1,8ohm. Lo sforzo di una capacit\u00e0 ultra-grande di 7ml di succo di vape che \u00e8 in grado di utilizzare 5% sale forza di nicotina, mirando al sapore pastoso e stellare. Inoltre, ci sono 15 opzioni di sapore che ci si pu\u00f2 aspettare, ognuna delle quali permette di godere di ben 2600 boccate. In ogni caso, si tratta di un dispositivo di vaping monouso di qualit\u00e0 superiore che combina eleganza e tecnologia.<\/p>\n<p class=\"second-title\">Caratteristiche<\/p>\n<p>\u2022 Batteria interna da 1200 mAh<\/p>\n<p>- Bobina da 1,8ohm<\/p>\n<p>- Capacit\u00e0 di 7 ml di succo di vapore<\/p>\n<p>- 5% Sale Forza Nicotina<\/p>\n<p>- 15 opzioni di gusto<\/p>\n<p>- 2600 soffi per unit\u00e0<\/p>\n<p><a href=\"https:\/\/i0.wp.com\/shop.vape.hk\/wp-content\/uploads\/2024\/03\/airis-chief-disposable1_2.jpg?ssl=1\" target=\"_blank\" rel=\"noopener\"><img data-recalc-dims=\"1\" loading=\"lazy\" decoding=\"async\" class=\"alignnone size-full wp-image-129324\" src=\"https:\/\/i0.wp.com\/shop.vape.hk\/wp-content\/uploads\/2024\/03\/airis-chief-disposable1_2.jpg?resize=1020%2C562&#038;ssl=1\" alt=\"Airis Chief 2600 Puffs usa e getta Vape | all&#039;ingrosso\" width=\"1020\" height=\"562\" title=\"\"><\/a> <a href=\"https:\/\/i0.wp.com\/shop.vape.hk\/wp-content\/uploads\/2024\/03\/airis-chief-disposable1_1.jpg?ssl=1\" target=\"_blank\" rel=\"noopener\"><img data-recalc-dims=\"1\" loading=\"lazy\" decoding=\"async\" class=\"alignnone size-full wp-image-129323\" src=\"https:\/\/i0.wp.com\/shop.vape.hk\/wp-content\/uploads\/2024\/03\/airis-chief-disposable1_1.jpg?resize=1020%2C534&#038;ssl=1\" alt=\"Airis Chief 2600 Puffs usa e getta Vape | all&#039;ingrosso\" width=\"1020\" height=\"534\" title=\"\"><\/a><\/p>","protected":false},"excerpt":{"rendered":"<p>L'Airis Chief 2600 Puffs Disposable Vape Wholesale \u00e8 progettato con una struttura compatta, una costruzione durevole e colpi di gola morbidi, che lo rendono una soluzione portatile e adatta ai principianti.<\/p>","protected":false},"featured_media":7896,"comment_status":"open","ping_status":"closed","template":"","meta":[],"product_brand":[],"product_cat":[22],"product_tag":[],"class_list":{"0":"post-7627","1":"product","2":"type-product","3":"status-publish","4":"has-post-thumbnail","6":"product_cat-disposable-vape-sticks","8":"first","9":"instock","10":"shipping-taxable","11":"purchasable","12":"product-type-simple"},"jetpack_sharing_enabled":true,"tiered_pricing_type":"fixed","tiered_pricing_fixed_rules":{"1000":4.5,"10000":3.5,"50000":2.5},"tiered_pricing_product_settings":{"layout":"default","base_unit_name":{"singular":null,"plural":null},"default_variation":null},"tiered_pricing_minimum_quantity":100,"tiered_pricing_roles_data":[],"tiered_pricing_percentage_rules":[],"tiered_pricing_maximum_quantity":null,"tiered_pricing_quantity_step":null,"_links":{"self":[{"href":"https:\/\/cloudsupplyvapes.com\/it\/wp-json\/wp\/v2\/product\/7627","targetHints":{"allow":["GET"]}}],"collection":[{"href":"https:\/\/cloudsupplyvapes.com\/it\/wp-json\/wp\/v2\/product"}],"about":[{"href":"https:\/\/cloudsupplyvapes.com\/it\/wp-json\/wp\/v2\/types\/product"}],"replies":[{"embeddable":true,"href":"https:\/\/cloudsupplyvapes.com\/it\/wp-json\/wp\/v2\/comments?post=7627"}],"wp:featuredmedia":[{"embeddable":true,"href":"https:\/\/cloudsupplyvapes.com\/it\/wp-json\/wp\/v2\/media\/7896"}],"wp:attachment":[{"href":"https:\/\/cloudsupplyvapes.com\/it\/wp-json\/wp\/v2\/media?parent=7627"}],"wp:term":[{"taxonomy":"product_brand","embeddable":true,"href":"https:\/\/cloudsupplyvapes.com\/it\/wp-json\/wp\/v2\/product_brand?post=7627"},{"taxonomy":"product_cat","embeddable":true,"href":"https:\/\/cloudsupplyvapes.com\/it\/wp-json\/wp\/v2\/product_cat?post=7627"},{"taxonomy":"product_tag","embeddable":true,"href":"https:\/\/cloudsupplyvapes.com\/it\/wp-json\/wp\/v2\/product_tag?post=7627"}],"curies":[{"name":"wp","href":"https:\/\/api.w.org\/{rel}","templated":true}]}}